{"id":1569,"date":"2018-05-24T20:33:09","date_gmt":"2018-05-24T20:33:09","guid":{"rendered":"http:\/\/prodantartufi.hr\/?page_id=1569"},"modified":"2019-01-25T12:24:20","modified_gmt":"2019-01-25T12:24:20","slug":"privacy-policy","status":"publish","type":"page","link":"https:\/\/prodantartufi.hr\/de\/privacy-policy\/","title":{"rendered":"Datenschutzerkl\u00e4rung"},"content":{"rendered":"<p><span style=\"font-weight: 400;\">PRODAN TARTUFI, Gewerbe f\u00fcr Pilzsammlung und Handel, Inhaberin Vanda Prodan, Sv. Ivan, Pra\u0161\u010dari 43, 52420 BUZET (im Folgenden: PRODAN TARTUFI) beh\u00e4lt alle Nutzungs- und Urheberrechte an den Fotografien, Texten und anderen ver\u00f6ffentlichten Inhalten im Sinne der positiven Rechtsvorschriften der Republik Kroatien. Fotografien, Texte und andere Inhalte d\u00fcrfen auf keine Art und Weise ohne das Einverst\u00e4ndnis des Gewerbes PRODAN TARTUFI ver\u00f6ffentlicht, verkauft und \u00f6ffentlich oder privat herausgegeben werden.<\/span><\/p>\n<p><b>Einleitende Bestimmungen<\/b><\/p>\n<p><span style=\"font-weight: 400;\">PRODAN TARTUFI sch\u00fctzt Ihre Privatsph\u00e4re und ist auf den Datenschutz verpflichtet. Die Datenerhebung und -speicherung verl\u00e4uft gem\u00e4\u00df Datenschutzgesetz.<\/span><\/p>\n<p><b>Daten, auf die sich die Datenschutzpolitik bezieht<\/b><\/p>\n<p><span style=\"font-weight: 400;\">Von Ihnen verlangte Daten, die gesch\u00fctzt sind:<\/span><\/p>\n<p><span style=\"font-weight: 400;\">&#8211; Vorname, Nachname,<\/span><\/p>\n<p><span style=\"font-weight: 400;\">&#8211; E-Mail-Adresse,<\/span><\/p>\n<p><span style=\"font-weight: 400;\">&#8211; weitere Daten, die Sie angeben und als vertraulich markieren.<\/span><\/p>\n<p><b>Zweck der Datenerhebung<\/b><\/p>\n<p><span style=\"font-weight: 400;\">Alle von Ihnen erhobene Daten verwendet PRODAN TARTUFI ausschlie\u00dflich:<\/span><\/p>\n<p><span style=\"font-weight: 400;\">&#8211; zur genaueren Beantwortung Ihrer Anfragen,<\/span><\/p>\n<p><span style=\"font-weight: 400;\">&#8211; zur Erbringung der verlangten Leistung,<\/span><\/p>\n<p><span style=\"font-weight: 400;\">&#8211; f\u00fcr eine interne statistische Datenaufbereitung,<\/span><\/p>\n<p><span style=\"font-weight: 400;\">&#8211; zur Sendung von Publikationen, Werbeschriften und anderen Werbematerialien.<\/span><\/p>\n<p><span style=\"font-weight: 400;\">PRODAN TARTUFI garantiert, dass die erhobenen Daten nur zu diesen Zwecken verwendet werden. Mit der Bereitstellung der Sie betreffenden personenbezogenen Daten \u00fcber alle Kommunikationsmittel geben Sie zu verstehen, dass Sie mit der Verarbeitung der Sie betreffenden personenbezogenen Daten durch PRODAN TARTUFI einverstanden sind. Wenn Sie nicht m\u00f6chten, dass PRODAN TARTUFI zu Ihnen Kontakt aufnimmt, sind Sie dazu verpflichtet, dies PRODAN TARTUFI schriftlich mitzuteilen.<\/span><\/p>\n<p><b>Dauer des Datenschutzes<\/b><\/p>\n<p><span style=\"font-weight: 400;\">Der Datenschutz beginnt in dem Moment, in dem Sie Ihre Daten bereitstellen und zu verstehen geben, dass Sie damit einverstanden sind, dass wir zu Ihnen Kontakt aufnehmen. Mit dem Betreten willigen Sie die Kontaktaufnahme ein. Ihre Daten werden dauerhaft gesch\u00fctzt und Sie k\u00f6nnen in jedem Moment den Newsletter abbestellen. Danach wird PRODAN TARTUFI Ihre Daten nur zu internen Zwecken, z.B. zur informatischen oder statistischen Aufbereitung verwenden.<\/span><\/p>\n<p><b>Datenschutzpolitik \u2013 Inhalt<\/b><\/p>\n<p><span style=\"font-weight: 400;\">PRODAN TARTUFI wird Ihre E-Mail-Adresse und andere Daten nicht verkaufen, verteilen oder an Drittparteien und nat\u00fcrliche Personen au\u00dferhalb der Webseite des Gewerbes PRODAN TARTUFI ohne Ihre Einwilligung zug\u00e4nglich machen, weil dies unserer Datenschutzpolitik widerspricht. PRODAN TARTUFI h\u00e4lt die strenge No-Spam-Politik ein. PRODAN TARTUFI haftet nicht f\u00fcr ohne Vorsatz begangene Fehler oder Fehler aufgrund h\u00f6herer Gewalt oder anderer objektiver Bedingungen, mit denen nicht mutwillig gegen die Datenschutzpolitik versto\u00dfen wird, aber das Gewerbe garantiert, dass der Fehler so schnell wie m\u00f6glich behoben wird.<\/span><\/p>\n<p><b>Cookies und Internettechnologien<\/b><\/p>\n<p><span style=\"font-weight: 400;\">Wie viele andere Webseiten benutzt auch unsere Webseite Cookies und andere Technologien, die uns die Vermittlung von Inhalten gem\u00e4\u00df Ihrer Interessen und die Anfragebearbeitung und\/oder die Analyse Ihres Besuchs erleichtern. Mit Cookies allein kann man Ihre Identit\u00e4t nicht bestimmen. Wenn Sie unsere Seite besuchen, geben Cookies unseren Servern Informationen \u00fcber Ihren Browser, aber nicht auch \u00fcber Sie. Wenn Sie die Cookies auf Ihrem Rechner zu einem Zeitpunkt l\u00f6schen oder deaktivieren m\u00f6chten, k\u00f6nnen Sie die Einstellungen Ihres Browsers aktualisieren (Informationen zum L\u00f6schen und zur Deaktivierung von Cookies in Ihrem Browser finden Sie in der Hilfe-Funktion). Informationen k\u00f6nnen wir auch durch \u201eZ\u00e4hlpixel\u201c, \u201eWeb Beacons\u201c, \u201etransparente GIFs\u201c und weitere \u00e4hnliche Mittel (unter dem gemeinsamen Namen \u201eZ\u00e4hlpixel\u201c) erheben, die bei der Ermittlung des Zeitpunktes Ihrer Webseitenbesuche und Ihrer Nutzung unserer E-Mails oder Anzeigen helfen.<\/span><\/p>\n<p><b>Daten\u00e4nderung<\/b><\/p>\n<p><span style=\"font-weight: 400;\">Zu jedem Zeitpunkt k\u00f6nnen Sie Ihre Daten bearbeiten, um Sie zu pr\u00fcfen, aktualisieren, korrigieren oder zu l\u00f6schen. Bis zu diesem Zeitpunkt verwenden wir Ihre alten Daten zum oben genannten Zweck.<\/span><\/p>\n<p><b>Ihre Einwilligung<\/b><\/p>\n<p><span style=\"font-weight: 400;\">Mit dem Ausf\u00fcllen des Formulars auf dieser Webseite sichern Sie zu, dass die angegebenen Daten richtig sind, dass Sie dazu berechtigt sind, \u00fcber die angegebenen Daten zu verf\u00fcgen und dass Sie sich damit einverstanden erkl\u00e4ren, dass PRODAN TARTUFI Ihre Daten gesetzesgem\u00e4\u00df und gem\u00e4\u00df unserer Datenschutzpolitik verwendet.<\/span><\/p>\n<p><b>Transparenz<\/b><\/p>\n<p><span style=\"font-weight: 400;\">Wenn wir unsere Datenbestimmungen \u00e4ndern, ver\u00f6ffentlichen wir die \u00c4nderungen auf der Webseite, damit sie immer f\u00fcr Sie zug\u00e4nglich sind.<\/span><\/p>\n<p><b>Zus\u00e4tzliche Klarstellungen<\/b><\/p>\n<p><span style=\"font-weight: 400;\">Mit der Nutzung unserer Webseite best\u00e4tigen Sie, dass Sie die Einverst\u00e4ndniserkl\u00e4rung gelesen haben und dass Sie ihr zustimmen.<\/span><\/p>\n<p><span style=\"font-weight: 400;\">Bei Fragen, Schwierigkeiten oder Anmerkungen bez\u00fcglich unserer Datenschutzpolitik k\u00f6nnen Sie sich per E-Mail an uns wenden: info@prodantartufi.hr<\/span><\/p>\n<p>&nbsp;<\/p>\n<table class=\" alignleft\" width=\"100%\">\n<tbody>\n<tr>\n<td>\n<pre><span style=\"font-size: 8pt;\">NAME<\/span><\/pre>\n<\/td>\n<td>\n<pre><span style=\"font-size: 8pt;\">DESCRIPTION<\/span><\/pre>\n<\/td>\n<td>\n<pre><span style=\"font-size: 8pt;\">EXPIRY<\/span><\/pre>\n<\/td>\n<\/tr>\n<tr>\n<td>\n<pre><span style=\"font-size: 8pt;\">__sharethis__ <\/span><\/pre>\n<\/td>\n<td>\n<pre><span style=\"font-size: 8pt;\">This cookie determines whether the browser accepts cookies.<\/span><\/pre>\n<\/td>\n<td>\n<pre><span style=\"font-size: 8pt;\">Session<\/span><\/pre>\n<\/td>\n<\/tr>\n<tr>\n<td>\n<pre><span style=\"font-size: 8pt;\">CookieConsent<\/span><\/pre>\n<\/td>\n<td>\n<pre><span style=\"font-size: 8pt;\">Stores the user's cookie consent state for the current domain<\/span><\/pre>\n<\/td>\n<td>\n<pre><span style=\"font-size: 8pt;\">1 year<\/span><\/pre>\n<\/td>\n<\/tr>\n<tr>\n<td>\n<pre><span style=\"font-size: 8pt;\">qtrans<\/span><\/pre>\n<\/td>\n<td>\n<pre><span style=\"font-size: 8pt;\">Determines the preferred language of the visitor. Allows the website to set the preferred language upon the visitor's re-entry.<\/span><\/pre>\n<\/td>\n<td>\n<pre><span style=\"font-size: 8pt;\">1 year<\/span><\/pre>\n<\/td>\n<\/tr>\n<tr>\n<td>\n<pre><span style=\"font-size: 8pt;\">_ga<\/span><\/pre>\n<\/td>\n<td>\n<pre><span style=\"font-size: 8pt;\">Registers a unique ID that is used to generate statistical data on how the visitor uses the website.<\/span><\/pre>\n<\/td>\n<td>\n<pre><span style=\"font-size: 8pt;\">2 years<\/span><\/pre>\n<\/td>\n<\/tr>\n<tr>\n<td>\n<pre><span style=\"font-size: 8pt;\">_gat<\/span><\/pre>\n<\/td>\n<td>\n<pre><span style=\"font-size: 8pt;\">Used by Google Analytics to throttle request rate<\/span><\/pre>\n<\/td>\n<td>\n<pre><span style=\"font-size: 8pt;\">1 day<\/span><\/pre>\n<\/td>\n<\/tr>\n<tr>\n<td>\n<pre><span style=\"font-size: 8pt;\">_gid<\/span><\/pre>\n<\/td>\n<td>\n<pre><span style=\"font-size: 8pt;\">Registers a unique ID that is used to generate statistical data on how the visitor uses the website<\/span><\/pre>\n<\/td>\n<td>\n<pre><span style=\"font-size: 8pt;\">1 day<\/span><\/pre>\n<\/td>\n<\/tr>\n<tr>\n<td>\n<pre><span style=\"font-size: 8pt;\">collect<\/span><\/pre>\n<\/td>\n<td>\n<pre><span style=\"font-size: 8pt;\">Used to send data to Google Analytics about the visitor's device and behavior. Tracks the visitor across devices and marketing channels<\/span><\/pre>\n<\/td>\n<td>\n<pre><span style=\"font-size: 8pt;\">Session<\/span><\/pre>\n<\/td>\n<\/tr>\n<tr>\n<td>\n<pre><span style=\"font-size: 8pt;\">_fbp<\/span><\/pre>\n<\/td>\n<td>\n<pre><span style=\"font-size: 8pt;\">Used by Facebook to deliver a series of advertisement products such as real-time bidding from the third party advertisers.<\/span><\/pre>\n<\/td>\n<td>\n<pre><span style=\"font-size: 8pt;\">1 day<\/span><\/pre>\n<\/td>\n<\/tr>\n<tr>\n<td>\n<pre><span style=\"font-size: 8pt;\">GPS<\/span><\/pre>\n<\/td>\n<td>\n<pre><span style=\"font-size: 8pt;\">Registers a unique ID on mobile devices to enable tracking based on geographical GPS location.<\/span><\/pre>\n<\/td>\n<td>\n<pre><span style=\"font-size: 8pt;\">1 day<\/span><\/pre>\n<\/td>\n<\/tr>\n<tr>\n<td>\n<pre><span style=\"font-size: 8pt;\">IDE<\/span><\/pre>\n<\/td>\n<td>\n<pre><span style=\"font-size: 8pt;\">Used by Google DoubleClick to register and report the website user's actions after viewing or clicking one of the advertiser's ads with the purpose of measuring the efficacy of an ad and to present targeted ads to the user.<\/span><\/pre>\n<\/td>\n<td>\n<pre><span style=\"font-size: 8pt;\">1 year<\/span><\/pre>\n<\/td>\n<\/tr>\n<tr>\n<td>\n<pre><span style=\"font-size: 8pt;\">PREF<\/span><\/pre>\n<\/td>\n<td>\n<pre><span style=\"font-size: 8pt;\">Registers a unique ID that is used by Google to keep statistics of how the visitor uses YouTube videos across different websites.<\/span><\/pre>\n<\/td>\n<td>\n<pre><span style=\"font-size: 8pt;\">8 months<\/span><\/pre>\n<\/td>\n<\/tr>\n<tr>\n<td>\n<pre><span style=\"font-size: 8pt;\">YSC<\/span><\/pre>\n<\/td>\n<td>\n<pre><span style=\"font-size: 8pt;\">Registers a unique ID to keep statistics of what videos from YouTube the user has seen.<\/span><\/pre>\n<\/td>\n<td>\n<pre><span style=\"font-size: 8pt;\">Session<\/span><\/pre>\n<\/td>\n<\/tr>\n<tr>\n<td style=\"text-align: left;\"><\/td>\n<td style=\"text-align: left;\"><\/td>\n<td style=\"text-align: left;\"><\/td>\n<\/tr>\n<\/tbody>\n<\/table>\n<p>&nbsp;<\/p>","protected":false},"excerpt":{"rendered":"<p>PRODAN TARTUFI, Gewerbe f\u00fcr Pilzsammlung und Handel, Inhaberin Vanda Prodan, Sv. Ivan, Pra\u0161\u010dari 43, 52420 BUZET (im Folgenden: PRODAN TARTUFI) beh\u00e4lt alle Nutzungs- und Urheberrechte an den Fotografien, Texten und anderen ver\u00f6ffentlichten Inhalten im Sinne der positiven Rechtsvorschriften der Republik Kroatien. Fotografien, Texte und andere Inhalte d\u00fcrfen auf keine Art und Weise ohne das Einverst\u00e4ndnis [&hellip;]<\/p>\n","protected":false},"author":1,"featured_media":0,"parent":0,"menu_order":0,"comment_status":"closed","ping_status":"closed","template":"page_ostalo.php","meta":[],"yoast_head":"<!-- This site is optimized with the Yoast SEO plugin v20.0 - https:\/\/yoast.com\/wordpress\/plugins\/seo\/ -->\n<title>Datenschutzerkl\u00e4rung | PRODAN TARTUFI<\/title>\n<meta name=\"description\" content=\"truffles, truffle hunting, Tr\u00fcffel, lov na tartuf, tartufi, crni tartuf, bijeli tartuf, tartufo, schwarze Tr\u00fcffel, Tr\u00fcffelsuche, istra, istria, istrien, croatia, hrvatska, kroatien, tuber magnatum pico, buzet, white truffle, black truffle, weisse Tr\u00fcffel, cheese with truffles, olive oil with truffles, \u5976\u916a\u677e\u9732, \u677e\u9732, \u677e\u9732\u72e9\u730e, \u4f0a\u65af \u7279\u62c9, \u514b\u7f57\u5730\u4e9a, \u30c8\u30ea\u30e5\u30d5,\u30c8\u30ea\u30e5\u30d5\u72e9\u308a, \u30a4\u30b9\u30c8\u30ea\u30a2, \uc1a1\ub85c \ubc84\uc12f, \uc1a1\ub85c \ubc84\uc12f \uc0ac\ub0e5, \ud06c\ub85c\uc544\ud2f0\uc544, \uc774\uc2a4\ud2b8 \ub9ac\uc544, \u0442\u0440\u044e\u0444\u0435\u043b\u0438 ,\u043e\u0445\u043e\u0442\u0430 \u0442\u0440\u044e\u0444\u0435\u043b\u044f, \u0418\u0441\u0442\u0440\u0438\u044f, \u0425\u043e\u0440\u0432\u0430\u0442\u0438\u044f, truffle products, prodoti di tartufo, unique experience in istria, adventure in istria, exploring istria, family tradition, truffle dogs, truffle specialties, motovun, livade, \uc774\uc2a4\ud2b8 \ub9ac\uc544 \uc758 \ub3c5\ud2b9\ud55c \uc774\uc2a4\ud2b8 \ub9ac\uc544 \uc758 \uacbd\ud5d8 , \ubaa8\ud5d8, \uc774\uc2a4\ud2b8 \ub9ac\uc544 , \uac00\uc871\uc758 \uc804\ud1b5 , \uc1a1\ub85c \ubc84\uc12f \uac1c, \uc1a1\ub85c \ubc84\uc12f \uc694\ub9ac\" \/>\n<meta name=\"robots\" content=\"index, follow, max-snippet:-1, max-image-preview:large, max-video-preview:-1\" \/>\n<link rel=\"canonical\" href=\"https:\/\/prodantartufi.hr\/de\/privacy-policy\/\" \/>\n<meta property=\"og:locale\" content=\"de_DE\" \/>\n<meta property=\"og:type\" content=\"article\" \/>\n<meta property=\"og:title\" content=\"Datenschutzerkl\u00e4rung | PRODAN TARTUFI\" \/>\n<meta property=\"og:description\" content=\"truffles, truffle hunting, Tr\u00fcffel, lov na tartuf, tartufi, crni tartuf, bijeli tartuf, tartufo, schwarze Tr\u00fcffel, Tr\u00fcffelsuche, istra, istria, istrien, croatia, hrvatska, kroatien, tuber magnatum pico, buzet, white truffle, black truffle, weisse Tr\u00fcffel, cheese with truffles, olive oil with truffles, \u5976\u916a\u677e\u9732, \u677e\u9732, \u677e\u9732\u72e9\u730e, \u4f0a\u65af \u7279\u62c9, \u514b\u7f57\u5730\u4e9a, \u30c8\u30ea\u30e5\u30d5,\u30c8\u30ea\u30e5\u30d5\u72e9\u308a, \u30a4\u30b9\u30c8\u30ea\u30a2, \uc1a1\ub85c \ubc84\uc12f, \uc1a1\ub85c \ubc84\uc12f \uc0ac\ub0e5, \ud06c\ub85c\uc544\ud2f0\uc544, \uc774\uc2a4\ud2b8 \ub9ac\uc544, \u0442\u0440\u044e\u0444\u0435\u043b\u0438 ,\u043e\u0445\u043e\u0442\u0430 \u0442\u0440\u044e\u0444\u0435\u043b\u044f, \u0418\u0441\u0442\u0440\u0438\u044f, \u0425\u043e\u0440\u0432\u0430\u0442\u0438\u044f, truffle products, prodoti di tartufo, unique experience in istria, adventure in istria, exploring istria, family tradition, truffle dogs, truffle specialties, motovun, livade, \uc774\uc2a4\ud2b8 \ub9ac\uc544 \uc758 \ub3c5\ud2b9\ud55c \uc774\uc2a4\ud2b8 \ub9ac\uc544 \uc758 \uacbd\ud5d8 , \ubaa8\ud5d8, \uc774\uc2a4\ud2b8 \ub9ac\uc544 , \uac00\uc871\uc758 \uc804\ud1b5 , \uc1a1\ub85c \ubc84\uc12f \uac1c, \uc1a1\ub85c \ubc84\uc12f \uc694\ub9ac\" \/>\n<meta property=\"og:url\" content=\"https:\/\/prodantartufi.hr\/de\/privacy-policy\/\" \/>\n<meta property=\"og:site_name\" content=\"PRODAN TARTUFI\" \/>\n<meta property=\"article:modified_time\" content=\"2019-01-25T12:24:20+00:00\" \/>\n<meta name=\"twitter:card\" content=\"summary_large_image\" \/>\n<meta name=\"twitter:label1\" content=\"Gesch\u00e4tzte Lesezeit\" \/>\n\t<meta name=\"twitter:data1\" content=\"16\u00a0Minuten\" \/>\n<script type=\"application\/ld+json\" class=\"yoast-schema-graph\">{\"@context\":\"https:\/\/schema.org\",\"@graph\":[{\"@type\":\"WebPage\",\"@id\":\"https:\/\/prodantartufi.hr\/de\/privacy-policy\/\",\"url\":\"https:\/\/prodantartufi.hr\/de\/privacy-policy\/\",\"name\":\"Datenschutzerkl\u00e4rung | PRODAN TARTUFI\",\"isPartOf\":{\"@id\":\"https:\/\/prodantartufi.hr\/de\/#website\"},\"datePublished\":\"2018-05-24T20:33:09+00:00\",\"dateModified\":\"2019-01-25T12:24:20+00:00\",\"description\":\"truffles, truffle hunting, Tr\u00fcffel, lov na tartuf, tartufi, crni tartuf, bijeli tartuf, tartufo, schwarze Tr\u00fcffel, Tr\u00fcffelsuche, istra, istria, istrien, croatia, hrvatska, kroatien, tuber magnatum pico, buzet, white truffle, black truffle, weisse Tr\u00fcffel, cheese with truffles, olive oil with truffles, \u5976\u916a\u677e\u9732, \u677e\u9732, \u677e\u9732\u72e9\u730e, \u4f0a\u65af \u7279\u62c9, \u514b\u7f57\u5730\u4e9a, \u30c8\u30ea\u30e5\u30d5,\u30c8\u30ea\u30e5\u30d5\u72e9\u308a, \u30a4\u30b9\u30c8\u30ea\u30a2, \uc1a1\ub85c \ubc84\uc12f, \uc1a1\ub85c \ubc84\uc12f \uc0ac\ub0e5, \ud06c\ub85c\uc544\ud2f0\uc544, \uc774\uc2a4\ud2b8 \ub9ac\uc544, \u0442\u0440\u044e\u0444\u0435\u043b\u0438 ,\u043e\u0445\u043e\u0442\u0430 \u0442\u0440\u044e\u0444\u0435\u043b\u044f, \u0418\u0441\u0442\u0440\u0438\u044f, \u0425\u043e\u0440\u0432\u0430\u0442\u0438\u044f, truffle products, prodoti di tartufo, unique experience in istria, adventure in istria, exploring istria, family tradition, truffle dogs, truffle specialties, motovun, livade, \uc774\uc2a4\ud2b8 \ub9ac\uc544 \uc758 \ub3c5\ud2b9\ud55c \uc774\uc2a4\ud2b8 \ub9ac\uc544 \uc758 \uacbd\ud5d8 , \ubaa8\ud5d8, \uc774\uc2a4\ud2b8 \ub9ac\uc544 , \uac00\uc871\uc758 \uc804\ud1b5 , \uc1a1\ub85c \ubc84\uc12f \uac1c, \uc1a1\ub85c \ubc84\uc12f \uc694\ub9ac\",\"breadcrumb\":{\"@id\":\"https:\/\/prodantartufi.hr\/de\/privacy-policy\/#breadcrumb\"},\"inLanguage\":\"de\",\"potentialAction\":[{\"@type\":\"ReadAction\",\"target\":[[\"https:\/\/prodantartufi.hr\/de\/privacy-policy\/\"]]}]},{\"@type\":\"BreadcrumbList\",\"@id\":\"https:\/\/prodantartufi.hr\/de\/privacy-policy\/#breadcrumb\",\"itemListElement\":[{\"@type\":\"ListItem\",\"position\":1,\"name\":\"Home\",\"item\":\"https:\/\/prodantartufi.hr\/de\/\"},{\"@type\":\"ListItem\",\"position\":2,\"name\":\"Izjava o privatnosti\"}]},{\"@type\":\"WebSite\",\"@id\":\"https:\/\/prodantartufi.hr\/de\/#website\",\"url\":\"https:\/\/prodantartufi.hr\/de\/\",\"name\":\"PRODAN TARTUFI\",\"description\":\"\",\"publisher\":{\"@id\":\"https:\/\/prodantartufi.hr\/de\/#organization\"},\"potentialAction\":[{\"@type\":\"SearchAction\",\"target\":{\"@type\":\"EntryPoint\",\"urlTemplate\":\"https:\/\/prodantartufi.hr\/de\/?s={search_term_string}\"},\"query-input\":\"required name=search_term_string\"}],\"inLanguage\":\"de\"},{\"@type\":\"Organization\",\"@id\":\"https:\/\/prodantartufi.hr\/de\/#organization\",\"name\":\"PRODAN TARTUFI |\",\"url\":\"https:\/\/prodantartufi.hr\/de\/\",\"logo\":{\"@type\":\"ImageObject\",\"inLanguage\":\"de\",\"@id\":\"https:\/\/prodantartufi.hr\/de\/#\/schema\/logo\/image\/\",\"url\":\"https:\/\/prodantartufi.hr\/wp-content\/uploads\/2015\/03\/logo_600px-e1434011074366.png\",\"contentUrl\":\"https:\/\/prodantartufi.hr\/wp-content\/uploads\/2015\/03\/logo_600px-e1434011074366.png\",\"width\":118,\"height\":29,\"caption\":\"PRODAN TARTUFI |\"},\"image\":{\"@id\":\"https:\/\/prodantartufi.hr\/de\/#\/schema\/logo\/image\/\"}}]}<\/script>\n<!-- \/ Yoast SEO plugin. -->","yoast_head_json":{"title":"Datenschutzerkl\u00e4rung | PRODAN TARTUFI","description":"truffles, truffle hunting, Tr\u00fcffel, lov na tartuf, tartufi, crni tartuf, bijeli tartuf, tartufo, schwarze Tr\u00fcffel, Tr\u00fcffelsuche, istra, istria, istrien, croatia, hrvatska, kroatien, tuber magnatum pico, buzet, white truffle, black truffle, weisse Tr\u00fcffel, cheese with truffles, olive oil with truffles, \u5976\u916a\u677e\u9732, \u677e\u9732, \u677e\u9732\u72e9\u730e, \u4f0a\u65af \u7279\u62c9, \u514b\u7f57\u5730\u4e9a, \u30c8\u30ea\u30e5\u30d5,\u30c8\u30ea\u30e5\u30d5\u72e9\u308a, \u30a4\u30b9\u30c8\u30ea\u30a2, \uc1a1\ub85c \ubc84\uc12f, \uc1a1\ub85c \ubc84\uc12f \uc0ac\ub0e5, \ud06c\ub85c\uc544\ud2f0\uc544, \uc774\uc2a4\ud2b8 \ub9ac\uc544, \u0442\u0440\u044e\u0444\u0435\u043b\u0438 ,\u043e\u0445\u043e\u0442\u0430 \u0442\u0440\u044e\u0444\u0435\u043b\u044f, \u0418\u0441\u0442\u0440\u0438\u044f, \u0425\u043e\u0440\u0432\u0430\u0442\u0438\u044f, truffle products, prodoti di tartufo, unique experience in istria, adventure in istria, exploring istria, family tradition, truffle dogs, truffle specialties, motovun, livade, \uc774\uc2a4\ud2b8 \ub9ac\uc544 \uc758 \ub3c5\ud2b9\ud55c \uc774\uc2a4\ud2b8 \ub9ac\uc544 \uc758 \uacbd\ud5d8 , \ubaa8\ud5d8, \uc774\uc2a4\ud2b8 \ub9ac\uc544 , \uac00\uc871\uc758 \uc804\ud1b5 , \uc1a1\ub85c \ubc84\uc12f \uac1c, \uc1a1\ub85c \ubc84\uc12f \uc694\ub9ac","robots":{"index":"index","follow":"follow","max-snippet":"max-snippet:-1","max-image-preview":"max-image-preview:large","max-video-preview":"max-video-preview:-1"},"canonical":"https:\/\/prodantartufi.hr\/de\/privacy-policy\/","og_locale":"de_DE","og_type":"article","og_title":"Datenschutzerkl\u00e4rung | PRODAN TARTUFI","og_description":"truffles, truffle hunting, Tr\u00fcffel, lov na tartuf, tartufi, crni tartuf, bijeli tartuf, tartufo, schwarze Tr\u00fcffel, Tr\u00fcffelsuche, istra, istria, istrien, croatia, hrvatska, kroatien, tuber magnatum pico, buzet, white truffle, black truffle, weisse Tr\u00fcffel, cheese with truffles, olive oil with truffles, \u5976\u916a\u677e\u9732, \u677e\u9732, \u677e\u9732\u72e9\u730e, \u4f0a\u65af \u7279\u62c9, \u514b\u7f57\u5730\u4e9a, \u30c8\u30ea\u30e5\u30d5,\u30c8\u30ea\u30e5\u30d5\u72e9\u308a, \u30a4\u30b9\u30c8\u30ea\u30a2, \uc1a1\ub85c \ubc84\uc12f, \uc1a1\ub85c \ubc84\uc12f \uc0ac\ub0e5, \ud06c\ub85c\uc544\ud2f0\uc544, \uc774\uc2a4\ud2b8 \ub9ac\uc544, \u0442\u0440\u044e\u0444\u0435\u043b\u0438 ,\u043e\u0445\u043e\u0442\u0430 \u0442\u0440\u044e\u0444\u0435\u043b\u044f, \u0418\u0441\u0442\u0440\u0438\u044f, \u0425\u043e\u0440\u0432\u0430\u0442\u0438\u044f, truffle products, prodoti di tartufo, unique experience in istria, adventure in istria, exploring istria, family tradition, truffle dogs, truffle specialties, motovun, livade, \uc774\uc2a4\ud2b8 \ub9ac\uc544 \uc758 \ub3c5\ud2b9\ud55c \uc774\uc2a4\ud2b8 \ub9ac\uc544 \uc758 \uacbd\ud5d8 , \ubaa8\ud5d8, \uc774\uc2a4\ud2b8 \ub9ac\uc544 , \uac00\uc871\uc758 \uc804\ud1b5 , \uc1a1\ub85c \ubc84\uc12f \uac1c, \uc1a1\ub85c \ubc84\uc12f \uc694\ub9ac","og_url":"https:\/\/prodantartufi.hr\/de\/privacy-policy\/","og_site_name":"PRODAN TARTUFI","article_modified_time":"2019-01-25T12:24:20+00:00","twitter_card":"summary_large_image","twitter_misc":{"Gesch\u00e4tzte Lesezeit":"16\u00a0Minuten"},"schema":{"@context":"https:\/\/schema.org","@graph":[{"@type":"WebPage","@id":"https:\/\/prodantartufi.hr\/de\/privacy-policy\/","url":"https:\/\/prodantartufi.hr\/de\/privacy-policy\/","name":"Datenschutzerkl\u00e4rung | PRODAN TARTUFI","isPartOf":{"@id":"https:\/\/prodantartufi.hr\/de\/#website"},"datePublished":"2018-05-24T20:33:09+00:00","dateModified":"2019-01-25T12:24:20+00:00","description":"truffles, truffle hunting, Tr\u00fcffel, lov na tartuf, tartufi, crni tartuf, bijeli tartuf, tartufo, schwarze Tr\u00fcffel, Tr\u00fcffelsuche, istra, istria, istrien, croatia, hrvatska, kroatien, tuber magnatum pico, buzet, white truffle, black truffle, weisse Tr\u00fcffel, cheese with truffles, olive oil with truffles, \u5976\u916a\u677e\u9732, \u677e\u9732, \u677e\u9732\u72e9\u730e, \u4f0a\u65af \u7279\u62c9, \u514b\u7f57\u5730\u4e9a, \u30c8\u30ea\u30e5\u30d5,\u30c8\u30ea\u30e5\u30d5\u72e9\u308a, \u30a4\u30b9\u30c8\u30ea\u30a2, \uc1a1\ub85c \ubc84\uc12f, \uc1a1\ub85c \ubc84\uc12f \uc0ac\ub0e5, \ud06c\ub85c\uc544\ud2f0\uc544, \uc774\uc2a4\ud2b8 \ub9ac\uc544, \u0442\u0440\u044e\u0444\u0435\u043b\u0438 ,\u043e\u0445\u043e\u0442\u0430 \u0442\u0440\u044e\u0444\u0435\u043b\u044f, \u0418\u0441\u0442\u0440\u0438\u044f, \u0425\u043e\u0440\u0432\u0430\u0442\u0438\u044f, truffle products, prodoti di tartufo, unique experience in istria, adventure in istria, exploring istria, family tradition, truffle dogs, truffle specialties, motovun, livade, \uc774\uc2a4\ud2b8 \ub9ac\uc544 \uc758 \ub3c5\ud2b9\ud55c \uc774\uc2a4\ud2b8 \ub9ac\uc544 \uc758 \uacbd\ud5d8 , \ubaa8\ud5d8, \uc774\uc2a4\ud2b8 \ub9ac\uc544 , \uac00\uc871\uc758 \uc804\ud1b5 , \uc1a1\ub85c \ubc84\uc12f \uac1c, \uc1a1\ub85c \ubc84\uc12f \uc694\ub9ac","breadcrumb":{"@id":"https:\/\/prodantartufi.hr\/de\/privacy-policy\/#breadcrumb"},"inLanguage":"de","potentialAction":[{"@type":"ReadAction","target":[["https:\/\/prodantartufi.hr\/de\/privacy-policy\/"]]}]},{"@type":"BreadcrumbList","@id":"https:\/\/prodantartufi.hr\/de\/privacy-policy\/#breadcrumb","itemListElement":[{"@type":"ListItem","position":1,"name":"Home","item":"https:\/\/prodantartufi.hr\/de\/"},{"@type":"ListItem","position":2,"name":"Izjava o privatnosti"}]},{"@type":"WebSite","@id":"https:\/\/prodantartufi.hr\/de\/#website","url":"https:\/\/prodantartufi.hr\/de\/","name":"PRODAN TARTUFI","description":"","publisher":{"@id":"https:\/\/prodantartufi.hr\/de\/#organization"},"potentialAction":[{"@type":"SearchAction","target":{"@type":"EntryPoint","urlTemplate":"https:\/\/prodantartufi.hr\/de\/?s={search_term_string}"},"query-input":"required name=search_term_string"}],"inLanguage":"de"},{"@type":"Organization","@id":"https:\/\/prodantartufi.hr\/de\/#organization","name":"PRODAN TARTUFI |","url":"https:\/\/prodantartufi.hr\/de\/","logo":{"@type":"ImageObject","inLanguage":"de","@id":"https:\/\/prodantartufi.hr\/de\/#\/schema\/logo\/image\/","url":"https:\/\/prodantartufi.hr\/wp-content\/uploads\/2015\/03\/logo_600px-e1434011074366.png","contentUrl":"https:\/\/prodantartufi.hr\/wp-content\/uploads\/2015\/03\/logo_600px-e1434011074366.png","width":118,"height":29,"caption":"PRODAN TARTUFI |"},"image":{"@id":"https:\/\/prodantartufi.hr\/de\/#\/schema\/logo\/image\/"}}]}},"_links":{"self":[{"href":"https:\/\/prodantartufi.hr\/de\/wp-json\/wp\/v2\/pages\/1569"}],"collection":[{"href":"https:\/\/prodantartufi.hr\/de\/wp-json\/wp\/v2\/pages"}],"about":[{"href":"https:\/\/prodantartufi.hr\/de\/wp-json\/wp\/v2\/types\/page"}],"author":[{"embeddable":true,"href":"https:\/\/prodantartufi.hr\/de\/wp-json\/wp\/v2\/users\/1"}],"replies":[{"embeddable":true,"href":"https:\/\/prodantartufi.hr\/de\/wp-json\/wp\/v2\/comments?post=1569"}],"version-history":[{"count":18,"href":"https:\/\/prodantartufi.hr\/de\/wp-json\/wp\/v2\/pages\/1569\/revisions"}],"predecessor-version":[{"id":1622,"href":"https:\/\/prodantartufi.hr\/de\/wp-json\/wp\/v2\/pages\/1569\/revisions\/1622"}],"wp:attachment":[{"href":"https:\/\/prodantartufi.hr\/de\/wp-json\/wp\/v2\/media?parent=1569"}],"curies":[{"name":"wp","href":"https:\/\/api.w.org\/{rel}","templated":true}]}}