{"id":586,"date":"2015-10-23T11:00:55","date_gmt":"2015-10-23T11:00:55","guid":{"rendered":"http:\/\/prodantartufi.hr\/?page_id=586"},"modified":"2018-02-12T09:33:42","modified_gmt":"2018-02-12T09:33:42","slug":"o-nama","status":"publish","type":"page","link":"https:\/\/prodantartufi.hr\/de\/o-nama\/","title":{"rendered":"\u00dcBER UNS"},"content":{"rendered":"<p><\/p>\n<hr \/>\n<table align=\"center\">\n<tbody>\n<tr>\n<td style=\"padding: 20px; width: 300px; vertical-align: top;\"><span style=\"font-size: 11pt;\"><strong>BUZET<\/strong><\/span><\/p>\n<p><img decoding=\"async\" loading=\"lazy\" class=\"img_align aligncenter wp-image-1236\" src=\"http:\/\/prodantartufi.hr\/wp-content\/uploads\/2015\/10\/Buzet-grad-tartufa-prodan-tartufi.jpg\" alt=\"Buzet grad tartufa - prodan tartufi\" width=\"250\" height=\"250\" srcset=\"https:\/\/prodantartufi.hr\/wp-content\/uploads\/2015\/10\/Buzet-grad-tartufa-prodan-tartufi.jpg 400w, https:\/\/prodantartufi.hr\/wp-content\/uploads\/2015\/10\/Buzet-grad-tartufa-prodan-tartufi-150x150.jpg 150w\" sizes=\"(max-width: 250px) 100vw, 250px\" \/><\/p>\n<p style=\"text-align: left;\">Ganz im Norden des sch\u00f6nen Adriatischen Meers befindet sich die Halbinsel Istrien. Umgeben vom kristallklaren Meer, verbirgt Istrien in seinem Inneren einen echten Naturschatz. Um mit allen Ihren Sinnen Istrien zu wahrnehmen und tats\u00e4chlich zu erleben, ist es notwendig, in sein Inneres zu vordringen, in Buzet anzukommen und sich den Erlebnissen der Tr\u00fcffelstadt zu \u00fcberlassen.<\/p>\n<p style=\"text-align: left;\">Buzet bietet eine wahre Gaumenfreude f\u00fcr alle Feinschmecker an. Es ist die Heimat von nativen Oliven\u00f6len extra, K\u00e4se, Honig, Schnaps und Weinen von au\u00dfergew\u00f6hnlicher Qualit\u00e4t und es ist auch nat\u00fcrlicher Lebensraum von dem gesch\u00e4tztesten unterirdischen Pilz in der Welt \u2013 der Tr\u00fcffel.<\/p>\n<\/td>\n<td style=\"padding: 20px; width: 300px; vertical-align: top;\"><strong>UNSER GEWERBE<\/strong><\/p>\n<p><img decoding=\"async\" loading=\"lazy\" class=\"img_align aligncenter wp-image-1237\" src=\"http:\/\/prodantartufi.hr\/wp-content\/uploads\/2015\/10\/tartufi-prodan-tartufi.jpg\" alt=\"tartufi - prodan tartufi\" width=\"250\" height=\"250\" srcset=\"https:\/\/prodantartufi.hr\/wp-content\/uploads\/2015\/10\/tartufi-prodan-tartufi.jpg 400w, https:\/\/prodantartufi.hr\/wp-content\/uploads\/2015\/10\/tartufi-prodan-tartufi-150x150.jpg 150w\" sizes=\"(max-width: 250px) 100vw, 250px\" \/><\/p>\n<p style=\"text-align: left;\">Die Hauptt\u00e4tigkeit unseres Familiengewerbes ist die Tr\u00fcffelsuche, die von einer Generation auf die n\u00e4chste \u00fcbertragen und traditionell bew\u00e4hrt wird, sowie der Vertrieb unserer Produkte, die von den istrischen Tr\u00fcffeln und den besten nat\u00fcrlichen Zutaten hergestellt werden.<\/p>\n<p style=\"text-align: left;\">W\u00e4hrend der Saison der wei\u00dfen und schwarzen Tr\u00fcffeln, beliefern wir zahlreiche Restaurants und alle Tr\u00fcffel-Liebhaber landes- und weltweit.<\/p>\n<\/td>\n<td style=\"padding: 20px; width: 300px; vertical-align: top;\"><strong>VISION \/<\/strong>\u00a0<strong>MISSION<\/strong><\/p>\n<p><img decoding=\"async\" loading=\"lazy\" class=\"img_align aligncenter wp-image-1238 size-full\" src=\"http:\/\/prodantartufi.hr\/wp-content\/uploads\/2015\/10\/Lov-na-tartuf-prodan-tartufi.jpg\" alt=\"Lov na tartuf - prodan tartufi\" width=\"250\" height=\"250\" srcset=\"https:\/\/prodantartufi.hr\/wp-content\/uploads\/2015\/10\/Lov-na-tartuf-prodan-tartufi.jpg 250w, https:\/\/prodantartufi.hr\/wp-content\/uploads\/2015\/10\/Lov-na-tartuf-prodan-tartufi-150x150.jpg 150w\" sizes=\"(max-width: 250px) 100vw, 250px\" \/><\/p>\n<p style=\"text-align: left;\">Unsere Vision ist ein angesehener und w\u00fcnschenswerter Gesch\u00e4ftspartner zu sein, der auf dem Markt anerkannt ist und wegen der einwandfreien Qualit\u00e4t seiner Produkte und Dienste bekannt ist. Durch den Aufbau von freundlichen Beziehungen und den Naturschutz wollen wir die Interessen unserer Kunden, Gesch\u00e4ftspartner und der Umgebung, in der wir leben und arbeiten, sch\u00fctzen.<\/p>\n<p style=\"text-align: left;\">Unsere gr\u00f6\u00dfte St\u00e4rke ist die langj\u00e4hrige Familientradition, durch die wir eine originelle Marke schaffen und die besten Geschm\u00e4cke, Ger\u00fcche und Erlebnisse Istriens bieten.<\/p>\n<\/td>\n<td style=\"padding: 20px; width: 300px; vertical-align: top;\"><strong><span style=\"font-size: 10pt;\">100%<\/span> IN KROATIEN HERGESTELLT<\/strong><\/p>\n<p><img decoding=\"async\" loading=\"lazy\" class=\"img_align aligncenter wp-image-1239\" src=\"http:\/\/prodantartufi.hr\/wp-content\/uploads\/2015\/10\/tartufi-crni-cijeli-prodan-tartufi.jpg\" alt=\"tartufi crni cijeli - prodan tartufi\" width=\"250\" height=\"250\" srcset=\"https:\/\/prodantartufi.hr\/wp-content\/uploads\/2015\/10\/tartufi-crni-cijeli-prodan-tartufi.jpg 400w, https:\/\/prodantartufi.hr\/wp-content\/uploads\/2015\/10\/tartufi-crni-cijeli-prodan-tartufi-150x150.jpg 150w\" sizes=\"(max-width: 250px) 100vw, 250px\" \/><\/p>\n<p style=\"text-align: left;\">Alle unsere Produkte werden in Kroatien aus den Lebensmitteln aus der reinen und unber\u00fchrten istrischen Natur hergestellt.<\/p>\n<p style=\"text-align: left;\">Die M\u00fche, das Engagement und die Verantwortung der ganzen Familie, aber vor allem, die Leidenschaft und Liebe zu den Tr\u00fcffeln machen unsere Produkte des unverwechselbaren und unwiderstehlichen Geschmacks und Geruchs besonders.<\/p>\n<p style=\"text-align: left;\">Der gesamte Verarbeitungs-, Speicher- und Vertriebsprozess ist von hoher Qualit\u00e4t und das HACCP-Konzept wird dabei angewendet.<\/p>\n<\/td>\n<\/tr>\n<\/tbody>\n<\/table>\n<p style=\"text-align: center;\"><span style=\"font-size: 18pt;\"><strong><em>Wir wachsen mit der Natur.<\/em><\/strong><\/span><\/p>\n<p style=\"text-align: center;\">\n<p><\/p>","protected":false},"excerpt":{"rendered":"<p>BUZET Ganz im Norden des sch\u00f6nen Adriatischen Meers befindet sich die Halbinsel Istrien. Umgeben vom kristallklaren Meer, verbirgt Istrien in seinem Inneren einen echten Naturschatz. Um mit allen Ihren Sinnen Istrien zu wahrnehmen und tats\u00e4chlich zu erleben, ist es notwendig, in sein Inneres zu vordringen, in Buzet anzukommen und sich den Erlebnissen der Tr\u00fcffelstadt zu [&hellip;]<\/p>\n","protected":false},"author":1,"featured_media":0,"parent":0,"menu_order":0,"comment_status":"closed","ping_status":"closed","template":"page_ostalo.php","meta":[],"yoast_head":"<!-- This site is optimized with the Yoast SEO plugin v20.0 - https:\/\/yoast.com\/wordpress\/plugins\/seo\/ -->\n<title>\u00dcBER UNS | PRODAN TARTUFI<\/title>\n<meta name=\"description\" content=\"Osnovna djelatnost na\u0161eg obiteljskog obrta ve\u0107 je nara\u0161tajima preno\u0161en i tradicijski o\u010duvan lov na tartuf te distribucija vlastitih proizvoda spravljenih od istarskog tartufa i najfinijih prirodnih sastojaka do svojih kupaca i potro\u0161a\u010da.\" \/>\n<meta name=\"robots\" content=\"index, follow, max-snippet:-1, max-image-preview:large, max-video-preview:-1\" \/>\n<link rel=\"canonical\" href=\"https:\/\/prodantartufi.hr\/de\/o-nama\/\" \/>\n<meta property=\"og:locale\" content=\"de_DE\" \/>\n<meta property=\"og:type\" content=\"article\" \/>\n<meta property=\"og:title\" content=\"\u00dcBER UNS | PRODAN TARTUFI\" \/>\n<meta property=\"og:description\" content=\"Osnovna djelatnost na\u0161eg obiteljskog obrta ve\u0107 je nara\u0161tajima preno\u0161en i tradicijski o\u010duvan lov na tartuf te distribucija vlastitih proizvoda spravljenih od istarskog tartufa i najfinijih prirodnih sastojaka do svojih kupaca i potro\u0161a\u010da.\" \/>\n<meta property=\"og:url\" content=\"https:\/\/prodantartufi.hr\/de\/o-nama\/\" \/>\n<meta property=\"og:site_name\" content=\"PRODAN TARTUFI\" \/>\n<meta property=\"article:modified_time\" content=\"2018-02-12T09:33:42+00:00\" \/>\n<meta property=\"og:image\" content=\"http:\/\/prodantartufi.hr\/wp-content\/uploads\/2015\/10\/Buzet-grad-tartufa-prodan-tartufi.jpg\" \/>\n<meta name=\"twitter:card\" content=\"summary_large_image\" \/>\n<meta name=\"twitter:label1\" content=\"Gesch\u00e4tzte Lesezeit\" \/>\n\t<meta name=\"twitter:data1\" content=\"5\u00a0Minuten\" \/>\n<script type=\"application\/ld+json\" class=\"yoast-schema-graph\">{\"@context\":\"https:\/\/schema.org\",\"@graph\":[{\"@type\":\"WebPage\",\"@id\":\"https:\/\/prodantartufi.hr\/de\/o-nama\/\",\"url\":\"https:\/\/prodantartufi.hr\/de\/o-nama\/\",\"name\":\"\u00dcBER UNS | PRODAN TARTUFI\",\"isPartOf\":{\"@id\":\"https:\/\/prodantartufi.hr\/de\/#website\"},\"datePublished\":\"2015-10-23T11:00:55+00:00\",\"dateModified\":\"2018-02-12T09:33:42+00:00\",\"description\":\"Osnovna djelatnost na\u0161eg obiteljskog obrta ve\u0107 je nara\u0161tajima preno\u0161en i tradicijski o\u010duvan lov na tartuf te distribucija vlastitih proizvoda spravljenih od istarskog tartufa i najfinijih prirodnih sastojaka do svojih kupaca i potro\u0161a\u010da.\",\"breadcrumb\":{\"@id\":\"https:\/\/prodantartufi.hr\/de\/o-nama\/#breadcrumb\"},\"inLanguage\":\"de\",\"potentialAction\":[{\"@type\":\"ReadAction\",\"target\":[[\"https:\/\/prodantartufi.hr\/de\/o-nama\/\"]]}]},{\"@type\":\"BreadcrumbList\",\"@id\":\"https:\/\/prodantartufi.hr\/de\/o-nama\/#breadcrumb\",\"itemListElement\":[{\"@type\":\"ListItem\",\"position\":1,\"name\":\"Home\",\"item\":\"https:\/\/prodantartufi.hr\/de\/\"},{\"@type\":\"ListItem\",\"position\":2,\"name\":\"O NAMA\"}]},{\"@type\":\"WebSite\",\"@id\":\"https:\/\/prodantartufi.hr\/de\/#website\",\"url\":\"https:\/\/prodantartufi.hr\/de\/\",\"name\":\"PRODAN TARTUFI\",\"description\":\"\",\"publisher\":{\"@id\":\"https:\/\/prodantartufi.hr\/de\/#organization\"},\"potentialAction\":[{\"@type\":\"SearchAction\",\"target\":{\"@type\":\"EntryPoint\",\"urlTemplate\":\"https:\/\/prodantartufi.hr\/de\/?s={search_term_string}\"},\"query-input\":\"required name=search_term_string\"}],\"inLanguage\":\"de\"},{\"@type\":\"Organization\",\"@id\":\"https:\/\/prodantartufi.hr\/de\/#organization\",\"name\":\"PRODAN TARTUFI |\",\"url\":\"https:\/\/prodantartufi.hr\/de\/\",\"logo\":{\"@type\":\"ImageObject\",\"inLanguage\":\"de\",\"@id\":\"https:\/\/prodantartufi.hr\/de\/#\/schema\/logo\/image\/\",\"url\":\"https:\/\/prodantartufi.hr\/wp-content\/uploads\/2015\/03\/logo_600px-e1434011074366.png\",\"contentUrl\":\"https:\/\/prodantartufi.hr\/wp-content\/uploads\/2015\/03\/logo_600px-e1434011074366.png\",\"width\":118,\"height\":29,\"caption\":\"PRODAN TARTUFI |\"},\"image\":{\"@id\":\"https:\/\/prodantartufi.hr\/de\/#\/schema\/logo\/image\/\"}}]}<\/script>\n<!-- \/ Yoast SEO plugin. -->","yoast_head_json":{"title":"\u00dcBER UNS | PRODAN TARTUFI","description":"Osnovna djelatnost na\u0161eg obiteljskog obrta ve\u0107 je nara\u0161tajima preno\u0161en i tradicijski o\u010duvan lov na tartuf te distribucija vlastitih proizvoda spravljenih od istarskog tartufa i najfinijih prirodnih sastojaka do svojih kupaca i potro\u0161a\u010da.","robots":{"index":"index","follow":"follow","max-snippet":"max-snippet:-1","max-image-preview":"max-image-preview:large","max-video-preview":"max-video-preview:-1"},"canonical":"https:\/\/prodantartufi.hr\/de\/o-nama\/","og_locale":"de_DE","og_type":"article","og_title":"\u00dcBER UNS | PRODAN TARTUFI","og_description":"Osnovna djelatnost na\u0161eg obiteljskog obrta ve\u0107 je nara\u0161tajima preno\u0161en i tradicijski o\u010duvan lov na tartuf te distribucija vlastitih proizvoda spravljenih od istarskog tartufa i najfinijih prirodnih sastojaka do svojih kupaca i potro\u0161a\u010da.","og_url":"https:\/\/prodantartufi.hr\/de\/o-nama\/","og_site_name":"PRODAN TARTUFI","article_modified_time":"2018-02-12T09:33:42+00:00","og_image":[{"url":"http:\/\/prodantartufi.hr\/wp-content\/uploads\/2015\/10\/Buzet-grad-tartufa-prodan-tartufi.jpg"}],"twitter_card":"summary_large_image","twitter_misc":{"Gesch\u00e4tzte Lesezeit":"5\u00a0Minuten"},"schema":{"@context":"https:\/\/schema.org","@graph":[{"@type":"WebPage","@id":"https:\/\/prodantartufi.hr\/de\/o-nama\/","url":"https:\/\/prodantartufi.hr\/de\/o-nama\/","name":"\u00dcBER UNS | PRODAN TARTUFI","isPartOf":{"@id":"https:\/\/prodantartufi.hr\/de\/#website"},"datePublished":"2015-10-23T11:00:55+00:00","dateModified":"2018-02-12T09:33:42+00:00","description":"Osnovna djelatnost na\u0161eg obiteljskog obrta ve\u0107 je nara\u0161tajima preno\u0161en i tradicijski o\u010duvan lov na tartuf te distribucija vlastitih proizvoda spravljenih od istarskog tartufa i najfinijih prirodnih sastojaka do svojih kupaca i potro\u0161a\u010da.","breadcrumb":{"@id":"https:\/\/prodantartufi.hr\/de\/o-nama\/#breadcrumb"},"inLanguage":"de","potentialAction":[{"@type":"ReadAction","target":[["https:\/\/prodantartufi.hr\/de\/o-nama\/"]]}]},{"@type":"BreadcrumbList","@id":"https:\/\/prodantartufi.hr\/de\/o-nama\/#breadcrumb","itemListElement":[{"@type":"ListItem","position":1,"name":"Home","item":"https:\/\/prodantartufi.hr\/de\/"},{"@type":"ListItem","position":2,"name":"O NAMA"}]},{"@type":"WebSite","@id":"https:\/\/prodantartufi.hr\/de\/#website","url":"https:\/\/prodantartufi.hr\/de\/","name":"PRODAN TARTUFI","description":"","publisher":{"@id":"https:\/\/prodantartufi.hr\/de\/#organization"},"potentialAction":[{"@type":"SearchAction","target":{"@type":"EntryPoint","urlTemplate":"https:\/\/prodantartufi.hr\/de\/?s={search_term_string}"},"query-input":"required name=search_term_string"}],"inLanguage":"de"},{"@type":"Organization","@id":"https:\/\/prodantartufi.hr\/de\/#organization","name":"PRODAN TARTUFI |","url":"https:\/\/prodantartufi.hr\/de\/","logo":{"@type":"ImageObject","inLanguage":"de","@id":"https:\/\/prodantartufi.hr\/de\/#\/schema\/logo\/image\/","url":"https:\/\/prodantartufi.hr\/wp-content\/uploads\/2015\/03\/logo_600px-e1434011074366.png","contentUrl":"https:\/\/prodantartufi.hr\/wp-content\/uploads\/2015\/03\/logo_600px-e1434011074366.png","width":118,"height":29,"caption":"PRODAN TARTUFI |"},"image":{"@id":"https:\/\/prodantartufi.hr\/de\/#\/schema\/logo\/image\/"}}]}},"_links":{"self":[{"href":"https:\/\/prodantartufi.hr\/de\/wp-json\/wp\/v2\/pages\/586"}],"collection":[{"href":"https:\/\/prodantartufi.hr\/de\/wp-json\/wp\/v2\/pages"}],"about":[{"href":"https:\/\/prodantartufi.hr\/de\/wp-json\/wp\/v2\/types\/page"}],"author":[{"embeddable":true,"href":"https:\/\/prodantartufi.hr\/de\/wp-json\/wp\/v2\/users\/1"}],"replies":[{"embeddable":true,"href":"https:\/\/prodantartufi.hr\/de\/wp-json\/wp\/v2\/comments?post=586"}],"version-history":[{"count":57,"href":"https:\/\/prodantartufi.hr\/de\/wp-json\/wp\/v2\/pages\/586\/revisions"}],"predecessor-version":[{"id":1546,"href":"https:\/\/prodantartufi.hr\/de\/wp-json\/wp\/v2\/pages\/586\/revisions\/1546"}],"wp:attachment":[{"href":"https:\/\/prodantartufi.hr\/de\/wp-json\/wp\/v2\/media?parent=586"}],"curies":[{"name":"wp","href":"https:\/\/api.w.org\/{rel}","templated":true}]}}