{"id":615,"date":"2015-10-23T11:19:46","date_gmt":"2015-10-23T11:19:46","guid":{"rendered":"http:\/\/prodantartufi.hr\/?page_id=615"},"modified":"2016-08-08T15:05:41","modified_gmt":"2016-08-08T15:05:41","slug":"tartuf","status":"publish","type":"page","link":"https:\/\/prodantartufi.hr\/de\/tartuf\/","title":{"rendered":"TR\u00dcFFEL"},"content":{"rendered":"<p>Der beste Vertreter des istrischen Landes. Fein, g\u00f6ttlich, rustikal, der H\u00f6hepunkt des gastronomischen Erlebnisses. Das Wunder der Natur, mit nichts vergleichbar und ersetzbar.<\/p>\n<p>Tr\u00fcffel ist ein unterirdischer Pilz, der in Symbiose an den Wurzeln bestimmter Baumarten lebt, meistens des Eich-, Buchs- und Haselnussbaums. Um den nat\u00fcrlichen Kreislauf und den Lebensraum der Tr\u00fcffeln zu erhalten, ist es notwendig, gewissenhaft und verantwortungsvoll die Vorkommen dieses Schatzes zu behandeln und die ungest\u00f6rte Fortsetzung der Mykorrhiza zu erm\u00f6glichen. Das Tal des Flusses Mirna ist das gr\u00f6\u00dfte Vorkommen der istrischen wei\u00dfen Tr\u00fcffel.<\/p>\n<p>In Istrien gibt es einige Tr\u00fcffelarten, von denen die istrische wei\u00dfe Tr\u00fcffel oder Tuber magnatum pico bei weitem bekannteste und gesch\u00e4tzteste ist. Sie reift von September bis Januar und genau dann ist die beste Zeit um diese perfekte kulinarische K\u00f6stlichkeit zu genie\u00dfen. Im Winter kann man auch die schwarze Tr\u00fcffel Tuber brumale finden, aber wenn Sie w\u00e4hrend des ganzen Jahres Tr\u00fcffeln genie\u00dfen wollen, werden die schwarze Tr\u00fcffel Tuber aestivum oder einige von den zahlreichen Tr\u00fcffelprodukten aus unserem Sortiment Sie mit Zufriedenheit erf\u00fcllen.<\/p>\n<hr \/>\n<h1><strong>Tr\u00fcffelarten:<\/strong><\/h1>\n<p><img decoding=\"async\" loading=\"lazy\" class=\"aligncenter wp-image-1241 size-full\" src=\"http:\/\/prodantartufi.hr\/wp-content\/uploads\/2015\/10\/bijeli-tartuf-Tuber-Magnatum-Pico-prodan-tartufi.jpg\" alt=\"bijeli tartuf, Tuber Magnatum Pico - prodan tartufi\" width=\"1920\" height=\"1200\" srcset=\"https:\/\/prodantartufi.hr\/wp-content\/uploads\/2015\/10\/bijeli-tartuf-Tuber-Magnatum-Pico-prodan-tartufi.jpg 1920w, https:\/\/prodantartufi.hr\/wp-content\/uploads\/2015\/10\/bijeli-tartuf-Tuber-Magnatum-Pico-prodan-tartufi-400x250.jpg 400w, https:\/\/prodantartufi.hr\/wp-content\/uploads\/2015\/10\/bijeli-tartuf-Tuber-Magnatum-Pico-prodan-tartufi-768x480.jpg 768w, https:\/\/prodantartufi.hr\/wp-content\/uploads\/2015\/10\/bijeli-tartuf-Tuber-Magnatum-Pico-prodan-tartufi-1024x640.jpg 1024w\" sizes=\"(max-width: 1920px) 100vw, 1920px\" \/><\/p>\n<p><strong>WEI\u00dfE TR\u00dcFFEL<br \/>\n<span style=\"font-size: 10pt;\">lat.<\/span><\/strong><span style=\"font-size: 10pt;\">\u00a0<strong>Tuber Magnatum Pico<\/strong><\/span><\/p>\n<p>Die gesch\u00e4tzteste Tr\u00fcffelart. Diese K\u00f6stlichkeit wird in der Saison mit ihrem intensiven Geruch jeden Liebhaber der Echten Tr\u00fcffel anziehen. Sie reift von September bis Januar in einer Tiefe von 1 bis 25 cm und kann am Fu\u00df des Eich-, Buchs- und Haselnussbaums gefunden werden. Ihre beige bis ockerfarbige Fruchtmasse wird von d\u00fcnnen wei\u00dfen Adern durchzogen. Die wei\u00dfe Tr\u00fcffel wird nach Gewicht klassifiziert, aber unabh\u00e4ngig davon, ob Sie ein kleines Exemplar konsumieren, das nur ein paar Gramm wiegt, oder ein sehr gro\u00dfes Exemplar, sind die Qualit\u00e4t und der Geruch immer gleich. Die wei\u00dfe Tr\u00fcffel kann roh, ohne W\u00e4rmebehandlung, konsumiert werden.<\/p>\n<hr \/>\n<p><img decoding=\"async\" loading=\"lazy\" class=\"aligncenter wp-image-1242 size-full\" src=\"http:\/\/prodantartufi.hr\/wp-content\/uploads\/2015\/10\/crni-tartuf-prodan-tartufi.jpg\" alt=\"crni tartuf - prodan tartufi\" width=\"1336\" height=\"835\" srcset=\"https:\/\/prodantartufi.hr\/wp-content\/uploads\/2015\/10\/crni-tartuf-prodan-tartufi.jpg 1336w, https:\/\/prodantartufi.hr\/wp-content\/uploads\/2015\/10\/crni-tartuf-prodan-tartufi-400x250.jpg 400w, https:\/\/prodantartufi.hr\/wp-content\/uploads\/2015\/10\/crni-tartuf-prodan-tartufi-768x480.jpg 768w, https:\/\/prodantartufi.hr\/wp-content\/uploads\/2015\/10\/crni-tartuf-prodan-tartufi-1024x640.jpg 1024w\" sizes=\"(max-width: 1336px) 100vw, 1336px\" \/><\/p>\n<p><strong>SCHWARZE SOMMERTR\u00dcFFEL<br \/>\n<span style=\"font-size: 10pt;\">lat. Tuber aestivum<\/span><\/strong><\/p>\n<p>Die schwarze Tr\u00fcffel, die vom Sommer bis zum Sp\u00e4therbst reift, ist eine der h\u00e4ufigsten Arten der schwarzen Tr\u00fcffel. Sie kann in einer Tiefe von 1 bis 10 cm am Fu\u00df der Haselnuss, Pappel, Eiche, Buche und Kiefer gefunden werden. Ihre beige bis hellbraune Fruchtmasse wird von d\u00fcnnen wei\u00dfen Adern durchzogen. Ihr Geruch ist milder und nicht so intensiv, aber sie wird viel konsumiert und von den Liebhabern der Tr\u00fcffeln verehrt. Die schwarze Sommertr\u00fcffel kann roh oder kurz w\u00e4rmebehandelt konsumiert werden.<\/p>\n<hr \/>\n<p><strong>SCHWARZE WINTERTR\u00dcFFEL<br \/>\n<span style=\"font-size: 10pt;\">lat. Tuber brumale<\/span><\/strong><\/p>\n<p>Unter den schwarzen Tr\u00fcffeln hat die schwarze Wintertr\u00fcffel den intensivsten Geruch. Ihre Saison ist im Winter und dauert von September bis zu Januar. Ihre dunkelbraune Fruchtmasse wird von dickeren wei\u00dfen Adern durchzogen. Sie kann in einer Tiefe von 1 bis 15 cm am Fu\u00df des Eich- und Haselnussbaums gefunden werden. Vor dem Essen wird eine kurze W\u00e4rmebehandlung empfohlen.<\/p>\n<hr \/>\n<p><strong>EDLE SCHWARZE TR\u00dcFFEL<br \/>\n<span style=\"font-size: 10pt;\">lat. Tuber melanosporum\u00a0<\/span><\/strong><\/p>\n<p>Die gesch\u00e4tzteste schwarze Tr\u00fcffel wegen ihres speziell intensiven Geschmacks und aromatischen Geruchs. Ihre dunkelbraune bis schwarze Fruchtmasse wird von sehr d\u00fcnnen wei\u00dfen Adern durchzogen. Sie reift von Januar bis Fr\u00fchling in einer Tiefe von 1 bis 20 cm am Fu\u00df der Haselnuss, Eiche und der Europ\u00e4ischen Hopfenbuche. Vor dem Essen wird eine kurze W\u00e4rmebehandlung empfohlen.<\/p>\n<hr \/>\n<p><\/p>","protected":false},"excerpt":{"rendered":"<p>Der beste Vertreter des istrischen Landes. Fein, g\u00f6ttlich, rustikal, der H\u00f6hepunkt des gastronomischen Erlebnisses. Das Wunder der Natur, mit nichts vergleichbar und ersetzbar. Tr\u00fcffel ist ein unterirdischer Pilz, der in Symbiose an den Wurzeln bestimmter Baumarten lebt, meistens des Eich-, Buchs- und Haselnussbaums. Um den nat\u00fcrlichen Kreislauf und den Lebensraum der Tr\u00fcffeln zu erhalten, ist [&hellip;]<\/p>\n","protected":false},"author":1,"featured_media":0,"parent":0,"menu_order":0,"comment_status":"closed","ping_status":"closed","template":"single_tartufi.php","meta":[],"yoast_head":"<!-- This site is optimized with the Yoast SEO plugin v20.0 - https:\/\/yoast.com\/wordpress\/plugins\/seo\/ -->\n<title>TR\u00dcFFEL | PRODAN TARTUFI<\/title>\n<meta name=\"description\" content=\"truffles, truffle hunting, Tr\u00fcffel, lov na tartuf, tartufi, crni tartuf, bijeli tartuf, tartufo, schwarze Tr\u00fcffel, Tr\u00fcffelsuche, istra, istria, istrien, croatia, hrvatska, kroatien, tuber magnatum pico, buzet, white truffle, black truffle, weisse Tr\u00fcffel, cheese with truffles, olive oil with truffles, \u5976\u916a\u677e\u9732, \u677e\u9732, \u677e\u9732\u72e9\u730e, \u4f0a\u65af \u7279\u62c9, \u514b\u7f57\u5730\u4e9a, \u30c8\u30ea\u30e5\u30d5,\u30c8\u30ea\u30e5\u30d5\u72e9\u308a, \u30a4\u30b9\u30c8\u30ea\u30a2, \uc1a1\ub85c \ubc84\uc12f, \uc1a1\ub85c \ubc84\uc12f \uc0ac\ub0e5, \ud06c\ub85c\uc544\ud2f0\uc544, \uc774\uc2a4\ud2b8 \ub9ac\uc544, \u0442\u0440\u044e\u0444\u0435\u043b\u0438 ,\u043e\u0445\u043e\u0442\u0430 \u0442\u0440\u044e\u0444\u0435\u043b\u044f, \u0418\u0441\u0442\u0440\u0438\u044f, \u0425\u043e\u0440\u0432\u0430\u0442\u0438\u044f, truffle products, prodoti di tartufo, unique experience in istria, adventure in istria, exploring istria, family tradition, truffle dogs, truffle specialties, motovun, livade, \uc774\uc2a4\ud2b8 \ub9ac\uc544 \uc758 \ub3c5\ud2b9\ud55c \uc774\uc2a4\ud2b8 \ub9ac\uc544 \uc758 \uacbd\ud5d8 , \ubaa8\ud5d8, \uc774\uc2a4\ud2b8 \ub9ac\uc544 , \uac00\uc871\uc758 \uc804\ud1b5 , \uc1a1\ub85c \ubc84\uc12f \uac1c, \uc1a1\ub85c \ubc84\uc12f \uc694\ub9ac\" \/>\n<meta name=\"robots\" content=\"index, follow, max-snippet:-1, max-image-preview:large, max-video-preview:-1\" \/>\n<link rel=\"canonical\" href=\"https:\/\/prodantartufi.hr\/de\/tartuf\/\" \/>\n<meta property=\"og:locale\" content=\"de_DE\" \/>\n<meta property=\"og:type\" content=\"article\" \/>\n<meta property=\"og:title\" content=\"TR\u00dcFFEL | PRODAN TARTUFI\" \/>\n<meta property=\"og:description\" content=\"truffles, truffle hunting, Tr\u00fcffel, lov na tartuf, tartufi, crni tartuf, bijeli tartuf, tartufo, schwarze Tr\u00fcffel, Tr\u00fcffelsuche, istra, istria, istrien, croatia, hrvatska, kroatien, tuber magnatum pico, buzet, white truffle, black truffle, weisse Tr\u00fcffel, cheese with truffles, olive oil with truffles, \u5976\u916a\u677e\u9732, \u677e\u9732, \u677e\u9732\u72e9\u730e, \u4f0a\u65af \u7279\u62c9, \u514b\u7f57\u5730\u4e9a, \u30c8\u30ea\u30e5\u30d5,\u30c8\u30ea\u30e5\u30d5\u72e9\u308a, \u30a4\u30b9\u30c8\u30ea\u30a2, \uc1a1\ub85c \ubc84\uc12f, \uc1a1\ub85c \ubc84\uc12f \uc0ac\ub0e5, \ud06c\ub85c\uc544\ud2f0\uc544, \uc774\uc2a4\ud2b8 \ub9ac\uc544, \u0442\u0440\u044e\u0444\u0435\u043b\u0438 ,\u043e\u0445\u043e\u0442\u0430 \u0442\u0440\u044e\u0444\u0435\u043b\u044f, \u0418\u0441\u0442\u0440\u0438\u044f, \u0425\u043e\u0440\u0432\u0430\u0442\u0438\u044f, truffle products, prodoti di tartufo, unique experience in istria, adventure in istria, exploring istria, family tradition, truffle dogs, truffle specialties, motovun, livade, \uc774\uc2a4\ud2b8 \ub9ac\uc544 \uc758 \ub3c5\ud2b9\ud55c \uc774\uc2a4\ud2b8 \ub9ac\uc544 \uc758 \uacbd\ud5d8 , \ubaa8\ud5d8, \uc774\uc2a4\ud2b8 \ub9ac\uc544 , \uac00\uc871\uc758 \uc804\ud1b5 , \uc1a1\ub85c \ubc84\uc12f \uac1c, \uc1a1\ub85c \ubc84\uc12f \uc694\ub9ac\" \/>\n<meta property=\"og:url\" content=\"https:\/\/prodantartufi.hr\/de\/tartuf\/\" \/>\n<meta property=\"og:site_name\" content=\"PRODAN TARTUFI\" \/>\n<meta property=\"article:modified_time\" content=\"2016-08-08T15:05:41+00:00\" \/>\n<meta property=\"og:image\" content=\"http:\/\/prodantartufi.hr\/wp-content\/uploads\/2015\/10\/bijeli-tartuf-Tuber-Magnatum-Pico-prodan-tartufi.jpg\" \/>\n<meta name=\"twitter:card\" content=\"summary_large_image\" \/>\n<meta name=\"twitter:label1\" content=\"Gesch\u00e4tzte Lesezeit\" \/>\n\t<meta name=\"twitter:data1\" content=\"8\u00a0Minuten\" \/>\n<script type=\"application\/ld+json\" class=\"yoast-schema-graph\">{\"@context\":\"https:\/\/schema.org\",\"@graph\":[{\"@type\":\"WebPage\",\"@id\":\"https:\/\/prodantartufi.hr\/de\/tartuf\/\",\"url\":\"https:\/\/prodantartufi.hr\/de\/tartuf\/\",\"name\":\"TR\u00dcFFEL | PRODAN TARTUFI\",\"isPartOf\":{\"@id\":\"https:\/\/prodantartufi.hr\/de\/#website\"},\"datePublished\":\"2015-10-23T11:19:46+00:00\",\"dateModified\":\"2016-08-08T15:05:41+00:00\",\"description\":\"truffles, truffle hunting, Tr\u00fcffel, lov na tartuf, tartufi, crni tartuf, bijeli tartuf, tartufo, schwarze Tr\u00fcffel, Tr\u00fcffelsuche, istra, istria, istrien, croatia, hrvatska, kroatien, tuber magnatum pico, buzet, white truffle, black truffle, weisse Tr\u00fcffel, cheese with truffles, olive oil with truffles, \u5976\u916a\u677e\u9732, \u677e\u9732, \u677e\u9732\u72e9\u730e, \u4f0a\u65af \u7279\u62c9, \u514b\u7f57\u5730\u4e9a, \u30c8\u30ea\u30e5\u30d5,\u30c8\u30ea\u30e5\u30d5\u72e9\u308a, \u30a4\u30b9\u30c8\u30ea\u30a2, \uc1a1\ub85c \ubc84\uc12f, \uc1a1\ub85c \ubc84\uc12f \uc0ac\ub0e5, \ud06c\ub85c\uc544\ud2f0\uc544, \uc774\uc2a4\ud2b8 \ub9ac\uc544, \u0442\u0440\u044e\u0444\u0435\u043b\u0438 ,\u043e\u0445\u043e\u0442\u0430 \u0442\u0440\u044e\u0444\u0435\u043b\u044f, \u0418\u0441\u0442\u0440\u0438\u044f, \u0425\u043e\u0440\u0432\u0430\u0442\u0438\u044f, truffle products, prodoti di tartufo, unique experience in istria, adventure in istria, exploring istria, family tradition, truffle dogs, truffle specialties, motovun, livade, \uc774\uc2a4\ud2b8 \ub9ac\uc544 \uc758 \ub3c5\ud2b9\ud55c \uc774\uc2a4\ud2b8 \ub9ac\uc544 \uc758 \uacbd\ud5d8 , \ubaa8\ud5d8, \uc774\uc2a4\ud2b8 \ub9ac\uc544 , \uac00\uc871\uc758 \uc804\ud1b5 , \uc1a1\ub85c \ubc84\uc12f \uac1c, \uc1a1\ub85c \ubc84\uc12f \uc694\ub9ac\",\"breadcrumb\":{\"@id\":\"https:\/\/prodantartufi.hr\/de\/tartuf\/#breadcrumb\"},\"inLanguage\":\"de\",\"potentialAction\":[{\"@type\":\"ReadAction\",\"target\":[[\"https:\/\/prodantartufi.hr\/de\/tartuf\/\"]]}]},{\"@type\":\"BreadcrumbList\",\"@id\":\"https:\/\/prodantartufi.hr\/de\/tartuf\/#breadcrumb\",\"itemListElement\":[{\"@type\":\"ListItem\",\"position\":1,\"name\":\"Home\",\"item\":\"https:\/\/prodantartufi.hr\/de\/\"},{\"@type\":\"ListItem\",\"position\":2,\"name\":\"TARTUF\"}]},{\"@type\":\"WebSite\",\"@id\":\"https:\/\/prodantartufi.hr\/de\/#website\",\"url\":\"https:\/\/prodantartufi.hr\/de\/\",\"name\":\"PRODAN TARTUFI\",\"description\":\"\",\"publisher\":{\"@id\":\"https:\/\/prodantartufi.hr\/de\/#organization\"},\"potentialAction\":[{\"@type\":\"SearchAction\",\"target\":{\"@type\":\"EntryPoint\",\"urlTemplate\":\"https:\/\/prodantartufi.hr\/de\/?s={search_term_string}\"},\"query-input\":\"required name=search_term_string\"}],\"inLanguage\":\"de\"},{\"@type\":\"Organization\",\"@id\":\"https:\/\/prodantartufi.hr\/de\/#organization\",\"name\":\"PRODAN TARTUFI |\",\"url\":\"https:\/\/prodantartufi.hr\/de\/\",\"logo\":{\"@type\":\"ImageObject\",\"inLanguage\":\"de\",\"@id\":\"https:\/\/prodantartufi.hr\/de\/#\/schema\/logo\/image\/\",\"url\":\"https:\/\/prodantartufi.hr\/wp-content\/uploads\/2015\/03\/logo_600px-e1434011074366.png\",\"contentUrl\":\"https:\/\/prodantartufi.hr\/wp-content\/uploads\/2015\/03\/logo_600px-e1434011074366.png\",\"width\":118,\"height\":29,\"caption\":\"PRODAN TARTUFI |\"},\"image\":{\"@id\":\"https:\/\/prodantartufi.hr\/de\/#\/schema\/logo\/image\/\"}}]}<\/script>\n<!-- \/ Yoast SEO plugin. -->","yoast_head_json":{"title":"TR\u00dcFFEL | PRODAN TARTUFI","description":"truffles, truffle hunting, Tr\u00fcffel, lov na tartuf, tartufi, crni tartuf, bijeli tartuf, tartufo, schwarze Tr\u00fcffel, Tr\u00fcffelsuche, istra, istria, istrien, croatia, hrvatska, kroatien, tuber magnatum pico, buzet, white truffle, black truffle, weisse Tr\u00fcffel, cheese with truffles, olive oil with truffles, \u5976\u916a\u677e\u9732, \u677e\u9732, \u677e\u9732\u72e9\u730e, \u4f0a\u65af \u7279\u62c9, \u514b\u7f57\u5730\u4e9a, \u30c8\u30ea\u30e5\u30d5,\u30c8\u30ea\u30e5\u30d5\u72e9\u308a, \u30a4\u30b9\u30c8\u30ea\u30a2, \uc1a1\ub85c \ubc84\uc12f, \uc1a1\ub85c \ubc84\uc12f \uc0ac\ub0e5, \ud06c\ub85c\uc544\ud2f0\uc544, \uc774\uc2a4\ud2b8 \ub9ac\uc544, \u0442\u0440\u044e\u0444\u0435\u043b\u0438 ,\u043e\u0445\u043e\u0442\u0430 \u0442\u0440\u044e\u0444\u0435\u043b\u044f, \u0418\u0441\u0442\u0440\u0438\u044f, \u0425\u043e\u0440\u0432\u0430\u0442\u0438\u044f, truffle products, prodoti di tartufo, unique experience in istria, adventure in istria, exploring istria, family tradition, truffle dogs, truffle specialties, motovun, livade, \uc774\uc2a4\ud2b8 \ub9ac\uc544 \uc758 \ub3c5\ud2b9\ud55c \uc774\uc2a4\ud2b8 \ub9ac\uc544 \uc758 \uacbd\ud5d8 , \ubaa8\ud5d8, \uc774\uc2a4\ud2b8 \ub9ac\uc544 , \uac00\uc871\uc758 \uc804\ud1b5 , \uc1a1\ub85c \ubc84\uc12f \uac1c, \uc1a1\ub85c \ubc84\uc12f \uc694\ub9ac","robots":{"index":"index","follow":"follow","max-snippet":"max-snippet:-1","max-image-preview":"max-image-preview:large","max-video-preview":"max-video-preview:-1"},"canonical":"https:\/\/prodantartufi.hr\/de\/tartuf\/","og_locale":"de_DE","og_type":"article","og_title":"TR\u00dcFFEL | PRODAN TARTUFI","og_description":"truffles, truffle hunting, Tr\u00fcffel, lov na tartuf, tartufi, crni tartuf, bijeli tartuf, tartufo, schwarze Tr\u00fcffel, Tr\u00fcffelsuche, istra, istria, istrien, croatia, hrvatska, kroatien, tuber magnatum pico, buzet, white truffle, black truffle, weisse Tr\u00fcffel, cheese with truffles, olive oil with truffles, \u5976\u916a\u677e\u9732, \u677e\u9732, \u677e\u9732\u72e9\u730e, \u4f0a\u65af \u7279\u62c9, \u514b\u7f57\u5730\u4e9a, \u30c8\u30ea\u30e5\u30d5,\u30c8\u30ea\u30e5\u30d5\u72e9\u308a, \u30a4\u30b9\u30c8\u30ea\u30a2, \uc1a1\ub85c \ubc84\uc12f, \uc1a1\ub85c \ubc84\uc12f \uc0ac\ub0e5, \ud06c\ub85c\uc544\ud2f0\uc544, \uc774\uc2a4\ud2b8 \ub9ac\uc544, \u0442\u0440\u044e\u0444\u0435\u043b\u0438 ,\u043e\u0445\u043e\u0442\u0430 \u0442\u0440\u044e\u0444\u0435\u043b\u044f, \u0418\u0441\u0442\u0440\u0438\u044f, \u0425\u043e\u0440\u0432\u0430\u0442\u0438\u044f, truffle products, prodoti di tartufo, unique experience in istria, adventure in istria, exploring istria, family tradition, truffle dogs, truffle specialties, motovun, livade, \uc774\uc2a4\ud2b8 \ub9ac\uc544 \uc758 \ub3c5\ud2b9\ud55c \uc774\uc2a4\ud2b8 \ub9ac\uc544 \uc758 \uacbd\ud5d8 , \ubaa8\ud5d8, \uc774\uc2a4\ud2b8 \ub9ac\uc544 , \uac00\uc871\uc758 \uc804\ud1b5 , \uc1a1\ub85c \ubc84\uc12f \uac1c, \uc1a1\ub85c \ubc84\uc12f \uc694\ub9ac","og_url":"https:\/\/prodantartufi.hr\/de\/tartuf\/","og_site_name":"PRODAN TARTUFI","article_modified_time":"2016-08-08T15:05:41+00:00","og_image":[{"url":"http:\/\/prodantartufi.hr\/wp-content\/uploads\/2015\/10\/bijeli-tartuf-Tuber-Magnatum-Pico-prodan-tartufi.jpg"}],"twitter_card":"summary_large_image","twitter_misc":{"Gesch\u00e4tzte Lesezeit":"8\u00a0Minuten"},"schema":{"@context":"https:\/\/schema.org","@graph":[{"@type":"WebPage","@id":"https:\/\/prodantartufi.hr\/de\/tartuf\/","url":"https:\/\/prodantartufi.hr\/de\/tartuf\/","name":"TR\u00dcFFEL | PRODAN TARTUFI","isPartOf":{"@id":"https:\/\/prodantartufi.hr\/de\/#website"},"datePublished":"2015-10-23T11:19:46+00:00","dateModified":"2016-08-08T15:05:41+00:00","description":"truffles, truffle hunting, Tr\u00fcffel, lov na tartuf, tartufi, crni tartuf, bijeli tartuf, tartufo, schwarze Tr\u00fcffel, Tr\u00fcffelsuche, istra, istria, istrien, croatia, hrvatska, kroatien, tuber magnatum pico, buzet, white truffle, black truffle, weisse Tr\u00fcffel, cheese with truffles, olive oil with truffles, \u5976\u916a\u677e\u9732, \u677e\u9732, \u677e\u9732\u72e9\u730e, \u4f0a\u65af \u7279\u62c9, \u514b\u7f57\u5730\u4e9a, \u30c8\u30ea\u30e5\u30d5,\u30c8\u30ea\u30e5\u30d5\u72e9\u308a, \u30a4\u30b9\u30c8\u30ea\u30a2, \uc1a1\ub85c \ubc84\uc12f, \uc1a1\ub85c \ubc84\uc12f \uc0ac\ub0e5, \ud06c\ub85c\uc544\ud2f0\uc544, \uc774\uc2a4\ud2b8 \ub9ac\uc544, \u0442\u0440\u044e\u0444\u0435\u043b\u0438 ,\u043e\u0445\u043e\u0442\u0430 \u0442\u0440\u044e\u0444\u0435\u043b\u044f, \u0418\u0441\u0442\u0440\u0438\u044f, \u0425\u043e\u0440\u0432\u0430\u0442\u0438\u044f, truffle products, prodoti di tartufo, unique experience in istria, adventure in istria, exploring istria, family tradition, truffle dogs, truffle specialties, motovun, livade, \uc774\uc2a4\ud2b8 \ub9ac\uc544 \uc758 \ub3c5\ud2b9\ud55c \uc774\uc2a4\ud2b8 \ub9ac\uc544 \uc758 \uacbd\ud5d8 , \ubaa8\ud5d8, \uc774\uc2a4\ud2b8 \ub9ac\uc544 , \uac00\uc871\uc758 \uc804\ud1b5 , \uc1a1\ub85c \ubc84\uc12f \uac1c, \uc1a1\ub85c \ubc84\uc12f \uc694\ub9ac","breadcrumb":{"@id":"https:\/\/prodantartufi.hr\/de\/tartuf\/#breadcrumb"},"inLanguage":"de","potentialAction":[{"@type":"ReadAction","target":[["https:\/\/prodantartufi.hr\/de\/tartuf\/"]]}]},{"@type":"BreadcrumbList","@id":"https:\/\/prodantartufi.hr\/de\/tartuf\/#breadcrumb","itemListElement":[{"@type":"ListItem","position":1,"name":"Home","item":"https:\/\/prodantartufi.hr\/de\/"},{"@type":"ListItem","position":2,"name":"TARTUF"}]},{"@type":"WebSite","@id":"https:\/\/prodantartufi.hr\/de\/#website","url":"https:\/\/prodantartufi.hr\/de\/","name":"PRODAN TARTUFI","description":"","publisher":{"@id":"https:\/\/prodantartufi.hr\/de\/#organization"},"potentialAction":[{"@type":"SearchAction","target":{"@type":"EntryPoint","urlTemplate":"https:\/\/prodantartufi.hr\/de\/?s={search_term_string}"},"query-input":"required name=search_term_string"}],"inLanguage":"de"},{"@type":"Organization","@id":"https:\/\/prodantartufi.hr\/de\/#organization","name":"PRODAN TARTUFI |","url":"https:\/\/prodantartufi.hr\/de\/","logo":{"@type":"ImageObject","inLanguage":"de","@id":"https:\/\/prodantartufi.hr\/de\/#\/schema\/logo\/image\/","url":"https:\/\/prodantartufi.hr\/wp-content\/uploads\/2015\/03\/logo_600px-e1434011074366.png","contentUrl":"https:\/\/prodantartufi.hr\/wp-content\/uploads\/2015\/03\/logo_600px-e1434011074366.png","width":118,"height":29,"caption":"PRODAN TARTUFI |"},"image":{"@id":"https:\/\/prodantartufi.hr\/de\/#\/schema\/logo\/image\/"}}]}},"_links":{"self":[{"href":"https:\/\/prodantartufi.hr\/de\/wp-json\/wp\/v2\/pages\/615"}],"collection":[{"href":"https:\/\/prodantartufi.hr\/de\/wp-json\/wp\/v2\/pages"}],"about":[{"href":"https:\/\/prodantartufi.hr\/de\/wp-json\/wp\/v2\/types\/page"}],"author":[{"embeddable":true,"href":"https:\/\/prodantartufi.hr\/de\/wp-json\/wp\/v2\/users\/1"}],"replies":[{"embeddable":true,"href":"https:\/\/prodantartufi.hr\/de\/wp-json\/wp\/v2\/comments?post=615"}],"version-history":[{"count":35,"href":"https:\/\/prodantartufi.hr\/de\/wp-json\/wp\/v2\/pages\/615\/revisions"}],"predecessor-version":[{"id":1350,"href":"https:\/\/prodantartufi.hr\/de\/wp-json\/wp\/v2\/pages\/615\/revisions\/1350"}],"wp:attachment":[{"href":"https:\/\/prodantartufi.hr\/de\/wp-json\/wp\/v2\/media?parent=615"}],"curies":[{"name":"wp","href":"https:\/\/api.w.org\/{rel}","templated":true}]}}