{"id":728,"date":"2015-10-26T13:47:09","date_gmt":"2015-10-26T13:47:09","guid":{"rendered":"http:\/\/prodantartufi.hr\/?page_id=728"},"modified":"2017-04-18T09:07:18","modified_gmt":"2017-04-18T09:07:18","slug":"gastro-kutak","status":"publish","type":"page","link":"https:\/\/prodantartufi.hr\/de\/gastro-kutak\/","title":{"rendered":"GASTRONOMIE"},"content":{"rendered":"<p>Die heutige Gourmetk\u00fcche ist ohne diesen unterirdischen Pilz undenkbar. Die Tr\u00fcffeln gelten als der H\u00f6hepunkt der Gastronomie der Welt und sind eine ausgezeichnete Zutat der verschiedenen Gerichte, vom hausgemachten istrischen Teigwaren und Bo\u0161karin, dem istrischen Rindfleisch, bis zum adriatischen Fisch h\u00f6chster Qualit\u00e4t. Wir glauben, dass f\u00fcr alles Gute viel Zeit notwendig ist. Nehmen Sie sich Zeit und \u00fcberlassen Sie sich dem Abenteuer des Geschmacks, Geruchs und Erlebnisses mit dem istrischen Gold \u2013 der Tr\u00fcffel. Die Zeit investiert in die richtigen Dinge wird immer Ihre Erinnerungen auf die wundersch\u00f6nen Momente wecken.<\/p>\n<hr \/>\n<p><span style=\"font-size: 16pt;\"><strong>Mit hausgemachtem K\u00e4se gef\u00fcllte Ravioli in Tr\u00fcffelso\u00dfe <\/strong><\/span><\/p>\n<p><em>Vorbereitungszeit: 30 min<\/em><\/p>\n<p>Zutaten f\u00fcr 2 Personen:<\/p>\n<ul>\n<li style=\"text-align: left;\">200 g mit hausgemachtem K\u00e4se gef\u00fcllte Ravioli<\/li>\n<li style=\"text-align: left;\"><a href=\"http:\/\/prodantartufi.hr\/tartufata\/\"><strong>90 g Tartufata Prodan Tartufi<\/strong><\/a><\/li>\n<li style=\"text-align: left;\">30 g Butter<\/li>\n<li style=\"text-align: left;\">\u00bd dl K\u00fcchensahne<\/li>\n<li style=\"text-align: left;\">Parmesan<\/li>\n<li style=\"text-align: left;\">Salz<\/li>\n<\/ul>\n<p>Zubereitung: Butter in einer Pfanne bei schwacher Hitze schmelzen und Tartufata hinzuf\u00fcgen. W\u00e4hrend dieser Zeit Ravioli kochen und in die Pfanne eine Prise Salz und zwei Essl\u00f6ffel Wasser hinzuf\u00fcgen, in dem Ravioli zuvor gekocht wurden. 10 Minuten bei schwacher Hitze schmoren lassen und dann in die Pfanne Sahne und ein bisschen Parmesan hinzuf\u00fcgen. Wenn Ravioli gekocht werden, werden sie mit So\u00dfe \u00fcbergossen und Parmesan und frische Tr\u00fcffel werden nach eigenem Wunsch hinzugef\u00fcgt.<\/p>\n<hr \/>\n<p><span style=\"font-size: 16pt;\"><strong>Truffle Beefsteak in Tr\u00fcffel-Steinpilz-So\u00dfe mit Erbsenp\u00fcree <\/strong><\/span><\/p>\n<p><em>Vorbereitungszeit: 30 min<\/em><\/p>\n<p>Zutaten f\u00fcr 2 Personen:<\/p>\n<ul>\n<li style=\"text-align: left;\">2 Steaks, 4 cm dick<\/li>\n<li style=\"text-align: left;\"><a href=\"http:\/\/prodantartufi.hr\/tartufi-i-vrganji1\/\"><strong>90 g Tr\u00fcffeln und Steinpilze Prodan Tartufi<\/strong><\/a><\/li>\n<li style=\"text-align: left;\"><a href=\"http:\/\/prodantartufi.hr\/maslinovo-ulje-s-bijelim-tartufom1\/\"><strong>60 ml Oliven\u00f6l mit wei\u00dfer Tr\u00fcffel Prodan Tartufi<\/strong><\/a><\/li>\n<li style=\"text-align: left;\">1 Tasse Erbsen<\/li>\n<li style=\"text-align: left;\">40 g Butter<\/li>\n<li style=\"text-align: left;\">Worcestershiresauce<\/li>\n<li style=\"text-align: left;\">Salz<\/li>\n<li style=\"text-align: left;\">Pfeffer<\/li>\n<\/ul>\n<p>Zubereitung: Butter (30 g) in einer Pfanne bei schwacher Hitze schmelzen und die Tr\u00fcffel-Steinpilz-So\u00dfe hinzuf\u00fcgen. W\u00e4hrend dieser Zeit Erbsen mit einer Prise Salz kochen lassen. Schnitzel salzen und pfeffern. In einer Grillpfanne Beefsteaks nach eigenem Wunsch braten. F\u00fcr medium gebratenes Beefsteak empfehlen wir, jedes Steak 8 Minuten zu braten, zweimal auf jeder Seite 2 Minuten. Gleich nach dem Braten, das Steak mit ein paar Tropfen Worcestershiresauce und Oliven\u00f6l mit der wei\u00dfen Tr\u00fcffel abschmecken. In gekochte und abgetropfte Erbsen die restliche Butter hinzuf\u00fcgen und zusammen p\u00fcrieren. Beim Servieren das Steak mit der fertigen So\u00dfe \u00fcbergie\u00dfen, nach eigenem Wunsch frische Tr\u00fcffeln reiben und mit dem Erbsenp\u00fcree servieren.<\/p>\n<hr \/>\n<p><span style=\"font-size: 16pt;\"><strong>Gourmet Truffle Burger mit Rote-Bete-Chips<\/strong><\/span><\/p>\n<p><em>Vorbereitungszeit: 50 min<\/em><\/p>\n<p>Zutaten f\u00fcr 2 Personen:<\/p>\n<ul>\n<li style=\"text-align: left;\">2 Burgerbr\u00f6tchen<\/li>\n<li style=\"text-align: left;\">2 Hacksteaks, jedes 140 g schwer<\/li>\n<li style=\"text-align: left;\">2 K\u00f6pfe roter Bete<\/li>\n<li style=\"text-align: left;\"><a href=\"http:\/\/prodantartufi.hr\/bijela-tartufata1\/\"><strong>90 g Wei\u00dfe Tartufata Prodan Tartufi<\/strong><\/a><\/li>\n<li style=\"text-align: left;\"><a href=\"http:\/\/prodantartufi.hr\/tvrdi-sir-s-tartufima\/\"><strong>Halbharter Schaf-Kuh-K\u00e4se mit schwarzen Tr\u00fcffeln Prodan Tartufi<\/strong><\/a><\/li>\n<li style=\"text-align: left;\">Salat<\/li>\n<li style=\"text-align: left;\">Salz<\/li>\n<li style=\"text-align: left;\">Pfeffer<\/li>\n<\/ul>\n<p>Zubereitung: Rote Bete waschen, in d\u00fcnne Scheiben schneiden und auf einem Backpapier ausbreiten. <em>Im vorgeheizten Ofen bei 200<\/em> Grad 40 min backen. Hacksteaks im vorgeheizten Grill 3-4 min auf jeder Seite braten. Br\u00f6tchen halbieren und im Grill erw\u00e4rmen. Wenn die Hacksteaks fast fertig sind, K\u00e4se mit Tr\u00fcffeln hinzuf\u00fcgen und noch ein paar Minuten im Grill lassen, so dass der K\u00e4se schmilzt. Gebackene rote Bete abk\u00fchlen lassen, dann salzen und pfeffern. Br\u00f6tchen mit Salat und Fleisch mit K\u00e4se belegen, dann die Wei\u00dfe Tartufata So\u00dfe hinzuf\u00fcgen. Mit Rote-Bete-Chips servieren.<\/p>\n<hr \/>\n<p><span style=\"font-size: 16pt;\"><strong>Mediterransalat mit Tr\u00fcffel-Kuhk\u00e4se<\/strong><\/span><\/p>\n<p><em>Vorbereitungszeit: 10 min<\/em><\/p>\n<p>Zutaten f\u00fcr 2 Personen:<\/p>\n<ul>\n<li style=\"text-align: left;\">Brunnenkresse-Salat<\/li>\n<li style=\"text-align: left;\"><a href=\"http:\/\/prodantartufi.hr\/maslinovo-ulje-s-crnim-tartufom1\/\"><strong>250 ml Oliven\u00f6l mit schwarzer Tr\u00fcffel Prodan Tartufi<\/strong><\/a><\/li>\n<li style=\"text-align: left;\"><a href=\"http:\/\/prodantartufi.hr\/tvrdi-sir-s-tartufima\/\"><strong>Halbharter Schaf-Kuh-K\u00e4se mit schwarzen Tr\u00fcffeln Prodan Tartufi<\/strong><\/a><\/li>\n<li style=\"text-align: left;\">5 Feigen<\/li>\n<li style=\"text-align: left;\">Salz<\/li>\n<li style=\"text-align: left;\">Pfeffer<\/li>\n<li style=\"text-align: left;\">Rosmarinzweig<\/li>\n<li style=\"text-align: left;\">Oregano<\/li>\n<li style=\"text-align: left;\">Essig<\/li>\n<\/ul>\n<p>Zubereitung: Salat und Feigen waschen. Feigen in Scheiben schneiden und K\u00e4se in d\u00fcnne Scheiben. Salz, Pfeffer, Kr\u00e4uter, Essig und Oliven\u00f6l mit der schwarzen Tr\u00fcffel hinzuf\u00fcgen.<\/p>\n<hr \/>\n<p><span style=\"font-size: 16pt;\"><strong>Mousse aus frischem Zieger mit Marmelade aus Birnen und schwarzer Tr\u00fcffel <\/strong><\/span><\/p>\n<p><em>Vorbereitungszeit: 1 Stunde<\/em><\/p>\n<p>Zutaten f\u00fcr 2 Personen:<\/p>\n<ul>\n<li style=\"text-align: left;\">20 dag frischer Zieger<\/li>\n<li style=\"text-align: left;\">1 dl s\u00fc\u00dfe Sahne<\/li>\n<li style=\"text-align: left;\">1 Vanille<\/li>\n<li style=\"text-align: left;\"><a href=\"http:\/\/prodantartufi.hr\/dzem-s-tartufom\/\"><strong>30 g Marmelade mit Tr\u00fcffeln Prodan Tartufi<\/strong><\/a><\/li>\n<\/ul>\n<p>Zubereitung: In s\u00fc\u00dfe Sahne Vanille hinzuf\u00fcgen und mit dem Mixer 3 min schlagen. Nach und nach Zieger hinzuf\u00fcgen und noch 3 min schlagen. Die Mischung 1 Stunde in den K\u00fchlschrank legen. Mit Tr\u00fcffel-Marmelade servieren.<\/p>\n<hr \/>\n<p><\/p>","protected":false},"excerpt":{"rendered":"<p>Die heutige Gourmetk\u00fcche ist ohne diesen unterirdischen Pilz undenkbar. Die Tr\u00fcffeln gelten als der H\u00f6hepunkt der Gastronomie der Welt und sind eine ausgezeichnete Zutat der verschiedenen Gerichte, vom hausgemachten istrischen Teigwaren und Bo\u0161karin, dem istrischen Rindfleisch, bis zum adriatischen Fisch h\u00f6chster Qualit\u00e4t. Wir glauben, dass f\u00fcr alles Gute viel Zeit notwendig ist. Nehmen Sie sich [&hellip;]<\/p>\n","protected":false},"author":1,"featured_media":0,"parent":0,"menu_order":0,"comment_status":"closed","ping_status":"closed","template":"single_gastro.php","meta":[],"yoast_head":"<!-- This site is optimized with the Yoast SEO plugin v20.0 - https:\/\/yoast.com\/wordpress\/plugins\/seo\/ -->\n<title>GASTRONOMIE | PRODAN TARTUFI<\/title>\n<meta name=\"description\" content=\"truffles, truffle hunting, Tr\u00fcffel, lov na tartuf, tartufi, crni tartuf, bijeli tartuf, tartufo, schwarze Tr\u00fcffel, Tr\u00fcffelsuche, istra, istria, istrien, croatia, hrvatska, kroatien, tuber magnatum pico, buzet, white truffle, black truffle, weisse Tr\u00fcffel, cheese with truffles, olive oil with truffles, \u5976\u916a\u677e\u9732, \u677e\u9732, \u677e\u9732\u72e9\u730e, \u4f0a\u65af \u7279\u62c9, \u514b\u7f57\u5730\u4e9a, \u30c8\u30ea\u30e5\u30d5,\u30c8\u30ea\u30e5\u30d5\u72e9\u308a, \u30a4\u30b9\u30c8\u30ea\u30a2, \uc1a1\ub85c \ubc84\uc12f, \uc1a1\ub85c \ubc84\uc12f \uc0ac\ub0e5, \ud06c\ub85c\uc544\ud2f0\uc544, \uc774\uc2a4\ud2b8 \ub9ac\uc544, \u0442\u0440\u044e\u0444\u0435\u043b\u0438 ,\u043e\u0445\u043e\u0442\u0430 \u0442\u0440\u044e\u0444\u0435\u043b\u044f, \u0418\u0441\u0442\u0440\u0438\u044f, \u0425\u043e\u0440\u0432\u0430\u0442\u0438\u044f, truffle products, prodoti di tartufo, unique experience in istria, adventure in istria, exploring istria, family tradition, truffle dogs, truffle specialties, motovun, livade, \uc774\uc2a4\ud2b8 \ub9ac\uc544 \uc758 \ub3c5\ud2b9\ud55c \uc774\uc2a4\ud2b8 \ub9ac\uc544 \uc758 \uacbd\ud5d8 , \ubaa8\ud5d8, \uc774\uc2a4\ud2b8 \ub9ac\uc544 , \uac00\uc871\uc758 \uc804\ud1b5 , \uc1a1\ub85c \ubc84\uc12f \uac1c, \uc1a1\ub85c \ubc84\uc12f \uc694\ub9ac\" \/>\n<meta name=\"robots\" content=\"index, follow, max-snippet:-1, max-image-preview:large, max-video-preview:-1\" \/>\n<link rel=\"canonical\" href=\"https:\/\/prodantartufi.hr\/de\/gastro-kutak\/\" \/>\n<meta property=\"og:locale\" content=\"de_DE\" \/>\n<meta property=\"og:type\" content=\"article\" \/>\n<meta property=\"og:title\" content=\"GASTRONOMIE | PRODAN TARTUFI\" \/>\n<meta property=\"og:description\" content=\"truffles, truffle hunting, Tr\u00fcffel, lov na tartuf, tartufi, crni tartuf, bijeli tartuf, tartufo, schwarze Tr\u00fcffel, Tr\u00fcffelsuche, istra, istria, istrien, croatia, hrvatska, kroatien, tuber magnatum pico, buzet, white truffle, black truffle, weisse Tr\u00fcffel, cheese with truffles, olive oil with truffles, \u5976\u916a\u677e\u9732, \u677e\u9732, \u677e\u9732\u72e9\u730e, \u4f0a\u65af \u7279\u62c9, \u514b\u7f57\u5730\u4e9a, \u30c8\u30ea\u30e5\u30d5,\u30c8\u30ea\u30e5\u30d5\u72e9\u308a, \u30a4\u30b9\u30c8\u30ea\u30a2, \uc1a1\ub85c \ubc84\uc12f, \uc1a1\ub85c \ubc84\uc12f \uc0ac\ub0e5, \ud06c\ub85c\uc544\ud2f0\uc544, \uc774\uc2a4\ud2b8 \ub9ac\uc544, \u0442\u0440\u044e\u0444\u0435\u043b\u0438 ,\u043e\u0445\u043e\u0442\u0430 \u0442\u0440\u044e\u0444\u0435\u043b\u044f, \u0418\u0441\u0442\u0440\u0438\u044f, \u0425\u043e\u0440\u0432\u0430\u0442\u0438\u044f, truffle products, prodoti di tartufo, unique experience in istria, adventure in istria, exploring istria, family tradition, truffle dogs, truffle specialties, motovun, livade, \uc774\uc2a4\ud2b8 \ub9ac\uc544 \uc758 \ub3c5\ud2b9\ud55c \uc774\uc2a4\ud2b8 \ub9ac\uc544 \uc758 \uacbd\ud5d8 , \ubaa8\ud5d8, \uc774\uc2a4\ud2b8 \ub9ac\uc544 , \uac00\uc871\uc758 \uc804\ud1b5 , \uc1a1\ub85c \ubc84\uc12f \uac1c, \uc1a1\ub85c \ubc84\uc12f \uc694\ub9ac\" \/>\n<meta property=\"og:url\" content=\"https:\/\/prodantartufi.hr\/de\/gastro-kutak\/\" \/>\n<meta property=\"og:site_name\" content=\"PRODAN TARTUFI\" \/>\n<meta property=\"article:modified_time\" content=\"2017-04-18T09:07:18+00:00\" \/>\n<meta name=\"twitter:card\" content=\"summary_large_image\" \/>\n<meta name=\"twitter:label1\" content=\"Gesch\u00e4tzte Lesezeit\" \/>\n\t<meta name=\"twitter:data1\" content=\"11\u00a0Minuten\" \/>\n<script type=\"application\/ld+json\" class=\"yoast-schema-graph\">{\"@context\":\"https:\/\/schema.org\",\"@graph\":[{\"@type\":\"WebPage\",\"@id\":\"https:\/\/prodantartufi.hr\/de\/gastro-kutak\/\",\"url\":\"https:\/\/prodantartufi.hr\/de\/gastro-kutak\/\",\"name\":\"GASTRONOMIE | PRODAN TARTUFI\",\"isPartOf\":{\"@id\":\"https:\/\/prodantartufi.hr\/de\/#website\"},\"datePublished\":\"2015-10-26T13:47:09+00:00\",\"dateModified\":\"2017-04-18T09:07:18+00:00\",\"description\":\"truffles, truffle hunting, Tr\u00fcffel, lov na tartuf, tartufi, crni tartuf, bijeli tartuf, tartufo, schwarze Tr\u00fcffel, Tr\u00fcffelsuche, istra, istria, istrien, croatia, hrvatska, kroatien, tuber magnatum pico, buzet, white truffle, black truffle, weisse Tr\u00fcffel, cheese with truffles, olive oil with truffles, \u5976\u916a\u677e\u9732, \u677e\u9732, \u677e\u9732\u72e9\u730e, \u4f0a\u65af \u7279\u62c9, \u514b\u7f57\u5730\u4e9a, \u30c8\u30ea\u30e5\u30d5,\u30c8\u30ea\u30e5\u30d5\u72e9\u308a, \u30a4\u30b9\u30c8\u30ea\u30a2, \uc1a1\ub85c \ubc84\uc12f, \uc1a1\ub85c \ubc84\uc12f \uc0ac\ub0e5, \ud06c\ub85c\uc544\ud2f0\uc544, \uc774\uc2a4\ud2b8 \ub9ac\uc544, \u0442\u0440\u044e\u0444\u0435\u043b\u0438 ,\u043e\u0445\u043e\u0442\u0430 \u0442\u0440\u044e\u0444\u0435\u043b\u044f, \u0418\u0441\u0442\u0440\u0438\u044f, \u0425\u043e\u0440\u0432\u0430\u0442\u0438\u044f, truffle products, prodoti di tartufo, unique experience in istria, adventure in istria, exploring istria, family tradition, truffle dogs, truffle specialties, motovun, livade, \uc774\uc2a4\ud2b8 \ub9ac\uc544 \uc758 \ub3c5\ud2b9\ud55c \uc774\uc2a4\ud2b8 \ub9ac\uc544 \uc758 \uacbd\ud5d8 , \ubaa8\ud5d8, \uc774\uc2a4\ud2b8 \ub9ac\uc544 , \uac00\uc871\uc758 \uc804\ud1b5 , \uc1a1\ub85c \ubc84\uc12f \uac1c, \uc1a1\ub85c \ubc84\uc12f \uc694\ub9ac\",\"breadcrumb\":{\"@id\":\"https:\/\/prodantartufi.hr\/de\/gastro-kutak\/#breadcrumb\"},\"inLanguage\":\"de\",\"potentialAction\":[{\"@type\":\"ReadAction\",\"target\":[[\"https:\/\/prodantartufi.hr\/de\/gastro-kutak\/\"]]}]},{\"@type\":\"BreadcrumbList\",\"@id\":\"https:\/\/prodantartufi.hr\/de\/gastro-kutak\/#breadcrumb\",\"itemListElement\":[{\"@type\":\"ListItem\",\"position\":1,\"name\":\"Home\",\"item\":\"https:\/\/prodantartufi.hr\/de\/\"},{\"@type\":\"ListItem\",\"position\":2,\"name\":\"GASTRO KUTAK\"}]},{\"@type\":\"WebSite\",\"@id\":\"https:\/\/prodantartufi.hr\/de\/#website\",\"url\":\"https:\/\/prodantartufi.hr\/de\/\",\"name\":\"PRODAN TARTUFI\",\"description\":\"\",\"publisher\":{\"@id\":\"https:\/\/prodantartufi.hr\/de\/#organization\"},\"potentialAction\":[{\"@type\":\"SearchAction\",\"target\":{\"@type\":\"EntryPoint\",\"urlTemplate\":\"https:\/\/prodantartufi.hr\/de\/?s={search_term_string}\"},\"query-input\":\"required name=search_term_string\"}],\"inLanguage\":\"de\"},{\"@type\":\"Organization\",\"@id\":\"https:\/\/prodantartufi.hr\/de\/#organization\",\"name\":\"PRODAN TARTUFI |\",\"url\":\"https:\/\/prodantartufi.hr\/de\/\",\"logo\":{\"@type\":\"ImageObject\",\"inLanguage\":\"de\",\"@id\":\"https:\/\/prodantartufi.hr\/de\/#\/schema\/logo\/image\/\",\"url\":\"https:\/\/prodantartufi.hr\/wp-content\/uploads\/2015\/03\/logo_600px-e1434011074366.png\",\"contentUrl\":\"https:\/\/prodantartufi.hr\/wp-content\/uploads\/2015\/03\/logo_600px-e1434011074366.png\",\"width\":118,\"height\":29,\"caption\":\"PRODAN TARTUFI |\"},\"image\":{\"@id\":\"https:\/\/prodantartufi.hr\/de\/#\/schema\/logo\/image\/\"}}]}<\/script>\n<!-- \/ Yoast SEO plugin. -->","yoast_head_json":{"title":"GASTRONOMIE | PRODAN TARTUFI","description":"truffles, truffle hunting, Tr\u00fcffel, lov na tartuf, tartufi, crni tartuf, bijeli tartuf, tartufo, schwarze Tr\u00fcffel, Tr\u00fcffelsuche, istra, istria, istrien, croatia, hrvatska, kroatien, tuber magnatum pico, buzet, white truffle, black truffle, weisse Tr\u00fcffel, cheese with truffles, olive oil with truffles, \u5976\u916a\u677e\u9732, \u677e\u9732, \u677e\u9732\u72e9\u730e, \u4f0a\u65af \u7279\u62c9, \u514b\u7f57\u5730\u4e9a, \u30c8\u30ea\u30e5\u30d5,\u30c8\u30ea\u30e5\u30d5\u72e9\u308a, \u30a4\u30b9\u30c8\u30ea\u30a2, \uc1a1\ub85c \ubc84\uc12f, \uc1a1\ub85c \ubc84\uc12f \uc0ac\ub0e5, \ud06c\ub85c\uc544\ud2f0\uc544, \uc774\uc2a4\ud2b8 \ub9ac\uc544, \u0442\u0440\u044e\u0444\u0435\u043b\u0438 ,\u043e\u0445\u043e\u0442\u0430 \u0442\u0440\u044e\u0444\u0435\u043b\u044f, \u0418\u0441\u0442\u0440\u0438\u044f, \u0425\u043e\u0440\u0432\u0430\u0442\u0438\u044f, truffle products, prodoti di tartufo, unique experience in istria, adventure in istria, exploring istria, family tradition, truffle dogs, truffle specialties, motovun, livade, \uc774\uc2a4\ud2b8 \ub9ac\uc544 \uc758 \ub3c5\ud2b9\ud55c \uc774\uc2a4\ud2b8 \ub9ac\uc544 \uc758 \uacbd\ud5d8 , \ubaa8\ud5d8, \uc774\uc2a4\ud2b8 \ub9ac\uc544 , \uac00\uc871\uc758 \uc804\ud1b5 , \uc1a1\ub85c \ubc84\uc12f \uac1c, \uc1a1\ub85c \ubc84\uc12f \uc694\ub9ac","robots":{"index":"index","follow":"follow","max-snippet":"max-snippet:-1","max-image-preview":"max-image-preview:large","max-video-preview":"max-video-preview:-1"},"canonical":"https:\/\/prodantartufi.hr\/de\/gastro-kutak\/","og_locale":"de_DE","og_type":"article","og_title":"GASTRONOMIE | PRODAN TARTUFI","og_description":"truffles, truffle hunting, Tr\u00fcffel, lov na tartuf, tartufi, crni tartuf, bijeli tartuf, tartufo, schwarze Tr\u00fcffel, Tr\u00fcffelsuche, istra, istria, istrien, croatia, hrvatska, kroatien, tuber magnatum pico, buzet, white truffle, black truffle, weisse Tr\u00fcffel, cheese with truffles, olive oil with truffles, \u5976\u916a\u677e\u9732, \u677e\u9732, \u677e\u9732\u72e9\u730e, \u4f0a\u65af \u7279\u62c9, \u514b\u7f57\u5730\u4e9a, \u30c8\u30ea\u30e5\u30d5,\u30c8\u30ea\u30e5\u30d5\u72e9\u308a, \u30a4\u30b9\u30c8\u30ea\u30a2, \uc1a1\ub85c \ubc84\uc12f, \uc1a1\ub85c \ubc84\uc12f \uc0ac\ub0e5, \ud06c\ub85c\uc544\ud2f0\uc544, \uc774\uc2a4\ud2b8 \ub9ac\uc544, \u0442\u0440\u044e\u0444\u0435\u043b\u0438 ,\u043e\u0445\u043e\u0442\u0430 \u0442\u0440\u044e\u0444\u0435\u043b\u044f, \u0418\u0441\u0442\u0440\u0438\u044f, \u0425\u043e\u0440\u0432\u0430\u0442\u0438\u044f, truffle products, prodoti di tartufo, unique experience in istria, adventure in istria, exploring istria, family tradition, truffle dogs, truffle specialties, motovun, livade, \uc774\uc2a4\ud2b8 \ub9ac\uc544 \uc758 \ub3c5\ud2b9\ud55c \uc774\uc2a4\ud2b8 \ub9ac\uc544 \uc758 \uacbd\ud5d8 , \ubaa8\ud5d8, \uc774\uc2a4\ud2b8 \ub9ac\uc544 , \uac00\uc871\uc758 \uc804\ud1b5 , \uc1a1\ub85c \ubc84\uc12f \uac1c, \uc1a1\ub85c \ubc84\uc12f \uc694\ub9ac","og_url":"https:\/\/prodantartufi.hr\/de\/gastro-kutak\/","og_site_name":"PRODAN TARTUFI","article_modified_time":"2017-04-18T09:07:18+00:00","twitter_card":"summary_large_image","twitter_misc":{"Gesch\u00e4tzte Lesezeit":"11\u00a0Minuten"},"schema":{"@context":"https:\/\/schema.org","@graph":[{"@type":"WebPage","@id":"https:\/\/prodantartufi.hr\/de\/gastro-kutak\/","url":"https:\/\/prodantartufi.hr\/de\/gastro-kutak\/","name":"GASTRONOMIE | PRODAN TARTUFI","isPartOf":{"@id":"https:\/\/prodantartufi.hr\/de\/#website"},"datePublished":"2015-10-26T13:47:09+00:00","dateModified":"2017-04-18T09:07:18+00:00","description":"truffles, truffle hunting, Tr\u00fcffel, lov na tartuf, tartufi, crni tartuf, bijeli tartuf, tartufo, schwarze Tr\u00fcffel, Tr\u00fcffelsuche, istra, istria, istrien, croatia, hrvatska, kroatien, tuber magnatum pico, buzet, white truffle, black truffle, weisse Tr\u00fcffel, cheese with truffles, olive oil with truffles, \u5976\u916a\u677e\u9732, \u677e\u9732, \u677e\u9732\u72e9\u730e, \u4f0a\u65af \u7279\u62c9, \u514b\u7f57\u5730\u4e9a, \u30c8\u30ea\u30e5\u30d5,\u30c8\u30ea\u30e5\u30d5\u72e9\u308a, \u30a4\u30b9\u30c8\u30ea\u30a2, \uc1a1\ub85c \ubc84\uc12f, \uc1a1\ub85c \ubc84\uc12f \uc0ac\ub0e5, \ud06c\ub85c\uc544\ud2f0\uc544, \uc774\uc2a4\ud2b8 \ub9ac\uc544, \u0442\u0440\u044e\u0444\u0435\u043b\u0438 ,\u043e\u0445\u043e\u0442\u0430 \u0442\u0440\u044e\u0444\u0435\u043b\u044f, \u0418\u0441\u0442\u0440\u0438\u044f, \u0425\u043e\u0440\u0432\u0430\u0442\u0438\u044f, truffle products, prodoti di tartufo, unique experience in istria, adventure in istria, exploring istria, family tradition, truffle dogs, truffle specialties, motovun, livade, \uc774\uc2a4\ud2b8 \ub9ac\uc544 \uc758 \ub3c5\ud2b9\ud55c \uc774\uc2a4\ud2b8 \ub9ac\uc544 \uc758 \uacbd\ud5d8 , \ubaa8\ud5d8, \uc774\uc2a4\ud2b8 \ub9ac\uc544 , \uac00\uc871\uc758 \uc804\ud1b5 , \uc1a1\ub85c \ubc84\uc12f \uac1c, \uc1a1\ub85c \ubc84\uc12f \uc694\ub9ac","breadcrumb":{"@id":"https:\/\/prodantartufi.hr\/de\/gastro-kutak\/#breadcrumb"},"inLanguage":"de","potentialAction":[{"@type":"ReadAction","target":[["https:\/\/prodantartufi.hr\/de\/gastro-kutak\/"]]}]},{"@type":"BreadcrumbList","@id":"https:\/\/prodantartufi.hr\/de\/gastro-kutak\/#breadcrumb","itemListElement":[{"@type":"ListItem","position":1,"name":"Home","item":"https:\/\/prodantartufi.hr\/de\/"},{"@type":"ListItem","position":2,"name":"GASTRO KUTAK"}]},{"@type":"WebSite","@id":"https:\/\/prodantartufi.hr\/de\/#website","url":"https:\/\/prodantartufi.hr\/de\/","name":"PRODAN TARTUFI","description":"","publisher":{"@id":"https:\/\/prodantartufi.hr\/de\/#organization"},"potentialAction":[{"@type":"SearchAction","target":{"@type":"EntryPoint","urlTemplate":"https:\/\/prodantartufi.hr\/de\/?s={search_term_string}"},"query-input":"required name=search_term_string"}],"inLanguage":"de"},{"@type":"Organization","@id":"https:\/\/prodantartufi.hr\/de\/#organization","name":"PRODAN TARTUFI |","url":"https:\/\/prodantartufi.hr\/de\/","logo":{"@type":"ImageObject","inLanguage":"de","@id":"https:\/\/prodantartufi.hr\/de\/#\/schema\/logo\/image\/","url":"https:\/\/prodantartufi.hr\/wp-content\/uploads\/2015\/03\/logo_600px-e1434011074366.png","contentUrl":"https:\/\/prodantartufi.hr\/wp-content\/uploads\/2015\/03\/logo_600px-e1434011074366.png","width":118,"height":29,"caption":"PRODAN TARTUFI |"},"image":{"@id":"https:\/\/prodantartufi.hr\/de\/#\/schema\/logo\/image\/"}}]}},"_links":{"self":[{"href":"https:\/\/prodantartufi.hr\/de\/wp-json\/wp\/v2\/pages\/728"}],"collection":[{"href":"https:\/\/prodantartufi.hr\/de\/wp-json\/wp\/v2\/pages"}],"about":[{"href":"https:\/\/prodantartufi.hr\/de\/wp-json\/wp\/v2\/types\/page"}],"author":[{"embeddable":true,"href":"https:\/\/prodantartufi.hr\/de\/wp-json\/wp\/v2\/users\/1"}],"replies":[{"embeddable":true,"href":"https:\/\/prodantartufi.hr\/de\/wp-json\/wp\/v2\/comments?post=728"}],"version-history":[{"count":16,"href":"https:\/\/prodantartufi.hr\/de\/wp-json\/wp\/v2\/pages\/728\/revisions"}],"predecessor-version":[{"id":1460,"href":"https:\/\/prodantartufi.hr\/de\/wp-json\/wp\/v2\/pages\/728\/revisions\/1460"}],"wp:attachment":[{"href":"https:\/\/prodantartufi.hr\/de\/wp-json\/wp\/v2\/media?parent=728"}],"curies":[{"name":"wp","href":"https:\/\/api.w.org\/{rel}","templated":true}]}}