{"id":732,"date":"2015-10-26T14:06:48","date_gmt":"2015-10-26T14:06:48","guid":{"rendered":"http:\/\/prodantartufi.hr\/?page_id=732"},"modified":"2021-10-09T11:00:50","modified_gmt":"2021-10-09T11:00:50","slug":"kontakt1","status":"publish","type":"page","link":"https:\/\/prodantartufi.hr\/de\/kontakt1\/","title":{"rendered":"KONTAKT"},"content":{"rendered":"<p><\/p>\n<div id=\"kontakt\">\n<table align=\"center\">\n<tbody>\n<tr>\n<td style=\"width: 426px; text-align: left;\"><strong>Name und Firmensitz:<br \/>\n<\/strong>PRODAN TARTUFI<br \/>\nGewerbe f\u00fcr die Sammlung der Pilze und Handel<br \/>\nEigent\u00fcmer: Vanda Prodan<br \/>\nSv. Ivan, Pra\u0161\u010dari 43<br \/>\n52420 BUZET<br \/>\nIstrien, KROATIEN<\/p>\n<hr align=\"left\" width=\"60%\" \/>\n<p><strong>Kontakt:<br \/>\n<\/strong>Vi\u0161nja: +385(0)91 551 2796\u00a0<img decoding=\"async\" loading=\"lazy\" class=\"alignnone size-full wp-image-551\" src=\"http:\/\/prodantartufi.hr\/wp-content\/uploads\/2015\/06\/hr.jpg\" alt=\"hr\" width=\"16\" height=\"10\" \/>\u00a0<img decoding=\"async\" loading=\"lazy\" class=\"alignnone size-full wp-image-550\" src=\"http:\/\/prodantartufi.hr\/wp-content\/uploads\/2015\/06\/uk.jpg\" alt=\"uk\" width=\"16\" height=\"10\" \/>\u00a0<img decoding=\"async\" loading=\"lazy\" class=\"alignnone size-full wp-image-549\" src=\"http:\/\/prodantartufi.hr\/wp-content\/uploads\/2015\/06\/it.jpg\" alt=\"it\" width=\"16\" height=\"10\" \/>\u00a0<img decoding=\"async\" loading=\"lazy\" class=\"alignnone size-full wp-image-552\" src=\"http:\/\/prodantartufi.hr\/wp-content\/uploads\/2015\/06\/fr.jpg\" alt=\"fr\" width=\"16\" height=\"10\" \/><br \/>\nIgor:\u00a0+385(0)99 307 3618\u00a0<img decoding=\"async\" loading=\"lazy\" class=\"alignnone size-full wp-image-551\" src=\"http:\/\/prodantartufi.hr\/wp-content\/uploads\/2015\/06\/hr.jpg\" alt=\"hr\" width=\"16\" height=\"10\" \/>\u00a0<img decoding=\"async\" loading=\"lazy\" class=\"alignnone size-full wp-image-550\" src=\"http:\/\/prodantartufi.hr\/wp-content\/uploads\/2015\/06\/uk.jpg\" alt=\"uk\" width=\"16\" height=\"10\" \/>\u00a0<img decoding=\"async\" loading=\"lazy\" class=\"alignnone size-full wp-image-549\" src=\"http:\/\/prodantartufi.hr\/wp-content\/uploads\/2015\/06\/it.jpg\" alt=\"it\" width=\"16\" height=\"10\" \/><br \/>\nMirko:\u00a0+385(0)91 585 3555\u00a0<strong><img decoding=\"async\" loading=\"lazy\" class=\"CToWUd\" src=\"https:\/\/ci5.googleusercontent.com\/proxy\/vAy2tJkjzPwnawMy5sApJeH6VnZmZ-AUfSZ7mrYAVMaTk1vjL_udUNPAvQ_RJXztC7V3fc1bX4cQmVAjjWdhA_kB7vW8m9Exbs9Uwk8=s0-d-e1-ft#https:\/\/prodantartufi.hr\/wp-content\/uploads\/2015\/06\/hr.jpg\" alt=\"hr\" width=\"16\" height=\"10\" \/><\/strong><strong>\u00a0<img decoding=\"async\" loading=\"lazy\" class=\"CToWUd\" src=\"https:\/\/ci5.googleusercontent.com\/proxy\/32W5CChuRCGkHXozmEINPz7FDai0G6h7MAiwtqFVuTfoFvIO1B_Bh86jDqQe7mP9WFCeHDE8s1_JZjPgC5S2PuAZlIYyoHjj5MphSiQ=s0-d-e1-ft#https:\/\/prodantartufi.hr\/wp-content\/uploads\/2015\/06\/uk.jpg\" alt=\"uk\" width=\"16\" height=\"10\" \/>\u00a0<img decoding=\"async\" loading=\"lazy\" class=\"CToWUd\" src=\"https:\/\/ci4.googleusercontent.com\/proxy\/nI_hW1pqWJPyUG3NDTBOQp8-HTKvIM4SfDdV65BiX6ZCL3fbjwmcTA6smfb8EPv9djxmqFh_5BO7BdKDUbELfMTTvbjdriHdPkCI74o=s0-d-e1-ft#https:\/\/prodantartufi.hr\/wp-content\/uploads\/2015\/06\/it.jpg\" alt=\"it\" width=\"16\" height=\"10\" \/>\u00a0<\/strong><\/p>\n<p>e-mail: <a href=\"mailto:info@prodantartufi.hr\">info@prodantartufi.hr<\/a><\/td>\n<td style=\"width: 426px; text-align: center; vertical-align: middle;\" colspan=\"2\"><iframe loading=\"lazy\" style=\"border: 0;\" src=\"https:\/\/www.google.com\/maps\/embed?pb=!1m18!1m12!1m3!1d31048.731362315953!2d13.972149371400565!3d45.40533179230136!2m3!1f0!2f0!3f0!3m2!1i1024!2i768!4f13.1!3m3!1m2!1s0x477b571e1289c62d%3A0xbd9ed60381b54f44!2sPRODAN+TARTUFI!5e1!3m2!1shr!2shr!4v1445238161766\" width=\"430\" height=\"390\" frameborder=\"0\" allowfullscreen=\"allowfullscreen\"><\/iframe><\/td>\n<td style=\"width: 380px; text-align: center;\"><div class=\"wpcf7 no-js\" id=\"wpcf7-f1380-o3\" lang=\"en-US\" dir=\"ltr\">\n<div class=\"screen-reader-response\"><p role=\"status\" aria-live=\"polite\" aria-atomic=\"true\"><\/p> <ul><\/ul><\/div>\n<form action=\"\/de\/wp-json\/wp\/v2\/pages\/732#wpcf7-f1380-o3\" method=\"post\" class=\"wpcf7-form init\" aria-label=\"Contact form\" novalidate=\"novalidate\" data-status=\"init\">\n<div style=\"display: none;\">\n<input type=\"hidden\" name=\"_wpcf7\" value=\"1380\" \/>\n<input type=\"hidden\" name=\"_wpcf7_version\" value=\"5.7.2\" \/>\n<input type=\"hidden\" name=\"_wpcf7_locale\" value=\"en_US\" \/>\n<input type=\"hidden\" name=\"_wpcf7_unit_tag\" value=\"wpcf7-f1380-o3\" \/>\n<input type=\"hidden\" name=\"_wpcf7_container_post\" value=\"0\" \/>\n<input type=\"hidden\" name=\"_wpcf7_posted_data_hash\" value=\"\" \/>\n<input type=\"hidden\" name=\"_wpcf7_recaptcha_response\" value=\"\" \/>\n<\/div>\n<div id=\"float\">\n\t<p>Name (*)\n\t<\/p>\n\t<p><span class=\"wpcf7-form-control-wrap\" data-name=\"your-name\"><input size=\"40\" class=\"wpcf7-form-control wpcf7-text wpcf7-validates-as-required\" aria-required=\"true\" aria-invalid=\"false\" value=\"\" type=\"text\" name=\"your-name\" \/><\/span>\n\t<\/p>\n\t<p>E-mail (*)\n\t<\/p>\n\t<p><span class=\"wpcf7-form-control-wrap\" data-name=\"your-email\"><input size=\"40\" class=\"wpcf7-form-control wpcf7-text wpcf7-email wpcf7-validates-as-required wpcf7-validates-as-email\" aria-required=\"true\" aria-invalid=\"false\" value=\"\" type=\"email\" name=\"your-email\" \/><\/span>\n\t<\/p>\n\t<p>Nachricht\n\t<\/p>\n\t<p><span class=\"wpcf7-form-control-wrap\" data-name=\"your-message\"><textarea cols=\"40\" rows=\"10\" class=\"wpcf7-form-control wpcf7-textarea\" aria-invalid=\"false\" name=\"your-message\"><\/textarea><\/span>\n\t<\/p>\n\t<p><span class=\"wpcf7-form-control-wrap wpgdprc\"><span class=\"wpcf7-form-control wpcf7-validates-as-required wpcf7-wpgdprc\"><span class=\"wpcf7-list-item\"><input type=\"checkbox\" name=\"wpgdprc\" value=\"1\" aria-required=\"true\" aria-invalid=\"false\" \/><span class=\"wpcf7-list-item-label\">ICH HABE DIE WEBSITE-DATENSCHUTZRICHTLINIE LESEN UND EINVERSTANDEN<\/span><\/span><\/span>    <\/span>\n\t<\/p>\n\t<p><input class=\"wpcf7-form-control has-spinner wpcf7-submit\" type=\"submit\" value=\"Senden\" \/>\n\t<\/p>\n<\/div><input type='hidden' class='wpcf7-pum' value='{\"closepopup\":false,\"closedelay\":0,\"openpopup\":false,\"openpopup_id\":0}' \/><div class=\"wpcf7-response-output\" aria-hidden=\"true\"><\/div><\/form><\/div><\/td>\n<\/tr>\n<tr>\n<td style=\"text-align: center;\" colspan=\"4\">\n<hr \/>\n<h2><strong>Folgen Sie uns in den sozialen Netzwerken:<\/strong><\/h2>\n<table align=\"center\">\n<tbody>\n<tr>\n<td><a href=\"https:\/\/twitter.com\/prodantartufi\"><img decoding=\"async\" loading=\"lazy\" class=\"aligncenter size-full wp-image-75\" src=\"http:\/\/prodantartufi.hr\/wp-content\/uploads\/2015\/06\/twitter.png\" alt=\"prodan tartufi twitter\" width=\"50\" height=\"50\" \/><\/a><\/td>\n<td><a href=\"https:\/\/foursquare.com\/prodantartufi\"><img decoding=\"async\" loading=\"lazy\" class=\"aligncenter size-full wp-image-70\" src=\"http:\/\/prodantartufi.hr\/wp-content\/uploads\/2015\/06\/foursquare.png\" alt=\"prodan tartufi foursquare\" width=\"50\" height=\"50\" \/><\/a><\/td>\n<td><a href=\"https:\/\/www.youtube.com\/channel\/UC6ImNNqgVSIUhi80vicF6Fg\"><img decoding=\"async\" loading=\"lazy\" class=\"aligncenter size-full wp-image-1340\" src=\"http:\/\/prodantartufi.hr\/wp-content\/uploads\/2015\/10\/yt.png\" alt=\"yt\" width=\"50\" height=\"50\" \/><\/a><\/td>\n<td><a href=\"https:\/\/www.pinterest.com\/prodantartufi\/\"><img decoding=\"async\" loading=\"lazy\" class=\"aligncenter size-full wp-image-1341\" src=\"http:\/\/prodantartufi.hr\/wp-content\/uploads\/2015\/10\/Pinterest-Logo-50x50.png\" alt=\"Pinterest-Logo-50x50\" width=\"50\" height=\"50\" \/><\/a><\/td>\n<\/tr>\n<\/tbody>\n<\/table>\n<h2><\/h2>\n<hr \/>\n<\/td>\n<\/tr>\n<\/tbody>\n<\/table>\n<table cellpadding=\"10px\" align=\"center\">\n<tbody>\n<tr>\n<td style=\"width: 200px; vertical-align: top; text-align: center;\">\u00a0<strong><a href=\"https:\/\/www.facebook.com\/prodantartufi\/\">FACEBOOK<\/a><\/strong><\/td>\n<td style=\"width: 200px; vertical-align: top; text-align: center;\"><a href=\"https:\/\/www.instagram.com\/prodantartufi\/\"><strong>INSTAGRAM<\/strong><\/a><\/td>\n<td style=\"width: 200px; vertical-align: top; text-align: center;\">\u00a0<strong><a href=\"https:\/\/www.tripadvisor.com\/Attraction_Review-g608704-d10370409-Reviews-Prodan_Tartufi-Buzet_Istria.html\">TRIP ADVISOR<\/a><\/strong><\/td>\n<td style=\"width: 200px; text-align: left; vertical-align: top;\"><\/td>\n<td style=\"width: 200px; text-align: left; vertical-align: top;\"><\/td>\n<\/tr>\n<tr>\n<td style=\"width: 200px; vertical-align: top;\">\n<div class=\"fb-page\" data-href=\"https:\/\/www.facebook.com\/prodantartufi\" data-width=\"200\" data-height=\"500\" data-small-header=\"true\" data-adapt-container-width=\"true\" data-hide-cover=\"false\" data-show-facepile=\"true\" data-show-posts=\"true\">\n<div class=\"fb-xfbml-parse-ignore\">\n<blockquote cite=\"https:\/\/www.facebook.com\/prodantartufi\"><p><a href=\"https:\/\/www.facebook.com\/prodantartufi\">Prodan Tartufi<\/a><\/p><\/blockquote>\n<\/div>\n<\/div>\n<\/td>\n<td style=\"width: 200px; vertical-align: top;\">\r\n<div id=\"sb_instagram\"  class=\"sbi sbi_mob_col_1 sbi_tab_col_2 sbi_col_2 sbi_width_resp\" style=\"padding-bottom: 10px;width: 100%;\" data-feedid=\"sbi_#6\"  data-res=\"auto\" data-cols=\"2\" data-colsmobile=\"1\" data-colstablet=\"2\" data-num=\"6\" data-nummobile=\"\" data-shortcode-atts=\"{&quot;id&quot;:&quot;2252467533&quot;}\"  data-postid=\"732\" data-locatornonce=\"6df2e7204d\" data-sbi-flags=\"favorLocal\">\r\n\t\r\n    <div id=\"sbi_images\"  style=\"padding: 5px;\">\r\n\t\t    <\/div>\r\n\r\n\t<div id=\"sbi_load\" >\r\n\r\n\t\r\n\t\r\n<\/div>\r\n\r\n\t    <span class=\"sbi_resized_image_data\" data-feed-id=\"sbi_#6\" data-resized=\"[]\">\n\t<\/span>\n\t<\/div>\r\n\r\n<\/td>\n<td style=\"width: 200px; vertical-align: top;\">\n<div id=\"TA_selfserveprop804\" class=\"TA_selfserveprop\">\n<ul id=\"PRVcztupqW5\" class=\"TA_links nddbtW\">\n<li id=\"YmTJIZTt\" class=\"vvYPZn5VtP\"><a href=\"https:\/\/www.tripadvisor.com\/\" target=\"_blank\" rel=\"noopener noreferrer\"><img decoding=\"async\" src=\"https:\/\/www.tripadvisor.com\/img\/cdsi\/img2\/branding\/150_logo-11900-2.png\" alt=\"TripAdvisor\" \/><\/a><\/li>\n<\/ul>\n<\/div>\n<p><script src=\"https:\/\/www.jscache.com\/wejs?wtype=selfserveprop&amp;uniq=804&amp;locationId=10370409&amp;lang=en_US&amp;rating=true&amp;nreviews=5&amp;writereviewlink=true&amp;popIdx=false&amp;iswide=false&amp;border=true&amp;display_version=2\"><\/script><\/td>\n<td style=\"width: 200px; vertical-align: top;\"><\/td>\n<td style=\"width: 200px; vertical-align: top;\"><\/td>\n<\/tr>\n<\/tbody>\n<\/table>\n<\/div>\n<p><\/p>","protected":false},"excerpt":{"rendered":"<p>Name und Firmensitz: PRODAN TARTUFI Gewerbe f\u00fcr die Sammlung der Pilze und Handel Eigent\u00fcmer: Vanda Prodan Sv. Ivan, Pra\u0161\u010dari 43 52420 BUZET Istrien, KROATIEN Kontakt: Vi\u0161nja: +385(0)91 551 2796\u00a0\u00a0\u00a0\u00a0 Igor:\u00a0+385(0)99 307 3618\u00a0\u00a0\u00a0 Mirko:\u00a0+385(0)91 585 3555\u00a0\u00a0\u00a0\u00a0 e-mail: info@prodantartufi.hr Folgen Sie uns in den sozialen Netzwerken: \u00a0FACEBOOK INSTAGRAM \u00a0TRIP ADVISOR Prodan Tartufi<\/p>\n","protected":false},"author":1,"featured_media":0,"parent":0,"menu_order":0,"comment_status":"closed","ping_status":"closed","template":"page_ostalo.php","meta":[],"yoast_head":"<!-- This site is optimized with the Yoast SEO plugin v20.0 - https:\/\/yoast.com\/wordpress\/plugins\/seo\/ -->\n<title>KONTAKT | PRODAN TARTUFI<\/title>\n<meta name=\"description\" content=\"truffles, truffle hunting, Tr\u00fcffel, lov na tartuf, tartufi, crni tartuf, bijeli tartuf, tartufo, schwarze Tr\u00fcffel, Tr\u00fcffelsuche, istra, istria, istrien, croatia, hrvatska, kroatien, tuber magnatum pico, buzet, white truffle, black truffle, weisse Tr\u00fcffel, cheese with truffles, olive oil with truffles, \u5976\u916a\u677e\u9732, \u677e\u9732, \u677e\u9732\u72e9\u730e, \u4f0a\u65af \u7279\u62c9, \u514b\u7f57\u5730\u4e9a, \u30c8\u30ea\u30e5\u30d5,\u30c8\u30ea\u30e5\u30d5\u72e9\u308a, \u30a4\u30b9\u30c8\u30ea\u30a2, \uc1a1\ub85c \ubc84\uc12f, \uc1a1\ub85c \ubc84\uc12f \uc0ac\ub0e5, \ud06c\ub85c\uc544\ud2f0\uc544, \uc774\uc2a4\ud2b8 \ub9ac\uc544, \u0442\u0440\u044e\u0444\u0435\u043b\u0438 ,\u043e\u0445\u043e\u0442\u0430 \u0442\u0440\u044e\u0444\u0435\u043b\u044f, \u0418\u0441\u0442\u0440\u0438\u044f, \u0425\u043e\u0440\u0432\u0430\u0442\u0438\u044f, truffle products, prodoti di tartufo, unique experience in istria, adventure in istria, exploring istria, family tradition, truffle dogs, truffle specialties, motovun, livade, \uc774\uc2a4\ud2b8 \ub9ac\uc544 \uc758 \ub3c5\ud2b9\ud55c \uc774\uc2a4\ud2b8 \ub9ac\uc544 \uc758 \uacbd\ud5d8 , \ubaa8\ud5d8, \uc774\uc2a4\ud2b8 \ub9ac\uc544 , \uac00\uc871\uc758 \uc804\ud1b5 , \uc1a1\ub85c \ubc84\uc12f \uac1c, \uc1a1\ub85c \ubc84\uc12f \uc694\ub9ac\" \/>\n<meta name=\"robots\" content=\"index, follow, max-snippet:-1, max-image-preview:large, max-video-preview:-1\" \/>\n<link rel=\"canonical\" href=\"https:\/\/prodantartufi.hr\/de\/kontakt1\/\" \/>\n<meta property=\"og:locale\" content=\"de_DE\" \/>\n<meta property=\"og:type\" content=\"article\" \/>\n<meta property=\"og:title\" content=\"KONTAKT | PRODAN TARTUFI\" \/>\n<meta property=\"og:description\" content=\"truffles, truffle hunting, Tr\u00fcffel, lov na tartuf, tartufi, crni tartuf, bijeli tartuf, tartufo, schwarze Tr\u00fcffel, Tr\u00fcffelsuche, istra, istria, istrien, croatia, hrvatska, kroatien, tuber magnatum pico, buzet, white truffle, black truffle, weisse Tr\u00fcffel, cheese with truffles, olive oil with truffles, \u5976\u916a\u677e\u9732, \u677e\u9732, \u677e\u9732\u72e9\u730e, \u4f0a\u65af \u7279\u62c9, \u514b\u7f57\u5730\u4e9a, \u30c8\u30ea\u30e5\u30d5,\u30c8\u30ea\u30e5\u30d5\u72e9\u308a, \u30a4\u30b9\u30c8\u30ea\u30a2, \uc1a1\ub85c \ubc84\uc12f, \uc1a1\ub85c \ubc84\uc12f \uc0ac\ub0e5, \ud06c\ub85c\uc544\ud2f0\uc544, \uc774\uc2a4\ud2b8 \ub9ac\uc544, \u0442\u0440\u044e\u0444\u0435\u043b\u0438 ,\u043e\u0445\u043e\u0442\u0430 \u0442\u0440\u044e\u0444\u0435\u043b\u044f, \u0418\u0441\u0442\u0440\u0438\u044f, \u0425\u043e\u0440\u0432\u0430\u0442\u0438\u044f, truffle products, prodoti di tartufo, unique experience in istria, adventure in istria, exploring istria, family tradition, truffle dogs, truffle specialties, motovun, livade, \uc774\uc2a4\ud2b8 \ub9ac\uc544 \uc758 \ub3c5\ud2b9\ud55c \uc774\uc2a4\ud2b8 \ub9ac\uc544 \uc758 \uacbd\ud5d8 , \ubaa8\ud5d8, \uc774\uc2a4\ud2b8 \ub9ac\uc544 , \uac00\uc871\uc758 \uc804\ud1b5 , \uc1a1\ub85c \ubc84\uc12f \uac1c, \uc1a1\ub85c \ubc84\uc12f \uc694\ub9ac\" \/>\n<meta property=\"og:url\" content=\"https:\/\/prodantartufi.hr\/de\/kontakt1\/\" \/>\n<meta property=\"og:site_name\" content=\"PRODAN TARTUFI\" \/>\n<meta property=\"article:modified_time\" content=\"2021-10-09T11:00:50+00:00\" \/>\n<meta property=\"og:image\" content=\"http:\/\/prodantartufi.hr\/wp-content\/uploads\/2015\/06\/hr.jpg\" \/>\n<meta name=\"twitter:card\" content=\"summary_large_image\" \/>\n<meta name=\"twitter:label1\" content=\"Gesch\u00e4tzte Lesezeit\" \/>\n\t<meta name=\"twitter:data1\" content=\"1\u00a0Minute\" \/>\n<script type=\"application\/ld+json\" class=\"yoast-schema-graph\">{\"@context\":\"https:\/\/schema.org\",\"@graph\":[{\"@type\":\"WebPage\",\"@id\":\"https:\/\/prodantartufi.hr\/de\/kontakt1\/\",\"url\":\"https:\/\/prodantartufi.hr\/de\/kontakt1\/\",\"name\":\"KONTAKT | PRODAN TARTUFI\",\"isPartOf\":{\"@id\":\"https:\/\/prodantartufi.hr\/de\/#website\"},\"datePublished\":\"2015-10-26T14:06:48+00:00\",\"dateModified\":\"2021-10-09T11:00:50+00:00\",\"description\":\"truffles, truffle hunting, Tr\u00fcffel, lov na tartuf, tartufi, crni tartuf, bijeli tartuf, tartufo, schwarze Tr\u00fcffel, Tr\u00fcffelsuche, istra, istria, istrien, croatia, hrvatska, kroatien, tuber magnatum pico, buzet, white truffle, black truffle, weisse Tr\u00fcffel, cheese with truffles, olive oil with truffles, \u5976\u916a\u677e\u9732, \u677e\u9732, \u677e\u9732\u72e9\u730e, \u4f0a\u65af \u7279\u62c9, \u514b\u7f57\u5730\u4e9a, \u30c8\u30ea\u30e5\u30d5,\u30c8\u30ea\u30e5\u30d5\u72e9\u308a, \u30a4\u30b9\u30c8\u30ea\u30a2, \uc1a1\ub85c \ubc84\uc12f, \uc1a1\ub85c \ubc84\uc12f \uc0ac\ub0e5, \ud06c\ub85c\uc544\ud2f0\uc544, \uc774\uc2a4\ud2b8 \ub9ac\uc544, \u0442\u0440\u044e\u0444\u0435\u043b\u0438 ,\u043e\u0445\u043e\u0442\u0430 \u0442\u0440\u044e\u0444\u0435\u043b\u044f, \u0418\u0441\u0442\u0440\u0438\u044f, \u0425\u043e\u0440\u0432\u0430\u0442\u0438\u044f, truffle products, prodoti di tartufo, unique experience in istria, adventure in istria, exploring istria, family tradition, truffle dogs, truffle specialties, motovun, livade, \uc774\uc2a4\ud2b8 \ub9ac\uc544 \uc758 \ub3c5\ud2b9\ud55c \uc774\uc2a4\ud2b8 \ub9ac\uc544 \uc758 \uacbd\ud5d8 , \ubaa8\ud5d8, \uc774\uc2a4\ud2b8 \ub9ac\uc544 , \uac00\uc871\uc758 \uc804\ud1b5 , \uc1a1\ub85c \ubc84\uc12f \uac1c, \uc1a1\ub85c \ubc84\uc12f \uc694\ub9ac\",\"breadcrumb\":{\"@id\":\"https:\/\/prodantartufi.hr\/de\/kontakt1\/#breadcrumb\"},\"inLanguage\":\"de\",\"potentialAction\":[{\"@type\":\"ReadAction\",\"target\":[[\"https:\/\/prodantartufi.hr\/de\/kontakt1\/\"]]}]},{\"@type\":\"BreadcrumbList\",\"@id\":\"https:\/\/prodantartufi.hr\/de\/kontakt1\/#breadcrumb\",\"itemListElement\":[{\"@type\":\"ListItem\",\"position\":1,\"name\":\"Home\",\"item\":\"https:\/\/prodantartufi.hr\/de\/\"},{\"@type\":\"ListItem\",\"position\":2,\"name\":\"KONTAKT\"}]},{\"@type\":\"WebSite\",\"@id\":\"https:\/\/prodantartufi.hr\/de\/#website\",\"url\":\"https:\/\/prodantartufi.hr\/de\/\",\"name\":\"PRODAN TARTUFI\",\"description\":\"\",\"publisher\":{\"@id\":\"https:\/\/prodantartufi.hr\/de\/#organization\"},\"potentialAction\":[{\"@type\":\"SearchAction\",\"target\":{\"@type\":\"EntryPoint\",\"urlTemplate\":\"https:\/\/prodantartufi.hr\/de\/?s={search_term_string}\"},\"query-input\":\"required name=search_term_string\"}],\"inLanguage\":\"de\"},{\"@type\":\"Organization\",\"@id\":\"https:\/\/prodantartufi.hr\/de\/#organization\",\"name\":\"PRODAN TARTUFI |\",\"url\":\"https:\/\/prodantartufi.hr\/de\/\",\"logo\":{\"@type\":\"ImageObject\",\"inLanguage\":\"de\",\"@id\":\"https:\/\/prodantartufi.hr\/de\/#\/schema\/logo\/image\/\",\"url\":\"https:\/\/prodantartufi.hr\/wp-content\/uploads\/2015\/03\/logo_600px-e1434011074366.png\",\"contentUrl\":\"https:\/\/prodantartufi.hr\/wp-content\/uploads\/2015\/03\/logo_600px-e1434011074366.png\",\"width\":118,\"height\":29,\"caption\":\"PRODAN TARTUFI |\"},\"image\":{\"@id\":\"https:\/\/prodantartufi.hr\/de\/#\/schema\/logo\/image\/\"}}]}<\/script>\n<!-- \/ Yoast SEO plugin. -->","yoast_head_json":{"title":"KONTAKT | PRODAN TARTUFI","description":"truffles, truffle hunting, Tr\u00fcffel, lov na tartuf, tartufi, crni tartuf, bijeli tartuf, tartufo, schwarze Tr\u00fcffel, Tr\u00fcffelsuche, istra, istria, istrien, croatia, hrvatska, kroatien, tuber magnatum pico, buzet, white truffle, black truffle, weisse Tr\u00fcffel, cheese with truffles, olive oil with truffles, \u5976\u916a\u677e\u9732, \u677e\u9732, \u677e\u9732\u72e9\u730e, \u4f0a\u65af \u7279\u62c9, \u514b\u7f57\u5730\u4e9a, \u30c8\u30ea\u30e5\u30d5,\u30c8\u30ea\u30e5\u30d5\u72e9\u308a, \u30a4\u30b9\u30c8\u30ea\u30a2, \uc1a1\ub85c \ubc84\uc12f, \uc1a1\ub85c \ubc84\uc12f \uc0ac\ub0e5, \ud06c\ub85c\uc544\ud2f0\uc544, \uc774\uc2a4\ud2b8 \ub9ac\uc544, \u0442\u0440\u044e\u0444\u0435\u043b\u0438 ,\u043e\u0445\u043e\u0442\u0430 \u0442\u0440\u044e\u0444\u0435\u043b\u044f, \u0418\u0441\u0442\u0440\u0438\u044f, \u0425\u043e\u0440\u0432\u0430\u0442\u0438\u044f, truffle products, prodoti di tartufo, unique experience in istria, adventure in istria, exploring istria, family tradition, truffle dogs, truffle specialties, motovun, livade, \uc774\uc2a4\ud2b8 \ub9ac\uc544 \uc758 \ub3c5\ud2b9\ud55c \uc774\uc2a4\ud2b8 \ub9ac\uc544 \uc758 \uacbd\ud5d8 , \ubaa8\ud5d8, \uc774\uc2a4\ud2b8 \ub9ac\uc544 , \uac00\uc871\uc758 \uc804\ud1b5 , \uc1a1\ub85c \ubc84\uc12f \uac1c, \uc1a1\ub85c \ubc84\uc12f \uc694\ub9ac","robots":{"index":"index","follow":"follow","max-snippet":"max-snippet:-1","max-image-preview":"max-image-preview:large","max-video-preview":"max-video-preview:-1"},"canonical":"https:\/\/prodantartufi.hr\/de\/kontakt1\/","og_locale":"de_DE","og_type":"article","og_title":"KONTAKT | PRODAN TARTUFI","og_description":"truffles, truffle hunting, Tr\u00fcffel, lov na tartuf, tartufi, crni tartuf, bijeli tartuf, tartufo, schwarze Tr\u00fcffel, Tr\u00fcffelsuche, istra, istria, istrien, croatia, hrvatska, kroatien, tuber magnatum pico, buzet, white truffle, black truffle, weisse Tr\u00fcffel, cheese with truffles, olive oil with truffles, \u5976\u916a\u677e\u9732, \u677e\u9732, \u677e\u9732\u72e9\u730e, \u4f0a\u65af \u7279\u62c9, \u514b\u7f57\u5730\u4e9a, \u30c8\u30ea\u30e5\u30d5,\u30c8\u30ea\u30e5\u30d5\u72e9\u308a, \u30a4\u30b9\u30c8\u30ea\u30a2, \uc1a1\ub85c \ubc84\uc12f, \uc1a1\ub85c \ubc84\uc12f \uc0ac\ub0e5, \ud06c\ub85c\uc544\ud2f0\uc544, \uc774\uc2a4\ud2b8 \ub9ac\uc544, \u0442\u0440\u044e\u0444\u0435\u043b\u0438 ,\u043e\u0445\u043e\u0442\u0430 \u0442\u0440\u044e\u0444\u0435\u043b\u044f, \u0418\u0441\u0442\u0440\u0438\u044f, \u0425\u043e\u0440\u0432\u0430\u0442\u0438\u044f, truffle products, prodoti di tartufo, unique experience in istria, adventure in istria, exploring istria, family tradition, truffle dogs, truffle specialties, motovun, livade, \uc774\uc2a4\ud2b8 \ub9ac\uc544 \uc758 \ub3c5\ud2b9\ud55c \uc774\uc2a4\ud2b8 \ub9ac\uc544 \uc758 \uacbd\ud5d8 , \ubaa8\ud5d8, \uc774\uc2a4\ud2b8 \ub9ac\uc544 , \uac00\uc871\uc758 \uc804\ud1b5 , \uc1a1\ub85c \ubc84\uc12f \uac1c, \uc1a1\ub85c \ubc84\uc12f \uc694\ub9ac","og_url":"https:\/\/prodantartufi.hr\/de\/kontakt1\/","og_site_name":"PRODAN TARTUFI","article_modified_time":"2021-10-09T11:00:50+00:00","og_image":[{"url":"http:\/\/prodantartufi.hr\/wp-content\/uploads\/2015\/06\/hr.jpg"}],"twitter_card":"summary_large_image","twitter_misc":{"Gesch\u00e4tzte Lesezeit":"1\u00a0Minute"},"schema":{"@context":"https:\/\/schema.org","@graph":[{"@type":"WebPage","@id":"https:\/\/prodantartufi.hr\/de\/kontakt1\/","url":"https:\/\/prodantartufi.hr\/de\/kontakt1\/","name":"KONTAKT | PRODAN TARTUFI","isPartOf":{"@id":"https:\/\/prodantartufi.hr\/de\/#website"},"datePublished":"2015-10-26T14:06:48+00:00","dateModified":"2021-10-09T11:00:50+00:00","description":"truffles, truffle hunting, Tr\u00fcffel, lov na tartuf, tartufi, crni tartuf, bijeli tartuf, tartufo, schwarze Tr\u00fcffel, Tr\u00fcffelsuche, istra, istria, istrien, croatia, hrvatska, kroatien, tuber magnatum pico, buzet, white truffle, black truffle, weisse Tr\u00fcffel, cheese with truffles, olive oil with truffles, \u5976\u916a\u677e\u9732, \u677e\u9732, \u677e\u9732\u72e9\u730e, \u4f0a\u65af \u7279\u62c9, \u514b\u7f57\u5730\u4e9a, \u30c8\u30ea\u30e5\u30d5,\u30c8\u30ea\u30e5\u30d5\u72e9\u308a, \u30a4\u30b9\u30c8\u30ea\u30a2, \uc1a1\ub85c \ubc84\uc12f, \uc1a1\ub85c \ubc84\uc12f \uc0ac\ub0e5, \ud06c\ub85c\uc544\ud2f0\uc544, \uc774\uc2a4\ud2b8 \ub9ac\uc544, \u0442\u0440\u044e\u0444\u0435\u043b\u0438 ,\u043e\u0445\u043e\u0442\u0430 \u0442\u0440\u044e\u0444\u0435\u043b\u044f, \u0418\u0441\u0442\u0440\u0438\u044f, \u0425\u043e\u0440\u0432\u0430\u0442\u0438\u044f, truffle products, prodoti di tartufo, unique experience in istria, adventure in istria, exploring istria, family tradition, truffle dogs, truffle specialties, motovun, livade, \uc774\uc2a4\ud2b8 \ub9ac\uc544 \uc758 \ub3c5\ud2b9\ud55c \uc774\uc2a4\ud2b8 \ub9ac\uc544 \uc758 \uacbd\ud5d8 , \ubaa8\ud5d8, \uc774\uc2a4\ud2b8 \ub9ac\uc544 , \uac00\uc871\uc758 \uc804\ud1b5 , \uc1a1\ub85c \ubc84\uc12f \uac1c, \uc1a1\ub85c \ubc84\uc12f \uc694\ub9ac","breadcrumb":{"@id":"https:\/\/prodantartufi.hr\/de\/kontakt1\/#breadcrumb"},"inLanguage":"de","potentialAction":[{"@type":"ReadAction","target":[["https:\/\/prodantartufi.hr\/de\/kontakt1\/"]]}]},{"@type":"BreadcrumbList","@id":"https:\/\/prodantartufi.hr\/de\/kontakt1\/#breadcrumb","itemListElement":[{"@type":"ListItem","position":1,"name":"Home","item":"https:\/\/prodantartufi.hr\/de\/"},{"@type":"ListItem","position":2,"name":"KONTAKT"}]},{"@type":"WebSite","@id":"https:\/\/prodantartufi.hr\/de\/#website","url":"https:\/\/prodantartufi.hr\/de\/","name":"PRODAN TARTUFI","description":"","publisher":{"@id":"https:\/\/prodantartufi.hr\/de\/#organization"},"potentialAction":[{"@type":"SearchAction","target":{"@type":"EntryPoint","urlTemplate":"https:\/\/prodantartufi.hr\/de\/?s={search_term_string}"},"query-input":"required name=search_term_string"}],"inLanguage":"de"},{"@type":"Organization","@id":"https:\/\/prodantartufi.hr\/de\/#organization","name":"PRODAN TARTUFI |","url":"https:\/\/prodantartufi.hr\/de\/","logo":{"@type":"ImageObject","inLanguage":"de","@id":"https:\/\/prodantartufi.hr\/de\/#\/schema\/logo\/image\/","url":"https:\/\/prodantartufi.hr\/wp-content\/uploads\/2015\/03\/logo_600px-e1434011074366.png","contentUrl":"https:\/\/prodantartufi.hr\/wp-content\/uploads\/2015\/03\/logo_600px-e1434011074366.png","width":118,"height":29,"caption":"PRODAN TARTUFI |"},"image":{"@id":"https:\/\/prodantartufi.hr\/de\/#\/schema\/logo\/image\/"}}]}},"_links":{"self":[{"href":"https:\/\/prodantartufi.hr\/de\/wp-json\/wp\/v2\/pages\/732"}],"collection":[{"href":"https:\/\/prodantartufi.hr\/de\/wp-json\/wp\/v2\/pages"}],"about":[{"href":"https:\/\/prodantartufi.hr\/de\/wp-json\/wp\/v2\/types\/page"}],"author":[{"embeddable":true,"href":"https:\/\/prodantartufi.hr\/de\/wp-json\/wp\/v2\/users\/1"}],"replies":[{"embeddable":true,"href":"https:\/\/prodantartufi.hr\/de\/wp-json\/wp\/v2\/comments?post=732"}],"version-history":[{"count":87,"href":"https:\/\/prodantartufi.hr\/de\/wp-json\/wp\/v2\/pages\/732\/revisions"}],"predecessor-version":[{"id":1667,"href":"https:\/\/prodantartufi.hr\/de\/wp-json\/wp\/v2\/pages\/732\/revisions\/1667"}],"wp:attachment":[{"href":"https:\/\/prodantartufi.hr\/de\/wp-json\/wp\/v2\/media?parent=732"}],"curies":[{"name":"wp","href":"https:\/\/api.w.org\/{rel}","templated":true}]}}