{"id":586,"date":"2015-10-23T11:00:55","date_gmt":"2015-10-23T11:00:55","guid":{"rendered":"http:\/\/prodantartufi.hr\/?page_id=586"},"modified":"2018-02-12T09:33:42","modified_gmt":"2018-02-12T09:33:42","slug":"o-nama","status":"publish","type":"page","link":"https:\/\/prodantartufi.hr\/en\/o-nama\/","title":{"rendered":"ABOUT US"},"content":{"rendered":"<p><\/p>\n<hr \/>\n<table align=\"center\">\n<tbody>\n<tr>\n<td style=\"padding: 20px; width: 300px; vertical-align: top;\"><span style=\"font-size: 11pt;\"><strong>BUZET<\/strong><\/span><\/p>\n<p><img decoding=\"async\" loading=\"lazy\" class=\"img_align aligncenter wp-image-1236\" src=\"http:\/\/prodantartufi.hr\/wp-content\/uploads\/2015\/10\/Buzet-grad-tartufa-prodan-tartufi.jpg\" alt=\"Buzet grad tartufa - prodan tartufi\" width=\"250\" height=\"250\" srcset=\"https:\/\/prodantartufi.hr\/wp-content\/uploads\/2015\/10\/Buzet-grad-tartufa-prodan-tartufi.jpg 400w, https:\/\/prodantartufi.hr\/wp-content\/uploads\/2015\/10\/Buzet-grad-tartufa-prodan-tartufi-150x150.jpg 150w\" sizes=\"(max-width: 250px) 100vw, 250px\" \/><\/p>\n<p style=\"text-align: left;\">At the very north of the beautiful Adriatic Sea lies the Istrian peninsula. Surrounded by the crystal clear sea, Istria hides a true natural treasure within its hinterland. In order to get to know and fully experience Istria with all your senses, you should go beyond the coast, reach Buzet and surrender yourself to the sensations of the town of truffles.<\/p>\n<p style=\"text-align: left;\">Buzet offers exquisite experiences for the most sensitive palates. It is home to extra virgin olive oils, cheeses, honey, brandies and wines of exceptional quality and the natural habitat of the most precious underground mushroom in the world &#8211; the truffle.<\/p>\n<\/td>\n<td style=\"padding: 20px; width: 300px; vertical-align: top;\"><strong>OUR CRAFT<\/strong><\/p>\n<p><img decoding=\"async\" loading=\"lazy\" class=\"img_align aligncenter wp-image-1237\" src=\"http:\/\/prodantartufi.hr\/wp-content\/uploads\/2015\/10\/tartufi-prodan-tartufi.jpg\" alt=\"tartufi - prodan tartufi\" width=\"250\" height=\"250\" srcset=\"https:\/\/prodantartufi.hr\/wp-content\/uploads\/2015\/10\/tartufi-prodan-tartufi.jpg 400w, https:\/\/prodantartufi.hr\/wp-content\/uploads\/2015\/10\/tartufi-prodan-tartufi-150x150.jpg 150w\" sizes=\"(max-width: 250px) 100vw, 250px\" \/><\/p>\n<p style=\"text-align: left;\">The core activity of our family business has been truffle hunting, preserved as a tradition through generations, as well as the distribution of our own products made from the Istrian truffle and finest natural ingredients to our customers and consumers.<\/p>\n<p style=\"text-align: left;\">During the white and black truffle growth season, we deliver fresh truffles to numerous restaurants and truffle lovers all over the country and the world.<\/p>\n<\/td>\n<td style=\"padding: 20px; width: 300px; vertical-align: top;\"><strong>VISION\/MISSION<\/strong><\/p>\n<p><img decoding=\"async\" loading=\"lazy\" class=\"img_align aligncenter wp-image-1238 size-full\" src=\"http:\/\/prodantartufi.hr\/wp-content\/uploads\/2015\/10\/Lov-na-tartuf-prodan-tartufi.jpg\" alt=\"Lov na tartuf - prodan tartufi\" width=\"250\" height=\"250\" srcset=\"https:\/\/prodantartufi.hr\/wp-content\/uploads\/2015\/10\/Lov-na-tartuf-prodan-tartufi.jpg 250w, https:\/\/prodantartufi.hr\/wp-content\/uploads\/2015\/10\/Lov-na-tartuf-prodan-tartufi-150x150.jpg 150w\" sizes=\"(max-width: 250px) 100vw, 250px\" \/><\/p>\n<p style=\"text-align: left;\">Our vision is to be a respected and desirable business partner, recognized in the market and known for the flawless quality of its products and services. By building friendly relations and caring for nature, we seek to protect the interests of our customers, business partners and our living and working environment.<\/p>\n<p style=\"text-align: left;\">Our greatest value is our long-standing family tradition, with which we have created an original brand, offering the best flavors, tastes and experiences of Istria to everyone.<\/p>\n<\/td>\n<td style=\"padding: 20px; width: 300px; vertical-align: top;\"><strong>100% MADE IN CROATIA<\/strong><\/p>\n<p><img decoding=\"async\" loading=\"lazy\" class=\"img_align aligncenter wp-image-1239\" src=\"http:\/\/prodantartufi.hr\/wp-content\/uploads\/2015\/10\/tartufi-crni-cijeli-prodan-tartufi.jpg\" alt=\"tartufi crni cijeli - prodan tartufi\" width=\"250\" height=\"250\" srcset=\"https:\/\/prodantartufi.hr\/wp-content\/uploads\/2015\/10\/tartufi-crni-cijeli-prodan-tartufi.jpg 400w, https:\/\/prodantartufi.hr\/wp-content\/uploads\/2015\/10\/tartufi-crni-cijeli-prodan-tartufi-150x150.jpg 150w\" sizes=\"(max-width: 250px) 100vw, 250px\" \/><\/p>\n<p style=\"text-align: left;\">All our products are made in Croatia, using produce from the pure and unspoiled Istrian nature.<\/p>\n<p style=\"text-align: left;\">The efforts, dedication and accountability of the whole family, and above all our passion and love of truffles \u2013 those are the ingredients that make our products special and give them their recognizable and irresistible flavor and aroma.<\/p>\n<p style=\"text-align: left;\">The entire process of truffle processing, storage and distribution is marked by high quality and the application of the HACCP standard.<\/p>\n<\/td>\n<\/tr>\n<\/tbody>\n<\/table>\n<p style=\"text-align: center;\"><span style=\"font-size: 18pt;\"><strong><em>Growing with nature.<\/em><\/strong><\/span><\/p>\n<p style=\"text-align: center;\">\n<p><\/p>","protected":false},"excerpt":{"rendered":"<p>BUZET At the very north of the beautiful Adriatic Sea lies the Istrian peninsula. Surrounded by the crystal clear sea, Istria hides a true natural treasure within its hinterland. In order to get to know and fully experience Istria with all your senses, you should go beyond the coast, reach Buzet and surrender yourself to [&hellip;]<\/p>\n","protected":false},"author":1,"featured_media":0,"parent":0,"menu_order":0,"comment_status":"closed","ping_status":"closed","template":"page_ostalo.php","meta":[],"yoast_head":"<!-- This site is optimized with the Yoast SEO plugin v20.0 - https:\/\/yoast.com\/wordpress\/plugins\/seo\/ -->\n<title>ABOUT US | PRODAN TARTUFI<\/title>\n<meta name=\"description\" content=\"Osnovna djelatnost na\u0161eg obiteljskog obrta ve\u0107 je nara\u0161tajima preno\u0161en i tradicijski o\u010duvan lov na tartuf te distribucija vlastitih proizvoda spravljenih od istarskog tartufa i najfinijih prirodnih sastojaka do svojih kupaca i potro\u0161a\u010da.\" \/>\n<meta name=\"robots\" content=\"index, follow, max-snippet:-1, max-image-preview:large, max-video-preview:-1\" \/>\n<link rel=\"canonical\" href=\"https:\/\/prodantartufi.hr\/en\/o-nama\/\" \/>\n<meta property=\"og:locale\" content=\"en_US\" \/>\n<meta property=\"og:type\" content=\"article\" \/>\n<meta property=\"og:title\" content=\"ABOUT US | PRODAN TARTUFI\" \/>\n<meta property=\"og:description\" content=\"Osnovna djelatnost na\u0161eg obiteljskog obrta ve\u0107 je nara\u0161tajima preno\u0161en i tradicijski o\u010duvan lov na tartuf te distribucija vlastitih proizvoda spravljenih od istarskog tartufa i najfinijih prirodnih sastojaka do svojih kupaca i potro\u0161a\u010da.\" \/>\n<meta property=\"og:url\" content=\"https:\/\/prodantartufi.hr\/en\/o-nama\/\" \/>\n<meta property=\"og:site_name\" content=\"PRODAN TARTUFI\" \/>\n<meta property=\"article:modified_time\" content=\"2018-02-12T09:33:42+00:00\" \/>\n<meta property=\"og:image\" content=\"http:\/\/prodantartufi.hr\/wp-content\/uploads\/2015\/10\/Buzet-grad-tartufa-prodan-tartufi.jpg\" \/>\n<meta name=\"twitter:card\" content=\"summary_large_image\" \/>\n<meta name=\"twitter:label1\" content=\"Est. reading time\" \/>\n\t<meta name=\"twitter:data1\" content=\"5 minutes\" \/>\n<script type=\"application\/ld+json\" class=\"yoast-schema-graph\">{\"@context\":\"https:\/\/schema.org\",\"@graph\":[{\"@type\":\"WebPage\",\"@id\":\"https:\/\/prodantartufi.hr\/en\/o-nama\/\",\"url\":\"https:\/\/prodantartufi.hr\/en\/o-nama\/\",\"name\":\"ABOUT US | PRODAN TARTUFI\",\"isPartOf\":{\"@id\":\"https:\/\/prodantartufi.hr\/en\/#website\"},\"datePublished\":\"2015-10-23T11:00:55+00:00\",\"dateModified\":\"2018-02-12T09:33:42+00:00\",\"description\":\"Osnovna djelatnost na\u0161eg obiteljskog obrta ve\u0107 je nara\u0161tajima preno\u0161en i tradicijski o\u010duvan lov na tartuf te distribucija vlastitih proizvoda spravljenih od istarskog tartufa i najfinijih prirodnih sastojaka do svojih kupaca i potro\u0161a\u010da.\",\"breadcrumb\":{\"@id\":\"https:\/\/prodantartufi.hr\/en\/o-nama\/#breadcrumb\"},\"inLanguage\":\"en-US\",\"potentialAction\":[{\"@type\":\"ReadAction\",\"target\":[[\"https:\/\/prodantartufi.hr\/en\/o-nama\/\"]]}]},{\"@type\":\"BreadcrumbList\",\"@id\":\"https:\/\/prodantartufi.hr\/en\/o-nama\/#breadcrumb\",\"itemListElement\":[{\"@type\":\"ListItem\",\"position\":1,\"name\":\"Home\",\"item\":\"https:\/\/prodantartufi.hr\/en\/\"},{\"@type\":\"ListItem\",\"position\":2,\"name\":\"O NAMA\"}]},{\"@type\":\"WebSite\",\"@id\":\"https:\/\/prodantartufi.hr\/en\/#website\",\"url\":\"https:\/\/prodantartufi.hr\/en\/\",\"name\":\"PRODAN TARTUFI\",\"description\":\"\",\"publisher\":{\"@id\":\"https:\/\/prodantartufi.hr\/en\/#organization\"},\"potentialAction\":[{\"@type\":\"SearchAction\",\"target\":{\"@type\":\"EntryPoint\",\"urlTemplate\":\"https:\/\/prodantartufi.hr\/en\/?s={search_term_string}\"},\"query-input\":\"required name=search_term_string\"}],\"inLanguage\":\"en-US\"},{\"@type\":\"Organization\",\"@id\":\"https:\/\/prodantartufi.hr\/en\/#organization\",\"name\":\"PRODAN TARTUFI |\",\"url\":\"https:\/\/prodantartufi.hr\/en\/\",\"logo\":{\"@type\":\"ImageObject\",\"inLanguage\":\"en-US\",\"@id\":\"https:\/\/prodantartufi.hr\/en\/#\/schema\/logo\/image\/\",\"url\":\"https:\/\/prodantartufi.hr\/wp-content\/uploads\/2015\/03\/logo_600px-e1434011074366.png\",\"contentUrl\":\"https:\/\/prodantartufi.hr\/wp-content\/uploads\/2015\/03\/logo_600px-e1434011074366.png\",\"width\":118,\"height\":29,\"caption\":\"PRODAN TARTUFI |\"},\"image\":{\"@id\":\"https:\/\/prodantartufi.hr\/en\/#\/schema\/logo\/image\/\"}}]}<\/script>\n<!-- \/ Yoast SEO plugin. -->","yoast_head_json":{"title":"ABOUT US | PRODAN TARTUFI","description":"Osnovna djelatnost na\u0161eg obiteljskog obrta ve\u0107 je nara\u0161tajima preno\u0161en i tradicijski o\u010duvan lov na tartuf te distribucija vlastitih proizvoda spravljenih od istarskog tartufa i najfinijih prirodnih sastojaka do svojih kupaca i potro\u0161a\u010da.","robots":{"index":"index","follow":"follow","max-snippet":"max-snippet:-1","max-image-preview":"max-image-preview:large","max-video-preview":"max-video-preview:-1"},"canonical":"https:\/\/prodantartufi.hr\/en\/o-nama\/","og_locale":"en_US","og_type":"article","og_title":"ABOUT US | PRODAN TARTUFI","og_description":"Osnovna djelatnost na\u0161eg obiteljskog obrta ve\u0107 je nara\u0161tajima preno\u0161en i tradicijski o\u010duvan lov na tartuf te distribucija vlastitih proizvoda spravljenih od istarskog tartufa i najfinijih prirodnih sastojaka do svojih kupaca i potro\u0161a\u010da.","og_url":"https:\/\/prodantartufi.hr\/en\/o-nama\/","og_site_name":"PRODAN TARTUFI","article_modified_time":"2018-02-12T09:33:42+00:00","og_image":[{"url":"http:\/\/prodantartufi.hr\/wp-content\/uploads\/2015\/10\/Buzet-grad-tartufa-prodan-tartufi.jpg"}],"twitter_card":"summary_large_image","twitter_misc":{"Est. reading time":"5 minutes"},"schema":{"@context":"https:\/\/schema.org","@graph":[{"@type":"WebPage","@id":"https:\/\/prodantartufi.hr\/en\/o-nama\/","url":"https:\/\/prodantartufi.hr\/en\/o-nama\/","name":"ABOUT US | PRODAN TARTUFI","isPartOf":{"@id":"https:\/\/prodantartufi.hr\/en\/#website"},"datePublished":"2015-10-23T11:00:55+00:00","dateModified":"2018-02-12T09:33:42+00:00","description":"Osnovna djelatnost na\u0161eg obiteljskog obrta ve\u0107 je nara\u0161tajima preno\u0161en i tradicijski o\u010duvan lov na tartuf te distribucija vlastitih proizvoda spravljenih od istarskog tartufa i najfinijih prirodnih sastojaka do svojih kupaca i potro\u0161a\u010da.","breadcrumb":{"@id":"https:\/\/prodantartufi.hr\/en\/o-nama\/#breadcrumb"},"inLanguage":"en-US","potentialAction":[{"@type":"ReadAction","target":[["https:\/\/prodantartufi.hr\/en\/o-nama\/"]]}]},{"@type":"BreadcrumbList","@id":"https:\/\/prodantartufi.hr\/en\/o-nama\/#breadcrumb","itemListElement":[{"@type":"ListItem","position":1,"name":"Home","item":"https:\/\/prodantartufi.hr\/en\/"},{"@type":"ListItem","position":2,"name":"O NAMA"}]},{"@type":"WebSite","@id":"https:\/\/prodantartufi.hr\/en\/#website","url":"https:\/\/prodantartufi.hr\/en\/","name":"PRODAN TARTUFI","description":"","publisher":{"@id":"https:\/\/prodantartufi.hr\/en\/#organization"},"potentialAction":[{"@type":"SearchAction","target":{"@type":"EntryPoint","urlTemplate":"https:\/\/prodantartufi.hr\/en\/?s={search_term_string}"},"query-input":"required name=search_term_string"}],"inLanguage":"en-US"},{"@type":"Organization","@id":"https:\/\/prodantartufi.hr\/en\/#organization","name":"PRODAN TARTUFI |","url":"https:\/\/prodantartufi.hr\/en\/","logo":{"@type":"ImageObject","inLanguage":"en-US","@id":"https:\/\/prodantartufi.hr\/en\/#\/schema\/logo\/image\/","url":"https:\/\/prodantartufi.hr\/wp-content\/uploads\/2015\/03\/logo_600px-e1434011074366.png","contentUrl":"https:\/\/prodantartufi.hr\/wp-content\/uploads\/2015\/03\/logo_600px-e1434011074366.png","width":118,"height":29,"caption":"PRODAN TARTUFI |"},"image":{"@id":"https:\/\/prodantartufi.hr\/en\/#\/schema\/logo\/image\/"}}]}},"_links":{"self":[{"href":"https:\/\/prodantartufi.hr\/en\/wp-json\/wp\/v2\/pages\/586"}],"collection":[{"href":"https:\/\/prodantartufi.hr\/en\/wp-json\/wp\/v2\/pages"}],"about":[{"href":"https:\/\/prodantartufi.hr\/en\/wp-json\/wp\/v2\/types\/page"}],"author":[{"embeddable":true,"href":"https:\/\/prodantartufi.hr\/en\/wp-json\/wp\/v2\/users\/1"}],"replies":[{"embeddable":true,"href":"https:\/\/prodantartufi.hr\/en\/wp-json\/wp\/v2\/comments?post=586"}],"version-history":[{"count":57,"href":"https:\/\/prodantartufi.hr\/en\/wp-json\/wp\/v2\/pages\/586\/revisions"}],"predecessor-version":[{"id":1546,"href":"https:\/\/prodantartufi.hr\/en\/wp-json\/wp\/v2\/pages\/586\/revisions\/1546"}],"wp:attachment":[{"href":"https:\/\/prodantartufi.hr\/en\/wp-json\/wp\/v2\/media?parent=586"}],"curies":[{"name":"wp","href":"https:\/\/api.w.org\/{rel}","templated":true}]}}