{"id":627,"date":"2015-10-23T11:56:09","date_gmt":"2015-10-23T11:56:09","guid":{"rendered":"http:\/\/prodantartufi.hr\/?page_id=627"},"modified":"2019-07-22T07:34:12","modified_gmt":"2019-07-22T07:34:12","slug":"lov-na-tartuf","status":"publish","type":"page","link":"https:\/\/prodantartufi.hr\/en\/lov-na-tartuf\/","title":{"rendered":"TRUFFLE HUNTING"},"content":{"rendered":"<p>A truffle hunt is a special and unforgettable event for any fan of this subterranean mushroom. We will tell you a story of our family truffle hunting tradition and convey the full experience from the adrenaline and anticipation of seeking this treasure to preparing the joint find and enjoying the aromas and flavors of our truffle products and delicacies.<\/p>\n<hr \/>\n<p style=\"text-align: center;\"><span style=\"font-size: 16pt;\"><strong>Visit us, treat yourself with unforgettable experience of truffle hunting \u00a0and find out the story of this jewel of nature.<\/strong><\/span><\/p>\n<hr \/>\n<table align=\"center\">\n<tbody>\n<tr>\n<td style=\"padding: 20px; width: 350px; text-align: left; vertical-align: top;\"><img decoding=\"async\" loading=\"lazy\" class=\"img_lov aligncenter wp-image-1245\" src=\"http:\/\/prodantartufi.hr\/wp-content\/uploads\/2015\/10\/lov-na-tartuf-prodan-tartufi-1.jpg\" alt=\"lov na tartuf - prodan tartufi (1)\" width=\"400\" height=\"599\" srcset=\"https:\/\/prodantartufi.hr\/wp-content\/uploads\/2015\/10\/lov-na-tartuf-prodan-tartufi-1.jpg 684w, https:\/\/prodantartufi.hr\/wp-content\/uploads\/2015\/10\/lov-na-tartuf-prodan-tartufi-1-267x400.jpg 267w\" sizes=\"(max-width: 400px) 100vw, 400px\" \/><\/p>\n<p>The hunt is unique, it requires patience and dedication, as well as a great love of this subterranean mushroom. The specific scent that comes from damp soil, mostly in oak woods, is impossible to discern for human senses, but a trained dog\u2019s sense of smell will feel it and find the truffle.<\/td>\n<td style=\"padding: 20px; width: 350px; text-align: left; vertical-align: top;\"><img decoding=\"async\" loading=\"lazy\" class=\"img_lov aligncenter wp-image-1246\" src=\"http:\/\/prodantartufi.hr\/wp-content\/uploads\/2015\/10\/lov-na-tartuf-prodan-tartufi-2.jpg\" alt=\"lov na tartuf - prodan tartufi (2)\" width=\"400\" height=\"599\" srcset=\"https:\/\/prodantartufi.hr\/wp-content\/uploads\/2015\/10\/lov-na-tartuf-prodan-tartufi-2.jpg 684w, https:\/\/prodantartufi.hr\/wp-content\/uploads\/2015\/10\/lov-na-tartuf-prodan-tartufi-2-267x400.jpg 267w\" sizes=\"(max-width: 400px) 100vw, 400px\" \/><\/p>\n<p>By rapidly moving its paws, the dog points to the area where it has found a truffle, showing its owner the spot where this underground treasure can be unearthed.<\/p>\n<p>Truffle dogs are highly prized and have been bred and trained for truffle hunting in our family over many generations.<\/td>\n<td style=\"padding: 20px; width: 350px; text-align: left; vertical-align: top;\"><img decoding=\"async\" loading=\"lazy\" class=\"img_lov aligncenter wp-image-1247\" src=\"http:\/\/prodantartufi.hr\/wp-content\/uploads\/2015\/10\/lov-na-tartuf-prodan-tartufi-3.jpg\" alt=\"lov na tartuf - prodan tartufi (3)\" width=\"400\" height=\"599\" srcset=\"https:\/\/prodantartufi.hr\/wp-content\/uploads\/2015\/10\/lov-na-tartuf-prodan-tartufi-3.jpg 684w, https:\/\/prodantartufi.hr\/wp-content\/uploads\/2015\/10\/lov-na-tartuf-prodan-tartufi-3-267x400.jpg 267w\" sizes=\"(max-width: 400px) 100vw, 400px\" \/><\/p>\n<p>Any time of day or night is suitable for truffle hunting. One can never know when truffles will release their magical scent, which makes truffle hunting always unique and adventurous.<\/td>\n<\/tr>\n<\/tbody>\n<\/table>\n<hr \/>\n<table align=\"center\">\n<tbody>\n<tr>\n<td style=\"padding: 10px; border: 2px solid #000000;\">\n<div id=\"contact_form_pop\"><strong>I would like to reserve my TRUFFLE HUNTING<\/strong><\/div>\n<\/td>\n<\/tr>\n<\/tbody>\n<\/table>\n<hr \/>\n<table align=\"center\">\n<tbody>\n<tr>\n<td style=\"padding: 10px;\"><a href=\"https:\/\/www.tripadvisor.com\/Attraction_Review-g608704-d10370409-Reviews-Prodan_Tartufi-Buzet_Istria.html\"><img decoding=\"async\" loading=\"lazy\" class=\"aligncenter wp-image-1624\" src=\"https:\/\/prodantartufi.hr\/wp-content\/uploads\/2019\/07\/certificate-400x194.jpg\" alt=\"\" width=\"400\" height=\"194\" srcset=\"https:\/\/prodantartufi.hr\/wp-content\/uploads\/2019\/07\/certificate-400x194.jpg 400w, https:\/\/prodantartufi.hr\/wp-content\/uploads\/2019\/07\/certificate.jpg 464w\" sizes=\"(max-width: 400px) 100vw, 400px\" \/><\/a><\/td>\n<\/tr>\n<\/tbody>\n<\/table>\n<p><iframe loading=\"lazy\" width=\"500\" height=\"281\" src=\"https:\/\/www.youtube.com\/embed\/lsEtxOU8koo?feature=oembed\" frameborder=\"0\" allow=\"accelerometer; autoplay; encrypted-media; gyroscope; picture-in-picture\" allowfullscreen><\/iframe><\/p>\n<hr \/>\n<p><\/p>","protected":false},"excerpt":{"rendered":"<p>A truffle hunt is a special and unforgettable event for any fan of this subterranean mushroom. We will tell you a story of our family truffle hunting tradition and convey the full experience from the adrenaline and anticipation of seeking this treasure to preparing the joint find and enjoying the aromas and flavors of our [&hellip;]<\/p>\n","protected":false},"author":1,"featured_media":0,"parent":0,"menu_order":0,"comment_status":"closed","ping_status":"closed","template":"single_lov_na_tartuf.php","meta":[],"yoast_head":"<!-- This site is optimized with the Yoast SEO plugin v20.0 - https:\/\/yoast.com\/wordpress\/plugins\/seo\/ -->\n<title>TRUFFLE HUNTING | PRODAN TARTUFI<\/title>\n<meta name=\"description\" content=\"truffles, truffle hunting, Tr\u00fcffel, lov na tartuf, tartufi, crni tartuf, bijeli tartuf, tartufo, schwarze Tr\u00fcffel, Tr\u00fcffelsuche, istra, istria, istrien, croatia, hrvatska, kroatien, tuber magnatum pico, buzet, white truffle, black truffle, weisse Tr\u00fcffel, cheese with truffles, olive oil with truffles, \u5976\u916a\u677e\u9732, \u677e\u9732, \u677e\u9732\u72e9\u730e, \u4f0a\u65af \u7279\u62c9, \u514b\u7f57\u5730\u4e9a, \u30c8\u30ea\u30e5\u30d5,\u30c8\u30ea\u30e5\u30d5\u72e9\u308a, \u30a4\u30b9\u30c8\u30ea\u30a2, \uc1a1\ub85c \ubc84\uc12f, \uc1a1\ub85c \ubc84\uc12f \uc0ac\ub0e5, \ud06c\ub85c\uc544\ud2f0\uc544, \uc774\uc2a4\ud2b8 \ub9ac\uc544, \u0442\u0440\u044e\u0444\u0435\u043b\u0438 ,\u043e\u0445\u043e\u0442\u0430 \u0442\u0440\u044e\u0444\u0435\u043b\u044f, \u0418\u0441\u0442\u0440\u0438\u044f, \u0425\u043e\u0440\u0432\u0430\u0442\u0438\u044f, truffle products, prodoti di tartufo, unique experience in istria, adventure in istria, exploring istria, family tradition, truffle dogs, truffle specialties, motovun, livade, \uc774\uc2a4\ud2b8 \ub9ac\uc544 \uc758 \ub3c5\ud2b9\ud55c \uc774\uc2a4\ud2b8 \ub9ac\uc544 \uc758 \uacbd\ud5d8 , \ubaa8\ud5d8, \uc774\uc2a4\ud2b8 \ub9ac\uc544 , \uac00\uc871\uc758 \uc804\ud1b5 , \uc1a1\ub85c \ubc84\uc12f \uac1c, \uc1a1\ub85c \ubc84\uc12f \uc694\ub9ac\" \/>\n<meta name=\"robots\" content=\"index, follow, max-snippet:-1, max-image-preview:large, max-video-preview:-1\" \/>\n<link rel=\"canonical\" href=\"https:\/\/prodantartufi.hr\/en\/lov-na-tartuf\/\" \/>\n<meta property=\"og:locale\" content=\"en_US\" \/>\n<meta property=\"og:type\" content=\"article\" \/>\n<meta property=\"og:title\" content=\"TRUFFLE HUNTING | PRODAN TARTUFI\" \/>\n<meta property=\"og:description\" content=\"truffles, truffle hunting, Tr\u00fcffel, lov na tartuf, tartufi, crni tartuf, bijeli tartuf, tartufo, schwarze Tr\u00fcffel, Tr\u00fcffelsuche, istra, istria, istrien, croatia, hrvatska, kroatien, tuber magnatum pico, buzet, white truffle, black truffle, weisse Tr\u00fcffel, cheese with truffles, olive oil with truffles, \u5976\u916a\u677e\u9732, \u677e\u9732, \u677e\u9732\u72e9\u730e, \u4f0a\u65af \u7279\u62c9, \u514b\u7f57\u5730\u4e9a, \u30c8\u30ea\u30e5\u30d5,\u30c8\u30ea\u30e5\u30d5\u72e9\u308a, \u30a4\u30b9\u30c8\u30ea\u30a2, \uc1a1\ub85c \ubc84\uc12f, \uc1a1\ub85c \ubc84\uc12f \uc0ac\ub0e5, \ud06c\ub85c\uc544\ud2f0\uc544, \uc774\uc2a4\ud2b8 \ub9ac\uc544, \u0442\u0440\u044e\u0444\u0435\u043b\u0438 ,\u043e\u0445\u043e\u0442\u0430 \u0442\u0440\u044e\u0444\u0435\u043b\u044f, \u0418\u0441\u0442\u0440\u0438\u044f, \u0425\u043e\u0440\u0432\u0430\u0442\u0438\u044f, truffle products, prodoti di tartufo, unique experience in istria, adventure in istria, exploring istria, family tradition, truffle dogs, truffle specialties, motovun, livade, \uc774\uc2a4\ud2b8 \ub9ac\uc544 \uc758 \ub3c5\ud2b9\ud55c \uc774\uc2a4\ud2b8 \ub9ac\uc544 \uc758 \uacbd\ud5d8 , \ubaa8\ud5d8, \uc774\uc2a4\ud2b8 \ub9ac\uc544 , \uac00\uc871\uc758 \uc804\ud1b5 , \uc1a1\ub85c \ubc84\uc12f \uac1c, \uc1a1\ub85c \ubc84\uc12f \uc694\ub9ac\" \/>\n<meta property=\"og:url\" content=\"https:\/\/prodantartufi.hr\/en\/lov-na-tartuf\/\" \/>\n<meta property=\"og:site_name\" content=\"PRODAN TARTUFI\" \/>\n<meta property=\"article:modified_time\" content=\"2019-07-22T07:34:12+00:00\" \/>\n<meta property=\"og:image\" content=\"http:\/\/prodantartufi.hr\/wp-content\/uploads\/2015\/10\/lov-na-tartuf-prodan-tartufi-1.jpg\" \/>\n<meta name=\"twitter:card\" content=\"summary_large_image\" \/>\n<meta name=\"twitter:label1\" content=\"Est. reading time\" \/>\n\t<meta name=\"twitter:data1\" content=\"4 minutes\" \/>\n<script type=\"application\/ld+json\" class=\"yoast-schema-graph\">{\"@context\":\"https:\/\/schema.org\",\"@graph\":[{\"@type\":\"WebPage\",\"@id\":\"https:\/\/prodantartufi.hr\/en\/lov-na-tartuf\/\",\"url\":\"https:\/\/prodantartufi.hr\/en\/lov-na-tartuf\/\",\"name\":\"TRUFFLE HUNTING | PRODAN TARTUFI\",\"isPartOf\":{\"@id\":\"https:\/\/prodantartufi.hr\/en\/#website\"},\"datePublished\":\"2015-10-23T11:56:09+00:00\",\"dateModified\":\"2019-07-22T07:34:12+00:00\",\"description\":\"truffles, truffle hunting, Tr\u00fcffel, lov na tartuf, tartufi, crni tartuf, bijeli tartuf, tartufo, schwarze Tr\u00fcffel, Tr\u00fcffelsuche, istra, istria, istrien, croatia, hrvatska, kroatien, tuber magnatum pico, buzet, white truffle, black truffle, weisse Tr\u00fcffel, cheese with truffles, olive oil with truffles, \u5976\u916a\u677e\u9732, \u677e\u9732, \u677e\u9732\u72e9\u730e, \u4f0a\u65af \u7279\u62c9, \u514b\u7f57\u5730\u4e9a, \u30c8\u30ea\u30e5\u30d5,\u30c8\u30ea\u30e5\u30d5\u72e9\u308a, \u30a4\u30b9\u30c8\u30ea\u30a2, \uc1a1\ub85c \ubc84\uc12f, \uc1a1\ub85c \ubc84\uc12f \uc0ac\ub0e5, \ud06c\ub85c\uc544\ud2f0\uc544, \uc774\uc2a4\ud2b8 \ub9ac\uc544, \u0442\u0440\u044e\u0444\u0435\u043b\u0438 ,\u043e\u0445\u043e\u0442\u0430 \u0442\u0440\u044e\u0444\u0435\u043b\u044f, \u0418\u0441\u0442\u0440\u0438\u044f, \u0425\u043e\u0440\u0432\u0430\u0442\u0438\u044f, truffle products, prodoti di tartufo, unique experience in istria, adventure in istria, exploring istria, family tradition, truffle dogs, truffle specialties, motovun, livade, \uc774\uc2a4\ud2b8 \ub9ac\uc544 \uc758 \ub3c5\ud2b9\ud55c \uc774\uc2a4\ud2b8 \ub9ac\uc544 \uc758 \uacbd\ud5d8 , \ubaa8\ud5d8, \uc774\uc2a4\ud2b8 \ub9ac\uc544 , \uac00\uc871\uc758 \uc804\ud1b5 , \uc1a1\ub85c \ubc84\uc12f \uac1c, \uc1a1\ub85c \ubc84\uc12f \uc694\ub9ac\",\"breadcrumb\":{\"@id\":\"https:\/\/prodantartufi.hr\/en\/lov-na-tartuf\/#breadcrumb\"},\"inLanguage\":\"en-US\",\"potentialAction\":[{\"@type\":\"ReadAction\",\"target\":[[\"https:\/\/prodantartufi.hr\/en\/lov-na-tartuf\/\"]]}]},{\"@type\":\"BreadcrumbList\",\"@id\":\"https:\/\/prodantartufi.hr\/en\/lov-na-tartuf\/#breadcrumb\",\"itemListElement\":[{\"@type\":\"ListItem\",\"position\":1,\"name\":\"Home\",\"item\":\"https:\/\/prodantartufi.hr\/en\/\"},{\"@type\":\"ListItem\",\"position\":2,\"name\":\"LOV NA TARTUF\"}]},{\"@type\":\"WebSite\",\"@id\":\"https:\/\/prodantartufi.hr\/en\/#website\",\"url\":\"https:\/\/prodantartufi.hr\/en\/\",\"name\":\"PRODAN TARTUFI\",\"description\":\"\",\"publisher\":{\"@id\":\"https:\/\/prodantartufi.hr\/en\/#organization\"},\"potentialAction\":[{\"@type\":\"SearchAction\",\"target\":{\"@type\":\"EntryPoint\",\"urlTemplate\":\"https:\/\/prodantartufi.hr\/en\/?s={search_term_string}\"},\"query-input\":\"required name=search_term_string\"}],\"inLanguage\":\"en-US\"},{\"@type\":\"Organization\",\"@id\":\"https:\/\/prodantartufi.hr\/en\/#organization\",\"name\":\"PRODAN TARTUFI |\",\"url\":\"https:\/\/prodantartufi.hr\/en\/\",\"logo\":{\"@type\":\"ImageObject\",\"inLanguage\":\"en-US\",\"@id\":\"https:\/\/prodantartufi.hr\/en\/#\/schema\/logo\/image\/\",\"url\":\"https:\/\/prodantartufi.hr\/wp-content\/uploads\/2015\/03\/logo_600px-e1434011074366.png\",\"contentUrl\":\"https:\/\/prodantartufi.hr\/wp-content\/uploads\/2015\/03\/logo_600px-e1434011074366.png\",\"width\":118,\"height\":29,\"caption\":\"PRODAN TARTUFI |\"},\"image\":{\"@id\":\"https:\/\/prodantartufi.hr\/en\/#\/schema\/logo\/image\/\"}}]}<\/script>\n<!-- \/ Yoast SEO plugin. -->","yoast_head_json":{"title":"TRUFFLE HUNTING | PRODAN TARTUFI","description":"truffles, truffle hunting, Tr\u00fcffel, lov na tartuf, tartufi, crni tartuf, bijeli tartuf, tartufo, schwarze Tr\u00fcffel, Tr\u00fcffelsuche, istra, istria, istrien, croatia, hrvatska, kroatien, tuber magnatum pico, buzet, white truffle, black truffle, weisse Tr\u00fcffel, cheese with truffles, olive oil with truffles, \u5976\u916a\u677e\u9732, \u677e\u9732, \u677e\u9732\u72e9\u730e, \u4f0a\u65af \u7279\u62c9, \u514b\u7f57\u5730\u4e9a, \u30c8\u30ea\u30e5\u30d5,\u30c8\u30ea\u30e5\u30d5\u72e9\u308a, \u30a4\u30b9\u30c8\u30ea\u30a2, \uc1a1\ub85c \ubc84\uc12f, \uc1a1\ub85c \ubc84\uc12f \uc0ac\ub0e5, \ud06c\ub85c\uc544\ud2f0\uc544, \uc774\uc2a4\ud2b8 \ub9ac\uc544, \u0442\u0440\u044e\u0444\u0435\u043b\u0438 ,\u043e\u0445\u043e\u0442\u0430 \u0442\u0440\u044e\u0444\u0435\u043b\u044f, \u0418\u0441\u0442\u0440\u0438\u044f, \u0425\u043e\u0440\u0432\u0430\u0442\u0438\u044f, truffle products, prodoti di tartufo, unique experience in istria, adventure in istria, exploring istria, family tradition, truffle dogs, truffle specialties, motovun, livade, \uc774\uc2a4\ud2b8 \ub9ac\uc544 \uc758 \ub3c5\ud2b9\ud55c \uc774\uc2a4\ud2b8 \ub9ac\uc544 \uc758 \uacbd\ud5d8 , \ubaa8\ud5d8, \uc774\uc2a4\ud2b8 \ub9ac\uc544 , \uac00\uc871\uc758 \uc804\ud1b5 , \uc1a1\ub85c \ubc84\uc12f \uac1c, \uc1a1\ub85c \ubc84\uc12f \uc694\ub9ac","robots":{"index":"index","follow":"follow","max-snippet":"max-snippet:-1","max-image-preview":"max-image-preview:large","max-video-preview":"max-video-preview:-1"},"canonical":"https:\/\/prodantartufi.hr\/en\/lov-na-tartuf\/","og_locale":"en_US","og_type":"article","og_title":"TRUFFLE HUNTING | PRODAN TARTUFI","og_description":"truffles, truffle hunting, Tr\u00fcffel, lov na tartuf, tartufi, crni tartuf, bijeli tartuf, tartufo, schwarze Tr\u00fcffel, Tr\u00fcffelsuche, istra, istria, istrien, croatia, hrvatska, kroatien, tuber magnatum pico, buzet, white truffle, black truffle, weisse Tr\u00fcffel, cheese with truffles, olive oil with truffles, \u5976\u916a\u677e\u9732, \u677e\u9732, \u677e\u9732\u72e9\u730e, \u4f0a\u65af \u7279\u62c9, \u514b\u7f57\u5730\u4e9a, \u30c8\u30ea\u30e5\u30d5,\u30c8\u30ea\u30e5\u30d5\u72e9\u308a, \u30a4\u30b9\u30c8\u30ea\u30a2, \uc1a1\ub85c \ubc84\uc12f, \uc1a1\ub85c \ubc84\uc12f \uc0ac\ub0e5, \ud06c\ub85c\uc544\ud2f0\uc544, \uc774\uc2a4\ud2b8 \ub9ac\uc544, \u0442\u0440\u044e\u0444\u0435\u043b\u0438 ,\u043e\u0445\u043e\u0442\u0430 \u0442\u0440\u044e\u0444\u0435\u043b\u044f, \u0418\u0441\u0442\u0440\u0438\u044f, \u0425\u043e\u0440\u0432\u0430\u0442\u0438\u044f, truffle products, prodoti di tartufo, unique experience in istria, adventure in istria, exploring istria, family tradition, truffle dogs, truffle specialties, motovun, livade, \uc774\uc2a4\ud2b8 \ub9ac\uc544 \uc758 \ub3c5\ud2b9\ud55c \uc774\uc2a4\ud2b8 \ub9ac\uc544 \uc758 \uacbd\ud5d8 , \ubaa8\ud5d8, \uc774\uc2a4\ud2b8 \ub9ac\uc544 , \uac00\uc871\uc758 \uc804\ud1b5 , \uc1a1\ub85c \ubc84\uc12f \uac1c, \uc1a1\ub85c \ubc84\uc12f \uc694\ub9ac","og_url":"https:\/\/prodantartufi.hr\/en\/lov-na-tartuf\/","og_site_name":"PRODAN TARTUFI","article_modified_time":"2019-07-22T07:34:12+00:00","og_image":[{"url":"http:\/\/prodantartufi.hr\/wp-content\/uploads\/2015\/10\/lov-na-tartuf-prodan-tartufi-1.jpg"}],"twitter_card":"summary_large_image","twitter_misc":{"Est. reading time":"4 minutes"},"schema":{"@context":"https:\/\/schema.org","@graph":[{"@type":"WebPage","@id":"https:\/\/prodantartufi.hr\/en\/lov-na-tartuf\/","url":"https:\/\/prodantartufi.hr\/en\/lov-na-tartuf\/","name":"TRUFFLE HUNTING | PRODAN TARTUFI","isPartOf":{"@id":"https:\/\/prodantartufi.hr\/en\/#website"},"datePublished":"2015-10-23T11:56:09+00:00","dateModified":"2019-07-22T07:34:12+00:00","description":"truffles, truffle hunting, Tr\u00fcffel, lov na tartuf, tartufi, crni tartuf, bijeli tartuf, tartufo, schwarze Tr\u00fcffel, Tr\u00fcffelsuche, istra, istria, istrien, croatia, hrvatska, kroatien, tuber magnatum pico, buzet, white truffle, black truffle, weisse Tr\u00fcffel, cheese with truffles, olive oil with truffles, \u5976\u916a\u677e\u9732, \u677e\u9732, \u677e\u9732\u72e9\u730e, \u4f0a\u65af \u7279\u62c9, \u514b\u7f57\u5730\u4e9a, \u30c8\u30ea\u30e5\u30d5,\u30c8\u30ea\u30e5\u30d5\u72e9\u308a, \u30a4\u30b9\u30c8\u30ea\u30a2, \uc1a1\ub85c \ubc84\uc12f, \uc1a1\ub85c \ubc84\uc12f \uc0ac\ub0e5, \ud06c\ub85c\uc544\ud2f0\uc544, \uc774\uc2a4\ud2b8 \ub9ac\uc544, \u0442\u0440\u044e\u0444\u0435\u043b\u0438 ,\u043e\u0445\u043e\u0442\u0430 \u0442\u0440\u044e\u0444\u0435\u043b\u044f, \u0418\u0441\u0442\u0440\u0438\u044f, \u0425\u043e\u0440\u0432\u0430\u0442\u0438\u044f, truffle products, prodoti di tartufo, unique experience in istria, adventure in istria, exploring istria, family tradition, truffle dogs, truffle specialties, motovun, livade, \uc774\uc2a4\ud2b8 \ub9ac\uc544 \uc758 \ub3c5\ud2b9\ud55c \uc774\uc2a4\ud2b8 \ub9ac\uc544 \uc758 \uacbd\ud5d8 , \ubaa8\ud5d8, \uc774\uc2a4\ud2b8 \ub9ac\uc544 , \uac00\uc871\uc758 \uc804\ud1b5 , \uc1a1\ub85c \ubc84\uc12f \uac1c, \uc1a1\ub85c \ubc84\uc12f \uc694\ub9ac","breadcrumb":{"@id":"https:\/\/prodantartufi.hr\/en\/lov-na-tartuf\/#breadcrumb"},"inLanguage":"en-US","potentialAction":[{"@type":"ReadAction","target":[["https:\/\/prodantartufi.hr\/en\/lov-na-tartuf\/"]]}]},{"@type":"BreadcrumbList","@id":"https:\/\/prodantartufi.hr\/en\/lov-na-tartuf\/#breadcrumb","itemListElement":[{"@type":"ListItem","position":1,"name":"Home","item":"https:\/\/prodantartufi.hr\/en\/"},{"@type":"ListItem","position":2,"name":"LOV NA TARTUF"}]},{"@type":"WebSite","@id":"https:\/\/prodantartufi.hr\/en\/#website","url":"https:\/\/prodantartufi.hr\/en\/","name":"PRODAN TARTUFI","description":"","publisher":{"@id":"https:\/\/prodantartufi.hr\/en\/#organization"},"potentialAction":[{"@type":"SearchAction","target":{"@type":"EntryPoint","urlTemplate":"https:\/\/prodantartufi.hr\/en\/?s={search_term_string}"},"query-input":"required name=search_term_string"}],"inLanguage":"en-US"},{"@type":"Organization","@id":"https:\/\/prodantartufi.hr\/en\/#organization","name":"PRODAN TARTUFI |","url":"https:\/\/prodantartufi.hr\/en\/","logo":{"@type":"ImageObject","inLanguage":"en-US","@id":"https:\/\/prodantartufi.hr\/en\/#\/schema\/logo\/image\/","url":"https:\/\/prodantartufi.hr\/wp-content\/uploads\/2015\/03\/logo_600px-e1434011074366.png","contentUrl":"https:\/\/prodantartufi.hr\/wp-content\/uploads\/2015\/03\/logo_600px-e1434011074366.png","width":118,"height":29,"caption":"PRODAN TARTUFI |"},"image":{"@id":"https:\/\/prodantartufi.hr\/en\/#\/schema\/logo\/image\/"}}]}},"_links":{"self":[{"href":"https:\/\/prodantartufi.hr\/en\/wp-json\/wp\/v2\/pages\/627"}],"collection":[{"href":"https:\/\/prodantartufi.hr\/en\/wp-json\/wp\/v2\/pages"}],"about":[{"href":"https:\/\/prodantartufi.hr\/en\/wp-json\/wp\/v2\/types\/page"}],"author":[{"embeddable":true,"href":"https:\/\/prodantartufi.hr\/en\/wp-json\/wp\/v2\/users\/1"}],"replies":[{"embeddable":true,"href":"https:\/\/prodantartufi.hr\/en\/wp-json\/wp\/v2\/comments?post=627"}],"version-history":[{"count":82,"href":"https:\/\/prodantartufi.hr\/en\/wp-json\/wp\/v2\/pages\/627\/revisions"}],"predecessor-version":[{"id":1628,"href":"https:\/\/prodantartufi.hr\/en\/wp-json\/wp\/v2\/pages\/627\/revisions\/1628"}],"wp:attachment":[{"href":"https:\/\/prodantartufi.hr\/en\/wp-json\/wp\/v2\/media?parent=627"}],"curies":[{"name":"wp","href":"https:\/\/api.w.org\/{rel}","templated":true}]}}