{"id":640,"date":"2015-10-23T12:12:07","date_gmt":"2015-10-23T12:12:07","guid":{"rendered":"http:\/\/prodantartufi.hr\/?page_id=640"},"modified":"2019-01-25T11:34:23","modified_gmt":"2019-01-25T11:34:23","slug":"proizvodi-prodan-tartufi","status":"publish","type":"page","link":"https:\/\/prodantartufi.hr\/en\/proizvodi-prodan-tartufi\/","title":{"rendered":"PRODUCTS"},"content":{"rendered":"<p>The long-standing tradition, the hard work and dedication of the whole family, and above all our passion and love of truffles \u2013 those are the ingredients that make our products special and give them their recognizable and irresistible flavors and aromas. Another particular reason to enjoy our products is that they are 100% Croatian and made from produce grown in the clean and unspoiled Istrian nature.\u00a0 We at Prodan Tartufi hope our products meet all your expectations and give you great enjoyment.<\/p>\n<table align=\"center\">\n<tbody>\n<tr>\n<td>\n<div class=\"img_hover\">\n<p style=\"text-align: center;\"><span style=\"font-size: 16pt;\"><strong>TARTUFATA<\/strong><\/span><\/p>\n<p><a href=\"https:\/\/prodantartufi.hr\/tartufate\/\"><img decoding=\"async\" loading=\"lazy\" class=\"aligncenter wp-image-1250\" src=\"https:\/\/prodantartufi.hr\/wp-content\/uploads\/2015\/10\/tartufate-prodan-tartufi.jpg\" alt=\"tartufate - prodan tartufi\" width=\"600\" height=\"450\" srcset=\"https:\/\/prodantartufi.hr\/wp-content\/uploads\/2015\/10\/tartufate-prodan-tartufi.jpg 934w, https:\/\/prodantartufi.hr\/wp-content\/uploads\/2015\/10\/tartufate-prodan-tartufi-400x300.jpg 400w, https:\/\/prodantartufi.hr\/wp-content\/uploads\/2015\/10\/tartufate-prodan-tartufi-768x576.jpg 768w\" sizes=\"(max-width: 600px) 100vw, 600px\" \/><\/a><\/p>\n<\/div>\n<\/td>\n<td>\n<div class=\"img_hover\">\n<p style=\"text-align: center;\"><span style=\"font-size: 16pt;\"><strong>TRUFFLE SPREADS AND DRIED MUSHROOMS<\/strong><\/span><\/p>\n<p><a href=\"https:\/\/prodantartufi.hr\/namazi-s-tartufima-i-suhe-gljive\/\"><img decoding=\"async\" loading=\"lazy\" class=\"aligncenter wp-image-1251\" src=\"https:\/\/prodantartufi.hr\/wp-content\/uploads\/2015\/10\/namazi-s-tartufima-i-suhe-gljive-prodan-tartufi.jpg\" alt=\"namazi s tartufima i suhe gljive - prodan tartufi\" width=\"600\" height=\"450\" srcset=\"https:\/\/prodantartufi.hr\/wp-content\/uploads\/2015\/10\/namazi-s-tartufima-i-suhe-gljive-prodan-tartufi.jpg 934w, https:\/\/prodantartufi.hr\/wp-content\/uploads\/2015\/10\/namazi-s-tartufima-i-suhe-gljive-prodan-tartufi-400x300.jpg 400w, https:\/\/prodantartufi.hr\/wp-content\/uploads\/2015\/10\/namazi-s-tartufima-i-suhe-gljive-prodan-tartufi-768x576.jpg 768w\" sizes=\"(max-width: 600px) 100vw, 600px\" \/><\/a><\/p>\n<\/div>\n<\/td>\n<\/tr>\n<\/tbody>\n<\/table>\n<table style=\"margin-top: 40px;\" align=\"center\">\n<tbody>\n<tr>\n<td>\n<div class=\"img_hover\">\n<p style=\"text-align: center;\"><span style=\"font-size: 16pt;\"><strong>WHOLE AND SLICED BLACK TRUFFLES<\/strong><\/span><\/p>\n<p><a href=\"https:\/\/prodantartufi.hr\/crni-tartufi-cijeli-i-sjeckani\/\"><img decoding=\"async\" loading=\"lazy\" class=\"aligncenter wp-image-1252\" src=\"https:\/\/prodantartufi.hr\/wp-content\/uploads\/2015\/10\/crni-tartufi-cijeli-i-sjeckani-prodan-tartufi.jpg\" alt=\"crni tartufi cijeli i sjeckani - prodan tartufi\" width=\"600\" height=\"450\" srcset=\"https:\/\/prodantartufi.hr\/wp-content\/uploads\/2015\/10\/crni-tartufi-cijeli-i-sjeckani-prodan-tartufi.jpg 1024w, https:\/\/prodantartufi.hr\/wp-content\/uploads\/2015\/10\/crni-tartufi-cijeli-i-sjeckani-prodan-tartufi-400x300.jpg 400w, https:\/\/prodantartufi.hr\/wp-content\/uploads\/2015\/10\/crni-tartufi-cijeli-i-sjeckani-prodan-tartufi-768x576.jpg 768w\" sizes=\"(max-width: 600px) 100vw, 600px\" \/><\/a><\/p>\n<\/div>\n<\/td>\n<td>\n<div class=\"img_hover\">\n<p style=\"text-align: center;\"><span style=\"font-size: 16pt;\"><strong>OLIVE OILS WITH TRUFFLES<\/strong><\/span><\/p>\n<p><a href=\"https:\/\/prodantartufi.hr\/maslinova-ulja-s-tartufima\/\"><img decoding=\"async\" loading=\"lazy\" class=\"aligncenter wp-image-1253\" src=\"https:\/\/prodantartufi.hr\/wp-content\/uploads\/2015\/10\/maslinova-ulja-s-tartufima-prodan-tartufi.jpg\" alt=\"maslinova ulja s tartufima - prodan tartufi\" width=\"600\" height=\"450\" srcset=\"https:\/\/prodantartufi.hr\/wp-content\/uploads\/2015\/10\/maslinova-ulja-s-tartufima-prodan-tartufi.jpg 934w, https:\/\/prodantartufi.hr\/wp-content\/uploads\/2015\/10\/maslinova-ulja-s-tartufima-prodan-tartufi-400x300.jpg 400w, https:\/\/prodantartufi.hr\/wp-content\/uploads\/2015\/10\/maslinova-ulja-s-tartufima-prodan-tartufi-768x576.jpg 768w\" sizes=\"(max-width: 600px) 100vw, 600px\" \/><\/a><\/p>\n<\/div>\n<\/td>\n<\/tr>\n<\/tbody>\n<\/table>\n<table style=\"margin-top: 40px;\" align=\"center\">\n<tbody>\n<tr>\n<td>\n<div class=\"img_hover\">\n<p style=\"text-align: center;\"><span style=\"font-size: 14pt;\"><strong>SWEET DELICACIES AND SEASONINGS WITH TRUFFLES<\/strong><\/span><\/p>\n<p><a href=\"https:\/\/prodantartufi.hr\/slatke-delicije-i-zacini-s-tartufima\/\"><img decoding=\"async\" loading=\"lazy\" class=\"aligncenter wp-image-1254 size-full\" src=\"https:\/\/prodantartufi.hr\/wp-content\/uploads\/2015\/10\/slatke-delicije-i-zacini-s-tartufima-prodan-tartufi.jpg\" alt=\"\" width=\"400\" height=\"400\" srcset=\"https:\/\/prodantartufi.hr\/wp-content\/uploads\/2015\/10\/slatke-delicije-i-zacini-s-tartufima-prodan-tartufi.jpg 400w, https:\/\/prodantartufi.hr\/wp-content\/uploads\/2015\/10\/slatke-delicije-i-zacini-s-tartufima-prodan-tartufi-150x150.jpg 150w\" sizes=\"(max-width: 400px) 100vw, 400px\" \/><\/a><\/p>\n<\/div>\n<\/td>\n<td>\n<div class=\"img_hover\">\n<p style=\"text-align: center;\"><span style=\"font-size: 14pt;\"><strong>CHEESES AND SALAMI WITH TRUFFLES<\/strong><\/span><\/p>\n<p><a href=\"https:\/\/prodantartufi.hr\/sirevi-i-salame-s-tartufima\/\"><img decoding=\"async\" loading=\"lazy\" class=\"aligncenter wp-image-1255 size-full\" src=\"https:\/\/prodantartufi.hr\/wp-content\/uploads\/2015\/10\/sirevi-i-salame-s-tartufima-prodan-tartufi.jpg\" alt=\"\" width=\"400\" height=\"400\" srcset=\"https:\/\/prodantartufi.hr\/wp-content\/uploads\/2015\/10\/sirevi-i-salame-s-tartufima-prodan-tartufi.jpg 400w, https:\/\/prodantartufi.hr\/wp-content\/uploads\/2015\/10\/sirevi-i-salame-s-tartufima-prodan-tartufi-150x150.jpg 150w\" sizes=\"(max-width: 400px) 100vw, 400px\" \/><\/a><\/p>\n<\/div>\n<\/td>\n<td>\n<div class=\"img_hover\">\n<p style=\"text-align: center;\"><span style=\"font-size: 14pt;\"><strong>TRUFFLE ACCESSORIES<\/strong><\/span><\/p>\n<p><a href=\"https:\/\/prodantartufi.hr\/pribor-za-tartufe\/\"><img decoding=\"async\" loading=\"lazy\" class=\"aligncenter wp-image-1256 size-full\" src=\"https:\/\/prodantartufi.hr\/wp-content\/uploads\/2015\/10\/pribor-za-tartufe-prodan-tartufi.jpg\" alt=\"\" width=\"400\" height=\"400\" srcset=\"https:\/\/prodantartufi.hr\/wp-content\/uploads\/2015\/10\/pribor-za-tartufe-prodan-tartufi.jpg 400w, https:\/\/prodantartufi.hr\/wp-content\/uploads\/2015\/10\/pribor-za-tartufe-prodan-tartufi-150x150.jpg 150w\" sizes=\"(max-width: 400px) 100vw, 400px\" \/><\/a><\/p>\n<\/div>\n<\/td>\n<td><\/td>\n<\/tr>\n<\/tbody>\n<\/table>\n<hr \/>\n<p><\/p>","protected":false},"excerpt":{"rendered":"<p>The long-standing tradition, the hard work and dedication of the whole family, and above all our passion and love of truffles \u2013 those are the ingredients that make our products special and give them their recognizable and irresistible flavors and aromas. Another particular reason to enjoy our products is that they are 100% Croatian and [&hellip;]<\/p>\n","protected":false},"author":1,"featured_media":0,"parent":0,"menu_order":0,"comment_status":"closed","ping_status":"closed","template":"single_proizvodi.php","meta":[],"yoast_head":"<!-- This site is optimized with the Yoast SEO plugin v20.0 - https:\/\/yoast.com\/wordpress\/plugins\/seo\/ -->\n<title>PRODUCTS | PRODAN TARTUFI<\/title>\n<meta name=\"description\" content=\"truffles, truffle hunting, Tr\u00fcffel, lov na tartuf, tartufi, crni tartuf, bijeli tartuf, tartufo, schwarze Tr\u00fcffel, Tr\u00fcffelsuche, istra, istria, istrien, croatia, hrvatska, kroatien, tuber magnatum pico, buzet, white truffle, black truffle, weisse Tr\u00fcffel, cheese with truffles, olive oil with truffles, \u5976\u916a\u677e\u9732, \u677e\u9732, \u677e\u9732\u72e9\u730e, \u4f0a\u65af \u7279\u62c9, \u514b\u7f57\u5730\u4e9a, \u30c8\u30ea\u30e5\u30d5,\u30c8\u30ea\u30e5\u30d5\u72e9\u308a, \u30a4\u30b9\u30c8\u30ea\u30a2, \uc1a1\ub85c \ubc84\uc12f, \uc1a1\ub85c \ubc84\uc12f \uc0ac\ub0e5, \ud06c\ub85c\uc544\ud2f0\uc544, \uc774\uc2a4\ud2b8 \ub9ac\uc544, \u0442\u0440\u044e\u0444\u0435\u043b\u0438 ,\u043e\u0445\u043e\u0442\u0430 \u0442\u0440\u044e\u0444\u0435\u043b\u044f, \u0418\u0441\u0442\u0440\u0438\u044f, \u0425\u043e\u0440\u0432\u0430\u0442\u0438\u044f, truffle products, prodoti di tartufo, unique experience in istria, adventure in istria, exploring istria, family tradition, truffle dogs, truffle specialties, motovun, livade, \uc774\uc2a4\ud2b8 \ub9ac\uc544 \uc758 \ub3c5\ud2b9\ud55c \uc774\uc2a4\ud2b8 \ub9ac\uc544 \uc758 \uacbd\ud5d8 , \ubaa8\ud5d8, \uc774\uc2a4\ud2b8 \ub9ac\uc544 , \uac00\uc871\uc758 \uc804\ud1b5 , \uc1a1\ub85c \ubc84\uc12f \uac1c, \uc1a1\ub85c \ubc84\uc12f \uc694\ub9ac\" \/>\n<meta name=\"robots\" content=\"index, follow, max-snippet:-1, max-image-preview:large, max-video-preview:-1\" \/>\n<link rel=\"canonical\" href=\"https:\/\/prodantartufi.hr\/en\/proizvodi-prodan-tartufi\/\" \/>\n<meta property=\"og:locale\" content=\"en_US\" \/>\n<meta property=\"og:type\" content=\"article\" \/>\n<meta property=\"og:title\" content=\"PRODUCTS | PRODAN TARTUFI\" \/>\n<meta property=\"og:description\" content=\"truffles, truffle hunting, Tr\u00fcffel, lov na tartuf, tartufi, crni tartuf, bijeli tartuf, tartufo, schwarze Tr\u00fcffel, Tr\u00fcffelsuche, istra, istria, istrien, croatia, hrvatska, kroatien, tuber magnatum pico, buzet, white truffle, black truffle, weisse Tr\u00fcffel, cheese with truffles, olive oil with truffles, \u5976\u916a\u677e\u9732, \u677e\u9732, \u677e\u9732\u72e9\u730e, \u4f0a\u65af \u7279\u62c9, \u514b\u7f57\u5730\u4e9a, \u30c8\u30ea\u30e5\u30d5,\u30c8\u30ea\u30e5\u30d5\u72e9\u308a, \u30a4\u30b9\u30c8\u30ea\u30a2, \uc1a1\ub85c \ubc84\uc12f, \uc1a1\ub85c \ubc84\uc12f \uc0ac\ub0e5, \ud06c\ub85c\uc544\ud2f0\uc544, \uc774\uc2a4\ud2b8 \ub9ac\uc544, \u0442\u0440\u044e\u0444\u0435\u043b\u0438 ,\u043e\u0445\u043e\u0442\u0430 \u0442\u0440\u044e\u0444\u0435\u043b\u044f, \u0418\u0441\u0442\u0440\u0438\u044f, \u0425\u043e\u0440\u0432\u0430\u0442\u0438\u044f, truffle products, prodoti di tartufo, unique experience in istria, adventure in istria, exploring istria, family tradition, truffle dogs, truffle specialties, motovun, livade, \uc774\uc2a4\ud2b8 \ub9ac\uc544 \uc758 \ub3c5\ud2b9\ud55c \uc774\uc2a4\ud2b8 \ub9ac\uc544 \uc758 \uacbd\ud5d8 , \ubaa8\ud5d8, \uc774\uc2a4\ud2b8 \ub9ac\uc544 , \uac00\uc871\uc758 \uc804\ud1b5 , \uc1a1\ub85c \ubc84\uc12f \uac1c, \uc1a1\ub85c \ubc84\uc12f \uc694\ub9ac\" \/>\n<meta property=\"og:url\" content=\"https:\/\/prodantartufi.hr\/en\/proizvodi-prodan-tartufi\/\" \/>\n<meta property=\"og:site_name\" content=\"PRODAN TARTUFI\" \/>\n<meta property=\"article:modified_time\" content=\"2019-01-25T11:34:23+00:00\" \/>\n<meta property=\"og:image\" content=\"https:\/\/prodantartufi.hr\/wp-content\/uploads\/2015\/10\/tartufate-prodan-tartufi.jpg\" \/>\n<meta name=\"twitter:card\" content=\"summary_large_image\" \/>\n<meta name=\"twitter:label1\" content=\"Est. reading time\" \/>\n\t<meta name=\"twitter:data1\" content=\"2 minutes\" \/>\n<script type=\"application\/ld+json\" class=\"yoast-schema-graph\">{\"@context\":\"https:\/\/schema.org\",\"@graph\":[{\"@type\":\"WebPage\",\"@id\":\"https:\/\/prodantartufi.hr\/en\/proizvodi-prodan-tartufi\/\",\"url\":\"https:\/\/prodantartufi.hr\/en\/proizvodi-prodan-tartufi\/\",\"name\":\"PRODUCTS | PRODAN TARTUFI\",\"isPartOf\":{\"@id\":\"https:\/\/prodantartufi.hr\/en\/#website\"},\"datePublished\":\"2015-10-23T12:12:07+00:00\",\"dateModified\":\"2019-01-25T11:34:23+00:00\",\"description\":\"truffles, truffle hunting, Tr\u00fcffel, lov na tartuf, tartufi, crni tartuf, bijeli tartuf, tartufo, schwarze Tr\u00fcffel, Tr\u00fcffelsuche, istra, istria, istrien, croatia, hrvatska, kroatien, tuber magnatum pico, buzet, white truffle, black truffle, weisse Tr\u00fcffel, cheese with truffles, olive oil with truffles, \u5976\u916a\u677e\u9732, \u677e\u9732, \u677e\u9732\u72e9\u730e, \u4f0a\u65af \u7279\u62c9, \u514b\u7f57\u5730\u4e9a, \u30c8\u30ea\u30e5\u30d5,\u30c8\u30ea\u30e5\u30d5\u72e9\u308a, \u30a4\u30b9\u30c8\u30ea\u30a2, \uc1a1\ub85c \ubc84\uc12f, \uc1a1\ub85c \ubc84\uc12f \uc0ac\ub0e5, \ud06c\ub85c\uc544\ud2f0\uc544, \uc774\uc2a4\ud2b8 \ub9ac\uc544, \u0442\u0440\u044e\u0444\u0435\u043b\u0438 ,\u043e\u0445\u043e\u0442\u0430 \u0442\u0440\u044e\u0444\u0435\u043b\u044f, \u0418\u0441\u0442\u0440\u0438\u044f, \u0425\u043e\u0440\u0432\u0430\u0442\u0438\u044f, truffle products, prodoti di tartufo, unique experience in istria, adventure in istria, exploring istria, family tradition, truffle dogs, truffle specialties, motovun, livade, \uc774\uc2a4\ud2b8 \ub9ac\uc544 \uc758 \ub3c5\ud2b9\ud55c \uc774\uc2a4\ud2b8 \ub9ac\uc544 \uc758 \uacbd\ud5d8 , \ubaa8\ud5d8, \uc774\uc2a4\ud2b8 \ub9ac\uc544 , \uac00\uc871\uc758 \uc804\ud1b5 , \uc1a1\ub85c \ubc84\uc12f \uac1c, \uc1a1\ub85c \ubc84\uc12f \uc694\ub9ac\",\"breadcrumb\":{\"@id\":\"https:\/\/prodantartufi.hr\/en\/proizvodi-prodan-tartufi\/#breadcrumb\"},\"inLanguage\":\"en-US\",\"potentialAction\":[{\"@type\":\"ReadAction\",\"target\":[[\"https:\/\/prodantartufi.hr\/en\/proizvodi-prodan-tartufi\/\"]]}]},{\"@type\":\"BreadcrumbList\",\"@id\":\"https:\/\/prodantartufi.hr\/en\/proizvodi-prodan-tartufi\/#breadcrumb\",\"itemListElement\":[{\"@type\":\"ListItem\",\"position\":1,\"name\":\"Home\",\"item\":\"https:\/\/prodantartufi.hr\/en\/\"},{\"@type\":\"ListItem\",\"position\":2,\"name\":\"PROIZVODI\"}]},{\"@type\":\"WebSite\",\"@id\":\"https:\/\/prodantartufi.hr\/en\/#website\",\"url\":\"https:\/\/prodantartufi.hr\/en\/\",\"name\":\"PRODAN TARTUFI\",\"description\":\"\",\"publisher\":{\"@id\":\"https:\/\/prodantartufi.hr\/en\/#organization\"},\"potentialAction\":[{\"@type\":\"SearchAction\",\"target\":{\"@type\":\"EntryPoint\",\"urlTemplate\":\"https:\/\/prodantartufi.hr\/en\/?s={search_term_string}\"},\"query-input\":\"required name=search_term_string\"}],\"inLanguage\":\"en-US\"},{\"@type\":\"Organization\",\"@id\":\"https:\/\/prodantartufi.hr\/en\/#organization\",\"name\":\"PRODAN TARTUFI |\",\"url\":\"https:\/\/prodantartufi.hr\/en\/\",\"logo\":{\"@type\":\"ImageObject\",\"inLanguage\":\"en-US\",\"@id\":\"https:\/\/prodantartufi.hr\/en\/#\/schema\/logo\/image\/\",\"url\":\"https:\/\/prodantartufi.hr\/wp-content\/uploads\/2015\/03\/logo_600px-e1434011074366.png\",\"contentUrl\":\"https:\/\/prodantartufi.hr\/wp-content\/uploads\/2015\/03\/logo_600px-e1434011074366.png\",\"width\":118,\"height\":29,\"caption\":\"PRODAN TARTUFI |\"},\"image\":{\"@id\":\"https:\/\/prodantartufi.hr\/en\/#\/schema\/logo\/image\/\"}}]}<\/script>\n<!-- \/ Yoast SEO plugin. -->","yoast_head_json":{"title":"PRODUCTS | PRODAN TARTUFI","description":"truffles, truffle hunting, Tr\u00fcffel, lov na tartuf, tartufi, crni tartuf, bijeli tartuf, tartufo, schwarze Tr\u00fcffel, Tr\u00fcffelsuche, istra, istria, istrien, croatia, hrvatska, kroatien, tuber magnatum pico, buzet, white truffle, black truffle, weisse Tr\u00fcffel, cheese with truffles, olive oil with truffles, \u5976\u916a\u677e\u9732, \u677e\u9732, \u677e\u9732\u72e9\u730e, \u4f0a\u65af \u7279\u62c9, \u514b\u7f57\u5730\u4e9a, \u30c8\u30ea\u30e5\u30d5,\u30c8\u30ea\u30e5\u30d5\u72e9\u308a, \u30a4\u30b9\u30c8\u30ea\u30a2, \uc1a1\ub85c \ubc84\uc12f, \uc1a1\ub85c \ubc84\uc12f \uc0ac\ub0e5, \ud06c\ub85c\uc544\ud2f0\uc544, \uc774\uc2a4\ud2b8 \ub9ac\uc544, \u0442\u0440\u044e\u0444\u0435\u043b\u0438 ,\u043e\u0445\u043e\u0442\u0430 \u0442\u0440\u044e\u0444\u0435\u043b\u044f, \u0418\u0441\u0442\u0440\u0438\u044f, \u0425\u043e\u0440\u0432\u0430\u0442\u0438\u044f, truffle products, prodoti di tartufo, unique experience in istria, adventure in istria, exploring istria, family tradition, truffle dogs, truffle specialties, motovun, livade, \uc774\uc2a4\ud2b8 \ub9ac\uc544 \uc758 \ub3c5\ud2b9\ud55c \uc774\uc2a4\ud2b8 \ub9ac\uc544 \uc758 \uacbd\ud5d8 , \ubaa8\ud5d8, \uc774\uc2a4\ud2b8 \ub9ac\uc544 , \uac00\uc871\uc758 \uc804\ud1b5 , \uc1a1\ub85c \ubc84\uc12f \uac1c, \uc1a1\ub85c \ubc84\uc12f \uc694\ub9ac","robots":{"index":"index","follow":"follow","max-snippet":"max-snippet:-1","max-image-preview":"max-image-preview:large","max-video-preview":"max-video-preview:-1"},"canonical":"https:\/\/prodantartufi.hr\/en\/proizvodi-prodan-tartufi\/","og_locale":"en_US","og_type":"article","og_title":"PRODUCTS | PRODAN TARTUFI","og_description":"truffles, truffle hunting, Tr\u00fcffel, lov na tartuf, tartufi, crni tartuf, bijeli tartuf, tartufo, schwarze Tr\u00fcffel, Tr\u00fcffelsuche, istra, istria, istrien, croatia, hrvatska, kroatien, tuber magnatum pico, buzet, white truffle, black truffle, weisse Tr\u00fcffel, cheese with truffles, olive oil with truffles, \u5976\u916a\u677e\u9732, \u677e\u9732, \u677e\u9732\u72e9\u730e, \u4f0a\u65af \u7279\u62c9, \u514b\u7f57\u5730\u4e9a, \u30c8\u30ea\u30e5\u30d5,\u30c8\u30ea\u30e5\u30d5\u72e9\u308a, \u30a4\u30b9\u30c8\u30ea\u30a2, \uc1a1\ub85c \ubc84\uc12f, \uc1a1\ub85c \ubc84\uc12f \uc0ac\ub0e5, \ud06c\ub85c\uc544\ud2f0\uc544, \uc774\uc2a4\ud2b8 \ub9ac\uc544, \u0442\u0440\u044e\u0444\u0435\u043b\u0438 ,\u043e\u0445\u043e\u0442\u0430 \u0442\u0440\u044e\u0444\u0435\u043b\u044f, \u0418\u0441\u0442\u0440\u0438\u044f, \u0425\u043e\u0440\u0432\u0430\u0442\u0438\u044f, truffle products, prodoti di tartufo, unique experience in istria, adventure in istria, exploring istria, family tradition, truffle dogs, truffle specialties, motovun, livade, \uc774\uc2a4\ud2b8 \ub9ac\uc544 \uc758 \ub3c5\ud2b9\ud55c \uc774\uc2a4\ud2b8 \ub9ac\uc544 \uc758 \uacbd\ud5d8 , \ubaa8\ud5d8, \uc774\uc2a4\ud2b8 \ub9ac\uc544 , \uac00\uc871\uc758 \uc804\ud1b5 , \uc1a1\ub85c \ubc84\uc12f \uac1c, \uc1a1\ub85c \ubc84\uc12f \uc694\ub9ac","og_url":"https:\/\/prodantartufi.hr\/en\/proizvodi-prodan-tartufi\/","og_site_name":"PRODAN TARTUFI","article_modified_time":"2019-01-25T11:34:23+00:00","og_image":[{"url":"https:\/\/prodantartufi.hr\/wp-content\/uploads\/2015\/10\/tartufate-prodan-tartufi.jpg"}],"twitter_card":"summary_large_image","twitter_misc":{"Est. reading time":"2 minutes"},"schema":{"@context":"https:\/\/schema.org","@graph":[{"@type":"WebPage","@id":"https:\/\/prodantartufi.hr\/en\/proizvodi-prodan-tartufi\/","url":"https:\/\/prodantartufi.hr\/en\/proizvodi-prodan-tartufi\/","name":"PRODUCTS | PRODAN TARTUFI","isPartOf":{"@id":"https:\/\/prodantartufi.hr\/en\/#website"},"datePublished":"2015-10-23T12:12:07+00:00","dateModified":"2019-01-25T11:34:23+00:00","description":"truffles, truffle hunting, Tr\u00fcffel, lov na tartuf, tartufi, crni tartuf, bijeli tartuf, tartufo, schwarze Tr\u00fcffel, Tr\u00fcffelsuche, istra, istria, istrien, croatia, hrvatska, kroatien, tuber magnatum pico, buzet, white truffle, black truffle, weisse Tr\u00fcffel, cheese with truffles, olive oil with truffles, \u5976\u916a\u677e\u9732, \u677e\u9732, \u677e\u9732\u72e9\u730e, \u4f0a\u65af \u7279\u62c9, \u514b\u7f57\u5730\u4e9a, \u30c8\u30ea\u30e5\u30d5,\u30c8\u30ea\u30e5\u30d5\u72e9\u308a, \u30a4\u30b9\u30c8\u30ea\u30a2, \uc1a1\ub85c \ubc84\uc12f, \uc1a1\ub85c \ubc84\uc12f \uc0ac\ub0e5, \ud06c\ub85c\uc544\ud2f0\uc544, \uc774\uc2a4\ud2b8 \ub9ac\uc544, \u0442\u0440\u044e\u0444\u0435\u043b\u0438 ,\u043e\u0445\u043e\u0442\u0430 \u0442\u0440\u044e\u0444\u0435\u043b\u044f, \u0418\u0441\u0442\u0440\u0438\u044f, \u0425\u043e\u0440\u0432\u0430\u0442\u0438\u044f, truffle products, prodoti di tartufo, unique experience in istria, adventure in istria, exploring istria, family tradition, truffle dogs, truffle specialties, motovun, livade, \uc774\uc2a4\ud2b8 \ub9ac\uc544 \uc758 \ub3c5\ud2b9\ud55c \uc774\uc2a4\ud2b8 \ub9ac\uc544 \uc758 \uacbd\ud5d8 , \ubaa8\ud5d8, \uc774\uc2a4\ud2b8 \ub9ac\uc544 , \uac00\uc871\uc758 \uc804\ud1b5 , \uc1a1\ub85c \ubc84\uc12f \uac1c, \uc1a1\ub85c \ubc84\uc12f \uc694\ub9ac","breadcrumb":{"@id":"https:\/\/prodantartufi.hr\/en\/proizvodi-prodan-tartufi\/#breadcrumb"},"inLanguage":"en-US","potentialAction":[{"@type":"ReadAction","target":[["https:\/\/prodantartufi.hr\/en\/proizvodi-prodan-tartufi\/"]]}]},{"@type":"BreadcrumbList","@id":"https:\/\/prodantartufi.hr\/en\/proizvodi-prodan-tartufi\/#breadcrumb","itemListElement":[{"@type":"ListItem","position":1,"name":"Home","item":"https:\/\/prodantartufi.hr\/en\/"},{"@type":"ListItem","position":2,"name":"PROIZVODI"}]},{"@type":"WebSite","@id":"https:\/\/prodantartufi.hr\/en\/#website","url":"https:\/\/prodantartufi.hr\/en\/","name":"PRODAN TARTUFI","description":"","publisher":{"@id":"https:\/\/prodantartufi.hr\/en\/#organization"},"potentialAction":[{"@type":"SearchAction","target":{"@type":"EntryPoint","urlTemplate":"https:\/\/prodantartufi.hr\/en\/?s={search_term_string}"},"query-input":"required name=search_term_string"}],"inLanguage":"en-US"},{"@type":"Organization","@id":"https:\/\/prodantartufi.hr\/en\/#organization","name":"PRODAN TARTUFI |","url":"https:\/\/prodantartufi.hr\/en\/","logo":{"@type":"ImageObject","inLanguage":"en-US","@id":"https:\/\/prodantartufi.hr\/en\/#\/schema\/logo\/image\/","url":"https:\/\/prodantartufi.hr\/wp-content\/uploads\/2015\/03\/logo_600px-e1434011074366.png","contentUrl":"https:\/\/prodantartufi.hr\/wp-content\/uploads\/2015\/03\/logo_600px-e1434011074366.png","width":118,"height":29,"caption":"PRODAN TARTUFI |"},"image":{"@id":"https:\/\/prodantartufi.hr\/en\/#\/schema\/logo\/image\/"}}]}},"_links":{"self":[{"href":"https:\/\/prodantartufi.hr\/en\/wp-json\/wp\/v2\/pages\/640"}],"collection":[{"href":"https:\/\/prodantartufi.hr\/en\/wp-json\/wp\/v2\/pages"}],"about":[{"href":"https:\/\/prodantartufi.hr\/en\/wp-json\/wp\/v2\/types\/page"}],"author":[{"embeddable":true,"href":"https:\/\/prodantartufi.hr\/en\/wp-json\/wp\/v2\/users\/1"}],"replies":[{"embeddable":true,"href":"https:\/\/prodantartufi.hr\/en\/wp-json\/wp\/v2\/comments?post=640"}],"version-history":[{"count":51,"href":"https:\/\/prodantartufi.hr\/en\/wp-json\/wp\/v2\/pages\/640\/revisions"}],"predecessor-version":[{"id":1607,"href":"https:\/\/prodantartufi.hr\/en\/wp-json\/wp\/v2\/pages\/640\/revisions\/1607"}],"wp:attachment":[{"href":"https:\/\/prodantartufi.hr\/en\/wp-json\/wp\/v2\/media?parent=640"}],"curies":[{"name":"wp","href":"https:\/\/api.w.org\/{rel}","templated":true}]}}