{"id":940,"date":"2016-01-22T18:13:13","date_gmt":"2016-01-22T18:13:13","guid":{"rendered":"http:\/\/prodantartufi.hr\/?page_id=940"},"modified":"2016-08-10T20:52:35","modified_gmt":"2016-08-10T20:52:35","slug":"distribucija","status":"publish","type":"page","link":"https:\/\/prodantartufi.hr\/en\/distribucija\/","title":{"rendered":"DISTRIBUTION"},"content":{"rendered":"<p>In the white and black truffle season, we are able to deliver fresh goods via express courier service within 24 hours to all European countries, and within 48 to 72 hours to the rest of the world. We can also deliver our truffle products by courier service to any part of Europe and the world in a very short time.<\/p>\n<p>We provide support to our business partners, stores and distributors through various marketing materials.<\/p>\n<p>If you are interested in distributing our products, please ask for more detailed information and terms and conditions by sending an email to\u00a0<a href=\"mailto:info@prodantartufi.hr\">info@prodantartufi.hr<\/a>\u00a0. We will present you our product range and introduce you more closely to our vision and distribution process.<\/p>","protected":false},"excerpt":{"rendered":"<p>In the white and black truffle season, we are able to deliver fresh goods via express courier service within 24 hours to all European countries, and within 48 to 72 hours to the rest of the world. We can also deliver our truffle products by courier service to any part of Europe and the world [&hellip;]<\/p>\n","protected":false},"author":1,"featured_media":0,"parent":0,"menu_order":0,"comment_status":"closed","ping_status":"closed","template":"page-parallax.php","meta":[],"yoast_head":"<!-- This site is optimized with the Yoast SEO plugin v20.0 - https:\/\/yoast.com\/wordpress\/plugins\/seo\/ -->\n<title>DISTRIBUTION | PRODAN TARTUFI<\/title>\n<meta name=\"description\" content=\"truffles, truffle hunting, Tr\u00fcffel, lov na tartuf, tartufi, crni tartuf, bijeli tartuf, tartufo, schwarze Tr\u00fcffel, Tr\u00fcffelsuche, istra, istria, istrien, croatia, hrvatska, kroatien, tuber magnatum pico, buzet, white truffle, black truffle, weisse Tr\u00fcffel, cheese with truffles, olive oil with truffles, \u5976\u916a\u677e\u9732, \u677e\u9732, \u677e\u9732\u72e9\u730e, \u4f0a\u65af \u7279\u62c9, \u514b\u7f57\u5730\u4e9a, \u30c8\u30ea\u30e5\u30d5,\u30c8\u30ea\u30e5\u30d5\u72e9\u308a, \u30a4\u30b9\u30c8\u30ea\u30a2, \uc1a1\ub85c \ubc84\uc12f, \uc1a1\ub85c \ubc84\uc12f \uc0ac\ub0e5, \ud06c\ub85c\uc544\ud2f0\uc544, \uc774\uc2a4\ud2b8 \ub9ac\uc544, \u0442\u0440\u044e\u0444\u0435\u043b\u0438 ,\u043e\u0445\u043e\u0442\u0430 \u0442\u0440\u044e\u0444\u0435\u043b\u044f, \u0418\u0441\u0442\u0440\u0438\u044f, \u0425\u043e\u0440\u0432\u0430\u0442\u0438\u044f, truffle products, prodoti di tartufo, unique experience in istria, adventure in istria, exploring istria, family tradition, truffle dogs, truffle specialties, motovun, livade, \uc774\uc2a4\ud2b8 \ub9ac\uc544 \uc758 \ub3c5\ud2b9\ud55c \uc774\uc2a4\ud2b8 \ub9ac\uc544 \uc758 \uacbd\ud5d8 , \ubaa8\ud5d8, \uc774\uc2a4\ud2b8 \ub9ac\uc544 , \uac00\uc871\uc758 \uc804\ud1b5 , \uc1a1\ub85c \ubc84\uc12f \uac1c, \uc1a1\ub85c \ubc84\uc12f \uc694\ub9ac\" \/>\n<meta name=\"robots\" content=\"index, follow, max-snippet:-1, max-image-preview:large, max-video-preview:-1\" \/>\n<link rel=\"canonical\" href=\"https:\/\/prodantartufi.hr\/en\/distribucija\/\" \/>\n<meta property=\"og:locale\" content=\"en_US\" \/>\n<meta property=\"og:type\" content=\"article\" \/>\n<meta property=\"og:title\" content=\"DISTRIBUTION | PRODAN TARTUFI\" \/>\n<meta property=\"og:description\" content=\"truffles, truffle hunting, Tr\u00fcffel, lov na tartuf, tartufi, crni tartuf, bijeli tartuf, tartufo, schwarze Tr\u00fcffel, Tr\u00fcffelsuche, istra, istria, istrien, croatia, hrvatska, kroatien, tuber magnatum pico, buzet, white truffle, black truffle, weisse Tr\u00fcffel, cheese with truffles, olive oil with truffles, \u5976\u916a\u677e\u9732, \u677e\u9732, \u677e\u9732\u72e9\u730e, \u4f0a\u65af \u7279\u62c9, \u514b\u7f57\u5730\u4e9a, \u30c8\u30ea\u30e5\u30d5,\u30c8\u30ea\u30e5\u30d5\u72e9\u308a, \u30a4\u30b9\u30c8\u30ea\u30a2, \uc1a1\ub85c \ubc84\uc12f, \uc1a1\ub85c \ubc84\uc12f \uc0ac\ub0e5, \ud06c\ub85c\uc544\ud2f0\uc544, \uc774\uc2a4\ud2b8 \ub9ac\uc544, \u0442\u0440\u044e\u0444\u0435\u043b\u0438 ,\u043e\u0445\u043e\u0442\u0430 \u0442\u0440\u044e\u0444\u0435\u043b\u044f, \u0418\u0441\u0442\u0440\u0438\u044f, \u0425\u043e\u0440\u0432\u0430\u0442\u0438\u044f, truffle products, prodoti di tartufo, unique experience in istria, adventure in istria, exploring istria, family tradition, truffle dogs, truffle specialties, motovun, livade, \uc774\uc2a4\ud2b8 \ub9ac\uc544 \uc758 \ub3c5\ud2b9\ud55c \uc774\uc2a4\ud2b8 \ub9ac\uc544 \uc758 \uacbd\ud5d8 , \ubaa8\ud5d8, \uc774\uc2a4\ud2b8 \ub9ac\uc544 , \uac00\uc871\uc758 \uc804\ud1b5 , \uc1a1\ub85c \ubc84\uc12f \uac1c, \uc1a1\ub85c \ubc84\uc12f \uc694\ub9ac\" \/>\n<meta property=\"og:url\" content=\"https:\/\/prodantartufi.hr\/en\/distribucija\/\" \/>\n<meta property=\"og:site_name\" content=\"PRODAN TARTUFI\" \/>\n<meta property=\"article:modified_time\" content=\"2016-08-10T20:52:35+00:00\" \/>\n<meta name=\"twitter:card\" content=\"summary_large_image\" \/>\n<meta name=\"twitter:label1\" content=\"Est. reading time\" \/>\n\t<meta name=\"twitter:data1\" content=\"2 minutes\" \/>\n<script type=\"application\/ld+json\" class=\"yoast-schema-graph\">{\"@context\":\"https:\/\/schema.org\",\"@graph\":[{\"@type\":\"WebPage\",\"@id\":\"https:\/\/prodantartufi.hr\/en\/distribucija\/\",\"url\":\"https:\/\/prodantartufi.hr\/en\/distribucija\/\",\"name\":\"DISTRIBUTION | PRODAN TARTUFI\",\"isPartOf\":{\"@id\":\"https:\/\/prodantartufi.hr\/en\/#website\"},\"datePublished\":\"2016-01-22T18:13:13+00:00\",\"dateModified\":\"2016-08-10T20:52:35+00:00\",\"description\":\"truffles, truffle hunting, Tr\u00fcffel, lov na tartuf, tartufi, crni tartuf, bijeli tartuf, tartufo, schwarze Tr\u00fcffel, Tr\u00fcffelsuche, istra, istria, istrien, croatia, hrvatska, kroatien, tuber magnatum pico, buzet, white truffle, black truffle, weisse Tr\u00fcffel, cheese with truffles, olive oil with truffles, \u5976\u916a\u677e\u9732, \u677e\u9732, \u677e\u9732\u72e9\u730e, \u4f0a\u65af \u7279\u62c9, \u514b\u7f57\u5730\u4e9a, \u30c8\u30ea\u30e5\u30d5,\u30c8\u30ea\u30e5\u30d5\u72e9\u308a, \u30a4\u30b9\u30c8\u30ea\u30a2, \uc1a1\ub85c \ubc84\uc12f, \uc1a1\ub85c \ubc84\uc12f \uc0ac\ub0e5, \ud06c\ub85c\uc544\ud2f0\uc544, \uc774\uc2a4\ud2b8 \ub9ac\uc544, \u0442\u0440\u044e\u0444\u0435\u043b\u0438 ,\u043e\u0445\u043e\u0442\u0430 \u0442\u0440\u044e\u0444\u0435\u043b\u044f, \u0418\u0441\u0442\u0440\u0438\u044f, \u0425\u043e\u0440\u0432\u0430\u0442\u0438\u044f, truffle products, prodoti di tartufo, unique experience in istria, adventure in istria, exploring istria, family tradition, truffle dogs, truffle specialties, motovun, livade, \uc774\uc2a4\ud2b8 \ub9ac\uc544 \uc758 \ub3c5\ud2b9\ud55c \uc774\uc2a4\ud2b8 \ub9ac\uc544 \uc758 \uacbd\ud5d8 , \ubaa8\ud5d8, \uc774\uc2a4\ud2b8 \ub9ac\uc544 , \uac00\uc871\uc758 \uc804\ud1b5 , \uc1a1\ub85c \ubc84\uc12f \uac1c, \uc1a1\ub85c \ubc84\uc12f \uc694\ub9ac\",\"breadcrumb\":{\"@id\":\"https:\/\/prodantartufi.hr\/en\/distribucija\/#breadcrumb\"},\"inLanguage\":\"en-US\",\"potentialAction\":[{\"@type\":\"ReadAction\",\"target\":[[\"https:\/\/prodantartufi.hr\/en\/distribucija\/\"]]}]},{\"@type\":\"BreadcrumbList\",\"@id\":\"https:\/\/prodantartufi.hr\/en\/distribucija\/#breadcrumb\",\"itemListElement\":[{\"@type\":\"ListItem\",\"position\":1,\"name\":\"Home\",\"item\":\"https:\/\/prodantartufi.hr\/en\/\"},{\"@type\":\"ListItem\",\"position\":2,\"name\":\"DISTRIBUCIJA\"}]},{\"@type\":\"WebSite\",\"@id\":\"https:\/\/prodantartufi.hr\/en\/#website\",\"url\":\"https:\/\/prodantartufi.hr\/en\/\",\"name\":\"PRODAN TARTUFI\",\"description\":\"\",\"publisher\":{\"@id\":\"https:\/\/prodantartufi.hr\/en\/#organization\"},\"potentialAction\":[{\"@type\":\"SearchAction\",\"target\":{\"@type\":\"EntryPoint\",\"urlTemplate\":\"https:\/\/prodantartufi.hr\/en\/?s={search_term_string}\"},\"query-input\":\"required name=search_term_string\"}],\"inLanguage\":\"en-US\"},{\"@type\":\"Organization\",\"@id\":\"https:\/\/prodantartufi.hr\/en\/#organization\",\"name\":\"PRODAN TARTUFI |\",\"url\":\"https:\/\/prodantartufi.hr\/en\/\",\"logo\":{\"@type\":\"ImageObject\",\"inLanguage\":\"en-US\",\"@id\":\"https:\/\/prodantartufi.hr\/en\/#\/schema\/logo\/image\/\",\"url\":\"https:\/\/prodantartufi.hr\/wp-content\/uploads\/2015\/03\/logo_600px-e1434011074366.png\",\"contentUrl\":\"https:\/\/prodantartufi.hr\/wp-content\/uploads\/2015\/03\/logo_600px-e1434011074366.png\",\"width\":118,\"height\":29,\"caption\":\"PRODAN TARTUFI |\"},\"image\":{\"@id\":\"https:\/\/prodantartufi.hr\/en\/#\/schema\/logo\/image\/\"}}]}<\/script>\n<!-- \/ Yoast SEO plugin. -->","yoast_head_json":{"title":"DISTRIBUTION | PRODAN TARTUFI","description":"truffles, truffle hunting, Tr\u00fcffel, lov na tartuf, tartufi, crni tartuf, bijeli tartuf, tartufo, schwarze Tr\u00fcffel, Tr\u00fcffelsuche, istra, istria, istrien, croatia, hrvatska, kroatien, tuber magnatum pico, buzet, white truffle, black truffle, weisse Tr\u00fcffel, cheese with truffles, olive oil with truffles, \u5976\u916a\u677e\u9732, \u677e\u9732, \u677e\u9732\u72e9\u730e, \u4f0a\u65af \u7279\u62c9, \u514b\u7f57\u5730\u4e9a, \u30c8\u30ea\u30e5\u30d5,\u30c8\u30ea\u30e5\u30d5\u72e9\u308a, \u30a4\u30b9\u30c8\u30ea\u30a2, \uc1a1\ub85c \ubc84\uc12f, \uc1a1\ub85c \ubc84\uc12f \uc0ac\ub0e5, \ud06c\ub85c\uc544\ud2f0\uc544, \uc774\uc2a4\ud2b8 \ub9ac\uc544, \u0442\u0440\u044e\u0444\u0435\u043b\u0438 ,\u043e\u0445\u043e\u0442\u0430 \u0442\u0440\u044e\u0444\u0435\u043b\u044f, \u0418\u0441\u0442\u0440\u0438\u044f, \u0425\u043e\u0440\u0432\u0430\u0442\u0438\u044f, truffle products, prodoti di tartufo, unique experience in istria, adventure in istria, exploring istria, family tradition, truffle dogs, truffle specialties, motovun, livade, \uc774\uc2a4\ud2b8 \ub9ac\uc544 \uc758 \ub3c5\ud2b9\ud55c \uc774\uc2a4\ud2b8 \ub9ac\uc544 \uc758 \uacbd\ud5d8 , \ubaa8\ud5d8, \uc774\uc2a4\ud2b8 \ub9ac\uc544 , \uac00\uc871\uc758 \uc804\ud1b5 , \uc1a1\ub85c \ubc84\uc12f \uac1c, \uc1a1\ub85c \ubc84\uc12f \uc694\ub9ac","robots":{"index":"index","follow":"follow","max-snippet":"max-snippet:-1","max-image-preview":"max-image-preview:large","max-video-preview":"max-video-preview:-1"},"canonical":"https:\/\/prodantartufi.hr\/en\/distribucija\/","og_locale":"en_US","og_type":"article","og_title":"DISTRIBUTION | PRODAN TARTUFI","og_description":"truffles, truffle hunting, Tr\u00fcffel, lov na tartuf, tartufi, crni tartuf, bijeli tartuf, tartufo, schwarze Tr\u00fcffel, Tr\u00fcffelsuche, istra, istria, istrien, croatia, hrvatska, kroatien, tuber magnatum pico, buzet, white truffle, black truffle, weisse Tr\u00fcffel, cheese with truffles, olive oil with truffles, \u5976\u916a\u677e\u9732, \u677e\u9732, \u677e\u9732\u72e9\u730e, \u4f0a\u65af \u7279\u62c9, \u514b\u7f57\u5730\u4e9a, \u30c8\u30ea\u30e5\u30d5,\u30c8\u30ea\u30e5\u30d5\u72e9\u308a, \u30a4\u30b9\u30c8\u30ea\u30a2, \uc1a1\ub85c \ubc84\uc12f, \uc1a1\ub85c \ubc84\uc12f \uc0ac\ub0e5, \ud06c\ub85c\uc544\ud2f0\uc544, \uc774\uc2a4\ud2b8 \ub9ac\uc544, \u0442\u0440\u044e\u0444\u0435\u043b\u0438 ,\u043e\u0445\u043e\u0442\u0430 \u0442\u0440\u044e\u0444\u0435\u043b\u044f, \u0418\u0441\u0442\u0440\u0438\u044f, \u0425\u043e\u0440\u0432\u0430\u0442\u0438\u044f, truffle products, prodoti di tartufo, unique experience in istria, adventure in istria, exploring istria, family tradition, truffle dogs, truffle specialties, motovun, livade, \uc774\uc2a4\ud2b8 \ub9ac\uc544 \uc758 \ub3c5\ud2b9\ud55c \uc774\uc2a4\ud2b8 \ub9ac\uc544 \uc758 \uacbd\ud5d8 , \ubaa8\ud5d8, \uc774\uc2a4\ud2b8 \ub9ac\uc544 , \uac00\uc871\uc758 \uc804\ud1b5 , \uc1a1\ub85c \ubc84\uc12f \uac1c, \uc1a1\ub85c \ubc84\uc12f \uc694\ub9ac","og_url":"https:\/\/prodantartufi.hr\/en\/distribucija\/","og_site_name":"PRODAN TARTUFI","article_modified_time":"2016-08-10T20:52:35+00:00","twitter_card":"summary_large_image","twitter_misc":{"Est. reading time":"2 minutes"},"schema":{"@context":"https:\/\/schema.org","@graph":[{"@type":"WebPage","@id":"https:\/\/prodantartufi.hr\/en\/distribucija\/","url":"https:\/\/prodantartufi.hr\/en\/distribucija\/","name":"DISTRIBUTION | PRODAN TARTUFI","isPartOf":{"@id":"https:\/\/prodantartufi.hr\/en\/#website"},"datePublished":"2016-01-22T18:13:13+00:00","dateModified":"2016-08-10T20:52:35+00:00","description":"truffles, truffle hunting, Tr\u00fcffel, lov na tartuf, tartufi, crni tartuf, bijeli tartuf, tartufo, schwarze Tr\u00fcffel, Tr\u00fcffelsuche, istra, istria, istrien, croatia, hrvatska, kroatien, tuber magnatum pico, buzet, white truffle, black truffle, weisse Tr\u00fcffel, cheese with truffles, olive oil with truffles, \u5976\u916a\u677e\u9732, \u677e\u9732, \u677e\u9732\u72e9\u730e, \u4f0a\u65af \u7279\u62c9, \u514b\u7f57\u5730\u4e9a, \u30c8\u30ea\u30e5\u30d5,\u30c8\u30ea\u30e5\u30d5\u72e9\u308a, \u30a4\u30b9\u30c8\u30ea\u30a2, \uc1a1\ub85c \ubc84\uc12f, \uc1a1\ub85c \ubc84\uc12f \uc0ac\ub0e5, \ud06c\ub85c\uc544\ud2f0\uc544, \uc774\uc2a4\ud2b8 \ub9ac\uc544, \u0442\u0440\u044e\u0444\u0435\u043b\u0438 ,\u043e\u0445\u043e\u0442\u0430 \u0442\u0440\u044e\u0444\u0435\u043b\u044f, \u0418\u0441\u0442\u0440\u0438\u044f, \u0425\u043e\u0440\u0432\u0430\u0442\u0438\u044f, truffle products, prodoti di tartufo, unique experience in istria, adventure in istria, exploring istria, family tradition, truffle dogs, truffle specialties, motovun, livade, \uc774\uc2a4\ud2b8 \ub9ac\uc544 \uc758 \ub3c5\ud2b9\ud55c \uc774\uc2a4\ud2b8 \ub9ac\uc544 \uc758 \uacbd\ud5d8 , \ubaa8\ud5d8, \uc774\uc2a4\ud2b8 \ub9ac\uc544 , \uac00\uc871\uc758 \uc804\ud1b5 , \uc1a1\ub85c \ubc84\uc12f \uac1c, \uc1a1\ub85c \ubc84\uc12f \uc694\ub9ac","breadcrumb":{"@id":"https:\/\/prodantartufi.hr\/en\/distribucija\/#breadcrumb"},"inLanguage":"en-US","potentialAction":[{"@type":"ReadAction","target":[["https:\/\/prodantartufi.hr\/en\/distribucija\/"]]}]},{"@type":"BreadcrumbList","@id":"https:\/\/prodantartufi.hr\/en\/distribucija\/#breadcrumb","itemListElement":[{"@type":"ListItem","position":1,"name":"Home","item":"https:\/\/prodantartufi.hr\/en\/"},{"@type":"ListItem","position":2,"name":"DISTRIBUCIJA"}]},{"@type":"WebSite","@id":"https:\/\/prodantartufi.hr\/en\/#website","url":"https:\/\/prodantartufi.hr\/en\/","name":"PRODAN TARTUFI","description":"","publisher":{"@id":"https:\/\/prodantartufi.hr\/en\/#organization"},"potentialAction":[{"@type":"SearchAction","target":{"@type":"EntryPoint","urlTemplate":"https:\/\/prodantartufi.hr\/en\/?s={search_term_string}"},"query-input":"required name=search_term_string"}],"inLanguage":"en-US"},{"@type":"Organization","@id":"https:\/\/prodantartufi.hr\/en\/#organization","name":"PRODAN TARTUFI |","url":"https:\/\/prodantartufi.hr\/en\/","logo":{"@type":"ImageObject","inLanguage":"en-US","@id":"https:\/\/prodantartufi.hr\/en\/#\/schema\/logo\/image\/","url":"https:\/\/prodantartufi.hr\/wp-content\/uploads\/2015\/03\/logo_600px-e1434011074366.png","contentUrl":"https:\/\/prodantartufi.hr\/wp-content\/uploads\/2015\/03\/logo_600px-e1434011074366.png","width":118,"height":29,"caption":"PRODAN TARTUFI |"},"image":{"@id":"https:\/\/prodantartufi.hr\/en\/#\/schema\/logo\/image\/"}}]}},"_links":{"self":[{"href":"https:\/\/prodantartufi.hr\/en\/wp-json\/wp\/v2\/pages\/940"}],"collection":[{"href":"https:\/\/prodantartufi.hr\/en\/wp-json\/wp\/v2\/pages"}],"about":[{"href":"https:\/\/prodantartufi.hr\/en\/wp-json\/wp\/v2\/types\/page"}],"author":[{"embeddable":true,"href":"https:\/\/prodantartufi.hr\/en\/wp-json\/wp\/v2\/users\/1"}],"replies":[{"embeddable":true,"href":"https:\/\/prodantartufi.hr\/en\/wp-json\/wp\/v2\/comments?post=940"}],"version-history":[{"count":3,"href":"https:\/\/prodantartufi.hr\/en\/wp-json\/wp\/v2\/pages\/940\/revisions"}],"predecessor-version":[{"id":1373,"href":"https:\/\/prodantartufi.hr\/en\/wp-json\/wp\/v2\/pages\/940\/revisions\/1373"}],"wp:attachment":[{"href":"https:\/\/prodantartufi.hr\/en\/wp-json\/wp\/v2\/media?parent=940"}],"curies":[{"name":"wp","href":"https:\/\/api.w.org\/{rel}","templated":true}]}}