{"id":1569,"date":"2018-05-24T20:33:09","date_gmt":"2018-05-24T20:33:09","guid":{"rendered":"http:\/\/prodantartufi.hr\/?page_id=1569"},"modified":"2019-01-25T12:24:20","modified_gmt":"2019-01-25T12:24:20","slug":"privacy-policy","status":"publish","type":"page","link":"https:\/\/prodantartufi.hr\/hr\/privacy-policy\/","title":{"rendered":"Izjava o privatnosti"},"content":{"rendered":"<p><span style=\"font-weight: 400;\">PRODAN TARTUFI obrt za sakupljanje gljiva i trgovinu, Vl. Vanda Prodan, Sv. Ivan, Pra\u0161\u010dari 43, 52420 BUZET (u daljnjem tekstu: PRODAN TARTUFI) zadr\u017eava sva autorska prava na kori\u0161tenje fotografijama, tekstom i ostalim objavljenim materijalom, u smislu pozitivnih zakonskih propisa u Republici Hrvatskoj. Fotografije, tekstovi i ostali materijal ne smiju se objavljivati, prodavati, javno ili privatno publicirati niti na bilo koji drugi na\u010din upotrebljavati bez suglasnosti PRODAN TARTUFI.<\/span><\/p>\n<p><b>Uvodne odredbe<\/b><\/p>\n<p><span style=\"font-weight: 400;\">PRODAN TARTUFI po\u0161tuje va\u0161u privatnost te se obvezuje na za\u0161titu va\u0161ih osobnih podataka. Prikupljanje i \u010duvanje podataka izvodi se u skladu s odredbama Zakona o za\u0161titi osobnih podataka.<\/span><\/p>\n<p><b>Podaci pokriveni sustavom politike privatnosti<\/b><\/p>\n<p><span style=\"font-weight: 400;\">Podatke koje od Vas prvenstveno tra\u017eimo i koji su za\u0161ti\u0107eni<\/span><span style=\"font-weight: 400;\">:<\/span><\/p>\n<p><span style=\"font-weight: 400;\">&#8211; ime i prezime<\/span><\/p>\n<p><span style=\"font-weight: 400;\">&#8211; <\/span><span style=\"font-weight: 400;\">adresa e-po\u0161te<\/span><\/p>\n<p><span style=\"font-weight: 400;\">&#8211; ostali podaci koje navedete, a napomenete da \u017eelite da ostanu tajni.<\/span><\/p>\n<p><b>Svrha dobivenih podataka<\/b><\/p>\n<p><span style=\"font-weight: 400;\">Svi podaci koje PRODAN TARTUFI od vas dobije slu\u017ee isklju\u010divo za:<\/span><\/p>\n<p><span style=\"font-weight: 400;\">&#8211; \u0161to u\u010dinkovitijeg odgovora na Va\u0161 upit<\/span><\/p>\n<p><span style=\"font-weight: 400;\">&#8211; osiguranja pru\u017eanja tra\u017eene usluge<\/span><\/p>\n<p><span style=\"font-weight: 400;\">&#8211; na\u0161e interne statisti\u010dke obrade podataka<\/span><\/p>\n<p><span style=\"font-weight: 400;\">&#8211; mogu\u0107nosti slanja publikacija, bro\u0161ura i drugih promid\u017ebenih materijala.<\/span><\/p>\n<p><span style=\"font-weight: 400;\">PRODAN TARTUFI jam\u010di da \u0107e se \u00a0prikupljenim podacima koristiti samo u navedene svrhe. Ustupanjem svojih osobnih podataka kroz sve oblike komunikacije dajete svoju izri\u010ditu suglasnost da vam se PRODAN TARTUFI mo\u017ee obratiti u navedene svrhe. U slu\u010daju da ne \u017eelite da PRODAN TARTUFI kontaktira s vama, du\u017eni ste o tome izri\u010dito pisanim putem izvijestiti PRODAN TARTUFI.<\/span><\/p>\n<p><b>Vrijeme trajanja politike privatnosti<\/b><\/p>\n<p><span style=\"font-weight: 400;\">U trenutku kada dostavite svoje podatke pristajete na to da s vama kontaktiramo. Trenutak ulaska predstavlja va\u0161 izri\u010dit pristanak na kontakt. Za\u0161tita je privatnosti va\u0161ih podataka trajna i u svakom trenutno mo\u017eete zatra\u017eiti prestanak email obavijesti. Nakon toga se PRODAN TARTUFI vi\u0161e ne\u0107e koristiti va\u0161im podacima osim za interne svrhe, npr. radi informati\u010dke ili statisti\u010dke obrade podataka.<\/span><\/p>\n<p><b>Sadr\u017eaj politike privatnosti<\/b><\/p>\n<p><span style=\"font-weight: 400;\">Va\u0161u adresu e-po\u0161te i ostale podatke ne prodajemo, ne iznajmljujemo niti stavljamo tre\u0107im pravnim i fizi\u010dkim osobama izvan PRODAN TARTUFI web stranice na raspolaganje bez va\u0161eg pristanka, jer je to protivno na\u0161oj politici o privatnosti. PRODAN TARTUFI se dr\u017ei stroge politike &#8220;no spam&#8221;. PRODAN TARTUFI ne odgovara za slu\u010dajnu pogre\u0161ku ili pogre\u0161ku zbog vi\u0161e sile, ili drugih objektivnih okolnosti kojima se uzrokuje slu\u010dajno kr\u0161enje zajam\u010dene za\u0161tite va\u0161ih podataka, ali jam\u010di da \u0107e pogre\u0161ka biti otklonjena, ako je to mogu\u0107e, \u010dim prije.<\/span><\/p>\n<p><b>Kola\u010di\u0107i i internetske tehnologije<\/b><\/p>\n<p><span style=\"font-weight: 400;\">Kao \u0161to je slu\u010daj i s mnogim drugim internet stranicama, i na\u0161a se mo\u017ee koristiti \u201ekola\u010di\u0107ima\u201c i drugim tehnologijama koje nam olak\u0161avaju isporu\u010divanje sadr\u017eaja ovisno o va\u0161im podru\u010djima interesa, obra\u0111ivanje zahtjeva, i\/ili analiziranje karakteristika va\u0161ih posjeta. Kola\u010di\u0107i se sami po sebi ne mogu upotrebljavati za otkrivanje va\u0161eg osobnog identiteta. Kad pristupate na\u0161oj web-stranici, ova informacija na\u0161im poslu\u017eiteljima identificira svojstva va\u0161eg pretra\u017eiva\u010da, ali ne i vas. \u017delite li u bilo kojem trenutku izbrisati ili onemogu\u0107iti kola\u010di\u0107e na svojem ra\u010dunalu, mo\u017eete a\u017eurirati postavke svojeg internetskog pretra\u017eiva\u010da (informacije o na\u010dinu brisanja i onemogu\u0107avanja kola\u010di\u0107a potra\u017eite na svojem pretra\u017eiva\u010du odabirom izbornika \u201eHelp\u201c) Informacije mo\u017eemo tako\u0111er prikupljati primjenom \u201epikselskih oznaka\u201c, \u201emre\u017enih signala\u201c, \u201epraznih GIF-ova\u201c ili sli\u010dnih sredstava (zajedni\u010dki nazvanih \u201epikselske oznake\u201c) koja nam omogu\u0107uju saznati kad posje\u0107ujete na\u0161 portal i kako se koristite na\u0161im porukama e-po\u0161te ili oglasima.<\/span><\/p>\n<p><b>Promjena podataka<\/b><\/p>\n<p><span style=\"font-weight: 400;\">U svakom nam se trenutku mo\u017eete obratiti radi pregleda svojih osobnih podataka, kao i radi a\u017euriranja, ispravka ili brisanja podataka. Do tog se trenutka u navedene svrhe koristimo va\u0161im starim podacima.<\/span><\/p>\n<p><b>Va\u0161a suglasnost<\/b><\/p>\n<p><span style=\"font-weight: 400;\">Popunjavaju\u0107i formulare na ovoj stranici jam\u010dite da su informacije koje ste prilo\u017eili to\u010dne, da ste poslovno sposobni i ovla\u0161teni raspolagati danim informacijama te da ste u cijelosti suglasni da PRODAN TARTUFI va\u0161e podatke upotrebljava i prikuplja u skladu sa zakonom i uvjetima na\u0161e politike privatnosti.<\/span><\/p>\n<p><b>Transparentnost<\/b><\/p>\n<p><span style=\"font-weight: 400;\">Ako odlu\u010dimo mijenjati svoju politiku privatnosti, promjene \u0107emo postaviti na ovu stranicu tako da mo\u017eete neprestano imati uvid u njih.<\/span><\/p>\n<p><b>Dodatna obja\u0161njenja<\/b><\/p>\n<p><span style=\"font-weight: 400;\">S uporabom na\u0161e stranice potvr\u0111ujete da ste pro\u010ditali Izjavu o privatnosti i da se s njom sla\u017eete.<\/span><\/p>\n<p><span style=\"font-weight: 400;\">Ako imate dodatna pitanja, probleme ili napomene u vezi s na\u0161om politikom privatnosti, mo\u017eete nam to poru\u010diti na info@prodantartufi.hr<\/span><\/p>\n<table class=\" alignleft\" width=\"100%\">\n<tbody>\n<tr>\n<td>\n<pre><span style=\"font-size: 8pt;\">NAME<\/span><\/pre>\n<\/td>\n<td>\n<pre><span style=\"font-size: 8pt;\">DESCRIPTION<\/span><\/pre>\n<\/td>\n<td>\n<pre><span style=\"font-size: 8pt;\">EXPIRY<\/span><\/pre>\n<\/td>\n<\/tr>\n<tr>\n<td>\n<pre><span style=\"font-size: 8pt;\">__sharethis__ <\/span><\/pre>\n<\/td>\n<td>\n<pre><span style=\"font-size: 8pt;\">This cookie determines whether the browser accepts cookies.<\/span><\/pre>\n<\/td>\n<td>\n<pre><span style=\"font-size: 8pt;\">Session<\/span><\/pre>\n<\/td>\n<\/tr>\n<tr>\n<td>\n<pre><span style=\"font-size: 8pt;\">CookieConsent<\/span><\/pre>\n<\/td>\n<td>\n<pre><span style=\"font-size: 8pt;\">Stores the user's cookie consent state for the current domain<\/span><\/pre>\n<\/td>\n<td>\n<pre><span style=\"font-size: 8pt;\">1 year<\/span><\/pre>\n<\/td>\n<\/tr>\n<tr>\n<td>\n<pre><span style=\"font-size: 8pt;\">qtrans<\/span><\/pre>\n<\/td>\n<td>\n<pre><span style=\"font-size: 8pt;\">Determines the preferred language of the visitor. Allows the website to set the preferred language upon the visitor's re-entry.<\/span><\/pre>\n<\/td>\n<td>\n<pre><span style=\"font-size: 8pt;\">1 year<\/span><\/pre>\n<\/td>\n<\/tr>\n<tr>\n<td>\n<pre><span style=\"font-size: 8pt;\">_ga<\/span><\/pre>\n<\/td>\n<td>\n<pre><span style=\"font-size: 8pt;\">Registers a unique ID that is used to generate statistical data on how the visitor uses the website.<\/span><\/pre>\n<\/td>\n<td>\n<pre><span style=\"font-size: 8pt;\">2 years<\/span><\/pre>\n<\/td>\n<\/tr>\n<tr>\n<td>\n<pre><span style=\"font-size: 8pt;\">_gat<\/span><\/pre>\n<\/td>\n<td>\n<pre><span style=\"font-size: 8pt;\">Used by Google Analytics to throttle request rate<\/span><\/pre>\n<\/td>\n<td>\n<pre><span style=\"font-size: 8pt;\">1 day<\/span><\/pre>\n<\/td>\n<\/tr>\n<tr>\n<td>\n<pre><span style=\"font-size: 8pt;\">_gid<\/span><\/pre>\n<\/td>\n<td>\n<pre><span style=\"font-size: 8pt;\">Registers a unique ID that is used to generate statistical data on how the visitor uses the website<\/span><\/pre>\n<\/td>\n<td>\n<pre><span style=\"font-size: 8pt;\">1 day<\/span><\/pre>\n<\/td>\n<\/tr>\n<tr>\n<td>\n<pre><span style=\"font-size: 8pt;\">collect<\/span><\/pre>\n<\/td>\n<td>\n<pre><span style=\"font-size: 8pt;\">Used to send data to Google Analytics about the visitor's device and behavior. Tracks the visitor across devices and marketing channels<\/span><\/pre>\n<\/td>\n<td>\n<pre><span style=\"font-size: 8pt;\">Session<\/span><\/pre>\n<\/td>\n<\/tr>\n<tr>\n<td>\n<pre><span style=\"font-size: 8pt;\">_fbp<\/span><\/pre>\n<\/td>\n<td>\n<pre><span style=\"font-size: 8pt;\">Used by Facebook to deliver a series of advertisement products such as real-time bidding from the third party advertisers.<\/span><\/pre>\n<\/td>\n<td>\n<pre><span style=\"font-size: 8pt;\">1 day<\/span><\/pre>\n<\/td>\n<\/tr>\n<tr>\n<td>\n<pre><span style=\"font-size: 8pt;\">GPS<\/span><\/pre>\n<\/td>\n<td>\n<pre><span style=\"font-size: 8pt;\">Registers a unique ID on mobile devices to enable tracking based on geographical GPS location.<\/span><\/pre>\n<\/td>\n<td>\n<pre><span style=\"font-size: 8pt;\">1 day<\/span><\/pre>\n<\/td>\n<\/tr>\n<tr>\n<td>\n<pre><span style=\"font-size: 8pt;\">IDE<\/span><\/pre>\n<\/td>\n<td>\n<pre><span style=\"font-size: 8pt;\">Used by Google DoubleClick to register and report the website user's actions after viewing or clicking one of the advertiser's ads with the purpose of measuring the efficacy of an ad and to present targeted ads to the user.<\/span><\/pre>\n<\/td>\n<td>\n<pre><span style=\"font-size: 8pt;\">1 year<\/span><\/pre>\n<\/td>\n<\/tr>\n<tr>\n<td>\n<pre><span style=\"font-size: 8pt;\">PREF<\/span><\/pre>\n<\/td>\n<td>\n<pre><span style=\"font-size: 8pt;\">Registers a unique ID that is used by Google to keep statistics of how the visitor uses YouTube videos across different websites.<\/span><\/pre>\n<\/td>\n<td>\n<pre><span style=\"font-size: 8pt;\">8 months<\/span><\/pre>\n<\/td>\n<\/tr>\n<tr>\n<td>\n<pre><span style=\"font-size: 8pt;\">YSC<\/span><\/pre>\n<\/td>\n<td>\n<pre><span style=\"font-size: 8pt;\">Registers a unique ID to keep statistics of what videos from YouTube the user has seen.<\/span><\/pre>\n<\/td>\n<td>\n<pre><span style=\"font-size: 8pt;\">Session<\/span><\/pre>\n<\/td>\n<\/tr>\n<tr>\n<td style=\"text-align: left;\"><\/td>\n<td style=\"text-align: left;\"><\/td>\n<td style=\"text-align: left;\"><\/td>\n<\/tr>\n<\/tbody>\n<\/table>\n<p><span style=\"font-weight: 400;\">\u00a0<\/span><\/p>","protected":false},"excerpt":{"rendered":"<p>PRODAN TARTUFI obrt za sakupljanje gljiva i trgovinu, Vl. Vanda Prodan, Sv. Ivan, Pra\u0161\u010dari 43, 52420 BUZET (u daljnjem tekstu: PRODAN TARTUFI) zadr\u017eava sva autorska prava na kori\u0161tenje fotografijama, tekstom i ostalim objavljenim materijalom, u smislu pozitivnih zakonskih propisa u Republici Hrvatskoj. Fotografije, tekstovi i ostali materijal ne smiju se objavljivati, prodavati, javno ili privatno [&hellip;]<\/p>\n","protected":false},"author":1,"featured_media":0,"parent":0,"menu_order":0,"comment_status":"closed","ping_status":"closed","template":"page_ostalo.php","meta":[],"yoast_head":"<!-- This site is optimized with the Yoast SEO plugin v20.0 - https:\/\/yoast.com\/wordpress\/plugins\/seo\/ -->\n<title>Izjava o privatnosti | PRODAN TARTUFI<\/title>\n<meta name=\"description\" content=\"truffles, truffle hunting, Tr\u00fcffel, lov na tartuf, tartufi, crni tartuf, bijeli tartuf, tartufo, schwarze Tr\u00fcffel, Tr\u00fcffelsuche, istra, istria, istrien, croatia, hrvatska, kroatien, tuber magnatum pico, buzet, white truffle, black truffle, weisse Tr\u00fcffel, cheese with truffles, olive oil with truffles, \u5976\u916a\u677e\u9732, \u677e\u9732, \u677e\u9732\u72e9\u730e, \u4f0a\u65af \u7279\u62c9, \u514b\u7f57\u5730\u4e9a, \u30c8\u30ea\u30e5\u30d5,\u30c8\u30ea\u30e5\u30d5\u72e9\u308a, \u30a4\u30b9\u30c8\u30ea\u30a2, \uc1a1\ub85c \ubc84\uc12f, \uc1a1\ub85c \ubc84\uc12f \uc0ac\ub0e5, \ud06c\ub85c\uc544\ud2f0\uc544, \uc774\uc2a4\ud2b8 \ub9ac\uc544, \u0442\u0440\u044e\u0444\u0435\u043b\u0438 ,\u043e\u0445\u043e\u0442\u0430 \u0442\u0440\u044e\u0444\u0435\u043b\u044f, \u0418\u0441\u0442\u0440\u0438\u044f, \u0425\u043e\u0440\u0432\u0430\u0442\u0438\u044f, truffle products, prodoti di tartufo, unique experience in istria, adventure in istria, exploring istria, family tradition, truffle dogs, truffle specialties, motovun, livade, \uc774\uc2a4\ud2b8 \ub9ac\uc544 \uc758 \ub3c5\ud2b9\ud55c \uc774\uc2a4\ud2b8 \ub9ac\uc544 \uc758 \uacbd\ud5d8 , \ubaa8\ud5d8, \uc774\uc2a4\ud2b8 \ub9ac\uc544 , \uac00\uc871\uc758 \uc804\ud1b5 , \uc1a1\ub85c \ubc84\uc12f \uac1c, \uc1a1\ub85c \ubc84\uc12f \uc694\ub9ac\" \/>\n<meta name=\"robots\" content=\"index, follow, max-snippet:-1, max-image-preview:large, max-video-preview:-1\" \/>\n<link rel=\"canonical\" href=\"https:\/\/prodantartufi.hr\/hr\/privacy-policy\/\" \/>\n<meta property=\"og:locale\" content=\"hr_HR\" \/>\n<meta property=\"og:type\" content=\"article\" \/>\n<meta property=\"og:title\" content=\"Izjava o privatnosti | PRODAN TARTUFI\" \/>\n<meta property=\"og:description\" content=\"truffles, truffle hunting, Tr\u00fcffel, lov na tartuf, tartufi, crni tartuf, bijeli tartuf, tartufo, schwarze Tr\u00fcffel, Tr\u00fcffelsuche, istra, istria, istrien, croatia, hrvatska, kroatien, tuber magnatum pico, buzet, white truffle, black truffle, weisse Tr\u00fcffel, cheese with truffles, olive oil with truffles, \u5976\u916a\u677e\u9732, \u677e\u9732, \u677e\u9732\u72e9\u730e, \u4f0a\u65af \u7279\u62c9, \u514b\u7f57\u5730\u4e9a, \u30c8\u30ea\u30e5\u30d5,\u30c8\u30ea\u30e5\u30d5\u72e9\u308a, \u30a4\u30b9\u30c8\u30ea\u30a2, \uc1a1\ub85c \ubc84\uc12f, \uc1a1\ub85c \ubc84\uc12f \uc0ac\ub0e5, \ud06c\ub85c\uc544\ud2f0\uc544, \uc774\uc2a4\ud2b8 \ub9ac\uc544, \u0442\u0440\u044e\u0444\u0435\u043b\u0438 ,\u043e\u0445\u043e\u0442\u0430 \u0442\u0440\u044e\u0444\u0435\u043b\u044f, \u0418\u0441\u0442\u0440\u0438\u044f, \u0425\u043e\u0440\u0432\u0430\u0442\u0438\u044f, truffle products, prodoti di tartufo, unique experience in istria, adventure in istria, exploring istria, family tradition, truffle dogs, truffle specialties, motovun, livade, \uc774\uc2a4\ud2b8 \ub9ac\uc544 \uc758 \ub3c5\ud2b9\ud55c \uc774\uc2a4\ud2b8 \ub9ac\uc544 \uc758 \uacbd\ud5d8 , \ubaa8\ud5d8, \uc774\uc2a4\ud2b8 \ub9ac\uc544 , \uac00\uc871\uc758 \uc804\ud1b5 , \uc1a1\ub85c \ubc84\uc12f \uac1c, \uc1a1\ub85c \ubc84\uc12f \uc694\ub9ac\" \/>\n<meta property=\"og:url\" content=\"https:\/\/prodantartufi.hr\/hr\/privacy-policy\/\" \/>\n<meta property=\"og:site_name\" content=\"PRODAN TARTUFI\" \/>\n<meta property=\"article:modified_time\" content=\"2019-01-25T12:24:20+00:00\" \/>\n<meta name=\"twitter:card\" content=\"summary_large_image\" \/>\n<meta name=\"twitter:label1\" content=\"Procijenjeno vrijeme \u010ditanja\" \/>\n\t<meta name=\"twitter:data1\" content=\"16 minuta\" \/>\n<script type=\"application\/ld+json\" class=\"yoast-schema-graph\">{\"@context\":\"https:\/\/schema.org\",\"@graph\":[{\"@type\":\"WebPage\",\"@id\":\"https:\/\/prodantartufi.hr\/hr\/privacy-policy\/\",\"url\":\"https:\/\/prodantartufi.hr\/hr\/privacy-policy\/\",\"name\":\"Izjava o privatnosti | PRODAN TARTUFI\",\"isPartOf\":{\"@id\":\"https:\/\/prodantartufi.hr\/hr\/#website\"},\"datePublished\":\"2018-05-24T20:33:09+00:00\",\"dateModified\":\"2019-01-25T12:24:20+00:00\",\"description\":\"truffles, truffle hunting, Tr\u00fcffel, lov na tartuf, tartufi, crni tartuf, bijeli tartuf, tartufo, schwarze Tr\u00fcffel, Tr\u00fcffelsuche, istra, istria, istrien, croatia, hrvatska, kroatien, tuber magnatum pico, buzet, white truffle, black truffle, weisse Tr\u00fcffel, cheese with truffles, olive oil with truffles, \u5976\u916a\u677e\u9732, \u677e\u9732, \u677e\u9732\u72e9\u730e, \u4f0a\u65af \u7279\u62c9, \u514b\u7f57\u5730\u4e9a, \u30c8\u30ea\u30e5\u30d5,\u30c8\u30ea\u30e5\u30d5\u72e9\u308a, \u30a4\u30b9\u30c8\u30ea\u30a2, \uc1a1\ub85c \ubc84\uc12f, \uc1a1\ub85c \ubc84\uc12f \uc0ac\ub0e5, \ud06c\ub85c\uc544\ud2f0\uc544, \uc774\uc2a4\ud2b8 \ub9ac\uc544, \u0442\u0440\u044e\u0444\u0435\u043b\u0438 ,\u043e\u0445\u043e\u0442\u0430 \u0442\u0440\u044e\u0444\u0435\u043b\u044f, \u0418\u0441\u0442\u0440\u0438\u044f, \u0425\u043e\u0440\u0432\u0430\u0442\u0438\u044f, truffle products, prodoti di tartufo, unique experience in istria, adventure in istria, exploring istria, family tradition, truffle dogs, truffle specialties, motovun, livade, \uc774\uc2a4\ud2b8 \ub9ac\uc544 \uc758 \ub3c5\ud2b9\ud55c \uc774\uc2a4\ud2b8 \ub9ac\uc544 \uc758 \uacbd\ud5d8 , \ubaa8\ud5d8, \uc774\uc2a4\ud2b8 \ub9ac\uc544 , \uac00\uc871\uc758 \uc804\ud1b5 , \uc1a1\ub85c \ubc84\uc12f \uac1c, \uc1a1\ub85c \ubc84\uc12f \uc694\ub9ac\",\"breadcrumb\":{\"@id\":\"https:\/\/prodantartufi.hr\/hr\/privacy-policy\/#breadcrumb\"},\"inLanguage\":\"hr\",\"potentialAction\":[{\"@type\":\"ReadAction\",\"target\":[[\"https:\/\/prodantartufi.hr\/hr\/privacy-policy\/\"]]}]},{\"@type\":\"BreadcrumbList\",\"@id\":\"https:\/\/prodantartufi.hr\/hr\/privacy-policy\/#breadcrumb\",\"itemListElement\":[{\"@type\":\"ListItem\",\"position\":1,\"name\":\"Home\",\"item\":\"https:\/\/prodantartufi.hr\/hr\/\"},{\"@type\":\"ListItem\",\"position\":2,\"name\":\"Izjava o privatnosti\"}]},{\"@type\":\"WebSite\",\"@id\":\"https:\/\/prodantartufi.hr\/hr\/#website\",\"url\":\"https:\/\/prodantartufi.hr\/hr\/\",\"name\":\"PRODAN TARTUFI\",\"description\":\"\",\"publisher\":{\"@id\":\"https:\/\/prodantartufi.hr\/hr\/#organization\"},\"potentialAction\":[{\"@type\":\"SearchAction\",\"target\":{\"@type\":\"EntryPoint\",\"urlTemplate\":\"https:\/\/prodantartufi.hr\/hr\/?s={search_term_string}\"},\"query-input\":\"required name=search_term_string\"}],\"inLanguage\":\"hr\"},{\"@type\":\"Organization\",\"@id\":\"https:\/\/prodantartufi.hr\/hr\/#organization\",\"name\":\"PRODAN TARTUFI |\",\"url\":\"https:\/\/prodantartufi.hr\/hr\/\",\"logo\":{\"@type\":\"ImageObject\",\"inLanguage\":\"hr\",\"@id\":\"https:\/\/prodantartufi.hr\/hr\/#\/schema\/logo\/image\/\",\"url\":\"https:\/\/prodantartufi.hr\/wp-content\/uploads\/2015\/03\/logo_600px-e1434011074366.png\",\"contentUrl\":\"https:\/\/prodantartufi.hr\/wp-content\/uploads\/2015\/03\/logo_600px-e1434011074366.png\",\"width\":118,\"height\":29,\"caption\":\"PRODAN TARTUFI |\"},\"image\":{\"@id\":\"https:\/\/prodantartufi.hr\/hr\/#\/schema\/logo\/image\/\"}}]}<\/script>\n<!-- \/ Yoast SEO plugin. -->","yoast_head_json":{"title":"Izjava o privatnosti | PRODAN TARTUFI","description":"truffles, truffle hunting, Tr\u00fcffel, lov na tartuf, tartufi, crni tartuf, bijeli tartuf, tartufo, schwarze Tr\u00fcffel, Tr\u00fcffelsuche, istra, istria, istrien, croatia, hrvatska, kroatien, tuber magnatum pico, buzet, white truffle, black truffle, weisse Tr\u00fcffel, cheese with truffles, olive oil with truffles, \u5976\u916a\u677e\u9732, \u677e\u9732, \u677e\u9732\u72e9\u730e, \u4f0a\u65af \u7279\u62c9, \u514b\u7f57\u5730\u4e9a, \u30c8\u30ea\u30e5\u30d5,\u30c8\u30ea\u30e5\u30d5\u72e9\u308a, \u30a4\u30b9\u30c8\u30ea\u30a2, \uc1a1\ub85c \ubc84\uc12f, \uc1a1\ub85c \ubc84\uc12f \uc0ac\ub0e5, \ud06c\ub85c\uc544\ud2f0\uc544, \uc774\uc2a4\ud2b8 \ub9ac\uc544, \u0442\u0440\u044e\u0444\u0435\u043b\u0438 ,\u043e\u0445\u043e\u0442\u0430 \u0442\u0440\u044e\u0444\u0435\u043b\u044f, \u0418\u0441\u0442\u0440\u0438\u044f, \u0425\u043e\u0440\u0432\u0430\u0442\u0438\u044f, truffle products, prodoti di tartufo, unique experience in istria, adventure in istria, exploring istria, family tradition, truffle dogs, truffle specialties, motovun, livade, \uc774\uc2a4\ud2b8 \ub9ac\uc544 \uc758 \ub3c5\ud2b9\ud55c \uc774\uc2a4\ud2b8 \ub9ac\uc544 \uc758 \uacbd\ud5d8 , \ubaa8\ud5d8, \uc774\uc2a4\ud2b8 \ub9ac\uc544 , \uac00\uc871\uc758 \uc804\ud1b5 , \uc1a1\ub85c \ubc84\uc12f \uac1c, \uc1a1\ub85c \ubc84\uc12f \uc694\ub9ac","robots":{"index":"index","follow":"follow","max-snippet":"max-snippet:-1","max-image-preview":"max-image-preview:large","max-video-preview":"max-video-preview:-1"},"canonical":"https:\/\/prodantartufi.hr\/hr\/privacy-policy\/","og_locale":"hr_HR","og_type":"article","og_title":"Izjava o privatnosti | PRODAN TARTUFI","og_description":"truffles, truffle hunting, Tr\u00fcffel, lov na tartuf, tartufi, crni tartuf, bijeli tartuf, tartufo, schwarze Tr\u00fcffel, Tr\u00fcffelsuche, istra, istria, istrien, croatia, hrvatska, kroatien, tuber magnatum pico, buzet, white truffle, black truffle, weisse Tr\u00fcffel, cheese with truffles, olive oil with truffles, \u5976\u916a\u677e\u9732, \u677e\u9732, \u677e\u9732\u72e9\u730e, \u4f0a\u65af \u7279\u62c9, \u514b\u7f57\u5730\u4e9a, \u30c8\u30ea\u30e5\u30d5,\u30c8\u30ea\u30e5\u30d5\u72e9\u308a, \u30a4\u30b9\u30c8\u30ea\u30a2, \uc1a1\ub85c \ubc84\uc12f, \uc1a1\ub85c \ubc84\uc12f \uc0ac\ub0e5, \ud06c\ub85c\uc544\ud2f0\uc544, \uc774\uc2a4\ud2b8 \ub9ac\uc544, \u0442\u0440\u044e\u0444\u0435\u043b\u0438 ,\u043e\u0445\u043e\u0442\u0430 \u0442\u0440\u044e\u0444\u0435\u043b\u044f, \u0418\u0441\u0442\u0440\u0438\u044f, \u0425\u043e\u0440\u0432\u0430\u0442\u0438\u044f, truffle products, prodoti di tartufo, unique experience in istria, adventure in istria, exploring istria, family tradition, truffle dogs, truffle specialties, motovun, livade, \uc774\uc2a4\ud2b8 \ub9ac\uc544 \uc758 \ub3c5\ud2b9\ud55c \uc774\uc2a4\ud2b8 \ub9ac\uc544 \uc758 \uacbd\ud5d8 , \ubaa8\ud5d8, \uc774\uc2a4\ud2b8 \ub9ac\uc544 , \uac00\uc871\uc758 \uc804\ud1b5 , \uc1a1\ub85c \ubc84\uc12f \uac1c, \uc1a1\ub85c \ubc84\uc12f \uc694\ub9ac","og_url":"https:\/\/prodantartufi.hr\/hr\/privacy-policy\/","og_site_name":"PRODAN TARTUFI","article_modified_time":"2019-01-25T12:24:20+00:00","twitter_card":"summary_large_image","twitter_misc":{"Procijenjeno vrijeme \u010ditanja":"16 minuta"},"schema":{"@context":"https:\/\/schema.org","@graph":[{"@type":"WebPage","@id":"https:\/\/prodantartufi.hr\/hr\/privacy-policy\/","url":"https:\/\/prodantartufi.hr\/hr\/privacy-policy\/","name":"Izjava o privatnosti | PRODAN TARTUFI","isPartOf":{"@id":"https:\/\/prodantartufi.hr\/hr\/#website"},"datePublished":"2018-05-24T20:33:09+00:00","dateModified":"2019-01-25T12:24:20+00:00","description":"truffles, truffle hunting, Tr\u00fcffel, lov na tartuf, tartufi, crni tartuf, bijeli tartuf, tartufo, schwarze Tr\u00fcffel, Tr\u00fcffelsuche, istra, istria, istrien, croatia, hrvatska, kroatien, tuber magnatum pico, buzet, white truffle, black truffle, weisse Tr\u00fcffel, cheese with truffles, olive oil with truffles, \u5976\u916a\u677e\u9732, \u677e\u9732, \u677e\u9732\u72e9\u730e, \u4f0a\u65af \u7279\u62c9, \u514b\u7f57\u5730\u4e9a, \u30c8\u30ea\u30e5\u30d5,\u30c8\u30ea\u30e5\u30d5\u72e9\u308a, \u30a4\u30b9\u30c8\u30ea\u30a2, \uc1a1\ub85c \ubc84\uc12f, \uc1a1\ub85c \ubc84\uc12f \uc0ac\ub0e5, \ud06c\ub85c\uc544\ud2f0\uc544, \uc774\uc2a4\ud2b8 \ub9ac\uc544, \u0442\u0440\u044e\u0444\u0435\u043b\u0438 ,\u043e\u0445\u043e\u0442\u0430 \u0442\u0440\u044e\u0444\u0435\u043b\u044f, \u0418\u0441\u0442\u0440\u0438\u044f, \u0425\u043e\u0440\u0432\u0430\u0442\u0438\u044f, truffle products, prodoti di tartufo, unique experience in istria, adventure in istria, exploring istria, family tradition, truffle dogs, truffle specialties, motovun, livade, \uc774\uc2a4\ud2b8 \ub9ac\uc544 \uc758 \ub3c5\ud2b9\ud55c \uc774\uc2a4\ud2b8 \ub9ac\uc544 \uc758 \uacbd\ud5d8 , \ubaa8\ud5d8, \uc774\uc2a4\ud2b8 \ub9ac\uc544 , \uac00\uc871\uc758 \uc804\ud1b5 , \uc1a1\ub85c \ubc84\uc12f \uac1c, \uc1a1\ub85c \ubc84\uc12f \uc694\ub9ac","breadcrumb":{"@id":"https:\/\/prodantartufi.hr\/hr\/privacy-policy\/#breadcrumb"},"inLanguage":"hr","potentialAction":[{"@type":"ReadAction","target":[["https:\/\/prodantartufi.hr\/hr\/privacy-policy\/"]]}]},{"@type":"BreadcrumbList","@id":"https:\/\/prodantartufi.hr\/hr\/privacy-policy\/#breadcrumb","itemListElement":[{"@type":"ListItem","position":1,"name":"Home","item":"https:\/\/prodantartufi.hr\/hr\/"},{"@type":"ListItem","position":2,"name":"Izjava o privatnosti"}]},{"@type":"WebSite","@id":"https:\/\/prodantartufi.hr\/hr\/#website","url":"https:\/\/prodantartufi.hr\/hr\/","name":"PRODAN TARTUFI","description":"","publisher":{"@id":"https:\/\/prodantartufi.hr\/hr\/#organization"},"potentialAction":[{"@type":"SearchAction","target":{"@type":"EntryPoint","urlTemplate":"https:\/\/prodantartufi.hr\/hr\/?s={search_term_string}"},"query-input":"required name=search_term_string"}],"inLanguage":"hr"},{"@type":"Organization","@id":"https:\/\/prodantartufi.hr\/hr\/#organization","name":"PRODAN TARTUFI |","url":"https:\/\/prodantartufi.hr\/hr\/","logo":{"@type":"ImageObject","inLanguage":"hr","@id":"https:\/\/prodantartufi.hr\/hr\/#\/schema\/logo\/image\/","url":"https:\/\/prodantartufi.hr\/wp-content\/uploads\/2015\/03\/logo_600px-e1434011074366.png","contentUrl":"https:\/\/prodantartufi.hr\/wp-content\/uploads\/2015\/03\/logo_600px-e1434011074366.png","width":118,"height":29,"caption":"PRODAN TARTUFI |"},"image":{"@id":"https:\/\/prodantartufi.hr\/hr\/#\/schema\/logo\/image\/"}}]}},"_links":{"self":[{"href":"https:\/\/prodantartufi.hr\/hr\/wp-json\/wp\/v2\/pages\/1569"}],"collection":[{"href":"https:\/\/prodantartufi.hr\/hr\/wp-json\/wp\/v2\/pages"}],"about":[{"href":"https:\/\/prodantartufi.hr\/hr\/wp-json\/wp\/v2\/types\/page"}],"author":[{"embeddable":true,"href":"https:\/\/prodantartufi.hr\/hr\/wp-json\/wp\/v2\/users\/1"}],"replies":[{"embeddable":true,"href":"https:\/\/prodantartufi.hr\/hr\/wp-json\/wp\/v2\/comments?post=1569"}],"version-history":[{"count":18,"href":"https:\/\/prodantartufi.hr\/hr\/wp-json\/wp\/v2\/pages\/1569\/revisions"}],"predecessor-version":[{"id":1622,"href":"https:\/\/prodantartufi.hr\/hr\/wp-json\/wp\/v2\/pages\/1569\/revisions\/1622"}],"wp:attachment":[{"href":"https:\/\/prodantartufi.hr\/hr\/wp-json\/wp\/v2\/media?parent=1569"}],"curies":[{"name":"wp","href":"https:\/\/api.w.org\/{rel}","templated":true}]}}