{"id":586,"date":"2015-10-23T11:00:55","date_gmt":"2015-10-23T11:00:55","guid":{"rendered":"http:\/\/prodantartufi.hr\/?page_id=586"},"modified":"2018-02-12T09:33:42","modified_gmt":"2018-02-12T09:33:42","slug":"o-nama","status":"publish","type":"page","link":"https:\/\/prodantartufi.hr\/hr\/o-nama\/","title":{"rendered":"O NAMA"},"content":{"rendered":"<p><\/p>\n<hr \/>\n<table align=\"center\">\n<tbody>\n<tr>\n<td style=\"padding: 20px; width: 300px; vertical-align: top;\"><span style=\"font-size: 11pt;\"><strong>BUZET<\/strong><\/span><\/p>\n<p><img decoding=\"async\" loading=\"lazy\" class=\"img_align aligncenter wp-image-1236\" src=\"http:\/\/prodantartufi.hr\/wp-content\/uploads\/2015\/10\/Buzet-grad-tartufa-prodan-tartufi.jpg\" alt=\"Buzet grad tartufa - prodan tartufi\" width=\"250\" height=\"250\" srcset=\"https:\/\/prodantartufi.hr\/wp-content\/uploads\/2015\/10\/Buzet-grad-tartufa-prodan-tartufi.jpg 400w, https:\/\/prodantartufi.hr\/wp-content\/uploads\/2015\/10\/Buzet-grad-tartufa-prodan-tartufi-150x150.jpg 150w\" sizes=\"(max-width: 250px) 100vw, 250px\" \/><\/p>\n<p>Na samom sjeveru prekrasnog Jadranskog mora nalazi se poluotok Istra. Okru\u017eena biserno \u010distim morem, Istra u svojoj unutra\u0161njosti skriva pravo prirodno bogatstvo. Kako biste spoznali i istinski do\u017eivjeli Istru svim svojim osjetilima potrebno je krenuti u njenu unutra\u0161njost, sti\u0107i u Buzet i prepustiti se do\u017eivljajima grada tartufa.<\/p>\n<p>Buzet pru\u017ea vrhunske do\u017eivljaje za najosjetljivija nepca. Dom je to ekstradjevi\u010danskih maslinovih ulja, sira, meda, rakija i vina iznimne kvalitete te je prirodno stani\u0161te najcjenjenije podzemne gljive na svijetu \u2013tartufa.<\/td>\n<td style=\"padding: 20px; width: 300px; vertical-align: top;\"><span style=\"font-size: 11pt;\"><strong>NA\u0160 OBRT<\/strong><\/span><\/p>\n<p><img decoding=\"async\" loading=\"lazy\" class=\"img_align aligncenter wp-image-1237\" src=\"http:\/\/prodantartufi.hr\/wp-content\/uploads\/2015\/10\/tartufi-prodan-tartufi.jpg\" alt=\"tartufi - prodan tartufi\" width=\"250\" height=\"250\" srcset=\"https:\/\/prodantartufi.hr\/wp-content\/uploads\/2015\/10\/tartufi-prodan-tartufi.jpg 400w, https:\/\/prodantartufi.hr\/wp-content\/uploads\/2015\/10\/tartufi-prodan-tartufi-150x150.jpg 150w\" sizes=\"(max-width: 250px) 100vw, 250px\" \/><\/p>\n<p><span style=\"font-size: 12pt;\">Osnovna djelatnost na\u0161eg obiteljskog obrta ve\u0107 je nara\u0161tajima preno\u0161en i tradicijski o\u010duvan lov na tartuf te distribucija vlastitih proizvoda spravljenih od istarskog tartufa i najfinijih prirodnih sastojaka do svojih kupaca i potro\u0161a\u010da.<\/span><\/p>\n<p><span style=\"font-size: 12pt;\">Tijekom sezone rasta bijelog i crnog tartufa, svije\u017ee tartufe dostavljamo brojnim restoranima i svim ljubiteljima tartufa diljem zemlje i svijeta.<\/span><\/td>\n<td style=\"padding: 20px; width: 300px; vertical-align: top;\"><span style=\"font-size: 11pt;\"><strong>VIZIJA \/<\/strong> <strong>MISIJA<\/strong><\/span><\/p>\n<p><img decoding=\"async\" loading=\"lazy\" class=\"img_align aligncenter wp-image-1238 size-full\" src=\"http:\/\/prodantartufi.hr\/wp-content\/uploads\/2015\/10\/Lov-na-tartuf-prodan-tartufi.jpg\" alt=\"Lov na tartuf - prodan tartufi\" width=\"250\" height=\"250\" srcset=\"https:\/\/prodantartufi.hr\/wp-content\/uploads\/2015\/10\/Lov-na-tartuf-prodan-tartufi.jpg 250w, https:\/\/prodantartufi.hr\/wp-content\/uploads\/2015\/10\/Lov-na-tartuf-prodan-tartufi-150x150.jpg 150w\" sizes=\"(max-width: 250px) 100vw, 250px\" \/><\/p>\n<p>Na\u0161a je vizija biti uva\u017een i po\u017eeljan poslovni partner, priznat na tr\u017ei\u0161tu te poznat po besprijekornoj kvaliteti svojih proizvoda i usluga. Izgradnjom prijateljskih odnosa i brigom prema prirodi \u017eelimo za\u0161tititi interese na\u0161ih kupaca, poslovnih partnera i sredine u kojoj \u017eivimo i radimo.<\/p>\n<p>Na\u0161a najve\u0107a vrijednost je dugogodi\u0161nja obiteljska tradicija kojom stvaramo originalan brend pru\u017eaju\u0107i svima najbolje okuse, mirise i do\u017eivljaje Istre.<\/td>\n<td style=\"padding: 20px; width: 300px; vertical-align: top;\"><span style=\"font-size: 11pt;\"><strong>100% PROIZVEDENO<\/strong> <strong>U HRVATSKOJ<\/strong><\/span><\/p>\n<p><img decoding=\"async\" loading=\"lazy\" class=\"img_align aligncenter wp-image-1239\" src=\"http:\/\/prodantartufi.hr\/wp-content\/uploads\/2015\/10\/tartufi-crni-cijeli-prodan-tartufi.jpg\" alt=\"tartufi crni cijeli - prodan tartufi\" width=\"250\" height=\"250\" srcset=\"https:\/\/prodantartufi.hr\/wp-content\/uploads\/2015\/10\/tartufi-crni-cijeli-prodan-tartufi.jpg 400w, https:\/\/prodantartufi.hr\/wp-content\/uploads\/2015\/10\/tartufi-crni-cijeli-prodan-tartufi-150x150.jpg 150w\" sizes=\"(max-width: 250px) 100vw, 250px\" \/><\/p>\n<p>Svi su na\u0161i proizvodi proizvedeni u Hrvatskoj i satkani od namirnica iz \u010diste i netaknute istarske prirode.<\/p>\n<p>Trud, predanost i odgovornost cijele obitelji, te iznad svega strast i ljubav prema tartufima, sastojci su to koji \u010dine posebnim na\u0161e proizvode prepoznatljivog i neodoljivog okusa i mirisa.<\/p>\n<p>Cijeli proces prerade, skladi\u0161tenja i distribucije tartufa pra\u0107en je visokom kvalitetom i HACCP standardom.<\/td>\n<\/tr>\n<\/tbody>\n<\/table>\n<p style=\"text-align: center;\"><span style=\"font-size: 18pt;\"><strong><em>Rastemo s prirodom.<\/em><\/strong><\/span><\/p>\n<p style=\"text-align: center;\">\n<p><\/p>","protected":false},"excerpt":{"rendered":"<p>BUZET Na samom sjeveru prekrasnog Jadranskog mora nalazi se poluotok Istra. Okru\u017eena biserno \u010distim morem, Istra u svojoj unutra\u0161njosti skriva pravo prirodno bogatstvo. Kako biste spoznali i istinski do\u017eivjeli Istru svim svojim osjetilima potrebno je krenuti u njenu unutra\u0161njost, sti\u0107i u Buzet i prepustiti se do\u017eivljajima grada tartufa. Buzet pru\u017ea vrhunske do\u017eivljaje za najosjetljivija nepca. [&hellip;]<\/p>\n","protected":false},"author":1,"featured_media":0,"parent":0,"menu_order":0,"comment_status":"closed","ping_status":"closed","template":"page_ostalo.php","meta":[],"yoast_head":"<!-- This site is optimized with the Yoast SEO plugin v20.0 - https:\/\/yoast.com\/wordpress\/plugins\/seo\/ -->\n<title>O NAMA | PRODAN TARTUFI<\/title>\n<meta name=\"description\" content=\"Osnovna djelatnost na\u0161eg obiteljskog obrta ve\u0107 je nara\u0161tajima preno\u0161en i tradicijski o\u010duvan lov na tartuf te distribucija vlastitih proizvoda spravljenih od istarskog tartufa i najfinijih prirodnih sastojaka do svojih kupaca i potro\u0161a\u010da.\" \/>\n<meta name=\"robots\" content=\"index, follow, max-snippet:-1, max-image-preview:large, max-video-preview:-1\" \/>\n<link rel=\"canonical\" href=\"https:\/\/prodantartufi.hr\/hr\/o-nama\/\" \/>\n<meta property=\"og:locale\" content=\"hr_HR\" \/>\n<meta property=\"og:type\" content=\"article\" \/>\n<meta property=\"og:title\" content=\"O NAMA | PRODAN TARTUFI\" \/>\n<meta property=\"og:description\" content=\"Osnovna djelatnost na\u0161eg obiteljskog obrta ve\u0107 je nara\u0161tajima preno\u0161en i tradicijski o\u010duvan lov na tartuf te distribucija vlastitih proizvoda spravljenih od istarskog tartufa i najfinijih prirodnih sastojaka do svojih kupaca i potro\u0161a\u010da.\" \/>\n<meta property=\"og:url\" content=\"https:\/\/prodantartufi.hr\/hr\/o-nama\/\" \/>\n<meta property=\"og:site_name\" content=\"PRODAN TARTUFI\" \/>\n<meta property=\"article:modified_time\" content=\"2018-02-12T09:33:42+00:00\" \/>\n<meta property=\"og:image\" content=\"http:\/\/prodantartufi.hr\/wp-content\/uploads\/2015\/10\/Buzet-grad-tartufa-prodan-tartufi.jpg\" \/>\n<meta name=\"twitter:card\" content=\"summary_large_image\" \/>\n<meta name=\"twitter:label1\" content=\"Procijenjeno vrijeme \u010ditanja\" \/>\n\t<meta name=\"twitter:data1\" content=\"5 minuta\" \/>\n<script type=\"application\/ld+json\" class=\"yoast-schema-graph\">{\"@context\":\"https:\/\/schema.org\",\"@graph\":[{\"@type\":\"WebPage\",\"@id\":\"https:\/\/prodantartufi.hr\/hr\/o-nama\/\",\"url\":\"https:\/\/prodantartufi.hr\/hr\/o-nama\/\",\"name\":\"O NAMA | PRODAN TARTUFI\",\"isPartOf\":{\"@id\":\"https:\/\/prodantartufi.hr\/hr\/#website\"},\"datePublished\":\"2015-10-23T11:00:55+00:00\",\"dateModified\":\"2018-02-12T09:33:42+00:00\",\"description\":\"Osnovna djelatnost na\u0161eg obiteljskog obrta ve\u0107 je nara\u0161tajima preno\u0161en i tradicijski o\u010duvan lov na tartuf te distribucija vlastitih proizvoda spravljenih od istarskog tartufa i najfinijih prirodnih sastojaka do svojih kupaca i potro\u0161a\u010da.\",\"breadcrumb\":{\"@id\":\"https:\/\/prodantartufi.hr\/hr\/o-nama\/#breadcrumb\"},\"inLanguage\":\"hr\",\"potentialAction\":[{\"@type\":\"ReadAction\",\"target\":[[\"https:\/\/prodantartufi.hr\/hr\/o-nama\/\"]]}]},{\"@type\":\"BreadcrumbList\",\"@id\":\"https:\/\/prodantartufi.hr\/hr\/o-nama\/#breadcrumb\",\"itemListElement\":[{\"@type\":\"ListItem\",\"position\":1,\"name\":\"Home\",\"item\":\"https:\/\/prodantartufi.hr\/hr\/\"},{\"@type\":\"ListItem\",\"position\":2,\"name\":\"O NAMA\"}]},{\"@type\":\"WebSite\",\"@id\":\"https:\/\/prodantartufi.hr\/hr\/#website\",\"url\":\"https:\/\/prodantartufi.hr\/hr\/\",\"name\":\"PRODAN TARTUFI\",\"description\":\"\",\"publisher\":{\"@id\":\"https:\/\/prodantartufi.hr\/hr\/#organization\"},\"potentialAction\":[{\"@type\":\"SearchAction\",\"target\":{\"@type\":\"EntryPoint\",\"urlTemplate\":\"https:\/\/prodantartufi.hr\/hr\/?s={search_term_string}\"},\"query-input\":\"required name=search_term_string\"}],\"inLanguage\":\"hr\"},{\"@type\":\"Organization\",\"@id\":\"https:\/\/prodantartufi.hr\/hr\/#organization\",\"name\":\"PRODAN TARTUFI |\",\"url\":\"https:\/\/prodantartufi.hr\/hr\/\",\"logo\":{\"@type\":\"ImageObject\",\"inLanguage\":\"hr\",\"@id\":\"https:\/\/prodantartufi.hr\/hr\/#\/schema\/logo\/image\/\",\"url\":\"https:\/\/prodantartufi.hr\/wp-content\/uploads\/2015\/03\/logo_600px-e1434011074366.png\",\"contentUrl\":\"https:\/\/prodantartufi.hr\/wp-content\/uploads\/2015\/03\/logo_600px-e1434011074366.png\",\"width\":118,\"height\":29,\"caption\":\"PRODAN TARTUFI |\"},\"image\":{\"@id\":\"https:\/\/prodantartufi.hr\/hr\/#\/schema\/logo\/image\/\"}}]}<\/script>\n<!-- \/ Yoast SEO plugin. -->","yoast_head_json":{"title":"O NAMA | PRODAN TARTUFI","description":"Osnovna djelatnost na\u0161eg obiteljskog obrta ve\u0107 je nara\u0161tajima preno\u0161en i tradicijski o\u010duvan lov na tartuf te distribucija vlastitih proizvoda spravljenih od istarskog tartufa i najfinijih prirodnih sastojaka do svojih kupaca i potro\u0161a\u010da.","robots":{"index":"index","follow":"follow","max-snippet":"max-snippet:-1","max-image-preview":"max-image-preview:large","max-video-preview":"max-video-preview:-1"},"canonical":"https:\/\/prodantartufi.hr\/hr\/o-nama\/","og_locale":"hr_HR","og_type":"article","og_title":"O NAMA | PRODAN TARTUFI","og_description":"Osnovna djelatnost na\u0161eg obiteljskog obrta ve\u0107 je nara\u0161tajima preno\u0161en i tradicijski o\u010duvan lov na tartuf te distribucija vlastitih proizvoda spravljenih od istarskog tartufa i najfinijih prirodnih sastojaka do svojih kupaca i potro\u0161a\u010da.","og_url":"https:\/\/prodantartufi.hr\/hr\/o-nama\/","og_site_name":"PRODAN TARTUFI","article_modified_time":"2018-02-12T09:33:42+00:00","og_image":[{"url":"http:\/\/prodantartufi.hr\/wp-content\/uploads\/2015\/10\/Buzet-grad-tartufa-prodan-tartufi.jpg"}],"twitter_card":"summary_large_image","twitter_misc":{"Procijenjeno vrijeme \u010ditanja":"5 minuta"},"schema":{"@context":"https:\/\/schema.org","@graph":[{"@type":"WebPage","@id":"https:\/\/prodantartufi.hr\/hr\/o-nama\/","url":"https:\/\/prodantartufi.hr\/hr\/o-nama\/","name":"O NAMA | PRODAN TARTUFI","isPartOf":{"@id":"https:\/\/prodantartufi.hr\/hr\/#website"},"datePublished":"2015-10-23T11:00:55+00:00","dateModified":"2018-02-12T09:33:42+00:00","description":"Osnovna djelatnost na\u0161eg obiteljskog obrta ve\u0107 je nara\u0161tajima preno\u0161en i tradicijski o\u010duvan lov na tartuf te distribucija vlastitih proizvoda spravljenih od istarskog tartufa i najfinijih prirodnih sastojaka do svojih kupaca i potro\u0161a\u010da.","breadcrumb":{"@id":"https:\/\/prodantartufi.hr\/hr\/o-nama\/#breadcrumb"},"inLanguage":"hr","potentialAction":[{"@type":"ReadAction","target":[["https:\/\/prodantartufi.hr\/hr\/o-nama\/"]]}]},{"@type":"BreadcrumbList","@id":"https:\/\/prodantartufi.hr\/hr\/o-nama\/#breadcrumb","itemListElement":[{"@type":"ListItem","position":1,"name":"Home","item":"https:\/\/prodantartufi.hr\/hr\/"},{"@type":"ListItem","position":2,"name":"O NAMA"}]},{"@type":"WebSite","@id":"https:\/\/prodantartufi.hr\/hr\/#website","url":"https:\/\/prodantartufi.hr\/hr\/","name":"PRODAN TARTUFI","description":"","publisher":{"@id":"https:\/\/prodantartufi.hr\/hr\/#organization"},"potentialAction":[{"@type":"SearchAction","target":{"@type":"EntryPoint","urlTemplate":"https:\/\/prodantartufi.hr\/hr\/?s={search_term_string}"},"query-input":"required name=search_term_string"}],"inLanguage":"hr"},{"@type":"Organization","@id":"https:\/\/prodantartufi.hr\/hr\/#organization","name":"PRODAN TARTUFI |","url":"https:\/\/prodantartufi.hr\/hr\/","logo":{"@type":"ImageObject","inLanguage":"hr","@id":"https:\/\/prodantartufi.hr\/hr\/#\/schema\/logo\/image\/","url":"https:\/\/prodantartufi.hr\/wp-content\/uploads\/2015\/03\/logo_600px-e1434011074366.png","contentUrl":"https:\/\/prodantartufi.hr\/wp-content\/uploads\/2015\/03\/logo_600px-e1434011074366.png","width":118,"height":29,"caption":"PRODAN TARTUFI |"},"image":{"@id":"https:\/\/prodantartufi.hr\/hr\/#\/schema\/logo\/image\/"}}]}},"_links":{"self":[{"href":"https:\/\/prodantartufi.hr\/hr\/wp-json\/wp\/v2\/pages\/586"}],"collection":[{"href":"https:\/\/prodantartufi.hr\/hr\/wp-json\/wp\/v2\/pages"}],"about":[{"href":"https:\/\/prodantartufi.hr\/hr\/wp-json\/wp\/v2\/types\/page"}],"author":[{"embeddable":true,"href":"https:\/\/prodantartufi.hr\/hr\/wp-json\/wp\/v2\/users\/1"}],"replies":[{"embeddable":true,"href":"https:\/\/prodantartufi.hr\/hr\/wp-json\/wp\/v2\/comments?post=586"}],"version-history":[{"count":57,"href":"https:\/\/prodantartufi.hr\/hr\/wp-json\/wp\/v2\/pages\/586\/revisions"}],"predecessor-version":[{"id":1546,"href":"https:\/\/prodantartufi.hr\/hr\/wp-json\/wp\/v2\/pages\/586\/revisions\/1546"}],"wp:attachment":[{"href":"https:\/\/prodantartufi.hr\/hr\/wp-json\/wp\/v2\/media?parent=586"}],"curies":[{"name":"wp","href":"https:\/\/api.w.org\/{rel}","templated":true}]}}