{"id":615,"date":"2015-10-23T11:19:46","date_gmt":"2015-10-23T11:19:46","guid":{"rendered":"http:\/\/prodantartufi.hr\/?page_id=615"},"modified":"2016-08-08T15:05:41","modified_gmt":"2016-08-08T15:05:41","slug":"tartuf","status":"publish","type":"page","link":"https:\/\/prodantartufi.hr\/hr\/tartuf\/","title":{"rendered":"TARTUF"},"content":{"rendered":"<p>Najbolji predstavnik istarske zemlje. Fin, bo\u017eanstven, rustikalan, vrhunac gastronomskog do\u017eivljaja. \u010cudo prirode, ni\u010dim usporediv i ni\u010dim zamjenjiv.<\/p>\n<p>Tartuf je podzemna gljiva koja raste u simbiozi na korjenu odre\u0111enih vrsta drve\u0107a od kojih su naj\u010de\u0161\u0107i hrast, bukva i lje\u0161njak. Kako bi sa\u010duvali prirodni ciklus i stani\u0161te tartufa, potrebno je savjesno i odgovorno postupati nalazi\u0161tima ovog blaga te omogu\u0107iti nesmetani nastavak\u00a0 mikorize. Dolina rijeke Mirne najve\u0107e je nalazi\u0161te istarskog bijelog tartufa.<\/p>\n<p>U Istri raste nekoliko vrsta tartufa od kojih je daleko najpoznatiji i najcjenjeniji Istarski bijeli tartuf ili Tuber magnatum pico koji dozrijeva od rujna do sije\u010dnja. Upravo je tada i najbolje vrijeme za u\u017eivanje u ovoj vrhunskoj gastronomskoj deliciji. Zimi se tako\u0111er mo\u017ee prona\u0107i i crni tartuf tipa Tuber brumale,a ukoliko ste \u017eeljni u\u017eivanja u tartufima tijekom cijele godine to \u0107e vam zadovoljstvo pru\u017eiti crni tartuf tipa Tuber aestivum ili neki od mnogobrojnih proizvoda od tartufa iz na\u0161eg asortimana.<\/p>\n<hr \/>\n<h1>Vrste tartufa:<\/h1>\n<p><img decoding=\"async\" loading=\"lazy\" class=\"aligncenter wp-image-1241 size-full\" src=\"http:\/\/prodantartufi.hr\/wp-content\/uploads\/2015\/10\/bijeli-tartuf-Tuber-Magnatum-Pico-prodan-tartufi.jpg\" alt=\"bijeli tartuf, Tuber Magnatum Pico - prodan tartufi\" width=\"1920\" height=\"1200\" srcset=\"https:\/\/prodantartufi.hr\/wp-content\/uploads\/2015\/10\/bijeli-tartuf-Tuber-Magnatum-Pico-prodan-tartufi.jpg 1920w, https:\/\/prodantartufi.hr\/wp-content\/uploads\/2015\/10\/bijeli-tartuf-Tuber-Magnatum-Pico-prodan-tartufi-400x250.jpg 400w, https:\/\/prodantartufi.hr\/wp-content\/uploads\/2015\/10\/bijeli-tartuf-Tuber-Magnatum-Pico-prodan-tartufi-768x480.jpg 768w, https:\/\/prodantartufi.hr\/wp-content\/uploads\/2015\/10\/bijeli-tartuf-Tuber-Magnatum-Pico-prodan-tartufi-1024x640.jpg 1024w\" sizes=\"(max-width: 1920px) 100vw, 1920px\" \/><\/p>\n<p><strong>BIJELI TARTUF<br \/>\n<\/strong><span style=\"font-size: 10pt;\"><strong>lat.<\/strong> <strong>Tuber Magnatum Pico<\/strong><\/span><\/p>\n<p>Najcjenjeniji me\u0111u svim vrstama tartufa. Ova \u0107e delicija u sezoni pronalaska svojim intenzivnim mirisom privu\u0107i svakog iskonskog ljubitelja pravog tartufa. Raste od rujna do sije\u010dnja na dubini od 1-25cm ispod zemlje i mo\u017ee se prona\u0107i u podno\u017eju stabala hrasta,bukve,lje\u0161njaka.\u00a0 Gleba mu je be\u017e do oker boje pro\u0161arana tankim bijelim venama. Bijeli se tartuf \u00a0klasira prema te\u017eini pojedinog primjerka, no konzumirate li mali primjerak od svega nekoliko grama ili ekstra veliki primjerak kvaliteta i miris su uvijek isti. Mo\u017ee se konzumirati i sirov, bez termi\u010dke obrade.<\/p>\n<hr \/>\n<p><img decoding=\"async\" loading=\"lazy\" class=\"aligncenter wp-image-1242 size-full\" src=\"http:\/\/prodantartufi.hr\/wp-content\/uploads\/2015\/10\/crni-tartuf-prodan-tartufi.jpg\" alt=\"crni tartuf - prodan tartufi\" width=\"1336\" height=\"835\" srcset=\"https:\/\/prodantartufi.hr\/wp-content\/uploads\/2015\/10\/crni-tartuf-prodan-tartufi.jpg 1336w, https:\/\/prodantartufi.hr\/wp-content\/uploads\/2015\/10\/crni-tartuf-prodan-tartufi-400x250.jpg 400w, https:\/\/prodantartufi.hr\/wp-content\/uploads\/2015\/10\/crni-tartuf-prodan-tartufi-768x480.jpg 768w, https:\/\/prodantartufi.hr\/wp-content\/uploads\/2015\/10\/crni-tartuf-prodan-tartufi-1024x640.jpg 1024w\" sizes=\"(max-width: 1336px) 100vw, 1336px\" \/><\/p>\n<p><strong>CRNI LJETNI TARTUF<br \/>\n<span style=\"font-size: 10pt;\">lat.Tuber aestivum<\/span><\/strong><\/p>\n<p>Crni tartuf\u00a0 koji raste ljeti pa sve do kasne jeseni\u00a0 jedna je od naj\u010de\u0161\u0107ih vrsta crnog tartufa. Mo\u017ee se prona\u0107i na dubini od 1-10cm ispod zemlje u podno\u017eju lje\u0161njaka, topola, hrasta, bukvi i borova. Gleba mu je be\u017e do svjetlo sme\u0111e boje pro\u0161arana tankim bijelim venama. Bla\u017eeg je i manje intenzivnog mirisa no unato\u010d tome veoma konzumiran i obo\u017eavan od strane ljubitelja tartufa. Mo\u017ee se konzumirati sirov ili kratko termi\u010dki obra\u0111en.<\/p>\n<hr \/>\n<p><strong>CRNI ZIMSKI TARTUF<br \/>\n<span style=\"font-size: 10pt;\">lat. Tuber brumale<\/span><\/strong><\/p>\n<p>Mirisom najintenzivniji gomolj me\u0111u crnim tartufima, svoju sezonu ima zimi, od rujna pa sve do sije\u010dnja. Gleba je tamno sme\u0111e boje pro\u0161arana debljim bijelim venama. Mo\u017ee ga se prona\u0107i\u00a0 na dubini od 1-15cm ispod zemlje u podno\u017eju stabala hrasta i lje\u0161njaka. Prije konzumacije preporu\u010da se kratka termi\u010dka obrada.<\/p>\n<hr \/>\n<p><strong>CRNI PLEMENITI TARTUF<br \/>\n<span style=\"font-size: 10pt;\">lat.Tuber melanosporum<\/span>\u00a0<\/strong><\/p>\n<p>Najcjenjeni me\u0111u vrstama crnog tartufa zbog svog specifi\u010dno intenzivnog okusa i aromati\u010dnog mirisa. Gleba mu \u00a0je tamno sme\u0111e do crne boje pro\u0161arana izrazito tankim bijelim venama.\u00a0 Raste od sije\u010dnja do prolje\u0107a na dubini od 1-20cm ispod zemlje u podno\u017eju stabala lje\u0161njaka, hrasta i crnog graba. Prije konzumacije preporu\u010da se kratka termi\u010dka obrada.<\/p>\n<hr \/>\n<p><\/p>","protected":false},"excerpt":{"rendered":"<p>Najbolji predstavnik istarske zemlje. Fin, bo\u017eanstven, rustikalan, vrhunac gastronomskog do\u017eivljaja. \u010cudo prirode, ni\u010dim usporediv i ni\u010dim zamjenjiv. Tartuf je podzemna gljiva koja raste u simbiozi na korjenu odre\u0111enih vrsta drve\u0107a od kojih su naj\u010de\u0161\u0107i hrast, bukva i lje\u0161njak. Kako bi sa\u010duvali prirodni ciklus i stani\u0161te tartufa, potrebno je savjesno i odgovorno postupati nalazi\u0161tima ovog blaga [&hellip;]<\/p>\n","protected":false},"author":1,"featured_media":0,"parent":0,"menu_order":0,"comment_status":"closed","ping_status":"closed","template":"single_tartufi.php","meta":[],"yoast_head":"<!-- This site is optimized with the Yoast SEO plugin v20.0 - https:\/\/yoast.com\/wordpress\/plugins\/seo\/ -->\n<title>TARTUF | PRODAN TARTUFI<\/title>\n<meta name=\"description\" content=\"truffles, truffle hunting, Tr\u00fcffel, lov na tartuf, tartufi, crni tartuf, bijeli tartuf, tartufo, schwarze Tr\u00fcffel, Tr\u00fcffelsuche, istra, istria, istrien, croatia, hrvatska, kroatien, tuber magnatum pico, buzet, white truffle, black truffle, weisse Tr\u00fcffel, cheese with truffles, olive oil with truffles, \u5976\u916a\u677e\u9732, \u677e\u9732, \u677e\u9732\u72e9\u730e, \u4f0a\u65af \u7279\u62c9, \u514b\u7f57\u5730\u4e9a, \u30c8\u30ea\u30e5\u30d5,\u30c8\u30ea\u30e5\u30d5\u72e9\u308a, \u30a4\u30b9\u30c8\u30ea\u30a2, \uc1a1\ub85c \ubc84\uc12f, \uc1a1\ub85c \ubc84\uc12f \uc0ac\ub0e5, \ud06c\ub85c\uc544\ud2f0\uc544, \uc774\uc2a4\ud2b8 \ub9ac\uc544, \u0442\u0440\u044e\u0444\u0435\u043b\u0438 ,\u043e\u0445\u043e\u0442\u0430 \u0442\u0440\u044e\u0444\u0435\u043b\u044f, \u0418\u0441\u0442\u0440\u0438\u044f, \u0425\u043e\u0440\u0432\u0430\u0442\u0438\u044f, truffle products, prodoti di tartufo, unique experience in istria, adventure in istria, exploring istria, family tradition, truffle dogs, truffle specialties, motovun, livade, \uc774\uc2a4\ud2b8 \ub9ac\uc544 \uc758 \ub3c5\ud2b9\ud55c \uc774\uc2a4\ud2b8 \ub9ac\uc544 \uc758 \uacbd\ud5d8 , \ubaa8\ud5d8, \uc774\uc2a4\ud2b8 \ub9ac\uc544 , \uac00\uc871\uc758 \uc804\ud1b5 , \uc1a1\ub85c \ubc84\uc12f \uac1c, \uc1a1\ub85c \ubc84\uc12f \uc694\ub9ac\" \/>\n<meta name=\"robots\" content=\"index, follow, max-snippet:-1, max-image-preview:large, max-video-preview:-1\" \/>\n<link rel=\"canonical\" href=\"https:\/\/prodantartufi.hr\/hr\/tartuf\/\" \/>\n<meta property=\"og:locale\" content=\"hr_HR\" \/>\n<meta property=\"og:type\" content=\"article\" \/>\n<meta property=\"og:title\" content=\"TARTUF | PRODAN TARTUFI\" \/>\n<meta property=\"og:description\" content=\"truffles, truffle hunting, Tr\u00fcffel, lov na tartuf, tartufi, crni tartuf, bijeli tartuf, tartufo, schwarze Tr\u00fcffel, Tr\u00fcffelsuche, istra, istria, istrien, croatia, hrvatska, kroatien, tuber magnatum pico, buzet, white truffle, black truffle, weisse Tr\u00fcffel, cheese with truffles, olive oil with truffles, \u5976\u916a\u677e\u9732, \u677e\u9732, \u677e\u9732\u72e9\u730e, \u4f0a\u65af \u7279\u62c9, \u514b\u7f57\u5730\u4e9a, \u30c8\u30ea\u30e5\u30d5,\u30c8\u30ea\u30e5\u30d5\u72e9\u308a, \u30a4\u30b9\u30c8\u30ea\u30a2, \uc1a1\ub85c \ubc84\uc12f, \uc1a1\ub85c \ubc84\uc12f \uc0ac\ub0e5, \ud06c\ub85c\uc544\ud2f0\uc544, \uc774\uc2a4\ud2b8 \ub9ac\uc544, \u0442\u0440\u044e\u0444\u0435\u043b\u0438 ,\u043e\u0445\u043e\u0442\u0430 \u0442\u0440\u044e\u0444\u0435\u043b\u044f, \u0418\u0441\u0442\u0440\u0438\u044f, \u0425\u043e\u0440\u0432\u0430\u0442\u0438\u044f, truffle products, prodoti di tartufo, unique experience in istria, adventure in istria, exploring istria, family tradition, truffle dogs, truffle specialties, motovun, livade, \uc774\uc2a4\ud2b8 \ub9ac\uc544 \uc758 \ub3c5\ud2b9\ud55c \uc774\uc2a4\ud2b8 \ub9ac\uc544 \uc758 \uacbd\ud5d8 , \ubaa8\ud5d8, \uc774\uc2a4\ud2b8 \ub9ac\uc544 , \uac00\uc871\uc758 \uc804\ud1b5 , \uc1a1\ub85c \ubc84\uc12f \uac1c, \uc1a1\ub85c \ubc84\uc12f \uc694\ub9ac\" \/>\n<meta property=\"og:url\" content=\"https:\/\/prodantartufi.hr\/hr\/tartuf\/\" \/>\n<meta property=\"og:site_name\" content=\"PRODAN TARTUFI\" \/>\n<meta property=\"article:modified_time\" content=\"2016-08-08T15:05:41+00:00\" \/>\n<meta property=\"og:image\" content=\"http:\/\/prodantartufi.hr\/wp-content\/uploads\/2015\/10\/bijeli-tartuf-Tuber-Magnatum-Pico-prodan-tartufi.jpg\" \/>\n<meta name=\"twitter:card\" content=\"summary_large_image\" \/>\n<meta name=\"twitter:label1\" content=\"Procijenjeno vrijeme \u010ditanja\" \/>\n\t<meta name=\"twitter:data1\" content=\"8 minuta\" \/>\n<script type=\"application\/ld+json\" class=\"yoast-schema-graph\">{\"@context\":\"https:\/\/schema.org\",\"@graph\":[{\"@type\":\"WebPage\",\"@id\":\"https:\/\/prodantartufi.hr\/hr\/tartuf\/\",\"url\":\"https:\/\/prodantartufi.hr\/hr\/tartuf\/\",\"name\":\"TARTUF | PRODAN TARTUFI\",\"isPartOf\":{\"@id\":\"https:\/\/prodantartufi.hr\/hr\/#website\"},\"datePublished\":\"2015-10-23T11:19:46+00:00\",\"dateModified\":\"2016-08-08T15:05:41+00:00\",\"description\":\"truffles, truffle hunting, Tr\u00fcffel, lov na tartuf, tartufi, crni tartuf, bijeli tartuf, tartufo, schwarze Tr\u00fcffel, Tr\u00fcffelsuche, istra, istria, istrien, croatia, hrvatska, kroatien, tuber magnatum pico, buzet, white truffle, black truffle, weisse Tr\u00fcffel, cheese with truffles, olive oil with truffles, \u5976\u916a\u677e\u9732, \u677e\u9732, \u677e\u9732\u72e9\u730e, \u4f0a\u65af \u7279\u62c9, \u514b\u7f57\u5730\u4e9a, \u30c8\u30ea\u30e5\u30d5,\u30c8\u30ea\u30e5\u30d5\u72e9\u308a, \u30a4\u30b9\u30c8\u30ea\u30a2, \uc1a1\ub85c \ubc84\uc12f, \uc1a1\ub85c \ubc84\uc12f \uc0ac\ub0e5, \ud06c\ub85c\uc544\ud2f0\uc544, \uc774\uc2a4\ud2b8 \ub9ac\uc544, \u0442\u0440\u044e\u0444\u0435\u043b\u0438 ,\u043e\u0445\u043e\u0442\u0430 \u0442\u0440\u044e\u0444\u0435\u043b\u044f, \u0418\u0441\u0442\u0440\u0438\u044f, \u0425\u043e\u0440\u0432\u0430\u0442\u0438\u044f, truffle products, prodoti di tartufo, unique experience in istria, adventure in istria, exploring istria, family tradition, truffle dogs, truffle specialties, motovun, livade, \uc774\uc2a4\ud2b8 \ub9ac\uc544 \uc758 \ub3c5\ud2b9\ud55c \uc774\uc2a4\ud2b8 \ub9ac\uc544 \uc758 \uacbd\ud5d8 , \ubaa8\ud5d8, \uc774\uc2a4\ud2b8 \ub9ac\uc544 , \uac00\uc871\uc758 \uc804\ud1b5 , \uc1a1\ub85c \ubc84\uc12f \uac1c, \uc1a1\ub85c \ubc84\uc12f \uc694\ub9ac\",\"breadcrumb\":{\"@id\":\"https:\/\/prodantartufi.hr\/hr\/tartuf\/#breadcrumb\"},\"inLanguage\":\"hr\",\"potentialAction\":[{\"@type\":\"ReadAction\",\"target\":[[\"https:\/\/prodantartufi.hr\/hr\/tartuf\/\"]]}]},{\"@type\":\"BreadcrumbList\",\"@id\":\"https:\/\/prodantartufi.hr\/hr\/tartuf\/#breadcrumb\",\"itemListElement\":[{\"@type\":\"ListItem\",\"position\":1,\"name\":\"Home\",\"item\":\"https:\/\/prodantartufi.hr\/hr\/\"},{\"@type\":\"ListItem\",\"position\":2,\"name\":\"TARTUF\"}]},{\"@type\":\"WebSite\",\"@id\":\"https:\/\/prodantartufi.hr\/hr\/#website\",\"url\":\"https:\/\/prodantartufi.hr\/hr\/\",\"name\":\"PRODAN TARTUFI\",\"description\":\"\",\"publisher\":{\"@id\":\"https:\/\/prodantartufi.hr\/hr\/#organization\"},\"potentialAction\":[{\"@type\":\"SearchAction\",\"target\":{\"@type\":\"EntryPoint\",\"urlTemplate\":\"https:\/\/prodantartufi.hr\/hr\/?s={search_term_string}\"},\"query-input\":\"required name=search_term_string\"}],\"inLanguage\":\"hr\"},{\"@type\":\"Organization\",\"@id\":\"https:\/\/prodantartufi.hr\/hr\/#organization\",\"name\":\"PRODAN TARTUFI |\",\"url\":\"https:\/\/prodantartufi.hr\/hr\/\",\"logo\":{\"@type\":\"ImageObject\",\"inLanguage\":\"hr\",\"@id\":\"https:\/\/prodantartufi.hr\/hr\/#\/schema\/logo\/image\/\",\"url\":\"https:\/\/prodantartufi.hr\/wp-content\/uploads\/2015\/03\/logo_600px-e1434011074366.png\",\"contentUrl\":\"https:\/\/prodantartufi.hr\/wp-content\/uploads\/2015\/03\/logo_600px-e1434011074366.png\",\"width\":118,\"height\":29,\"caption\":\"PRODAN TARTUFI |\"},\"image\":{\"@id\":\"https:\/\/prodantartufi.hr\/hr\/#\/schema\/logo\/image\/\"}}]}<\/script>\n<!-- \/ Yoast SEO plugin. -->","yoast_head_json":{"title":"TARTUF | PRODAN TARTUFI","description":"truffles, truffle hunting, Tr\u00fcffel, lov na tartuf, tartufi, crni tartuf, bijeli tartuf, tartufo, schwarze Tr\u00fcffel, Tr\u00fcffelsuche, istra, istria, istrien, croatia, hrvatska, kroatien, tuber magnatum pico, buzet, white truffle, black truffle, weisse Tr\u00fcffel, cheese with truffles, olive oil with truffles, \u5976\u916a\u677e\u9732, \u677e\u9732, \u677e\u9732\u72e9\u730e, \u4f0a\u65af \u7279\u62c9, \u514b\u7f57\u5730\u4e9a, \u30c8\u30ea\u30e5\u30d5,\u30c8\u30ea\u30e5\u30d5\u72e9\u308a, \u30a4\u30b9\u30c8\u30ea\u30a2, \uc1a1\ub85c \ubc84\uc12f, \uc1a1\ub85c \ubc84\uc12f \uc0ac\ub0e5, \ud06c\ub85c\uc544\ud2f0\uc544, \uc774\uc2a4\ud2b8 \ub9ac\uc544, \u0442\u0440\u044e\u0444\u0435\u043b\u0438 ,\u043e\u0445\u043e\u0442\u0430 \u0442\u0440\u044e\u0444\u0435\u043b\u044f, \u0418\u0441\u0442\u0440\u0438\u044f, \u0425\u043e\u0440\u0432\u0430\u0442\u0438\u044f, truffle products, prodoti di tartufo, unique experience in istria, adventure in istria, exploring istria, family tradition, truffle dogs, truffle specialties, motovun, livade, \uc774\uc2a4\ud2b8 \ub9ac\uc544 \uc758 \ub3c5\ud2b9\ud55c \uc774\uc2a4\ud2b8 \ub9ac\uc544 \uc758 \uacbd\ud5d8 , \ubaa8\ud5d8, \uc774\uc2a4\ud2b8 \ub9ac\uc544 , \uac00\uc871\uc758 \uc804\ud1b5 , \uc1a1\ub85c \ubc84\uc12f \uac1c, \uc1a1\ub85c \ubc84\uc12f \uc694\ub9ac","robots":{"index":"index","follow":"follow","max-snippet":"max-snippet:-1","max-image-preview":"max-image-preview:large","max-video-preview":"max-video-preview:-1"},"canonical":"https:\/\/prodantartufi.hr\/hr\/tartuf\/","og_locale":"hr_HR","og_type":"article","og_title":"TARTUF | PRODAN TARTUFI","og_description":"truffles, truffle hunting, Tr\u00fcffel, lov na tartuf, tartufi, crni tartuf, bijeli tartuf, tartufo, schwarze Tr\u00fcffel, Tr\u00fcffelsuche, istra, istria, istrien, croatia, hrvatska, kroatien, tuber magnatum pico, buzet, white truffle, black truffle, weisse Tr\u00fcffel, cheese with truffles, olive oil with truffles, \u5976\u916a\u677e\u9732, \u677e\u9732, \u677e\u9732\u72e9\u730e, \u4f0a\u65af \u7279\u62c9, \u514b\u7f57\u5730\u4e9a, \u30c8\u30ea\u30e5\u30d5,\u30c8\u30ea\u30e5\u30d5\u72e9\u308a, \u30a4\u30b9\u30c8\u30ea\u30a2, \uc1a1\ub85c \ubc84\uc12f, \uc1a1\ub85c \ubc84\uc12f \uc0ac\ub0e5, \ud06c\ub85c\uc544\ud2f0\uc544, \uc774\uc2a4\ud2b8 \ub9ac\uc544, \u0442\u0440\u044e\u0444\u0435\u043b\u0438 ,\u043e\u0445\u043e\u0442\u0430 \u0442\u0440\u044e\u0444\u0435\u043b\u044f, \u0418\u0441\u0442\u0440\u0438\u044f, \u0425\u043e\u0440\u0432\u0430\u0442\u0438\u044f, truffle products, prodoti di tartufo, unique experience in istria, adventure in istria, exploring istria, family tradition, truffle dogs, truffle specialties, motovun, livade, \uc774\uc2a4\ud2b8 \ub9ac\uc544 \uc758 \ub3c5\ud2b9\ud55c \uc774\uc2a4\ud2b8 \ub9ac\uc544 \uc758 \uacbd\ud5d8 , \ubaa8\ud5d8, \uc774\uc2a4\ud2b8 \ub9ac\uc544 , \uac00\uc871\uc758 \uc804\ud1b5 , \uc1a1\ub85c \ubc84\uc12f \uac1c, \uc1a1\ub85c \ubc84\uc12f \uc694\ub9ac","og_url":"https:\/\/prodantartufi.hr\/hr\/tartuf\/","og_site_name":"PRODAN TARTUFI","article_modified_time":"2016-08-08T15:05:41+00:00","og_image":[{"url":"http:\/\/prodantartufi.hr\/wp-content\/uploads\/2015\/10\/bijeli-tartuf-Tuber-Magnatum-Pico-prodan-tartufi.jpg"}],"twitter_card":"summary_large_image","twitter_misc":{"Procijenjeno vrijeme \u010ditanja":"8 minuta"},"schema":{"@context":"https:\/\/schema.org","@graph":[{"@type":"WebPage","@id":"https:\/\/prodantartufi.hr\/hr\/tartuf\/","url":"https:\/\/prodantartufi.hr\/hr\/tartuf\/","name":"TARTUF | PRODAN TARTUFI","isPartOf":{"@id":"https:\/\/prodantartufi.hr\/hr\/#website"},"datePublished":"2015-10-23T11:19:46+00:00","dateModified":"2016-08-08T15:05:41+00:00","description":"truffles, truffle hunting, Tr\u00fcffel, lov na tartuf, tartufi, crni tartuf, bijeli tartuf, tartufo, schwarze Tr\u00fcffel, Tr\u00fcffelsuche, istra, istria, istrien, croatia, hrvatska, kroatien, tuber magnatum pico, buzet, white truffle, black truffle, weisse Tr\u00fcffel, cheese with truffles, olive oil with truffles, \u5976\u916a\u677e\u9732, \u677e\u9732, \u677e\u9732\u72e9\u730e, \u4f0a\u65af \u7279\u62c9, \u514b\u7f57\u5730\u4e9a, \u30c8\u30ea\u30e5\u30d5,\u30c8\u30ea\u30e5\u30d5\u72e9\u308a, \u30a4\u30b9\u30c8\u30ea\u30a2, \uc1a1\ub85c \ubc84\uc12f, \uc1a1\ub85c \ubc84\uc12f \uc0ac\ub0e5, \ud06c\ub85c\uc544\ud2f0\uc544, \uc774\uc2a4\ud2b8 \ub9ac\uc544, \u0442\u0440\u044e\u0444\u0435\u043b\u0438 ,\u043e\u0445\u043e\u0442\u0430 \u0442\u0440\u044e\u0444\u0435\u043b\u044f, \u0418\u0441\u0442\u0440\u0438\u044f, \u0425\u043e\u0440\u0432\u0430\u0442\u0438\u044f, truffle products, prodoti di tartufo, unique experience in istria, adventure in istria, exploring istria, family tradition, truffle dogs, truffle specialties, motovun, livade, \uc774\uc2a4\ud2b8 \ub9ac\uc544 \uc758 \ub3c5\ud2b9\ud55c \uc774\uc2a4\ud2b8 \ub9ac\uc544 \uc758 \uacbd\ud5d8 , \ubaa8\ud5d8, \uc774\uc2a4\ud2b8 \ub9ac\uc544 , \uac00\uc871\uc758 \uc804\ud1b5 , \uc1a1\ub85c \ubc84\uc12f \uac1c, \uc1a1\ub85c \ubc84\uc12f \uc694\ub9ac","breadcrumb":{"@id":"https:\/\/prodantartufi.hr\/hr\/tartuf\/#breadcrumb"},"inLanguage":"hr","potentialAction":[{"@type":"ReadAction","target":[["https:\/\/prodantartufi.hr\/hr\/tartuf\/"]]}]},{"@type":"BreadcrumbList","@id":"https:\/\/prodantartufi.hr\/hr\/tartuf\/#breadcrumb","itemListElement":[{"@type":"ListItem","position":1,"name":"Home","item":"https:\/\/prodantartufi.hr\/hr\/"},{"@type":"ListItem","position":2,"name":"TARTUF"}]},{"@type":"WebSite","@id":"https:\/\/prodantartufi.hr\/hr\/#website","url":"https:\/\/prodantartufi.hr\/hr\/","name":"PRODAN TARTUFI","description":"","publisher":{"@id":"https:\/\/prodantartufi.hr\/hr\/#organization"},"potentialAction":[{"@type":"SearchAction","target":{"@type":"EntryPoint","urlTemplate":"https:\/\/prodantartufi.hr\/hr\/?s={search_term_string}"},"query-input":"required name=search_term_string"}],"inLanguage":"hr"},{"@type":"Organization","@id":"https:\/\/prodantartufi.hr\/hr\/#organization","name":"PRODAN TARTUFI |","url":"https:\/\/prodantartufi.hr\/hr\/","logo":{"@type":"ImageObject","inLanguage":"hr","@id":"https:\/\/prodantartufi.hr\/hr\/#\/schema\/logo\/image\/","url":"https:\/\/prodantartufi.hr\/wp-content\/uploads\/2015\/03\/logo_600px-e1434011074366.png","contentUrl":"https:\/\/prodantartufi.hr\/wp-content\/uploads\/2015\/03\/logo_600px-e1434011074366.png","width":118,"height":29,"caption":"PRODAN TARTUFI |"},"image":{"@id":"https:\/\/prodantartufi.hr\/hr\/#\/schema\/logo\/image\/"}}]}},"_links":{"self":[{"href":"https:\/\/prodantartufi.hr\/hr\/wp-json\/wp\/v2\/pages\/615"}],"collection":[{"href":"https:\/\/prodantartufi.hr\/hr\/wp-json\/wp\/v2\/pages"}],"about":[{"href":"https:\/\/prodantartufi.hr\/hr\/wp-json\/wp\/v2\/types\/page"}],"author":[{"embeddable":true,"href":"https:\/\/prodantartufi.hr\/hr\/wp-json\/wp\/v2\/users\/1"}],"replies":[{"embeddable":true,"href":"https:\/\/prodantartufi.hr\/hr\/wp-json\/wp\/v2\/comments?post=615"}],"version-history":[{"count":35,"href":"https:\/\/prodantartufi.hr\/hr\/wp-json\/wp\/v2\/pages\/615\/revisions"}],"predecessor-version":[{"id":1350,"href":"https:\/\/prodantartufi.hr\/hr\/wp-json\/wp\/v2\/pages\/615\/revisions\/1350"}],"wp:attachment":[{"href":"https:\/\/prodantartufi.hr\/hr\/wp-json\/wp\/v2\/media?parent=615"}],"curies":[{"name":"wp","href":"https:\/\/api.w.org\/{rel}","templated":true}]}}