{"id":728,"date":"2015-10-26T13:47:09","date_gmt":"2015-10-26T13:47:09","guid":{"rendered":"http:\/\/prodantartufi.hr\/?page_id=728"},"modified":"2017-04-18T09:07:18","modified_gmt":"2017-04-18T09:07:18","slug":"gastro-kutak","status":"publish","type":"page","link":"https:\/\/prodantartufi.hr\/hr\/gastro-kutak\/","title":{"rendered":"GASTRO KUTAK"},"content":{"rendered":"<p><\/p>\n<p style=\"text-align: left;\">Gurmanska kuhinja dana\u0161njice nezamisliva je bez ove podzemne gljive koja se smatra vrhuncem svjetske gastronomije te je izniman sastojak za sljubljivanje s razli\u010ditim jelima, od doma\u0107e istarske tjestenine i mesa bo\u0161karina pa sve do najkvalitetnije jadranske ribe. Mi vjerujemo da je za svaku pravu stvar potrebno vremena. Odvojite svoje vrijeme i prepustite se u avanturu okusa, mirisa i do\u017eivljaja s istarskim zlatom \u2013 tartufom. Vrijeme ulo\u017eeno u prave stvari uvijek \u0107e u vama buditi sje\u0107anja na divno provedene trenutke.<\/p>\n<hr \/>\n<p style=\"text-align: left;\"><span style=\"font-size: 16pt;\"><strong>Ravioli punjeni doma\u0107im sirom u umaku od tartufa<\/strong><\/span><\/p>\n<p style=\"text-align: left;\"><em>Vrijeme pripreme: 30 min<\/em><\/p>\n<p style=\"text-align: left;\">Sastojci za 2 osobe:<\/p>\n<ul style=\"text-align: left;\">\n<li>200g doma\u0107ih raviola punjenih sirom<\/li>\n<li><strong><a href=\"http:\/\/prodantartufi.hr\/tartufata\/\">90g Tartufata Prodan Tartufi<\/a><\/strong><\/li>\n<li>30g maslaca<\/li>\n<li>\u00bd dcl vrhnja za kuhanje<\/li>\n<li>parmezan sir<\/li>\n<li>sol<\/li>\n<\/ul>\n<p style=\"text-align: left;\">Postupak pripreme: Maslac rastopiti u tavi na laganoj vatri te dodati Tartufatu. Za to vrijeme skuhati raviole te u tavu dodati prstohvat soli i dvije ju\u0161ne \u017elice vode u kojima su se prethodno kuhali ravioli. Nakon 10min pirjanja na laganoj vatri u tavu dodati vrhnje i malo parmezana. Kada su ravioli skuhani preliti ih umakom i dodati parmezan i svje\u017ee tartufe po \u017eelji.<\/p>\n<hr \/>\n<p style=\"text-align: left;\"><span style=\"font-size: 16pt;\"><strong>Truffle beefsteak u umaku od tartufa i vrganja s pireom od gra\u0161ka<\/strong><\/span><\/p>\n<p style=\"text-align: left;\"><em>Vrijeme pripreme: 30 min<\/em><\/p>\n<p style=\"text-align: left;\">Sastojci za 2 osobe:<\/p>\n<ul style=\"text-align: left;\">\n<li>2 odreska debljine 4cm<\/li>\n<li><strong><a href=\"http:\/\/prodantartufi.hr\/tartufi-i-vrganji1\/\">90g Tartufi i vrganji Prodan Tartufi<\/a><\/strong><\/li>\n<li><strong><a href=\"http:\/\/prodantartufi.hr\/maslinovo-ulje-s-bijelim-tartufom1\/\">60ml Maslinovo ulje s bijelim tartufom Prodan Tartufi<\/a><\/strong><\/li>\n<li>1 \u0161alica gra\u0161ka<\/li>\n<li>40g maslaca<\/li>\n<li>worchester umak<\/li>\n<li>sol<\/li>\n<li>papar<\/li>\n<\/ul>\n<p style=\"text-align: left;\">Postupak pripreme: Maslac(30g) rastopiti u tavi na laganoj vatri te dodati umak od Tartufa i vrganja. Za to vrijeme staviti kuhati gra\u0161ak uz dodatak prstohvata soli. Odreske popapriti i posoliti. Pripremiti grill tavu za beefsteak te ga termi\u010dki obraditi po vlastitoj \u017eelji. Za medium pe\u010deni beefsteak preporu\u010damo pe\u010denje svakog odreska po 8 minuta, dva puta po dvije minute sa svake strane. Na netom gotov odrezak dodati par kapi worchester saucea i maslinovog ulja s bijelim tartufom. U skuhani i ocije\u0111eni gra\u0161ak dodati preostali maslac i zajedno propasirati. Pri serviranju preko odreska preliti gotov umak te po \u017eelji naribati svje\u017eih tartufa i poslu\u017eiti sa pireom od gra\u0161ka.<\/p>\n<hr \/>\n<p style=\"text-align: left;\"><span style=\"font-size: 16pt;\"><strong>Gurmanski truffle burgeer s \u010dipsom od cikle<\/strong><\/span><\/p>\n<p style=\"text-align: left;\"><em>Vrijeme pripreme: 50 min<\/em><\/p>\n<p style=\"text-align: left;\">Sastojci za 2 osobe:<\/p>\n<ul style=\"text-align: left;\">\n<li>2 peciva za burgeer<\/li>\n<li>2 pljeskavice, svaka te\u017eine 140g<\/li>\n<li>2 glavice cikle<\/li>\n<li><strong><a href=\"http:\/\/prodantartufi.hr\/bijela-tartufata1\/\">90g Bijela tartufata Prodan Tartufi<\/a><\/strong><\/li>\n<li><strong><a href=\"http:\/\/prodantartufi.hr\/tvrdi-sir-s-tartufima\/\">Polutvrdi ov\u010dji-kravlji sir s crnim tartufima Prodan Tartufi<\/a><\/strong><\/li>\n<li>Salata<\/li>\n<li>Sol<\/li>\n<li>Papar<\/li>\n<\/ul>\n<p style=\"text-align: left;\">Postupak pripreme: Oprati ciklu, narezati na tanke plo\u0161kice i poslo\u017eiti na papir za pe\u010denje te pe\u0107i 40min u prethodno zagrijanoj pe\u0107nici na 200\u00b0C. Pljeskavice pe\u0107i na zagrijanom grillu 3-4 minuta sa svake strane. Peciva prerezati te zagrijati na grillu. Pred kraj pe\u010denja na meso dodati sir sa tartufima te pustit jo\u0161 par minuta na grillu kako bi se sir rastopio. Ispe\u010denu ciklu staviti da se ohladi te posoliti i popapriti. U pecivo slo\u017eiti salatu i meso sa sirom te dodati umak Bijela tartufata. Poslu\u017eiti sa \u010dipsom od cikle.<\/p>\n<hr \/>\n<p style=\"text-align: left;\"><span style=\"font-size: 16pt;\"><strong>Mediteranska salata s kravljim sirom od tartufa<\/strong><\/span><\/p>\n<p style=\"text-align: left;\"><em>Vrijeme pripreme: 10min<\/em><\/p>\n<p style=\"text-align: left;\">Sastojci za 2 osobe:<\/p>\n<ul style=\"text-align: left;\">\n<li>salata poto\u010darka<\/li>\n<li><strong><a href=\"http:\/\/prodantartufi.hr\/maslinovo-ulje-s-crnim-tartufom1\/\">250ml Maslinovo ulje s crnim tartufom Prodan Tartufi<\/a><\/strong><\/li>\n<li><strong><a href=\"http:\/\/prodantartufi.hr\/tvrdi-sir-s-tartufima\/\">Polutvrdi ov\u010dji-kravlji sir s crnim tartufima Prodan Tartufi<\/a><\/strong><\/li>\n<li>5 smokava<\/li>\n<li>sol<\/li>\n<li>papar<\/li>\n<li>gran\u010dica ru\u017emarina<\/li>\n<li>origano<\/li>\n<li>ocat<\/li>\n<\/ul>\n<p style=\"text-align: left;\">Postupak pripreme: Oprati salatu i smokve. Narezati smokve na koluti\u0107e, te sir na tanke plo\u0161kice. Dodati sol,papar, za\u010dinsko bilje te ocat i Maslinovo ulje s crnim tartufom.<\/p>\n<hr \/>\n<p style=\"text-align: left;\"><span style=\"font-size: 16pt;\"><strong>Mousse od svije\u017ee skute sa d\u017eemom od kru\u0161ke i crnog tartufa<\/strong><\/span><\/p>\n<p style=\"text-align: left;\"><em>Vrijeme pripreme: 1h<\/em><\/p>\n<p style=\"text-align: left;\">Sastojci za 2 osobe:<\/p>\n<ul style=\"text-align: left;\">\n<li>20dkg svje\u017ee skute<\/li>\n<li>1dcl slatkog vrhnja<\/li>\n<li>1 vanilija<\/li>\n<li><strong><a href=\"http:\/\/prodantartufi.hr\/dzem-s-tartufom\/\">30g D\u017eem s tartufom Prodan Tartufi<\/a><\/strong><\/li>\n<\/ul>\n<p style=\"text-align: left;\">Postupak pripreme: U slatko vrhnje dodati vaniliju te miksati 3min. Postepeno dodavati skutu te miksati jo\u0161 3 minute. Gotovu smjesu staviti u hladnjak na 1h. Poslu\u017eiti s D\u017eemom s tartufom.<\/p>\n<hr \/>\n<p style=\"text-align: left;\"><span style=\"font-size: 16pt;\"><strong>Tagliatelle s tartufatom<\/strong><\/span><\/p>\n<p style=\"text-align: left;\"><em>Vrijeme pripreme:\u00a015 min<\/em><\/p>\n<p style=\"text-align: left;\">Sastojci za 2 osobe:<\/p>\n<ul style=\"text-align: left;\">\n<li>180g svje\u017ee tagliatelle tjestenine<\/li>\n<li><strong><a href=\"http:\/\/prodantartufi.hr\/hr\/tartufata\/\">40g Tartufata Prodan Tartufi<\/a><\/strong><\/li>\n<li>1 \u017elica maslaca (ili ghee maslac)<\/li>\n<li>2 \u017elice vode u kojoj se kuha tjestenina<\/li>\n<li>1 \u017elica naribanog parmezana<\/li>\n<li>extra-djevi\u010dansko maslinovo ulje<\/li>\n<\/ul>\n<p style=\"text-align: left;\">Postupak pripreme: Zakuhajte posoljenu vodu u velikom loncu, ubacite u kipu\u0107u vodu svje\u017ee tagliatelle i kuhajte kao \u0161to je nazna\u010deno na pakiranju (obi\u010dno je dovoljno 2-3 minute).<\/p>\n<p>Na ve\u0107oj tavi rastopite maslac i zatim dodajte tartufatu, 2 \u017elice vode u kojoj se kuha pasta i dobro promije\u0161ajte dok se sve dobro ne pove\u017ee.<\/p>\n<p>Maknite s vatre i u umak od tartufate umije\u0161ajte skuhane i ocije\u0111ene tagliatelle. Dodajte naribani parmezan i promije\u0161ajte. Na kraju dodajte par kapi extra-djevi\u010danskog maslinovog ulja i poslu\u017eite toplo s jo\u0161 malo parmezana narezanog na listi\u0107e. Dobar tek!<\/p>\n<p><em>Izvor:\u00a0<a href=\"http:\/\/www.journal.hr\/tagliatelle-s-tartufatom\/\">www.journal.hr<\/a><\/em><\/p>\n<hr \/>\n<p><\/p>","protected":false},"excerpt":{"rendered":"<p>Gurmanska kuhinja dana\u0161njice nezamisliva je bez ove podzemne gljive koja se smatra vrhuncem svjetske gastronomije te je izniman sastojak za sljubljivanje s razli\u010ditim jelima, od doma\u0107e istarske tjestenine i mesa bo\u0161karina pa sve do najkvalitetnije jadranske ribe. Mi vjerujemo da je za svaku pravu stvar potrebno vremena. Odvojite svoje vrijeme i prepustite se u avanturu [&hellip;]<\/p>\n","protected":false},"author":1,"featured_media":0,"parent":0,"menu_order":0,"comment_status":"closed","ping_status":"closed","template":"single_gastro.php","meta":[],"yoast_head":"<!-- This site is optimized with the Yoast SEO plugin v20.0 - https:\/\/yoast.com\/wordpress\/plugins\/seo\/ -->\n<title>GASTRO KUTAK | PRODAN TARTUFI<\/title>\n<meta name=\"description\" content=\"truffles, truffle hunting, Tr\u00fcffel, lov na tartuf, tartufi, crni tartuf, bijeli tartuf, tartufo, schwarze Tr\u00fcffel, Tr\u00fcffelsuche, istra, istria, istrien, croatia, hrvatska, kroatien, tuber magnatum pico, buzet, white truffle, black truffle, weisse Tr\u00fcffel, cheese with truffles, olive oil with truffles, \u5976\u916a\u677e\u9732, \u677e\u9732, \u677e\u9732\u72e9\u730e, \u4f0a\u65af \u7279\u62c9, \u514b\u7f57\u5730\u4e9a, \u30c8\u30ea\u30e5\u30d5,\u30c8\u30ea\u30e5\u30d5\u72e9\u308a, \u30a4\u30b9\u30c8\u30ea\u30a2, \uc1a1\ub85c \ubc84\uc12f, \uc1a1\ub85c \ubc84\uc12f \uc0ac\ub0e5, \ud06c\ub85c\uc544\ud2f0\uc544, \uc774\uc2a4\ud2b8 \ub9ac\uc544, \u0442\u0440\u044e\u0444\u0435\u043b\u0438 ,\u043e\u0445\u043e\u0442\u0430 \u0442\u0440\u044e\u0444\u0435\u043b\u044f, \u0418\u0441\u0442\u0440\u0438\u044f, \u0425\u043e\u0440\u0432\u0430\u0442\u0438\u044f, truffle products, prodoti di tartufo, unique experience in istria, adventure in istria, exploring istria, family tradition, truffle dogs, truffle specialties, motovun, livade, \uc774\uc2a4\ud2b8 \ub9ac\uc544 \uc758 \ub3c5\ud2b9\ud55c \uc774\uc2a4\ud2b8 \ub9ac\uc544 \uc758 \uacbd\ud5d8 , \ubaa8\ud5d8, \uc774\uc2a4\ud2b8 \ub9ac\uc544 , \uac00\uc871\uc758 \uc804\ud1b5 , \uc1a1\ub85c \ubc84\uc12f \uac1c, \uc1a1\ub85c \ubc84\uc12f \uc694\ub9ac\" \/>\n<meta name=\"robots\" content=\"index, follow, max-snippet:-1, max-image-preview:large, max-video-preview:-1\" \/>\n<link rel=\"canonical\" href=\"https:\/\/prodantartufi.hr\/hr\/gastro-kutak\/\" \/>\n<meta property=\"og:locale\" content=\"hr_HR\" \/>\n<meta property=\"og:type\" content=\"article\" \/>\n<meta property=\"og:title\" content=\"GASTRO KUTAK | PRODAN TARTUFI\" \/>\n<meta property=\"og:description\" content=\"truffles, truffle hunting, Tr\u00fcffel, lov na tartuf, tartufi, crni tartuf, bijeli tartuf, tartufo, schwarze Tr\u00fcffel, Tr\u00fcffelsuche, istra, istria, istrien, croatia, hrvatska, kroatien, tuber magnatum pico, buzet, white truffle, black truffle, weisse Tr\u00fcffel, cheese with truffles, olive oil with truffles, \u5976\u916a\u677e\u9732, \u677e\u9732, \u677e\u9732\u72e9\u730e, \u4f0a\u65af \u7279\u62c9, \u514b\u7f57\u5730\u4e9a, \u30c8\u30ea\u30e5\u30d5,\u30c8\u30ea\u30e5\u30d5\u72e9\u308a, \u30a4\u30b9\u30c8\u30ea\u30a2, \uc1a1\ub85c \ubc84\uc12f, \uc1a1\ub85c \ubc84\uc12f \uc0ac\ub0e5, \ud06c\ub85c\uc544\ud2f0\uc544, \uc774\uc2a4\ud2b8 \ub9ac\uc544, \u0442\u0440\u044e\u0444\u0435\u043b\u0438 ,\u043e\u0445\u043e\u0442\u0430 \u0442\u0440\u044e\u0444\u0435\u043b\u044f, \u0418\u0441\u0442\u0440\u0438\u044f, \u0425\u043e\u0440\u0432\u0430\u0442\u0438\u044f, truffle products, prodoti di tartufo, unique experience in istria, adventure in istria, exploring istria, family tradition, truffle dogs, truffle specialties, motovun, livade, \uc774\uc2a4\ud2b8 \ub9ac\uc544 \uc758 \ub3c5\ud2b9\ud55c \uc774\uc2a4\ud2b8 \ub9ac\uc544 \uc758 \uacbd\ud5d8 , \ubaa8\ud5d8, \uc774\uc2a4\ud2b8 \ub9ac\uc544 , \uac00\uc871\uc758 \uc804\ud1b5 , \uc1a1\ub85c \ubc84\uc12f \uac1c, \uc1a1\ub85c \ubc84\uc12f \uc694\ub9ac\" \/>\n<meta property=\"og:url\" content=\"https:\/\/prodantartufi.hr\/hr\/gastro-kutak\/\" \/>\n<meta property=\"og:site_name\" content=\"PRODAN TARTUFI\" \/>\n<meta property=\"article:modified_time\" content=\"2017-04-18T09:07:18+00:00\" \/>\n<meta name=\"twitter:card\" content=\"summary_large_image\" \/>\n<meta name=\"twitter:label1\" content=\"Procijenjeno vrijeme \u010ditanja\" \/>\n\t<meta name=\"twitter:data1\" content=\"11 minuta\" \/>\n<script type=\"application\/ld+json\" class=\"yoast-schema-graph\">{\"@context\":\"https:\/\/schema.org\",\"@graph\":[{\"@type\":\"WebPage\",\"@id\":\"https:\/\/prodantartufi.hr\/hr\/gastro-kutak\/\",\"url\":\"https:\/\/prodantartufi.hr\/hr\/gastro-kutak\/\",\"name\":\"GASTRO KUTAK | PRODAN TARTUFI\",\"isPartOf\":{\"@id\":\"https:\/\/prodantartufi.hr\/hr\/#website\"},\"datePublished\":\"2015-10-26T13:47:09+00:00\",\"dateModified\":\"2017-04-18T09:07:18+00:00\",\"description\":\"truffles, truffle hunting, Tr\u00fcffel, lov na tartuf, tartufi, crni tartuf, bijeli tartuf, tartufo, schwarze Tr\u00fcffel, Tr\u00fcffelsuche, istra, istria, istrien, croatia, hrvatska, kroatien, tuber magnatum pico, buzet, white truffle, black truffle, weisse Tr\u00fcffel, cheese with truffles, olive oil with truffles, \u5976\u916a\u677e\u9732, \u677e\u9732, \u677e\u9732\u72e9\u730e, \u4f0a\u65af \u7279\u62c9, \u514b\u7f57\u5730\u4e9a, \u30c8\u30ea\u30e5\u30d5,\u30c8\u30ea\u30e5\u30d5\u72e9\u308a, \u30a4\u30b9\u30c8\u30ea\u30a2, \uc1a1\ub85c \ubc84\uc12f, \uc1a1\ub85c \ubc84\uc12f \uc0ac\ub0e5, \ud06c\ub85c\uc544\ud2f0\uc544, \uc774\uc2a4\ud2b8 \ub9ac\uc544, \u0442\u0440\u044e\u0444\u0435\u043b\u0438 ,\u043e\u0445\u043e\u0442\u0430 \u0442\u0440\u044e\u0444\u0435\u043b\u044f, \u0418\u0441\u0442\u0440\u0438\u044f, \u0425\u043e\u0440\u0432\u0430\u0442\u0438\u044f, truffle products, prodoti di tartufo, unique experience in istria, adventure in istria, exploring istria, family tradition, truffle dogs, truffle specialties, motovun, livade, \uc774\uc2a4\ud2b8 \ub9ac\uc544 \uc758 \ub3c5\ud2b9\ud55c \uc774\uc2a4\ud2b8 \ub9ac\uc544 \uc758 \uacbd\ud5d8 , \ubaa8\ud5d8, \uc774\uc2a4\ud2b8 \ub9ac\uc544 , \uac00\uc871\uc758 \uc804\ud1b5 , \uc1a1\ub85c \ubc84\uc12f \uac1c, \uc1a1\ub85c \ubc84\uc12f \uc694\ub9ac\",\"breadcrumb\":{\"@id\":\"https:\/\/prodantartufi.hr\/hr\/gastro-kutak\/#breadcrumb\"},\"inLanguage\":\"hr\",\"potentialAction\":[{\"@type\":\"ReadAction\",\"target\":[[\"https:\/\/prodantartufi.hr\/hr\/gastro-kutak\/\"]]}]},{\"@type\":\"BreadcrumbList\",\"@id\":\"https:\/\/prodantartufi.hr\/hr\/gastro-kutak\/#breadcrumb\",\"itemListElement\":[{\"@type\":\"ListItem\",\"position\":1,\"name\":\"Home\",\"item\":\"https:\/\/prodantartufi.hr\/hr\/\"},{\"@type\":\"ListItem\",\"position\":2,\"name\":\"GASTRO KUTAK\"}]},{\"@type\":\"WebSite\",\"@id\":\"https:\/\/prodantartufi.hr\/hr\/#website\",\"url\":\"https:\/\/prodantartufi.hr\/hr\/\",\"name\":\"PRODAN TARTUFI\",\"description\":\"\",\"publisher\":{\"@id\":\"https:\/\/prodantartufi.hr\/hr\/#organization\"},\"potentialAction\":[{\"@type\":\"SearchAction\",\"target\":{\"@type\":\"EntryPoint\",\"urlTemplate\":\"https:\/\/prodantartufi.hr\/hr\/?s={search_term_string}\"},\"query-input\":\"required name=search_term_string\"}],\"inLanguage\":\"hr\"},{\"@type\":\"Organization\",\"@id\":\"https:\/\/prodantartufi.hr\/hr\/#organization\",\"name\":\"PRODAN TARTUFI |\",\"url\":\"https:\/\/prodantartufi.hr\/hr\/\",\"logo\":{\"@type\":\"ImageObject\",\"inLanguage\":\"hr\",\"@id\":\"https:\/\/prodantartufi.hr\/hr\/#\/schema\/logo\/image\/\",\"url\":\"https:\/\/prodantartufi.hr\/wp-content\/uploads\/2015\/03\/logo_600px-e1434011074366.png\",\"contentUrl\":\"https:\/\/prodantartufi.hr\/wp-content\/uploads\/2015\/03\/logo_600px-e1434011074366.png\",\"width\":118,\"height\":29,\"caption\":\"PRODAN TARTUFI |\"},\"image\":{\"@id\":\"https:\/\/prodantartufi.hr\/hr\/#\/schema\/logo\/image\/\"}}]}<\/script>\n<!-- \/ Yoast SEO plugin. -->","yoast_head_json":{"title":"GASTRO KUTAK | PRODAN TARTUFI","description":"truffles, truffle hunting, Tr\u00fcffel, lov na tartuf, tartufi, crni tartuf, bijeli tartuf, tartufo, schwarze Tr\u00fcffel, Tr\u00fcffelsuche, istra, istria, istrien, croatia, hrvatska, kroatien, tuber magnatum pico, buzet, white truffle, black truffle, weisse Tr\u00fcffel, cheese with truffles, olive oil with truffles, \u5976\u916a\u677e\u9732, \u677e\u9732, \u677e\u9732\u72e9\u730e, \u4f0a\u65af \u7279\u62c9, \u514b\u7f57\u5730\u4e9a, \u30c8\u30ea\u30e5\u30d5,\u30c8\u30ea\u30e5\u30d5\u72e9\u308a, \u30a4\u30b9\u30c8\u30ea\u30a2, \uc1a1\ub85c \ubc84\uc12f, \uc1a1\ub85c \ubc84\uc12f \uc0ac\ub0e5, \ud06c\ub85c\uc544\ud2f0\uc544, \uc774\uc2a4\ud2b8 \ub9ac\uc544, \u0442\u0440\u044e\u0444\u0435\u043b\u0438 ,\u043e\u0445\u043e\u0442\u0430 \u0442\u0440\u044e\u0444\u0435\u043b\u044f, \u0418\u0441\u0442\u0440\u0438\u044f, \u0425\u043e\u0440\u0432\u0430\u0442\u0438\u044f, truffle products, prodoti di tartufo, unique experience in istria, adventure in istria, exploring istria, family tradition, truffle dogs, truffle specialties, motovun, livade, \uc774\uc2a4\ud2b8 \ub9ac\uc544 \uc758 \ub3c5\ud2b9\ud55c \uc774\uc2a4\ud2b8 \ub9ac\uc544 \uc758 \uacbd\ud5d8 , \ubaa8\ud5d8, \uc774\uc2a4\ud2b8 \ub9ac\uc544 , \uac00\uc871\uc758 \uc804\ud1b5 , \uc1a1\ub85c \ubc84\uc12f \uac1c, \uc1a1\ub85c \ubc84\uc12f \uc694\ub9ac","robots":{"index":"index","follow":"follow","max-snippet":"max-snippet:-1","max-image-preview":"max-image-preview:large","max-video-preview":"max-video-preview:-1"},"canonical":"https:\/\/prodantartufi.hr\/hr\/gastro-kutak\/","og_locale":"hr_HR","og_type":"article","og_title":"GASTRO KUTAK | PRODAN TARTUFI","og_description":"truffles, truffle hunting, Tr\u00fcffel, lov na tartuf, tartufi, crni tartuf, bijeli tartuf, tartufo, schwarze Tr\u00fcffel, Tr\u00fcffelsuche, istra, istria, istrien, croatia, hrvatska, kroatien, tuber magnatum pico, buzet, white truffle, black truffle, weisse Tr\u00fcffel, cheese with truffles, olive oil with truffles, \u5976\u916a\u677e\u9732, \u677e\u9732, \u677e\u9732\u72e9\u730e, \u4f0a\u65af \u7279\u62c9, \u514b\u7f57\u5730\u4e9a, \u30c8\u30ea\u30e5\u30d5,\u30c8\u30ea\u30e5\u30d5\u72e9\u308a, \u30a4\u30b9\u30c8\u30ea\u30a2, \uc1a1\ub85c \ubc84\uc12f, \uc1a1\ub85c \ubc84\uc12f \uc0ac\ub0e5, \ud06c\ub85c\uc544\ud2f0\uc544, \uc774\uc2a4\ud2b8 \ub9ac\uc544, \u0442\u0440\u044e\u0444\u0435\u043b\u0438 ,\u043e\u0445\u043e\u0442\u0430 \u0442\u0440\u044e\u0444\u0435\u043b\u044f, \u0418\u0441\u0442\u0440\u0438\u044f, \u0425\u043e\u0440\u0432\u0430\u0442\u0438\u044f, truffle products, prodoti di tartufo, unique experience in istria, adventure in istria, exploring istria, family tradition, truffle dogs, truffle specialties, motovun, livade, \uc774\uc2a4\ud2b8 \ub9ac\uc544 \uc758 \ub3c5\ud2b9\ud55c \uc774\uc2a4\ud2b8 \ub9ac\uc544 \uc758 \uacbd\ud5d8 , \ubaa8\ud5d8, \uc774\uc2a4\ud2b8 \ub9ac\uc544 , \uac00\uc871\uc758 \uc804\ud1b5 , \uc1a1\ub85c \ubc84\uc12f \uac1c, \uc1a1\ub85c \ubc84\uc12f \uc694\ub9ac","og_url":"https:\/\/prodantartufi.hr\/hr\/gastro-kutak\/","og_site_name":"PRODAN TARTUFI","article_modified_time":"2017-04-18T09:07:18+00:00","twitter_card":"summary_large_image","twitter_misc":{"Procijenjeno vrijeme \u010ditanja":"11 minuta"},"schema":{"@context":"https:\/\/schema.org","@graph":[{"@type":"WebPage","@id":"https:\/\/prodantartufi.hr\/hr\/gastro-kutak\/","url":"https:\/\/prodantartufi.hr\/hr\/gastro-kutak\/","name":"GASTRO KUTAK | PRODAN TARTUFI","isPartOf":{"@id":"https:\/\/prodantartufi.hr\/hr\/#website"},"datePublished":"2015-10-26T13:47:09+00:00","dateModified":"2017-04-18T09:07:18+00:00","description":"truffles, truffle hunting, Tr\u00fcffel, lov na tartuf, tartufi, crni tartuf, bijeli tartuf, tartufo, schwarze Tr\u00fcffel, Tr\u00fcffelsuche, istra, istria, istrien, croatia, hrvatska, kroatien, tuber magnatum pico, buzet, white truffle, black truffle, weisse Tr\u00fcffel, cheese with truffles, olive oil with truffles, \u5976\u916a\u677e\u9732, \u677e\u9732, \u677e\u9732\u72e9\u730e, \u4f0a\u65af \u7279\u62c9, \u514b\u7f57\u5730\u4e9a, \u30c8\u30ea\u30e5\u30d5,\u30c8\u30ea\u30e5\u30d5\u72e9\u308a, \u30a4\u30b9\u30c8\u30ea\u30a2, \uc1a1\ub85c \ubc84\uc12f, \uc1a1\ub85c \ubc84\uc12f \uc0ac\ub0e5, \ud06c\ub85c\uc544\ud2f0\uc544, \uc774\uc2a4\ud2b8 \ub9ac\uc544, \u0442\u0440\u044e\u0444\u0435\u043b\u0438 ,\u043e\u0445\u043e\u0442\u0430 \u0442\u0440\u044e\u0444\u0435\u043b\u044f, \u0418\u0441\u0442\u0440\u0438\u044f, \u0425\u043e\u0440\u0432\u0430\u0442\u0438\u044f, truffle products, prodoti di tartufo, unique experience in istria, adventure in istria, exploring istria, family tradition, truffle dogs, truffle specialties, motovun, livade, \uc774\uc2a4\ud2b8 \ub9ac\uc544 \uc758 \ub3c5\ud2b9\ud55c \uc774\uc2a4\ud2b8 \ub9ac\uc544 \uc758 \uacbd\ud5d8 , \ubaa8\ud5d8, \uc774\uc2a4\ud2b8 \ub9ac\uc544 , \uac00\uc871\uc758 \uc804\ud1b5 , \uc1a1\ub85c \ubc84\uc12f \uac1c, \uc1a1\ub85c \ubc84\uc12f \uc694\ub9ac","breadcrumb":{"@id":"https:\/\/prodantartufi.hr\/hr\/gastro-kutak\/#breadcrumb"},"inLanguage":"hr","potentialAction":[{"@type":"ReadAction","target":[["https:\/\/prodantartufi.hr\/hr\/gastro-kutak\/"]]}]},{"@type":"BreadcrumbList","@id":"https:\/\/prodantartufi.hr\/hr\/gastro-kutak\/#breadcrumb","itemListElement":[{"@type":"ListItem","position":1,"name":"Home","item":"https:\/\/prodantartufi.hr\/hr\/"},{"@type":"ListItem","position":2,"name":"GASTRO KUTAK"}]},{"@type":"WebSite","@id":"https:\/\/prodantartufi.hr\/hr\/#website","url":"https:\/\/prodantartufi.hr\/hr\/","name":"PRODAN TARTUFI","description":"","publisher":{"@id":"https:\/\/prodantartufi.hr\/hr\/#organization"},"potentialAction":[{"@type":"SearchAction","target":{"@type":"EntryPoint","urlTemplate":"https:\/\/prodantartufi.hr\/hr\/?s={search_term_string}"},"query-input":"required name=search_term_string"}],"inLanguage":"hr"},{"@type":"Organization","@id":"https:\/\/prodantartufi.hr\/hr\/#organization","name":"PRODAN TARTUFI |","url":"https:\/\/prodantartufi.hr\/hr\/","logo":{"@type":"ImageObject","inLanguage":"hr","@id":"https:\/\/prodantartufi.hr\/hr\/#\/schema\/logo\/image\/","url":"https:\/\/prodantartufi.hr\/wp-content\/uploads\/2015\/03\/logo_600px-e1434011074366.png","contentUrl":"https:\/\/prodantartufi.hr\/wp-content\/uploads\/2015\/03\/logo_600px-e1434011074366.png","width":118,"height":29,"caption":"PRODAN TARTUFI |"},"image":{"@id":"https:\/\/prodantartufi.hr\/hr\/#\/schema\/logo\/image\/"}}]}},"_links":{"self":[{"href":"https:\/\/prodantartufi.hr\/hr\/wp-json\/wp\/v2\/pages\/728"}],"collection":[{"href":"https:\/\/prodantartufi.hr\/hr\/wp-json\/wp\/v2\/pages"}],"about":[{"href":"https:\/\/prodantartufi.hr\/hr\/wp-json\/wp\/v2\/types\/page"}],"author":[{"embeddable":true,"href":"https:\/\/prodantartufi.hr\/hr\/wp-json\/wp\/v2\/users\/1"}],"replies":[{"embeddable":true,"href":"https:\/\/prodantartufi.hr\/hr\/wp-json\/wp\/v2\/comments?post=728"}],"version-history":[{"count":16,"href":"https:\/\/prodantartufi.hr\/hr\/wp-json\/wp\/v2\/pages\/728\/revisions"}],"predecessor-version":[{"id":1460,"href":"https:\/\/prodantartufi.hr\/hr\/wp-json\/wp\/v2\/pages\/728\/revisions\/1460"}],"wp:attachment":[{"href":"https:\/\/prodantartufi.hr\/hr\/wp-json\/wp\/v2\/media?parent=728"}],"curies":[{"name":"wp","href":"https:\/\/api.w.org\/{rel}","templated":true}]}}