{"id":586,"date":"2015-10-23T11:00:55","date_gmt":"2015-10-23T11:00:55","guid":{"rendered":"http:\/\/prodantartufi.hr\/?page_id=586"},"modified":"2018-02-12T09:33:42","modified_gmt":"2018-02-12T09:33:42","slug":"o-nama","status":"publish","type":"page","link":"https:\/\/prodantartufi.hr\/ru\/o-nama\/","title":{"rendered":"\u041e \u041d\u0410\u0421"},"content":{"rendered":"<p><\/p>\n<hr \/>\n<table align=\"center\">\n<tbody>\n<tr>\n<td style=\"padding: 20px; width: 300px; vertical-align: top;\"><strong>\u0411\u0423\u0417\u0415\u0422<\/strong><\/p>\n<p><img decoding=\"async\" loading=\"lazy\" class=\"img_align aligncenter wp-image-1236\" src=\"http:\/\/prodantartufi.hr\/wp-content\/uploads\/2015\/10\/Buzet-grad-tartufa-prodan-tartufi.jpg\" alt=\"Buzet grad tartufa - prodan tartufi\" width=\"250\" height=\"250\" srcset=\"https:\/\/prodantartufi.hr\/wp-content\/uploads\/2015\/10\/Buzet-grad-tartufa-prodan-tartufi.jpg 400w, https:\/\/prodantartufi.hr\/wp-content\/uploads\/2015\/10\/Buzet-grad-tartufa-prodan-tartufi-150x150.jpg 150w\" sizes=\"(max-width: 250px) 100vw, 250px\" \/><\/p>\n<p style=\"text-align: left;\">\u041f\u043e\u043b\u0443\u043e\u0441\u0442\u0440\u043e\u0432 \u0418\u0441\u0442\u0440\u0438\u044f \u0440\u0430\u0441\u043f\u043e\u043b\u043e\u0436\u0438\u043b\u0441\u044f \u043d\u0430 \u0441\u0430\u043c\u043e\u043c \u0441\u0435\u0432\u0435\u0440\u0435 \u043f\u0440\u0435\u043a\u0440\u0430\u0441\u043d\u043e\u0433\u043e \u0410\u0434\u0440\u0438\u0430\u0442\u0438\u0447\u0435\u0441\u043a\u043e\u0433\u043e \u043c\u043e\u0440\u044f. \u041e\u043a\u0440\u0443\u0436\u0435\u043d\u043d\u0430\u044f \u043a\u0440\u0438\u0441\u0442\u0430\u043b\u044c\u043d\u043e \u0447\u0438\u0441\u0442\u044b\u043c \u043c\u043e\u0440\u0435\u043c, \u0418\u0441\u0442\u0440\u0438\u044f \u0432\u043e \u0441\u0432\u043e\u0435\u0439 \u0432\u043d\u0443\u0442\u0440\u0435\u043d\u043d\u043e\u0441\u0442\u0438 \u043f\u0440\u044f\u0447\u0435\u0442 \u043d\u0430\u0441\u0442\u043e\u044f\u0449\u0438\u0435 \u043f\u0440\u0438\u0440\u043e\u0434\u043d\u044b\u0435 \u0431\u043e\u0433\u0430\u0442\u0441\u0442\u0432\u0430. \u0427\u0442\u043e\u0431\u044b \u0438\u0437\u0432\u0435\u0434\u0430\u0442\u044c \u0418\u0441\u0442\u0440\u0438\u044e \u0432\u0441\u0435\u043c\u0438 \u0441\u0432\u043e\u0438\u043c\u0438 \u0447\u0443\u0432\u0441\u0442\u0432\u0430\u043c\u0438, \u043d\u0443\u0436\u043d\u043e \u043e\u0442\u043f\u0440\u0430\u0432\u0438\u0442\u044c\u0441\u044f \u0432\u043e \u0432\u043d\u0443\u0442\u0440\u0435\u043d\u043d\u043e\u0441\u0442\u044c \u043f\u043e\u043b\u0443\u043e\u0441\u0442\u0440\u043e\u0432\u0430, \u0434\u043e\u0435\u0445\u0430\u0442\u044c \u0434\u043e \u0411\u0443\u0437\u0435\u0442\u0430 \u0438 \u043f\u043e\u0433\u0440\u0443\u0437\u0438\u0442\u044c\u0441\u044f \u0432\u043e \u0432\u043f\u0435\u0447\u0430\u0442\u043b\u0435\u043d\u0438\u044f, \u043a\u043e\u0442\u043e\u0440\u044b\u0435 \u0436\u0434\u0443\u0442 \u0412\u0430\u0441 \u00a0\u0432 \u0433\u043e\u0440\u043e\u0434\u0435 \u0442\u0440\u044e\u0444\u0435\u043b\u0435\u0439.<\/p>\n<p style=\"text-align: left;\">\u0411\u0443\u0437\u0435\u0442 \u043f\u043e\u0434\u0430\u0440\u0438\u0442 \u043f\u0440\u0435\u0432\u043e\u0441\u0445\u043e\u0434\u043d\u044b\u0435 \u0432\u043a\u0443\u0441\u043e\u0432\u044b\u0435 \u043e\u0449\u0443\u0449\u0435\u043d\u0438\u044f \u0434\u0430\u0436\u0435 \u0441\u0430\u043c\u044b\u043c \u0443\u0442\u043e\u043d\u0447\u0435\u043d\u043d\u044b\u043c \u0433\u0443\u0440\u043c\u0430\u043d\u0430\u043c. \u042d\u0442\u043e \u0434\u043e\u043c \u044d\u043a\u0441\u0442\u0440\u0430\u0434\u0435\u0432\u0441\u0442\u0432\u0435\u043d\u043d\u043e\u0433\u043e \u043e\u043b\u0438\u0432\u043a\u043e\u0432\u043e\u0433\u043e \u043c\u0430\u0441\u043b\u0430, \u0441\u044b\u0440\u0430, \u043c\u0435\u0434\u0430, \u0440\u0430\u043a\u0438\u0438 \u0438 \u0432\u0438\u043d\u0430 \u0438\u0441\u043a\u043b\u044e\u0447\u0438\u0442\u0435\u043b\u044c\u043d\u043e\u0433\u043e \u043a\u0430\u0447\u0435\u0441\u0442\u0432\u0430 \u0438 \u0435\u0441\u0442\u0435\u0441\u0442\u0432\u0435\u043d\u043d\u0430\u044f \u0441\u0440\u0435\u0434\u0430 \u043e\u0431\u0438\u0442\u0430\u043d\u0438\u044f \u0441\u0430\u043c\u043e\u0433\u043e \u0446\u0435\u043d\u043d\u043e\u0433\u043e \u0432 \u043c\u0438\u0440\u0435 \u043f\u043e\u0434\u0437\u0435\u043c\u043d\u043e\u0433\u043e \u0433\u0440\u0438\u0431\u0430 \u2013 \u0442\u0440\u044e\u0444\u0435\u043b\u044f.<\/p>\n<\/td>\n<td style=\"padding: 20px; width: 300px; vertical-align: top;\"><strong>\u041d\u0410\u0428 \u0421\u0415\u041c\u0415\u0419\u041d\u042b\u0419 \u0411\u0418\u0417\u041d\u0415\u0421<\/strong><\/p>\n<p><img decoding=\"async\" loading=\"lazy\" class=\"img_align aligncenter wp-image-1237\" src=\"http:\/\/prodantartufi.hr\/wp-content\/uploads\/2015\/10\/tartufi-prodan-tartufi.jpg\" alt=\"tartufi - prodan tartufi\" width=\"250\" height=\"250\" srcset=\"https:\/\/prodantartufi.hr\/wp-content\/uploads\/2015\/10\/tartufi-prodan-tartufi.jpg 400w, https:\/\/prodantartufi.hr\/wp-content\/uploads\/2015\/10\/tartufi-prodan-tartufi-150x150.jpg 150w\" sizes=\"(max-width: 250px) 100vw, 250px\" \/><\/p>\n<p style=\"text-align: left;\">\u041e\u0441\u043d\u043e\u0432\u043d\u043e\u0439 \u0434\u0435\u044f\u0442\u0435\u043b\u044c\u043d\u043e\u0441\u0442\u044c\u044e \u043d\u0430\u0448\u0435\u0433\u043e \u0441\u0435\u043c\u0435\u0439\u043d\u043e\u0433\u043e \u0431\u0438\u0437\u043d\u0435\u0441\u0430 \u044f\u0432\u043b\u0430\u0435\u0442\u0441\u044f \u0442\u0440\u0430\u0434\u0438\u0446\u0438\u043e\u043d\u043d\u043e \u0441\u043e\u0445\u0440\u0430\u043d\u0438\u0432\u0448\u0430\u044f\u0441\u044f \u043e\u0445\u043e\u0442\u0430 \u043d\u0430 \u0442\u0440\u044e\u0444\u0435\u043b\u0438, \u043a\u043e\u0442\u043e\u0440\u0430\u044f \u0443\u0436\u0435 \u043c\u043d\u043e\u0433\u043e \u043b\u0435\u0442 \u043f\u0435\u0440\u0435\u0434\u0430\u0435\u0442\u0441\u044f \u0438\u0437 \u043f\u043e\u043a\u043e\u043b\u0435\u043d\u0438\u044f \u0432 \u043f\u043e\u043a\u043e\u043b\u0435\u043d\u0438\u0435, \u0438 \u0440\u0430\u0441\u043f\u0440\u0435\u0434\u0435\u043b\u0435\u043d\u0438\u0435 \u0441\u043e\u0431\u0441\u0442\u0432\u0435\u043d\u043d\u043e\u0439 \u043f\u0440\u043e\u0434\u0443\u043a\u0446\u0438\u0438 \u0438\u0437 \u0442\u0440\u044e\u0444\u0435\u043b\u0435\u0439 \u0438 \u043d\u0430\u0438\u043b\u0443\u0447\u0448\u0438\u0445 \u043f\u0440\u0438\u0440\u043e\u0434\u043d\u044b\u0445 \u0438\u043d\u0433\u0440\u0435\u0434\u0438\u0435\u043d\u0442\u043e\u0432 \u043a \u043d\u0430\u0448\u0438\u043c \u043f\u043e\u043a\u0443\u043f\u0430\u0442\u0435\u043b\u044f\u043c \u0438 \u043f\u043e\u0442\u0440\u0435\u0431\u0438\u0442\u0435\u043b\u044f\u043c.<\/p>\n<p style=\"text-align: left;\">\u0412 \u0441\u0435\u0437\u043e\u043d \u0431\u0435\u043b\u044b\u0445 \u0438 \u0447\u0435\u0440\u043d\u044b\u0445 \u0442\u0440\u044e\u0444\u0435\u043b\u0435\u0439 \u0441\u0432\u0435\u0436\u0438\u0435 \u0442\u0440\u044e\u0444\u0435\u043b\u0438 \u043f\u043e\u0441\u0442\u0430\u0432\u043b\u044f\u0435\u043c \u043c\u043d\u043e\u0433\u043e\u0447\u0438\u0441\u043b\u0435\u043d\u043d\u044b\u043c \u0440\u0435\u0441\u0442\u043e\u0440\u0430\u043d\u0430\u043c \u0438 \u0432\u0441\u0435\u043c \u043b\u044e\u0431\u0438\u0442\u0435\u043b\u044f\u043c \u0442\u0440\u044e\u0444\u0435\u043b\u0435\u0439 \u0432 \u0441\u0442\u0440\u0430\u043d\u0435 \u0438 \u043c\u0438\u0440\u0435.<\/p>\n<\/td>\n<td style=\"padding: 20px; width: 300px; vertical-align: top;\"><strong>\u0412\u0418\u0414\u0415\u041d\u0418\u0415 \/ \u041c\u0418\u0421\u0421\u0418\u042f<\/strong><\/p>\n<p><img decoding=\"async\" loading=\"lazy\" class=\"img_align aligncenter wp-image-1238 size-full\" src=\"http:\/\/prodantartufi.hr\/wp-content\/uploads\/2015\/10\/Lov-na-tartuf-prodan-tartufi.jpg\" alt=\"Lov na tartuf - prodan tartufi\" width=\"250\" height=\"250\" srcset=\"https:\/\/prodantartufi.hr\/wp-content\/uploads\/2015\/10\/Lov-na-tartuf-prodan-tartufi.jpg 250w, https:\/\/prodantartufi.hr\/wp-content\/uploads\/2015\/10\/Lov-na-tartuf-prodan-tartufi-150x150.jpg 150w\" sizes=\"(max-width: 250px) 100vw, 250px\" \/><\/p>\n<p style=\"text-align: left;\">\u041d\u0430\u0448\u0435 \u0432\u0438\u0434\u0435\u043d\u0438\u0435 \u2013 \u0441\u0442\u0430\u0442\u044c \u0434\u0435\u043b\u043e\u0432\u044b\u043c \u043f\u0430\u0440\u0442\u043d\u0435\u0440\u043e\u043c, \u043a\u043e\u0442\u043e\u0440\u043e\u0433\u043e \u0443\u0432\u0430\u0436\u0430\u044e\u0442, \u0441 \u043a\u043e\u0442\u043e\u0440\u044b\u043c \u0445\u043e\u0442\u044f\u0442 \u0441\u043e\u0442\u0440\u0443\u0434\u043d\u0438\u0447\u0430\u0442\u044c, \u043a\u043e\u0442\u043e\u0440\u043e\u0433\u043e \u0446\u0435\u043d\u044f\u0442 \u043d\u0430 \u0440\u044b\u043d\u043a\u0435 \u0438 \u0443\u0437\u043d\u0430\u044e\u0442 \u043f\u043e \u0431\u0435\u0437\u0443\u043a\u043e\u0440\u0438\u0437\u043d\u0435\u043d\u043d\u043e\u043c\u0443 \u043a\u0430\u0447\u0435\u0441\u0442\u0432\u0443 \u0435\u0433\u043e \u043f\u0440\u043e\u0434\u0443\u043a\u0446\u0438\u0438 \u0438 \u0443\u0441\u043b\u0443\u0433.<\/p>\n<p style=\"text-align: left;\">\u0421\u043e\u0437\u0434\u0430\u0432\u0430\u044f \u0434\u0440\u0443\u0436\u0435\u0441\u043a\u0438\u0435 \u043e\u0442\u043d\u043e\u0448\u0435\u043d\u0438\u044f \u0438 \u0437\u0430\u0431\u043e\u0442\u044f\u0441\u044c \u043e \u043f\u0440\u0438\u0440\u043e\u0434\u0435, \u0441\u0442\u0430\u0440\u0430\u0435\u043c\u0441\u044f \u0437\u0430\u0449\u0438\u0442\u0438\u0442\u044c \u0438\u043d\u0442\u0435\u0440\u0435\u0441\u044b \u043d\u0430\u0448\u0438\u0445 \u043f\u043e\u043a\u0443\u043f\u0430\u0442\u0435\u043b\u0435\u0439, \u0434\u0435\u043b\u043e\u0432\u044b\u0445 \u043f\u0430\u0440\u0442\u043d\u0435\u0440\u043e\u0432 \u0438 \u0441\u0440\u0435\u0434\u044b, \u0432 \u043a\u043e\u0442\u043e\u0440\u043e\u0439 \u0436\u0438\u0432\u0435\u043c \u0438 \u0440\u0430\u0431\u043e\u0442\u0430\u0435\u043c.<\/p>\n<p style=\"text-align: left;\">\u041d\u0430\u0448\u0430 \u0441\u0430\u043c\u0430\u044f \u0432\u0435\u043b\u0438\u043a\u0430\u044f \u0446\u0435\u043d\u043d\u043e\u0441\u0442\u044c &#8211; \u043c\u043d\u043e\u0433\u043e\u043b\u0435\u0442\u043d\u044f\u044f \u0441\u0435\u043c\u0435\u0439\u043d\u0430\u044f \u0442\u0440\u0430\u0434\u0438\u0446\u0438\u044f, \u0431\u043b\u0430\u0433\u043e\u0434\u0430\u0440\u044f \u043a\u043e\u0442\u043e\u0440\u043e\u0439 \u0441\u043e\u0437\u0434\u0430\u0435\u043c \u043f\u043e\u0434\u043b\u0438\u043d\u043d\u044b\u0439 \u0431\u0440\u0435\u043d\u0434, \u043f\u0440\u0435\u0434\u043e\u0441\u0442\u0430\u0432\u043b\u044f\u044f \u0432\u0441\u0435\u043c \u043d\u0430\u0438\u043b\u0443\u0447\u0448\u0438\u0435 \u0432\u043a\u0443\u0441\u044b, \u0437\u0430\u043f\u0430\u0445\u0438 \u0438 \u0434\u0440\u0443\u0433\u0438\u0435 \u043e\u0449\u0443\u0449\u0435\u043d\u0438\u044f \u0418\u0441\u0442\u0440\u0438\u0438.<\/p>\n<\/td>\n<td style=\"padding: 20px; width: 300px; vertical-align: top;\"><strong><span style=\"font-size: 10pt;\">100%<\/span> \u0425\u041e\u0420\u0412\u0410\u0422\u0421\u041a\u0418\u0415 \u041f\u0420\u041e\u0414\u0423\u041a\u0422\u042b<\/strong><\/p>\n<p><img decoding=\"async\" loading=\"lazy\" class=\"img_align aligncenter wp-image-1239\" src=\"http:\/\/prodantartufi.hr\/wp-content\/uploads\/2015\/10\/tartufi-crni-cijeli-prodan-tartufi.jpg\" alt=\"tartufi crni cijeli - prodan tartufi\" width=\"250\" height=\"250\" srcset=\"https:\/\/prodantartufi.hr\/wp-content\/uploads\/2015\/10\/tartufi-crni-cijeli-prodan-tartufi.jpg 400w, https:\/\/prodantartufi.hr\/wp-content\/uploads\/2015\/10\/tartufi-crni-cijeli-prodan-tartufi-150x150.jpg 150w\" sizes=\"(max-width: 250px) 100vw, 250px\" \/><\/p>\n<p style=\"text-align: left;\">\u0412\u0441\u0435 \u043d\u0430\u0448\u0438 \u043f\u0440\u043e\u0434\u0443\u043a\u0442\u044b \u043f\u0440\u043e\u0438\u0437\u0432\u0435\u0434\u0435\u043d\u044b \u0432 \u0425\u043e\u0440\u0432\u0430\u0442\u0438\u0438 \u0438\u0437 \u0438\u043d\u0433\u0440\u0435\u0434\u0438\u0435\u043d\u0442\u043e\u0432 \u0438\u0437 \u0447\u0438\u0441\u0442\u043e\u0439 \u0438 \u043d\u0435\u0442\u0440\u043e\u043d\u0443\u0442\u043e\u0439 \u0438\u0441\u0442\u0440\u0438\u0439\u0441\u043a\u043e\u0439 \u043f\u0440\u0438\u0440\u043e\u0434\u044b.<\/p>\n<p style=\"text-align: left;\">\u0422\u0440\u0443\u0434, \u043f\u0440\u0435\u0434\u0430\u043d\u043d\u043e\u0441\u0442\u044c \u0438 \u043e\u0442\u0432\u0435\u0442\u0441\u0442\u0432\u0435\u043d\u043d\u043e\u0441\u0442\u044c \u0432\u0441\u0435\u0439 \u0441\u0435\u043c\u044c\u0438, \u0430 \u043f\u0440\u0435\u0436\u0434\u0435 \u0432\u0441\u0435\u0433\u043e \u0441\u0442\u0440\u0430\u0441\u0442\u044c \u0438 \u043b\u044e\u0431\u043e\u0432\u044c \u043a \u0442\u0440\u044e\u0444\u0435\u043b\u044f\u043c \u2013 \u044d\u0442\u043e \u0438\u043d\u0433\u0440\u0435\u0434\u0438\u0435\u043d\u0442\u044b, \u043a\u043e\u0442\u043e\u0440\u044b\u0435 \u0434\u0435\u043b\u0430\u044e\u0442 \u043e\u0441\u043e\u0431\u044b\u043c\u0438 \u043d\u0430\u0448\u0438 \u043f\u0440\u043e\u0434\u0443\u043a\u0442\u044b, \u043e\u0442\u043b\u0438\u0447\u0430\u044e\u0449\u0438\u0435\u0441\u044f \u0443\u0437\u043d\u0430\u0432\u0430\u0435\u043c\u044b\u043c \u0438 \u043d\u0435\u043e\u0442\u0440\u0430\u0437\u0438\u043c\u044b\u043c \u0432\u043a\u0443\u0441\u043e\u043c \u0438 \u0437\u0430\u043f\u0430\u0445\u043e\u043c.<\/p>\n<p style=\"text-align: left;\">\u0412\u0435\u0441\u044c \u043f\u0440\u043e\u0446\u0435\u0441\u0441 \u043f\u0435\u0440\u0435\u0440\u0430\u0431\u043e\u0442\u043a\u0438, \u0441\u043a\u043b\u0430\u0434\u044b\u0432\u0430\u043d\u0438\u044f \u0438 \u0434\u0438\u0441\u0442\u0440\u0438\u0431\u0443\u0446\u0438\u0438 \u0442\u0440\u044e\u0444\u0435\u043b\u0435\u0439 \u0441\u043e\u043f\u0440\u043e\u0432\u043e\u0436\u0434\u0430\u0435\u0442\u0441\u044f \u0432\u044b\u0441\u043e\u043a\u0438\u043c \u043a\u0430\u0447\u0435\u0441\u0442\u0432\u043e\u043c \u0438 \u0441\u0442\u0430\u043d\u0434\u0430\u0440\u0442\u043e\u043c \u0425\u0410\u0421\u0421\u041f.<\/p>\n<\/td>\n<\/tr>\n<\/tbody>\n<\/table>\n<p style=\"text-align: center;\"><span style=\"font-size: 18pt;\"><strong><em>\u0420\u0430\u0441\u0442\u0435\u043c \u0432\u043c\u0435\u0441\u0442\u0435 \u0441 \u043f\u0440\u0438\u0440\u043e\u0434\u043e\u0439.<\/em><\/strong><\/span><\/p>\n<p style=\"text-align: center;\">\n<p><\/p>","protected":false},"excerpt":{"rendered":"<p>\u0411\u0423\u0417\u0415\u0422 \u041f\u043e\u043b\u0443\u043e\u0441\u0442\u0440\u043e\u0432 \u0418\u0441\u0442\u0440\u0438\u044f \u0440\u0430\u0441\u043f\u043e\u043b\u043e\u0436\u0438\u043b\u0441\u044f \u043d\u0430 \u0441\u0430\u043c\u043e\u043c \u0441\u0435\u0432\u0435\u0440\u0435 \u043f\u0440\u0435\u043a\u0440\u0430\u0441\u043d\u043e\u0433\u043e \u0410\u0434\u0440\u0438\u0430\u0442\u0438\u0447\u0435\u0441\u043a\u043e\u0433\u043e \u043c\u043e\u0440\u044f. \u041e\u043a\u0440\u0443\u0436\u0435\u043d\u043d\u0430\u044f \u043a\u0440\u0438\u0441\u0442\u0430\u043b\u044c\u043d\u043e \u0447\u0438\u0441\u0442\u044b\u043c \u043c\u043e\u0440\u0435\u043c, \u0418\u0441\u0442\u0440\u0438\u044f \u0432\u043e \u0441\u0432\u043e\u0435\u0439 \u0432\u043d\u0443\u0442\u0440\u0435\u043d\u043d\u043e\u0441\u0442\u0438 \u043f\u0440\u044f\u0447\u0435\u0442 \u043d\u0430\u0441\u0442\u043e\u044f\u0449\u0438\u0435 \u043f\u0440\u0438\u0440\u043e\u0434\u043d\u044b\u0435 \u0431\u043e\u0433\u0430\u0442\u0441\u0442\u0432\u0430. \u0427\u0442\u043e\u0431\u044b \u0438\u0437\u0432\u0435\u0434\u0430\u0442\u044c \u0418\u0441\u0442\u0440\u0438\u044e \u0432\u0441\u0435\u043c\u0438 \u0441\u0432\u043e\u0438\u043c\u0438 \u0447\u0443\u0432\u0441\u0442\u0432\u0430\u043c\u0438, \u043d\u0443\u0436\u043d\u043e \u043e\u0442\u043f\u0440\u0430\u0432\u0438\u0442\u044c\u0441\u044f \u0432\u043e \u0432\u043d\u0443\u0442\u0440\u0435\u043d\u043d\u043e\u0441\u0442\u044c \u043f\u043e\u043b\u0443\u043e\u0441\u0442\u0440\u043e\u0432\u0430, \u0434\u043e\u0435\u0445\u0430\u0442\u044c \u0434\u043e \u0411\u0443\u0437\u0435\u0442\u0430 \u0438 \u043f\u043e\u0433\u0440\u0443\u0437\u0438\u0442\u044c\u0441\u044f \u0432\u043e \u0432\u043f\u0435\u0447\u0430\u0442\u043b\u0435\u043d\u0438\u044f, \u043a\u043e\u0442\u043e\u0440\u044b\u0435 \u0436\u0434\u0443\u0442 \u0412\u0430\u0441 \u00a0\u0432 \u0433\u043e\u0440\u043e\u0434\u0435 \u0442\u0440\u044e\u0444\u0435\u043b\u0435\u0439. \u0411\u0443\u0437\u0435\u0442 \u043f\u043e\u0434\u0430\u0440\u0438\u0442 \u043f\u0440\u0435\u0432\u043e\u0441\u0445\u043e\u0434\u043d\u044b\u0435 \u0432\u043a\u0443\u0441\u043e\u0432\u044b\u0435 \u043e\u0449\u0443\u0449\u0435\u043d\u0438\u044f \u0434\u0430\u0436\u0435 \u0441\u0430\u043c\u044b\u043c \u0443\u0442\u043e\u043d\u0447\u0435\u043d\u043d\u044b\u043c \u0433\u0443\u0440\u043c\u0430\u043d\u0430\u043c. [&hellip;]<\/p>\n","protected":false},"author":1,"featured_media":0,"parent":0,"menu_order":0,"comment_status":"closed","ping_status":"closed","template":"page_ostalo.php","meta":[],"yoast_head":"<!-- This site is optimized with the Yoast SEO plugin v20.0 - https:\/\/yoast.com\/wordpress\/plugins\/seo\/ -->\n<title>\u041e \u041d\u0410\u0421 | PRODAN TARTUFI<\/title>\n<meta name=\"description\" content=\"Osnovna djelatnost na\u0161eg obiteljskog obrta ve\u0107 je nara\u0161tajima preno\u0161en i tradicijski o\u010duvan lov na tartuf te distribucija vlastitih proizvoda spravljenih od istarskog tartufa i najfinijih prirodnih sastojaka do svojih kupaca i potro\u0161a\u010da.\" \/>\n<meta name=\"robots\" content=\"index, follow, max-snippet:-1, max-image-preview:large, max-video-preview:-1\" \/>\n<link rel=\"canonical\" href=\"https:\/\/prodantartufi.hr\/ru\/o-nama\/\" \/>\n<meta property=\"og:locale\" content=\"ru_RU\" \/>\n<meta property=\"og:type\" content=\"article\" \/>\n<meta property=\"og:title\" content=\"\u041e \u041d\u0410\u0421 | PRODAN TARTUFI\" \/>\n<meta property=\"og:description\" content=\"Osnovna djelatnost na\u0161eg obiteljskog obrta ve\u0107 je nara\u0161tajima preno\u0161en i tradicijski o\u010duvan lov na tartuf te distribucija vlastitih proizvoda spravljenih od istarskog tartufa i najfinijih prirodnih sastojaka do svojih kupaca i potro\u0161a\u010da.\" \/>\n<meta property=\"og:url\" content=\"https:\/\/prodantartufi.hr\/ru\/o-nama\/\" \/>\n<meta property=\"og:site_name\" content=\"PRODAN TARTUFI\" \/>\n<meta property=\"article:modified_time\" content=\"2018-02-12T09:33:42+00:00\" \/>\n<meta property=\"og:image\" content=\"http:\/\/prodantartufi.hr\/wp-content\/uploads\/2015\/10\/Buzet-grad-tartufa-prodan-tartufi.jpg\" \/>\n<meta name=\"twitter:card\" content=\"summary_large_image\" \/>\n<meta name=\"twitter:label1\" content=\"\u041f\u0440\u0438\u043c\u0435\u0440\u043d\u043e\u0435 \u0432\u0440\u0435\u043c\u044f \u0434\u043b\u044f \u0447\u0442\u0435\u043d\u0438\u044f\" \/>\n\t<meta name=\"twitter:data1\" content=\"5 \u043c\u0438\u043d\u0443\u0442\" \/>\n<script type=\"application\/ld+json\" class=\"yoast-schema-graph\">{\"@context\":\"https:\/\/schema.org\",\"@graph\":[{\"@type\":\"WebPage\",\"@id\":\"https:\/\/prodantartufi.hr\/ru\/o-nama\/\",\"url\":\"https:\/\/prodantartufi.hr\/ru\/o-nama\/\",\"name\":\"\u041e \u041d\u0410\u0421 | PRODAN TARTUFI\",\"isPartOf\":{\"@id\":\"https:\/\/prodantartufi.hr\/ru\/#website\"},\"datePublished\":\"2015-10-23T11:00:55+00:00\",\"dateModified\":\"2018-02-12T09:33:42+00:00\",\"description\":\"Osnovna djelatnost na\u0161eg obiteljskog obrta ve\u0107 je nara\u0161tajima preno\u0161en i tradicijski o\u010duvan lov na tartuf te distribucija vlastitih proizvoda spravljenih od istarskog tartufa i najfinijih prirodnih sastojaka do svojih kupaca i potro\u0161a\u010da.\",\"breadcrumb\":{\"@id\":\"https:\/\/prodantartufi.hr\/ru\/o-nama\/#breadcrumb\"},\"inLanguage\":\"ru-RU\",\"potentialAction\":[{\"@type\":\"ReadAction\",\"target\":[[\"https:\/\/prodantartufi.hr\/ru\/o-nama\/\"]]}]},{\"@type\":\"BreadcrumbList\",\"@id\":\"https:\/\/prodantartufi.hr\/ru\/o-nama\/#breadcrumb\",\"itemListElement\":[{\"@type\":\"ListItem\",\"position\":1,\"name\":\"Home\",\"item\":\"https:\/\/prodantartufi.hr\/ru\/\"},{\"@type\":\"ListItem\",\"position\":2,\"name\":\"O NAMA\"}]},{\"@type\":\"WebSite\",\"@id\":\"https:\/\/prodantartufi.hr\/ru\/#website\",\"url\":\"https:\/\/prodantartufi.hr\/ru\/\",\"name\":\"PRODAN TARTUFI\",\"description\":\"\",\"publisher\":{\"@id\":\"https:\/\/prodantartufi.hr\/ru\/#organization\"},\"potentialAction\":[{\"@type\":\"SearchAction\",\"target\":{\"@type\":\"EntryPoint\",\"urlTemplate\":\"https:\/\/prodantartufi.hr\/ru\/?s={search_term_string}\"},\"query-input\":\"required name=search_term_string\"}],\"inLanguage\":\"ru-RU\"},{\"@type\":\"Organization\",\"@id\":\"https:\/\/prodantartufi.hr\/ru\/#organization\",\"name\":\"PRODAN TARTUFI |\",\"url\":\"https:\/\/prodantartufi.hr\/ru\/\",\"logo\":{\"@type\":\"ImageObject\",\"inLanguage\":\"ru-RU\",\"@id\":\"https:\/\/prodantartufi.hr\/ru\/#\/schema\/logo\/image\/\",\"url\":\"https:\/\/prodantartufi.hr\/wp-content\/uploads\/2015\/03\/logo_600px-e1434011074366.png\",\"contentUrl\":\"https:\/\/prodantartufi.hr\/wp-content\/uploads\/2015\/03\/logo_600px-e1434011074366.png\",\"width\":118,\"height\":29,\"caption\":\"PRODAN TARTUFI |\"},\"image\":{\"@id\":\"https:\/\/prodantartufi.hr\/ru\/#\/schema\/logo\/image\/\"}}]}<\/script>\n<!-- \/ Yoast SEO plugin. -->","yoast_head_json":{"title":"\u041e \u041d\u0410\u0421 | PRODAN TARTUFI","description":"Osnovna djelatnost na\u0161eg obiteljskog obrta ve\u0107 je nara\u0161tajima preno\u0161en i tradicijski o\u010duvan lov na tartuf te distribucija vlastitih proizvoda spravljenih od istarskog tartufa i najfinijih prirodnih sastojaka do svojih kupaca i potro\u0161a\u010da.","robots":{"index":"index","follow":"follow","max-snippet":"max-snippet:-1","max-image-preview":"max-image-preview:large","max-video-preview":"max-video-preview:-1"},"canonical":"https:\/\/prodantartufi.hr\/ru\/o-nama\/","og_locale":"ru_RU","og_type":"article","og_title":"\u041e \u041d\u0410\u0421 | PRODAN TARTUFI","og_description":"Osnovna djelatnost na\u0161eg obiteljskog obrta ve\u0107 je nara\u0161tajima preno\u0161en i tradicijski o\u010duvan lov na tartuf te distribucija vlastitih proizvoda spravljenih od istarskog tartufa i najfinijih prirodnih sastojaka do svojih kupaca i potro\u0161a\u010da.","og_url":"https:\/\/prodantartufi.hr\/ru\/o-nama\/","og_site_name":"PRODAN TARTUFI","article_modified_time":"2018-02-12T09:33:42+00:00","og_image":[{"url":"http:\/\/prodantartufi.hr\/wp-content\/uploads\/2015\/10\/Buzet-grad-tartufa-prodan-tartufi.jpg"}],"twitter_card":"summary_large_image","twitter_misc":{"\u041f\u0440\u0438\u043c\u0435\u0440\u043d\u043e\u0435 \u0432\u0440\u0435\u043c\u044f \u0434\u043b\u044f \u0447\u0442\u0435\u043d\u0438\u044f":"5 \u043c\u0438\u043d\u0443\u0442"},"schema":{"@context":"https:\/\/schema.org","@graph":[{"@type":"WebPage","@id":"https:\/\/prodantartufi.hr\/ru\/o-nama\/","url":"https:\/\/prodantartufi.hr\/ru\/o-nama\/","name":"\u041e \u041d\u0410\u0421 | PRODAN TARTUFI","isPartOf":{"@id":"https:\/\/prodantartufi.hr\/ru\/#website"},"datePublished":"2015-10-23T11:00:55+00:00","dateModified":"2018-02-12T09:33:42+00:00","description":"Osnovna djelatnost na\u0161eg obiteljskog obrta ve\u0107 je nara\u0161tajima preno\u0161en i tradicijski o\u010duvan lov na tartuf te distribucija vlastitih proizvoda spravljenih od istarskog tartufa i najfinijih prirodnih sastojaka do svojih kupaca i potro\u0161a\u010da.","breadcrumb":{"@id":"https:\/\/prodantartufi.hr\/ru\/o-nama\/#breadcrumb"},"inLanguage":"ru-RU","potentialAction":[{"@type":"ReadAction","target":[["https:\/\/prodantartufi.hr\/ru\/o-nama\/"]]}]},{"@type":"BreadcrumbList","@id":"https:\/\/prodantartufi.hr\/ru\/o-nama\/#breadcrumb","itemListElement":[{"@type":"ListItem","position":1,"name":"Home","item":"https:\/\/prodantartufi.hr\/ru\/"},{"@type":"ListItem","position":2,"name":"O NAMA"}]},{"@type":"WebSite","@id":"https:\/\/prodantartufi.hr\/ru\/#website","url":"https:\/\/prodantartufi.hr\/ru\/","name":"PRODAN TARTUFI","description":"","publisher":{"@id":"https:\/\/prodantartufi.hr\/ru\/#organization"},"potentialAction":[{"@type":"SearchAction","target":{"@type":"EntryPoint","urlTemplate":"https:\/\/prodantartufi.hr\/ru\/?s={search_term_string}"},"query-input":"required name=search_term_string"}],"inLanguage":"ru-RU"},{"@type":"Organization","@id":"https:\/\/prodantartufi.hr\/ru\/#organization","name":"PRODAN TARTUFI |","url":"https:\/\/prodantartufi.hr\/ru\/","logo":{"@type":"ImageObject","inLanguage":"ru-RU","@id":"https:\/\/prodantartufi.hr\/ru\/#\/schema\/logo\/image\/","url":"https:\/\/prodantartufi.hr\/wp-content\/uploads\/2015\/03\/logo_600px-e1434011074366.png","contentUrl":"https:\/\/prodantartufi.hr\/wp-content\/uploads\/2015\/03\/logo_600px-e1434011074366.png","width":118,"height":29,"caption":"PRODAN TARTUFI |"},"image":{"@id":"https:\/\/prodantartufi.hr\/ru\/#\/schema\/logo\/image\/"}}]}},"_links":{"self":[{"href":"https:\/\/prodantartufi.hr\/ru\/wp-json\/wp\/v2\/pages\/586"}],"collection":[{"href":"https:\/\/prodantartufi.hr\/ru\/wp-json\/wp\/v2\/pages"}],"about":[{"href":"https:\/\/prodantartufi.hr\/ru\/wp-json\/wp\/v2\/types\/page"}],"author":[{"embeddable":true,"href":"https:\/\/prodantartufi.hr\/ru\/wp-json\/wp\/v2\/users\/1"}],"replies":[{"embeddable":true,"href":"https:\/\/prodantartufi.hr\/ru\/wp-json\/wp\/v2\/comments?post=586"}],"version-history":[{"count":57,"href":"https:\/\/prodantartufi.hr\/ru\/wp-json\/wp\/v2\/pages\/586\/revisions"}],"predecessor-version":[{"id":1546,"href":"https:\/\/prodantartufi.hr\/ru\/wp-json\/wp\/v2\/pages\/586\/revisions\/1546"}],"wp:attachment":[{"href":"https:\/\/prodantartufi.hr\/ru\/wp-json\/wp\/v2\/media?parent=586"}],"curies":[{"name":"wp","href":"https:\/\/api.w.org\/{rel}","templated":true}]}}