{"id":943,"date":"2016-01-22T18:24:31","date_gmt":"2016-01-22T18:24:31","guid":{"rendered":"http:\/\/prodantartufi.hr\/?page_id=943"},"modified":"2018-02-23T14:03:19","modified_gmt":"2018-02-23T14:03:19","slug":"galerija","status":"publish","type":"page","link":"https:\/\/prodantartufi.hr\/ru\/galerija\/","title":{"rendered":"\u0413\u0410\u041b\u0415\u0420\u0415\u042f"},"content":{"rendered":"<p><div class=\"lptw-container\" id=\"lptw-grid-37357\"><article class=\"grid-layout lptw-grid-element grid-element-dark\" style=\"margin-bottom: 10px; width: 32.33%; \">\n<header>\n<div class=\"lptw-post-grid-link\"><a href=\"https:\/\/prodantartufi.hr\/ru\/lov-na-tartuf1\/\"><img src=\"https:\/\/prodantartufi.hr\/wp-content\/uploads\/2016\/01\/lov-na-tartuf\" alt=\"\u041e\u0425\u041e\u0422\u0410 \u041d\u0410 \u0422\u0420\u042e\u0424\u0415\u041b\u0418\" \/><\/a>\n<\/div><div class=\"lptw-post-header\"><a class=\"lptw-post-title title-dark\" href=\"https:\/\/prodantartufi.hr\/ru\/lov-na-tartuf1\/\" target=\"_self\">\u041e\u0425\u041e\u0422\u0410 \u041d\u0410 \u0422\u0420\u042e\u0424\u0415\u041b\u0418<\/a>\n<\/div>\n<\/header><section>\n<div class=\"post-excerpt content-dark\"><div><\/div>\n<\/div>\n<\/section><\/article>\n<article class=\"grid-layout lptw-grid-element grid-element-dark\" style=\"margin-bottom: 10px; width: 32.33%; \">\n<header>\n<div class=\"lptw-post-grid-link\"><a href=\"https:\/\/prodantartufi.hr\/ru\/jela-s-nasim-proizvodima\/\"><img src=\"https:\/\/prodantartufi.hr\/wp-content\/uploads\/2016\/01\/jpg-2\" alt=\"\u0411\u041b\u042e\u0414\u0410 \u0421 \u041d\u0410\u0428\u0418\u041c\u0418 \u041f\u0420\u041e\u0414\u0423\u041a\u0422\u0410\u041c\u0418\" \/><\/a>\n<\/div><div class=\"lptw-post-header\"><a class=\"lptw-post-title title-dark\" href=\"https:\/\/prodantartufi.hr\/ru\/jela-s-nasim-proizvodima\/\" target=\"_self\">\u0411\u041b\u042e\u0414\u0410 \u0421 \u041d\u0410\u0428\u0418\u041c\u0418 \u041f\u0420\u041e\u0414\u0423\u041a\u0422\u0410\u041c\u0418<\/a>\n<\/div>\n<\/header><section>\n<div class=\"post-excerpt content-dark\"><div><\/div>\n<\/div>\n<\/section><\/article>\n<article class=\"grid-layout lptw-grid-element grid-element-dark\" style=\"margin-bottom: 10px; width: 32.33%; \">\n<header>\n<div class=\"lptw-post-grid-link\"><a href=\"https:\/\/prodantartufi.hr\/ru\/sajmovi\/\"><img src=\"https:\/\/prodantartufi.hr\/wp-content\/uploads\/2016\/01\/sajmovi\" alt=\"\u042f\u0420\u041c\u0410\u0420\u041a\u0418\" \/><\/a>\n<\/div><div class=\"lptw-post-header\"><a class=\"lptw-post-title title-dark\" href=\"https:\/\/prodantartufi.hr\/ru\/sajmovi\/\" target=\"_self\">\u042f\u0420\u041c\u0410\u0420\u041a\u0418<\/a>\n<\/div>\n<\/header><section>\n<div class=\"post-excerpt content-dark\"><div><\/div>\n<\/div>\n<\/section><\/article>\n<\/div><script>\r\n                            jQuery(window).on(\"load\", function() {\r\n                              var $ = jQuery;\r\n                              $(\".overlay\").css(\"display\", \"block\");\r\n                              var $container = $(\"#lptw-grid-37357\");\r\n                              var fluid_images = true;\r\n                              var countedColumnWidth;\r\n\r\n                              \/\/ initialize\r\n                              $container.masonry({\r\n                                  itemSelector: \".lptw-grid-element\",     columnWidth: function(containerWidth) {\r\n                                        if (containerWidth < 641) {\r\n                                            $(\".lptw-grid-element\").css(\"width\", \"100%\");\r\n                                            countedColumnWidth = containerWidth - 1;\r\n                                        } else if (containerWidth > 640) {\r\n                                            $(\".lptw-grid-element\").css(\"width\", \"32.33%\");\r\n                                            $(\".lptw-featured\").css(\"width\", \"65.67%\");\r\n                                            if (fluid_images === true) {\r\n                                        \t    countedColumnWidth = (containerWidth \/ 3) - 1\r\n                                            } else {\r\n                                        \t    countedColumnWidth = 300 - 1\r\n                                            }\r\n                                        }\r\n                                        return countedColumnWidth;\r\n                                  }     });\r\n\r\n                                $(window).resize(function() {\r\n                                \tvar $container = $(\"#grid-container\");\r\n                                \tvar viewport = $(window).width();\r\n                                    var fluid_images = true;\r\n\r\n                                \tif (viewport < 641) {\r\n                                        $(\".lptw-grid-element\").css(\"width\", \"100%\");\r\n                                        $(\".lptw-grid-element\").css(\"height\", \"auto\");\r\n                                \t\t$container.masonry(\"option\", {\r\n                                \t\t\tcolumnWidth: viewport - 1\r\n                                \t\t});\r\n                                \t} else if (viewport > 640) {\r\n                                        var containerWidth = $container.width();\r\n                                        $(\".lptw-grid-element\").css(\"width\", \"32.33%\");\r\n                                        $(\".lptw-featured\").css(\"width\", \"65.67%\");\r\n\r\n                                        if (fluid_images === true) {\r\n                                    \t\t$container.masonry(\"option\", {\r\n                                    \t\t\tcolumnWidth: (containerWidth \/ 3) - 1\r\n                                    \t\t});\r\n                                        } else {\r\n                                            $(\".lptw-featured\").css(\"height\", \"\");\r\n                                    \t\t$container.masonry(\"option\", {\r\n                                    \t\t\tcolumnWidth: 300 - 1\r\n                                    \t\t});\r\n                                        }\r\n                                    }\r\n                                });\r\n\r\n                            });\r\n\r\n                        <\/script><br \/>\n<\/p>","protected":false},"excerpt":{"rendered":"","protected":false},"author":1,"featured_media":0,"parent":0,"menu_order":0,"comment_status":"closed","ping_status":"closed","template":"single_proizvodi.php","meta":[],"yoast_head":"<!-- This site is optimized with the Yoast SEO plugin v20.0 - https:\/\/yoast.com\/wordpress\/plugins\/seo\/ -->\n<title>\u0413\u0410\u041b\u0415\u0420\u0415\u042f | PRODAN TARTUFI<\/title>\n<meta name=\"description\" content=\"truffles, truffle hunting, Tr\u00fcffel, lov na tartuf, tartufi, crni tartuf, bijeli tartuf, tartufo, schwarze Tr\u00fcffel, Tr\u00fcffelsuche, istra, istria, istrien, croatia, hrvatska, kroatien, tuber magnatum pico, buzet, white truffle, black truffle, weisse Tr\u00fcffel, cheese with truffles, olive oil with truffles, \u5976\u916a\u677e\u9732, \u677e\u9732, \u677e\u9732\u72e9\u730e, \u4f0a\u65af \u7279\u62c9, \u514b\u7f57\u5730\u4e9a, \u30c8\u30ea\u30e5\u30d5,\u30c8\u30ea\u30e5\u30d5\u72e9\u308a, \u30a4\u30b9\u30c8\u30ea\u30a2, \uc1a1\ub85c \ubc84\uc12f, \uc1a1\ub85c \ubc84\uc12f \uc0ac\ub0e5, \ud06c\ub85c\uc544\ud2f0\uc544, \uc774\uc2a4\ud2b8 \ub9ac\uc544, \u0442\u0440\u044e\u0444\u0435\u043b\u0438 ,\u043e\u0445\u043e\u0442\u0430 \u0442\u0440\u044e\u0444\u0435\u043b\u044f, \u0418\u0441\u0442\u0440\u0438\u044f, \u0425\u043e\u0440\u0432\u0430\u0442\u0438\u044f, truffle products, prodoti di tartufo, unique experience in istria, adventure in istria, exploring istria, family tradition, truffle dogs, truffle specialties, motovun, livade, \uc774\uc2a4\ud2b8 \ub9ac\uc544 \uc758 \ub3c5\ud2b9\ud55c \uc774\uc2a4\ud2b8 \ub9ac\uc544 \uc758 \uacbd\ud5d8 , \ubaa8\ud5d8, \uc774\uc2a4\ud2b8 \ub9ac\uc544 , \uac00\uc871\uc758 \uc804\ud1b5 , \uc1a1\ub85c \ubc84\uc12f \uac1c, \uc1a1\ub85c \ubc84\uc12f \uc694\ub9ac\" \/>\n<meta name=\"robots\" content=\"index, follow, max-snippet:-1, max-image-preview:large, max-video-preview:-1\" \/>\n<link rel=\"canonical\" href=\"https:\/\/prodantartufi.hr\/ru\/galerija\/\" \/>\n<meta property=\"og:locale\" content=\"ru_RU\" \/>\n<meta property=\"og:type\" content=\"article\" \/>\n<meta property=\"og:title\" content=\"\u0413\u0410\u041b\u0415\u0420\u0415\u042f | PRODAN TARTUFI\" \/>\n<meta property=\"og:description\" content=\"truffles, truffle hunting, Tr\u00fcffel, lov na tartuf, tartufi, crni tartuf, bijeli tartuf, tartufo, schwarze Tr\u00fcffel, Tr\u00fcffelsuche, istra, istria, istrien, croatia, hrvatska, kroatien, tuber magnatum pico, buzet, white truffle, black truffle, weisse Tr\u00fcffel, cheese with truffles, olive oil with truffles, \u5976\u916a\u677e\u9732, \u677e\u9732, \u677e\u9732\u72e9\u730e, \u4f0a\u65af \u7279\u62c9, \u514b\u7f57\u5730\u4e9a, \u30c8\u30ea\u30e5\u30d5,\u30c8\u30ea\u30e5\u30d5\u72e9\u308a, \u30a4\u30b9\u30c8\u30ea\u30a2, \uc1a1\ub85c \ubc84\uc12f, \uc1a1\ub85c \ubc84\uc12f \uc0ac\ub0e5, \ud06c\ub85c\uc544\ud2f0\uc544, \uc774\uc2a4\ud2b8 \ub9ac\uc544, \u0442\u0440\u044e\u0444\u0435\u043b\u0438 ,\u043e\u0445\u043e\u0442\u0430 \u0442\u0440\u044e\u0444\u0435\u043b\u044f, \u0418\u0441\u0442\u0440\u0438\u044f, \u0425\u043e\u0440\u0432\u0430\u0442\u0438\u044f, truffle products, prodoti di tartufo, unique experience in istria, adventure in istria, exploring istria, family tradition, truffle dogs, truffle specialties, motovun, livade, \uc774\uc2a4\ud2b8 \ub9ac\uc544 \uc758 \ub3c5\ud2b9\ud55c \uc774\uc2a4\ud2b8 \ub9ac\uc544 \uc758 \uacbd\ud5d8 , \ubaa8\ud5d8, \uc774\uc2a4\ud2b8 \ub9ac\uc544 , \uac00\uc871\uc758 \uc804\ud1b5 , \uc1a1\ub85c \ubc84\uc12f \uac1c, \uc1a1\ub85c \ubc84\uc12f \uc694\ub9ac\" \/>\n<meta property=\"og:url\" content=\"https:\/\/prodantartufi.hr\/ru\/galerija\/\" \/>\n<meta property=\"og:site_name\" content=\"PRODAN TARTUFI\" \/>\n<meta property=\"article:modified_time\" content=\"2018-02-23T14:03:19+00:00\" \/>\n<meta name=\"twitter:card\" content=\"summary_large_image\" \/>\n<meta name=\"twitter:label1\" content=\"\u041f\u0440\u0438\u043c\u0435\u0440\u043d\u043e\u0435 \u0432\u0440\u0435\u043c\u044f \u0434\u043b\u044f \u0447\u0442\u0435\u043d\u0438\u044f\" \/>\n\t<meta name=\"twitter:data1\" content=\"2 \u043c\u0438\u043d\u0443\u0442\u044b\" \/>\n<script type=\"application\/ld+json\" class=\"yoast-schema-graph\">{\"@context\":\"https:\/\/schema.org\",\"@graph\":[{\"@type\":\"WebPage\",\"@id\":\"https:\/\/prodantartufi.hr\/ru\/galerija\/\",\"url\":\"https:\/\/prodantartufi.hr\/ru\/galerija\/\",\"name\":\"\u0413\u0410\u041b\u0415\u0420\u0415\u042f | PRODAN TARTUFI\",\"isPartOf\":{\"@id\":\"https:\/\/prodantartufi.hr\/ru\/#website\"},\"datePublished\":\"2016-01-22T18:24:31+00:00\",\"dateModified\":\"2018-02-23T14:03:19+00:00\",\"description\":\"truffles, truffle hunting, Tr\u00fcffel, lov na tartuf, tartufi, crni tartuf, bijeli tartuf, tartufo, schwarze Tr\u00fcffel, Tr\u00fcffelsuche, istra, istria, istrien, croatia, hrvatska, kroatien, tuber magnatum pico, buzet, white truffle, black truffle, weisse Tr\u00fcffel, cheese with truffles, olive oil with truffles, \u5976\u916a\u677e\u9732, \u677e\u9732, \u677e\u9732\u72e9\u730e, \u4f0a\u65af \u7279\u62c9, \u514b\u7f57\u5730\u4e9a, \u30c8\u30ea\u30e5\u30d5,\u30c8\u30ea\u30e5\u30d5\u72e9\u308a, \u30a4\u30b9\u30c8\u30ea\u30a2, \uc1a1\ub85c \ubc84\uc12f, \uc1a1\ub85c \ubc84\uc12f \uc0ac\ub0e5, \ud06c\ub85c\uc544\ud2f0\uc544, \uc774\uc2a4\ud2b8 \ub9ac\uc544, \u0442\u0440\u044e\u0444\u0435\u043b\u0438 ,\u043e\u0445\u043e\u0442\u0430 \u0442\u0440\u044e\u0444\u0435\u043b\u044f, \u0418\u0441\u0442\u0440\u0438\u044f, \u0425\u043e\u0440\u0432\u0430\u0442\u0438\u044f, truffle products, prodoti di tartufo, unique experience in istria, adventure in istria, exploring istria, family tradition, truffle dogs, truffle specialties, motovun, livade, \uc774\uc2a4\ud2b8 \ub9ac\uc544 \uc758 \ub3c5\ud2b9\ud55c \uc774\uc2a4\ud2b8 \ub9ac\uc544 \uc758 \uacbd\ud5d8 , \ubaa8\ud5d8, \uc774\uc2a4\ud2b8 \ub9ac\uc544 , \uac00\uc871\uc758 \uc804\ud1b5 , \uc1a1\ub85c \ubc84\uc12f \uac1c, \uc1a1\ub85c \ubc84\uc12f \uc694\ub9ac\",\"breadcrumb\":{\"@id\":\"https:\/\/prodantartufi.hr\/ru\/galerija\/#breadcrumb\"},\"inLanguage\":\"ru-RU\",\"potentialAction\":[{\"@type\":\"ReadAction\",\"target\":[[\"https:\/\/prodantartufi.hr\/ru\/galerija\/\"]]}]},{\"@type\":\"BreadcrumbList\",\"@id\":\"https:\/\/prodantartufi.hr\/ru\/galerija\/#breadcrumb\",\"itemListElement\":[{\"@type\":\"ListItem\",\"position\":1,\"name\":\"Home\",\"item\":\"https:\/\/prodantartufi.hr\/ru\/\"},{\"@type\":\"ListItem\",\"position\":2,\"name\":\"GALERIJA\"}]},{\"@type\":\"WebSite\",\"@id\":\"https:\/\/prodantartufi.hr\/ru\/#website\",\"url\":\"https:\/\/prodantartufi.hr\/ru\/\",\"name\":\"PRODAN TARTUFI\",\"description\":\"\",\"publisher\":{\"@id\":\"https:\/\/prodantartufi.hr\/ru\/#organization\"},\"potentialAction\":[{\"@type\":\"SearchAction\",\"target\":{\"@type\":\"EntryPoint\",\"urlTemplate\":\"https:\/\/prodantartufi.hr\/ru\/?s={search_term_string}\"},\"query-input\":\"required name=search_term_string\"}],\"inLanguage\":\"ru-RU\"},{\"@type\":\"Organization\",\"@id\":\"https:\/\/prodantartufi.hr\/ru\/#organization\",\"name\":\"PRODAN TARTUFI |\",\"url\":\"https:\/\/prodantartufi.hr\/ru\/\",\"logo\":{\"@type\":\"ImageObject\",\"inLanguage\":\"ru-RU\",\"@id\":\"https:\/\/prodantartufi.hr\/ru\/#\/schema\/logo\/image\/\",\"url\":\"https:\/\/prodantartufi.hr\/wp-content\/uploads\/2015\/03\/logo_600px-e1434011074366.png\",\"contentUrl\":\"https:\/\/prodantartufi.hr\/wp-content\/uploads\/2015\/03\/logo_600px-e1434011074366.png\",\"width\":118,\"height\":29,\"caption\":\"PRODAN TARTUFI |\"},\"image\":{\"@id\":\"https:\/\/prodantartufi.hr\/ru\/#\/schema\/logo\/image\/\"}}]}<\/script>\n<!-- \/ Yoast SEO plugin. -->","yoast_head_json":{"title":"\u0413\u0410\u041b\u0415\u0420\u0415\u042f | PRODAN TARTUFI","description":"truffles, truffle hunting, Tr\u00fcffel, lov na tartuf, tartufi, crni tartuf, bijeli tartuf, tartufo, schwarze Tr\u00fcffel, Tr\u00fcffelsuche, istra, istria, istrien, croatia, hrvatska, kroatien, tuber magnatum pico, buzet, white truffle, black truffle, weisse Tr\u00fcffel, cheese with truffles, olive oil with truffles, \u5976\u916a\u677e\u9732, \u677e\u9732, \u677e\u9732\u72e9\u730e, \u4f0a\u65af \u7279\u62c9, \u514b\u7f57\u5730\u4e9a, \u30c8\u30ea\u30e5\u30d5,\u30c8\u30ea\u30e5\u30d5\u72e9\u308a, \u30a4\u30b9\u30c8\u30ea\u30a2, \uc1a1\ub85c \ubc84\uc12f, \uc1a1\ub85c \ubc84\uc12f \uc0ac\ub0e5, \ud06c\ub85c\uc544\ud2f0\uc544, \uc774\uc2a4\ud2b8 \ub9ac\uc544, \u0442\u0440\u044e\u0444\u0435\u043b\u0438 ,\u043e\u0445\u043e\u0442\u0430 \u0442\u0440\u044e\u0444\u0435\u043b\u044f, \u0418\u0441\u0442\u0440\u0438\u044f, \u0425\u043e\u0440\u0432\u0430\u0442\u0438\u044f, truffle products, prodoti di tartufo, unique experience in istria, adventure in istria, exploring istria, family tradition, truffle dogs, truffle specialties, motovun, livade, \uc774\uc2a4\ud2b8 \ub9ac\uc544 \uc758 \ub3c5\ud2b9\ud55c \uc774\uc2a4\ud2b8 \ub9ac\uc544 \uc758 \uacbd\ud5d8 , \ubaa8\ud5d8, \uc774\uc2a4\ud2b8 \ub9ac\uc544 , \uac00\uc871\uc758 \uc804\ud1b5 , \uc1a1\ub85c \ubc84\uc12f \uac1c, \uc1a1\ub85c \ubc84\uc12f \uc694\ub9ac","robots":{"index":"index","follow":"follow","max-snippet":"max-snippet:-1","max-image-preview":"max-image-preview:large","max-video-preview":"max-video-preview:-1"},"canonical":"https:\/\/prodantartufi.hr\/ru\/galerija\/","og_locale":"ru_RU","og_type":"article","og_title":"\u0413\u0410\u041b\u0415\u0420\u0415\u042f | PRODAN TARTUFI","og_description":"truffles, truffle hunting, Tr\u00fcffel, lov na tartuf, tartufi, crni tartuf, bijeli tartuf, tartufo, schwarze Tr\u00fcffel, Tr\u00fcffelsuche, istra, istria, istrien, croatia, hrvatska, kroatien, tuber magnatum pico, buzet, white truffle, black truffle, weisse Tr\u00fcffel, cheese with truffles, olive oil with truffles, \u5976\u916a\u677e\u9732, \u677e\u9732, \u677e\u9732\u72e9\u730e, \u4f0a\u65af \u7279\u62c9, \u514b\u7f57\u5730\u4e9a, \u30c8\u30ea\u30e5\u30d5,\u30c8\u30ea\u30e5\u30d5\u72e9\u308a, \u30a4\u30b9\u30c8\u30ea\u30a2, \uc1a1\ub85c \ubc84\uc12f, \uc1a1\ub85c \ubc84\uc12f \uc0ac\ub0e5, \ud06c\ub85c\uc544\ud2f0\uc544, \uc774\uc2a4\ud2b8 \ub9ac\uc544, \u0442\u0440\u044e\u0444\u0435\u043b\u0438 ,\u043e\u0445\u043e\u0442\u0430 \u0442\u0440\u044e\u0444\u0435\u043b\u044f, \u0418\u0441\u0442\u0440\u0438\u044f, \u0425\u043e\u0440\u0432\u0430\u0442\u0438\u044f, truffle products, prodoti di tartufo, unique experience in istria, adventure in istria, exploring istria, family tradition, truffle dogs, truffle specialties, motovun, livade, \uc774\uc2a4\ud2b8 \ub9ac\uc544 \uc758 \ub3c5\ud2b9\ud55c \uc774\uc2a4\ud2b8 \ub9ac\uc544 \uc758 \uacbd\ud5d8 , \ubaa8\ud5d8, \uc774\uc2a4\ud2b8 \ub9ac\uc544 , \uac00\uc871\uc758 \uc804\ud1b5 , \uc1a1\ub85c \ubc84\uc12f \uac1c, \uc1a1\ub85c \ubc84\uc12f \uc694\ub9ac","og_url":"https:\/\/prodantartufi.hr\/ru\/galerija\/","og_site_name":"PRODAN TARTUFI","article_modified_time":"2018-02-23T14:03:19+00:00","twitter_card":"summary_large_image","twitter_misc":{"\u041f\u0440\u0438\u043c\u0435\u0440\u043d\u043e\u0435 \u0432\u0440\u0435\u043c\u044f \u0434\u043b\u044f \u0447\u0442\u0435\u043d\u0438\u044f":"2 \u043c\u0438\u043d\u0443\u0442\u044b"},"schema":{"@context":"https:\/\/schema.org","@graph":[{"@type":"WebPage","@id":"https:\/\/prodantartufi.hr\/ru\/galerija\/","url":"https:\/\/prodantartufi.hr\/ru\/galerija\/","name":"\u0413\u0410\u041b\u0415\u0420\u0415\u042f | PRODAN TARTUFI","isPartOf":{"@id":"https:\/\/prodantartufi.hr\/ru\/#website"},"datePublished":"2016-01-22T18:24:31+00:00","dateModified":"2018-02-23T14:03:19+00:00","description":"truffles, truffle hunting, Tr\u00fcffel, lov na tartuf, tartufi, crni tartuf, bijeli tartuf, tartufo, schwarze Tr\u00fcffel, Tr\u00fcffelsuche, istra, istria, istrien, croatia, hrvatska, kroatien, tuber magnatum pico, buzet, white truffle, black truffle, weisse Tr\u00fcffel, cheese with truffles, olive oil with truffles, \u5976\u916a\u677e\u9732, \u677e\u9732, \u677e\u9732\u72e9\u730e, \u4f0a\u65af \u7279\u62c9, \u514b\u7f57\u5730\u4e9a, \u30c8\u30ea\u30e5\u30d5,\u30c8\u30ea\u30e5\u30d5\u72e9\u308a, \u30a4\u30b9\u30c8\u30ea\u30a2, \uc1a1\ub85c \ubc84\uc12f, \uc1a1\ub85c \ubc84\uc12f \uc0ac\ub0e5, \ud06c\ub85c\uc544\ud2f0\uc544, \uc774\uc2a4\ud2b8 \ub9ac\uc544, \u0442\u0440\u044e\u0444\u0435\u043b\u0438 ,\u043e\u0445\u043e\u0442\u0430 \u0442\u0440\u044e\u0444\u0435\u043b\u044f, \u0418\u0441\u0442\u0440\u0438\u044f, \u0425\u043e\u0440\u0432\u0430\u0442\u0438\u044f, truffle products, prodoti di tartufo, unique experience in istria, adventure in istria, exploring istria, family tradition, truffle dogs, truffle specialties, motovun, livade, \uc774\uc2a4\ud2b8 \ub9ac\uc544 \uc758 \ub3c5\ud2b9\ud55c \uc774\uc2a4\ud2b8 \ub9ac\uc544 \uc758 \uacbd\ud5d8 , \ubaa8\ud5d8, \uc774\uc2a4\ud2b8 \ub9ac\uc544 , \uac00\uc871\uc758 \uc804\ud1b5 , \uc1a1\ub85c \ubc84\uc12f \uac1c, \uc1a1\ub85c \ubc84\uc12f \uc694\ub9ac","breadcrumb":{"@id":"https:\/\/prodantartufi.hr\/ru\/galerija\/#breadcrumb"},"inLanguage":"ru-RU","potentialAction":[{"@type":"ReadAction","target":[["https:\/\/prodantartufi.hr\/ru\/galerija\/"]]}]},{"@type":"BreadcrumbList","@id":"https:\/\/prodantartufi.hr\/ru\/galerija\/#breadcrumb","itemListElement":[{"@type":"ListItem","position":1,"name":"Home","item":"https:\/\/prodantartufi.hr\/ru\/"},{"@type":"ListItem","position":2,"name":"GALERIJA"}]},{"@type":"WebSite","@id":"https:\/\/prodantartufi.hr\/ru\/#website","url":"https:\/\/prodantartufi.hr\/ru\/","name":"PRODAN TARTUFI","description":"","publisher":{"@id":"https:\/\/prodantartufi.hr\/ru\/#organization"},"potentialAction":[{"@type":"SearchAction","target":{"@type":"EntryPoint","urlTemplate":"https:\/\/prodantartufi.hr\/ru\/?s={search_term_string}"},"query-input":"required name=search_term_string"}],"inLanguage":"ru-RU"},{"@type":"Organization","@id":"https:\/\/prodantartufi.hr\/ru\/#organization","name":"PRODAN TARTUFI |","url":"https:\/\/prodantartufi.hr\/ru\/","logo":{"@type":"ImageObject","inLanguage":"ru-RU","@id":"https:\/\/prodantartufi.hr\/ru\/#\/schema\/logo\/image\/","url":"https:\/\/prodantartufi.hr\/wp-content\/uploads\/2015\/03\/logo_600px-e1434011074366.png","contentUrl":"https:\/\/prodantartufi.hr\/wp-content\/uploads\/2015\/03\/logo_600px-e1434011074366.png","width":118,"height":29,"caption":"PRODAN TARTUFI |"},"image":{"@id":"https:\/\/prodantartufi.hr\/ru\/#\/schema\/logo\/image\/"}}]}},"_links":{"self":[{"href":"https:\/\/prodantartufi.hr\/ru\/wp-json\/wp\/v2\/pages\/943"}],"collection":[{"href":"https:\/\/prodantartufi.hr\/ru\/wp-json\/wp\/v2\/pages"}],"about":[{"href":"https:\/\/prodantartufi.hr\/ru\/wp-json\/wp\/v2\/types\/page"}],"author":[{"embeddable":true,"href":"https:\/\/prodantartufi.hr\/ru\/wp-json\/wp\/v2\/users\/1"}],"replies":[{"embeddable":true,"href":"https:\/\/prodantartufi.hr\/ru\/wp-json\/wp\/v2\/comments?post=943"}],"version-history":[{"count":9,"href":"https:\/\/prodantartufi.hr\/ru\/wp-json\/wp\/v2\/pages\/943\/revisions"}],"predecessor-version":[{"id":1566,"href":"https:\/\/prodantartufi.hr\/ru\/wp-json\/wp\/v2\/pages\/943\/revisions\/1566"}],"wp:attachment":[{"href":"https:\/\/prodantartufi.hr\/ru\/wp-json\/wp\/v2\/media?parent=943"}],"curies":[{"name":"wp","href":"https:\/\/api.w.org\/{rel}","templated":true}]}}